{"id":4010,"date":"2023-10-28T10:59:11","date_gmt":"2023-10-28T10:59:11","guid":{"rendered":"https:\/\/integral-toner.de\/qualitaet-und-zuverlaessigkeit-stehen-bei-integral-an-erster-stelle\/"},"modified":"2025-06-25T14:57:09","modified_gmt":"2025-06-25T12:57:09","slug":"%d0%ba%d0%b0%d1%87%d0%b5%d1%81%d1%82%d0%b2%d0%be-%d0%b8-%d0%bd%d0%b0%d0%b4%d0%b5%d0%b6%d0%bd%d0%be%d1%81%d1%82%d1%8c-%d0%b3%d0%bb%d0%b0%d0%b2%d0%bd%d1%8b%d0%b5-%d0%bf%d1%80%d0%b8%d0%be%d1%80%d0%b8","status":"publish","type":"page","link":"https:\/\/integral-toner.de\/ru\/%d0%ba%d0%b0%d1%87%d0%b5%d1%81%d1%82%d0%b2%d0%be-%d0%b8-%d0%bd%d0%b0%d0%b4%d0%b5%d0%b6%d0%bd%d0%be%d1%81%d1%82%d1%8c-%d0%b3%d0%bb%d0%b0%d0%b2%d0%bd%d1%8b%d0%b5-%d0%bf%d1%80%d0%b8%d0%be%d1%80%d0%b8\/","title":{"rendered":"\u041a\u0430\u0447\u0435\u0441\u0442\u0432\u043e \u0438 \u043d\u0430\u0434\u0435\u0436\u043d\u043e\u0441\u0442\u044c &#8212; \u0433\u043b\u0430\u0432\u043d\u044b\u0435 \u043f\u0440\u0438\u043e\u0440\u0438\u0442\u0435\u0442\u044b INTEGRAL"},"content":{"rendered":"  <section class=\"textsection block-69f3eb70a472f type- \" >\n    <div class=\"container\">\n      <div class=\"row\">\n        <div class=\"col-12 col-lg-8 offset-lg-2 g-content\">\n          <div class=\"acf-innerblocks-container\">\n  <h1 class=\"g-h1-subtitle\">\n    <span>\u041a\u043e\u043c\u043f\u0430\u043d\u0438\u044f<\/span><br \/>\n    \u041a\u0430\u0447\u0435\u0441\u0442\u0432\u043e \u0438 \u043d\u0430\u0434\u0435\u0436\u043d\u043e\u0441\u0442\u044c &#8212; \u0433\u043b\u0430\u0432\u043d\u044b\u0435 \u043f\u0440\u0438\u043e\u0440\u0438\u0442\u0435\u0442\u044b INTEGRAL  <\/h1>\n\n\n\n<figure class=\"wp-block-image size-full\"><img loading=\"lazy\" decoding=\"async\" width=\"945\" height=\"548\" src=\"https:\/\/integral-toner.de\/wp-content\/uploads\/2023\/10\/integral-zuverlaessigkeit.jpg\" alt=\"\" class=\"wp-image-402\" srcset=\"https:\/\/integral-toner.de\/wp-content\/uploads\/2023\/10\/integral-zuverlaessigkeit.jpg 945w, https:\/\/integral-toner.de\/wp-content\/uploads\/2023\/10\/integral-zuverlaessigkeit-300x174.jpg 300w, https:\/\/integral-toner.de\/wp-content\/uploads\/2023\/10\/integral-zuverlaessigkeit-768x445.jpg 768w\" sizes=\"auto, (max-width: 945px) 100vw, 945px\" \/><\/figure>\n\n\n\n<p>\u0414\u043b\u044f \u043e\u0431\u0435\u0441\u043f\u0435\u0447\u0435\u043d\u0438\u044f \u043e\u043f\u0442\u0438\u0447\u0435\u0441\u043a\u043e\u0439 \u043f\u043b\u043e\u0442\u043d\u043e\u0441\u0442\u0438, \u0432\u044b\u0445\u043e\u0434\u0430 \u0441\u0442\u0440\u0430\u043d\u0438\u0446 \u0438, \u0432 \u0441\u043b\u0443\u0447\u0430\u0435 \u0442\u043e\u043d\u0435\u0440\u0430 \u0434\u043b\u044f \u043f\u043e\u043b\u043d\u043e\u0446\u0432\u0435\u0442\u043d\u044b\u0445 \u0443\u0441\u0442\u0440\u043e\u0439\u0441\u0442\u0432, \u0442\u043e\u0447\u043d\u043e\u0441\u0442\u0438 \u0446\u0432\u0435\u0442\u043e\u043f\u0435\u0440\u0435\u0434\u0430\u0447\u0438 \u0438\u0441\u043f\u043e\u043b\u044c\u0437\u0443\u044e\u0442\u0441\u044f \u043e\u0431\u0448\u0438\u0440\u043d\u044b\u0435 \u0442\u0435\u0441\u0442\u044b \u043d\u0430 \u043f\u0435\u0447\u0430\u0442\u044c \u0438 \u043a\u043e\u043f\u0438\u0440\u043e\u0432\u0430\u043d\u0438\u0435. \u0412\u0441\u0435\u0441\u0442\u043e\u0440\u043e\u043d\u043d\u0438\u0435 \u043c\u0435\u0440\u044b \u043f\u043e \u043e\u0431\u0435\u0441\u043f\u0435\u0447\u0435\u043d\u0438\u044e \u043a\u0430\u0447\u0435\u0441\u0442\u0432\u0430 \u043f\u043e\u043c\u043e\u0433\u0430\u044e\u0442 \u0433\u0430\u0440\u0430\u043d\u0442\u0438\u0440\u043e\u0432\u0430\u0442\u044c, \u0447\u0442\u043e \u043f\u043e\u043a\u0443\u043f\u0430\u0442\u0435\u043b\u0438 \u043f\u043e\u043b\u0443\u0447\u0430\u0442 \u0442\u043e\u043b\u044c\u043a\u043e \u0442\u0435 \u043f\u0440\u043e\u0434\u0443\u043a\u0442\u044b, \u043a\u043e\u0442\u043e\u0440\u044b\u0435 \u0441\u043e\u043e\u0442\u0432\u0435\u0442\u0441\u0442\u0432\u0443\u044e\u0442 \u0441\u0430\u043c\u044b\u043c \u0432\u044b\u0441\u043e\u043a\u0438\u043c \u0441\u0442\u0430\u043d\u0434\u0430\u0440\u0442\u0430\u043c. <\/p>\n\n\n\n<p>\u0412\u0441\u0435\u043e\u0431\u044a\u0435\u043c\u043b\u044e\u0449\u0430\u044f \u0441\u0438\u0441\u0442\u0435\u043c\u0430 \u043a\u043e\u043d\u0442\u0440\u043e\u043b\u044f \u043a\u0430\u0447\u0435\u0441\u0442\u0432\u0430 \u0432 \u043f\u0440\u043e\u0446\u0435\u0441\u0441\u0435 \u043f\u0440\u043e\u0438\u0437\u0432\u043e\u0434\u0441\u0442\u0432\u0430 \u0433\u0430\u0440\u0430\u043d\u0442\u0438\u0440\u0443\u0435\u0442, \u0447\u0442\u043e \u043f\u043e\u0441\u0442\u0430\u0432\u043b\u044f\u044e\u0442\u0441\u044f \u0442\u043e\u043b\u044c\u043a\u043e \u0442\u0435 \u043f\u0440\u043e\u0434\u0443\u043a\u0442\u044b, \u043a\u043e\u0442\u043e\u0440\u044b\u0435 \u0441\u043e\u043e\u0442\u0432\u0435\u0442\u0441\u0442\u0432\u0443\u044e\u0442 \u0432\u044b\u0441\u043e\u043a\u0438\u043c \u0441\u0442\u0430\u043d\u0434\u0430\u0440\u0442\u0430\u043c \u043a\u0430\u0447\u0435\u0441\u0442\u0432\u0430 INTEGRAL.<\/p>\n\n\n\n<p>\u0421\u043e\u0432\u0440\u0435\u043c\u0435\u043d\u043d\u043e\u0435 \u043b\u0430\u0431\u043e\u0440\u0430\u0442\u043e\u0440\u043d\u043e\u0435 \u043e\u0431\u043e\u0440\u0443\u0434\u043e\u0432\u0430\u043d\u0438\u0435 \u043e\u0431\u0435\u0441\u043f\u0435\u0447\u0438\u0432\u0430\u0435\u0442 \u0431\u0435\u0441\u043f\u0435\u0440\u0435\u0431\u043e\u0439\u043d\u044b\u0439 \u043a\u043e\u043d\u0442\u0440\u043e\u043b\u044c \u043a\u0430\u0447\u0435\u0441\u0442\u0432\u0430. \u0421\u0430\u043c\u044b\u043c \u0432\u0430\u0436\u043d\u044b\u043c \u043f\u0440\u0435\u0438\u043c\u0443\u0449\u0435\u0441\u0442\u0432\u043e\u043c \u044d\u0442\u043e\u0433\u043e \u0434\u043b\u044f \u043f\u043e\u043a\u0443\u043f\u0430\u0442\u0435\u043b\u0435\u0439 \u044f\u0432\u043b\u044f\u0435\u0442\u0441\u044f \u043f\u0440\u0435\u0432\u043e\u0441\u0445\u043e\u0434\u043d\u043e\u0435 \u043a\u0430\u0447\u0435\u0441\u0442\u0432\u043e \u0438 \u043f\u0440\u043e\u0438\u0437\u0432\u043e\u0434\u0438\u0442\u0435\u043b\u044c\u043d\u043e\u0441\u0442\u044c \u043f\u0440\u043e\u0434\u0443\u043a\u0446\u0438\u0438. <\/p>\n\n\n\n<p>\u0412\u044b\u0434\u0430\u044e\u0449\u0435\u0435\u0441\u044f \u043a\u0430\u0447\u0435\u0441\u0442\u0432\u043e \u043e\u0437\u043d\u0430\u0447\u0430\u0435\u0442, \u0447\u0442\u043e \u043f\u0440\u0438 \u043a\u0430\u0436\u0434\u043e\u0439 \u043f\u043e\u0441\u0442\u0430\u0432\u043a\u0435 \u0442\u043e\u043d\u0435\u0440 \u0431\u0443\u0434\u0435\u0442 \u0438\u043c\u0435\u0442\u044c \u043d\u0435\u0438\u0437\u043c\u0435\u043d\u043d\u0443\u044e \u043f\u0440\u043e\u0438\u0437\u0432\u043e\u0434\u0438\u0442\u0435\u043b\u044c\u043d\u043e\u0441\u0442\u044c \u0438 \u0441\u043e\u0441\u0442\u0430\u0432.<\/p>\n\n\n\n<p>\u041d\u043e\u0432\u044b\u0435 \u043f\u0440\u043e\u0434\u0443\u043a\u0442\u044b \u0432\u0441\u0435\u0433\u0434\u0430 \u043f\u043e\u0434\u0432\u0435\u0440\u0433\u0430\u044e\u0442\u0441\u044f \u0432\u0441\u0435\u0441\u0442\u043e\u0440\u043e\u043d\u043d\u0435\u043c\u0443 \u0442\u0435\u0441\u0442\u0438\u0440\u043e\u0432\u0430\u043d\u0438\u044e. \u041e\u043d\u0438 \u043f\u0440\u043e\u0432\u043e\u0434\u044f\u0442\u0441\u044f \u0432 \u0440\u0430\u0437\u043b\u0438\u0447\u043d\u044b\u0445 \u0443\u0441\u043b\u043e\u0432\u0438\u044f\u0445 \u043e\u043a\u0440\u0443\u0436\u0430\u044e\u0449\u0435\u0439 \u0441\u0440\u0435\u0434\u044b \u0438 \u043e\u0431\u043e\u0440\u0443\u0434\u043e\u0432\u0430\u043d\u0438\u044f. \u0422\u0430\u043a\u0436\u0435 \u043f\u0440\u043e\u0432\u043e\u0434\u044f\u0442\u0441\u044f \u0441\u043e\u0431\u0441\u0442\u0432\u0435\u043d\u043d\u044b\u0435 \u0434\u043e\u043b\u0433\u043e\u0441\u0440\u043e\u0447\u043d\u044b\u0435 \u0438\u0441\u043f\u044b\u0442\u0430\u043d\u0438\u044f.  <\/p>\n\n\n\n<p>\u041f\u0435\u0440\u0435\u0434 \u043e\u0442\u043f\u0440\u0430\u0432\u043a\u043e\u0439 \u0437\u0430\u043a\u0430\u0437\u0447\u0438\u043a\u0443 \u043a\u0430\u0436\u0434\u0430\u044f \u043f\u0430\u0440\u0442\u0438\u044f \u043f\u0440\u043e\u0434\u0443\u043a\u0446\u0438\u0438 \u043f\u043e\u0434\u0432\u0435\u0440\u0433\u0430\u0435\u0442\u0441\u044f \u0442\u0449\u0430\u0442\u0435\u043b\u044c\u043d\u043e\u043c\u0443 \u043a\u043e\u043d\u0442\u0440\u043e\u043b\u044e \u043a\u0430\u0447\u0435\u0441\u0442\u0432\u0430 \u0432 \u0441\u043e\u0431\u0441\u0442\u0432\u0435\u043d\u043d\u043e\u0439 \u043b\u0430\u0431\u043e\u0440\u0430\u0442\u043e\u0440\u0438\u0438 \u0440\u0430\u0437\u0440\u0430\u0431\u043e\u0442\u043a\u0438. \u041a\u0440\u043e\u043c\u0435 \u0442\u043e\u0433\u043e, \u043f\u0440\u043e\u0432\u043e\u0434\u044f\u0442\u0441\u044f \u0441\u043e\u043e\u0442\u0432\u0435\u0442\u0441\u0442\u0432\u0443\u044e\u0449\u0438\u0435 \u0442\u0435\u0441\u0442\u044b \u043d\u0430 \u043a\u043e\u043f\u0438\u0440\u043e\u0432\u0430\u043d\u0438\u0435 \u0438 \u043f\u0435\u0447\u0430\u0442\u044c. <\/p>\n\n\n\n<p>\u0415\u0441\u043b\u0438 \u043f\u043e\u043c\u0438\u043c\u043e \u043a\u0430\u0447\u0435\u0441\u0442\u0432\u0430 \u043f\u0440\u043e\u0434\u0443\u043a\u0446\u0438\u0438 \u0438 \u043a\u043e\u043d\u043a\u0443\u0440\u0435\u043d\u0442\u043e\u0441\u043f\u043e\u0441\u043e\u0431\u043d\u043e\u0441\u0442\u0438 \u0446\u0435\u043d \u0432\u0430\u0436\u043d\u044b \u0432\u044b\u0441\u043e\u043a\u0430\u044f \u0434\u043e\u0441\u0442\u0443\u043f\u043d\u043e\u0441\u0442\u044c \u043f\u0440\u043e\u0434\u0443\u043a\u0446\u0438\u0438 \u0438 \u043a\u043e\u0440\u043e\u0442\u043a\u0438\u0435 \u0441\u0440\u043e\u043a\u0438 \u043f\u043e\u0441\u0442\u0430\u0432\u043a\u0438, INTEGRAL &#8212; \u043f\u043e\u0434\u0445\u043e\u0434\u044f\u0449\u0438\u0439 \u043f\u0430\u0440\u0442\u043d\u0435\u0440 \u0434\u043b\u044f \u0412\u0430\u0441.<\/p>\n\n\n\n<div class=\"gallery\"  data-images=\"https:\/\/integral-toner.de\/wp-content\/uploads\/2023\/11\/laborcomputer-mit-messerbenissen.jpg||https:\/\/integral-toner.de\/wp-content\/uploads\/2023\/11\/laborant-kopiert-dokumente.jpg||https:\/\/integral-toner.de\/wp-content\/uploads\/2023\/11\/laborrant-kontrolliert-ergebnisse.jpg\" >\n    <ul class=\"gallery__images\">\n                    <li><img loading=\"lazy\" decoding=\"async\" width=\"1100\" height=\"740\" src=\"https:\/\/integral-toner.de\/wp-content\/uploads\/2023\/11\/laborcomputer-mit-messerbenissen.jpg\" class=\"attachment-full size-full\" alt=\"Computer im Labor bei INTEGRAL\" srcset=\"https:\/\/integral-toner.de\/wp-content\/uploads\/2023\/11\/laborcomputer-mit-messerbenissen.jpg 1100w, https:\/\/integral-toner.de\/wp-content\/uploads\/2023\/11\/laborcomputer-mit-messerbenissen-300x202.jpg 300w, https:\/\/integral-toner.de\/wp-content\/uploads\/2023\/11\/laborcomputer-mit-messerbenissen-1024x689.jpg 1024w, https:\/\/integral-toner.de\/wp-content\/uploads\/2023\/11\/laborcomputer-mit-messerbenissen-768x517.jpg 768w\" sizes=\"auto, (max-width: 1100px) 100vw, 1100px\" \/><\/li>\n                    <li><img loading=\"lazy\" decoding=\"async\" width=\"1100\" height=\"733\" src=\"https:\/\/integral-toner.de\/wp-content\/uploads\/2023\/11\/laborant-kopiert-dokumente.jpg\" class=\"attachment-full size-full\" alt=\"Laborant f\u00fchrt Toner-Tests durch bei INTEGRAL\" srcset=\"https:\/\/integral-toner.de\/wp-content\/uploads\/2023\/11\/laborant-kopiert-dokumente.jpg 1100w, https:\/\/integral-toner.de\/wp-content\/uploads\/2023\/11\/laborant-kopiert-dokumente-300x200.jpg 300w, https:\/\/integral-toner.de\/wp-content\/uploads\/2023\/11\/laborant-kopiert-dokumente-1024x682.jpg 1024w, https:\/\/integral-toner.de\/wp-content\/uploads\/2023\/11\/laborant-kopiert-dokumente-768x512.jpg 768w\" sizes=\"auto, (max-width: 1100px) 100vw, 1100px\" \/><\/li>\n                    <li><img loading=\"lazy\" decoding=\"async\" width=\"1100\" height=\"700\" src=\"https:\/\/integral-toner.de\/wp-content\/uploads\/2023\/11\/laborrant-kontrolliert-ergebnisse.jpg\" class=\"attachment-full size-full\" alt=\"Der Laborant \u00fcberpr\u00fcft die Ergebnisse der Druck- und Kopierertests f\u00fcr den INTEGRAL-Toner\" srcset=\"https:\/\/integral-toner.de\/wp-content\/uploads\/2023\/11\/laborrant-kontrolliert-ergebnisse.jpg 1100w, https:\/\/integral-toner.de\/wp-content\/uploads\/2023\/11\/laborrant-kontrolliert-ergebnisse-300x191.jpg 300w, https:\/\/integral-toner.de\/wp-content\/uploads\/2023\/11\/laborrant-kontrolliert-ergebnisse-1024x652.jpg 1024w, https:\/\/integral-toner.de\/wp-content\/uploads\/2023\/11\/laborrant-kontrolliert-ergebnisse-768x489.jpg 768w\" sizes=\"auto, (max-width: 1100px) 100vw, 1100px\" \/><\/li>\n            <\/ul>\n<\/div>\n\n\n      <a class=\"is-style-back-to\" href=\"https:\/\/integral-toner.de\/unternehmen\/#qualitatssicherung\" target=\"\">\n        <svg xmlns=\"http:\/\/www.w3.org\/2000\/svg\" width=\"26.964\" height=\"15.208\" viewBox=\"0 0 26.964 15.208\">\n  <g transform=\"translate(1 0.707)\">\n    <path d=\"M388.367,27l-6.9-6.9a1,1,0,0,1,0-1.414l6.9-6.9,1.414,1.414-6.19,6.19,6.19,6.19Z\" transform=\"translate(-382.177 -12.5)\" fill=\"#e3051b\"\/>\n    <path d=\"M25.964,1H0V-1H25.964Z\" transform=\"translate(0 6.897)\" fill=\"#e3051b\"\/>\n  <\/g>\n<\/svg>\n\n        \u041d\u0430\u0437\u0430\u0434 \u043a \u043e\u0431\u0437\u043e\u0440\u0443    <\/a>\n  \n<\/div>\n        <\/div>\n      <\/div>\n    <\/div>\n  <\/section>\n","protected":false},"excerpt":{"rendered":"","protected":false},"author":1,"featured_media":977,"parent":0,"menu_order":0,"comment_status":"closed","ping_status":"closed","template":"template-article.php","meta":{"_acf_changed":false,"_seopress_robots_primary_cat":"","_seopress_titles_title":"\u041a\u0430\u0447\u0435\u0441\u0442\u0432\u043e \u0432 \u0440\u0430\u0437\u0440\u0430\u0431\u043e\u0442\u043a\u0435 \u0442\u043e\u043d\u0435\u0440\u0430 | INTEGRAL","_seopress_titles_desc":"\u041d\u043e\u0432\u044b\u0435 \u043f\u0440\u043e\u0434\u0443\u043a\u0442\u044b \u0432\u0441\u0435\u0433\u0434\u0430 \u043f\u043e\u0434\u0432\u0435\u0440\u0433\u0430\u044e\u0442\u0441\u044f \u0432\u0441\u0435\u0441\u0442\u043e\u0440\u043e\u043d\u043d\u0435\u043c\u0443 \u0442\u0435\u0441\u0442\u0438\u0440\u043e\u0432\u0430\u043d\u0438\u044e. \u2794 \u0414\u043e\u043b\u0433\u043e\u0441\u0440\u043e\u0447\u043d\u044b\u0435 \u0438\u0441\u043f\u044b\u0442\u0430\u043d\u0438\u044f \u043f\u0440\u043e\u0432\u043e\u0434\u044f\u0442\u0441\u044f \u043f\u0440\u0438 \u0440\u0430\u0437\u043b\u0438\u0447\u043d\u044b\u0445 \u0443\u0441\u043b\u043e\u0432\u0438\u044f\u0445 \u043e\u043a\u0440\u0443\u0436\u0430\u044e\u0449\u0435\u0439 \u0441\u0440\u0435\u0434\u044b \u0438 \u0443\u0441\u0442\u0440\u043e\u0439\u0441\u0442\u0432\u0430 \u043d\u0435\u043f\u043e\u0441\u0440\u0435\u0434\u0441\u0442\u0432\u0435\u043d\u043d\u043e \u0432 \u043a\u043e\u043c\u043f\u0430\u043d\u0438\u0438 Integral.","_seopress_robots_index":"","footnotes":""},"class_list":["post-4010","page","type-page","status-publish","has-post-thumbnail","hentry"],"acf":[],"_links":{"self":[{"href":"https:\/\/integral-toner.de\/ru\/wp-json\/wp\/v2\/pages\/4010","targetHints":{"allow":["GET"]}}],"collection":[{"href":"https:\/\/integral-toner.de\/ru\/wp-json\/wp\/v2\/pages"}],"about":[{"href":"https:\/\/integral-toner.de\/ru\/wp-json\/wp\/v2\/types\/page"}],"author":[{"embeddable":true,"href":"https:\/\/integral-toner.de\/ru\/wp-json\/wp\/v2\/users\/1"}],"replies":[{"embeddable":true,"href":"https:\/\/integral-toner.de\/ru\/wp-json\/wp\/v2\/comments?post=4010"}],"version-history":[{"count":11,"href":"https:\/\/integral-toner.de\/ru\/wp-json\/wp\/v2\/pages\/4010\/revisions"}],"predecessor-version":[{"id":8953,"href":"https:\/\/integral-toner.de\/ru\/wp-json\/wp\/v2\/pages\/4010\/revisions\/8953"}],"wp:featuredmedia":[{"embeddable":true,"href":"https:\/\/integral-toner.de\/ru\/wp-json\/wp\/v2\/media\/977"}],"wp:attachment":[{"href":"https:\/\/integral-toner.de\/ru\/wp-json\/wp\/v2\/media?parent=4010"}],"curies":[{"name":"wp","href":"https:\/\/api.w.org\/{rel}","templated":true}]}}