{"id":3997,"date":"2023-10-28T10:55:03","date_gmt":"2023-10-28T10:55:03","guid":{"rendered":"https:\/\/integral-toner.de\/integral-setzt-standards-bei-der-produktionsentwicklung\/"},"modified":"2025-06-25T14:57:25","modified_gmt":"2025-06-25T12:57:25","slug":"%d0%ba%d0%b0%d1%87%d0%b5%d1%81%d1%82%d0%b2%d0%be-%d0%b8-%d0%bf%d1%80%d0%be%d0%b8%d0%b7%d0%b2%d0%be%d0%b4%d0%b8%d1%82%d0%b5%d0%bb%d1%8c%d0%bd%d0%be%d1%81%d1%82%d1%8c-%d0%be%d0%bf%d1%82%d0%b8%d0%bc","status":"publish","type":"page","link":"https:\/\/integral-toner.de\/ru\/%d0%ba%d0%b0%d1%87%d0%b5%d1%81%d1%82%d0%b2%d0%be-%d0%b8-%d0%bf%d1%80%d0%be%d0%b8%d0%b7%d0%b2%d0%be%d0%b4%d0%b8%d1%82%d0%b5%d0%bb%d1%8c%d0%bd%d0%be%d1%81%d1%82%d1%8c-%d0%be%d0%bf%d1%82%d0%b8%d0%bc\/","title":{"rendered":"INTEGRAL \u0443\u0441\u0442\u0430\u043d\u0430\u0432\u043b\u0438\u0432\u0430\u0435\u0442 \u0441\u0442\u0430\u043d\u0434\u0430\u0440\u0442\u044b \u0432 \u0440\u0430\u0437\u0432\u0438\u0442\u0438\u0438 \u043f\u0440\u043e\u0438\u0437\u0432\u043e\u0434\u0441\u0442\u0432\u0430"},"content":{"rendered":"  <section class=\"textsection block-69d7a870eadec type- \" >\n    <div class=\"container\">\n      <div class=\"row\">\n        <div class=\"col-12 col-lg-8 offset-lg-2 g-content\">\n          <div class=\"acf-innerblocks-container\">\n  <h1 class=\"g-h1-subtitle\">\n    <span>\u041a\u043e\u043c\u043f\u0430\u043d\u0438\u044f<\/span><br \/>\n    INTEGRAL \u0443\u0441\u0442\u0430\u043d\u0430\u0432\u043b\u0438\u0432\u0430\u0435\u0442 \u0441\u0442\u0430\u043d\u0434\u0430\u0440\u0442\u044b \u0432 \u0440\u0430\u0437\u0432\u0438\u0442\u0438\u0438 \u043f\u0440\u043e\u0438\u0437\u0432\u043e\u0434\u0441\u0442\u0432\u0430  <\/h1>\n\n\n\n<figure class=\"wp-block-image size-full\"><img loading=\"lazy\" decoding=\"async\" width=\"945\" height=\"548\" src=\"https:\/\/integral-toner.de\/wp-content\/uploads\/2023\/10\/integral-labor.jpg\" alt=\"\" class=\"wp-image-380\" srcset=\"https:\/\/integral-toner.de\/wp-content\/uploads\/2023\/10\/integral-labor.jpg 945w, https:\/\/integral-toner.de\/wp-content\/uploads\/2023\/10\/integral-labor-300x174.jpg 300w, https:\/\/integral-toner.de\/wp-content\/uploads\/2023\/10\/integral-labor-768x445.jpg 768w\" sizes=\"auto, (max-width: 945px) 100vw, 945px\" \/><\/figure>\n\n\n\n<p>\u0414\u043b\u044f \u044d\u0442\u043e\u0433\u043e INTEGRAL \u0441\u043e\u0434\u0435\u0440\u0436\u0438\u0442 \u0441\u043e\u0432\u0440\u0435\u043c\u0435\u043d\u043d\u0443\u044e \u043b\u0430\u0431\u043e\u0440\u0430\u0442\u043e\u0440\u0438\u044e \u043f\u043e \u0440\u0430\u0437\u0440\u0430\u0431\u043e\u0442\u043a\u0435 \u0442\u043e\u043d\u0435\u0440\u043e\u0432, \u0442\u0430\u043a\u0436\u0435 \u0438\u0437\u0432\u0435\u0441\u0442\u043d\u0443\u044e \u043a\u0430\u043a \u0446\u0435\u043d\u0442\u0440 \u0440\u0430\u0437\u0440\u0430\u0431\u043e\u0442\u043a\u0438. \u041b\u0430\u0431\u043e\u0440\u0430\u0442\u043e\u0440\u0438\u044f \u0440\u0430\u0437\u0440\u0430\u0431\u043e\u0442\u043a\u0438 \u043e\u0441\u043d\u0430\u0449\u0435\u043d\u0430 \u0441\u043e\u0432\u0440\u0435\u043c\u0435\u043d\u043d\u044b\u043c\u0438 \u0438\u0437\u043c\u0435\u0440\u0438\u0442\u0435\u043b\u044c\u043d\u044b\u043c\u0438 \u043f\u0440\u0438\u0431\u043e\u0440\u0430\u043c\u0438 \u0434\u043b\u044f \u0430\u043d\u0430\u043b\u0438\u0437\u0430 \u0440\u0435\u0446\u0435\u043f\u0442\u0443\u0440 \u0442\u043e\u043d\u0435\u0440\u043e\u0432. <\/p>\n\n\n\n<p>\u0424\u043e\u0440\u043c\u0443\u043b\u044b \u0442\u043e\u043d\u0435\u0440\u043e\u0432 \u0440\u0430\u0437\u0440\u0430\u0431\u0430\u0442\u044b\u0432\u0430\u044e\u0442\u0441\u044f \u0432 \u043b\u0430\u0431\u043e\u0440\u0430\u0442\u043e\u0440\u0438\u0438 \u0440\u0430\u0437\u0440\u0430\u0431\u043e\u0442\u043a\u0438 \u0438 \u043a\u043e\u043d\u0442\u0440\u043e\u043b\u044f \u043a\u0430\u0447\u0435\u0441\u0442\u0432\u0430. \u0420\u0430\u0437\u0440\u0430\u0431\u043e\u0442\u043a\u0430 \u0440\u0435\u0446\u0435\u043f\u0442\u0443\u0440 \u0442\u043e\u043d\u0435\u0440\u043e\u0432 \u0432\u043a\u043b\u044e\u0447\u0430\u0435\u0442 \u0432 \u0441\u0435\u0431\u044f \u0430\u043d\u0430\u043b\u0438\u0437 \u043d\u0435\u043e\u0431\u0445\u043e\u0434\u0438\u043c\u044b\u0445 \u0444\u0438\u0437\u0438\u043a\u043e-\u0445\u0438\u043c\u0438\u0447\u0435\u0441\u043a\u0438\u0445 \u0441\u0432\u043e\u0439\u0441\u0442\u0432 \u0441 \u043f\u043e\u043c\u043e\u0449\u044c\u044e \u0441\u043f\u0435\u0446\u0438\u0430\u043b\u0438\u0437\u0438\u0440\u043e\u0432\u0430\u043d\u043d\u043e\u0433\u043e \u043b\u0430\u0431\u043e\u0440\u0430\u0442\u043e\u0440\u043d\u043e\u0433\u043e \u043e\u0431\u043e\u0440\u0443\u0434\u043e\u0432\u0430\u043d\u0438\u044f \u0434\u043b\u044f \u0430\u043d\u0430\u043b\u0438\u0437\u0430. \u041f\u043e\u0441\u0442\u043e\u044f\u043d\u043d\u043e \u043f\u0440\u043e\u0432\u043e\u0434\u0438\u043c\u044b\u0435 \u0438\u0441\u043f\u044b\u0442\u0430\u043d\u0438\u044f \u043d\u0430 \u043f\u0438\u043b\u043e\u0442\u043d\u044b\u0445 \u0443\u0441\u0442\u0430\u043d\u043e\u0432\u043a\u0430\u0445 \u0441\u043e\u0441\u0442\u0430\u0432\u043b\u044f\u044e\u0442 \u043e\u0441\u043d\u043e\u0432\u0443 \u0440\u0430\u0437\u0440\u0430\u0431\u043e\u0442\u043a\u0438 \u043f\u0440\u043e\u0434\u0443\u043a\u0442\u043e\u0432. \u0414\u043b\u044f \u043e\u043f\u0442\u0438\u043c\u0438\u0437\u0430\u0446\u0438\u0438 \u0440\u0435\u0446\u0435\u043f\u0442\u0443\u0440 \u0442\u043e\u043d\u0435\u0440\u043e\u0432 \u043d\u0430 \u044d\u043a\u0441\u043f\u0435\u0440\u0438\u043c\u0435\u043d\u0442\u0430\u043b\u044c\u043d\u043e\u043c \u0437\u0430\u0432\u043e\u0434\u0435 \u043f\u043e \u0440\u0430\u0437\u0440\u0430\u0431\u043e\u0442\u043a\u0435 \u0442\u043e\u043d\u0435\u0440\u043e\u0432 \u043f\u0440\u043e\u0432\u043e\u0434\u0438\u0442\u0441\u044f \u043c\u043d\u043e\u0436\u0435\u0441\u0442\u0432\u043e \u043d\u0435\u0431\u043e\u043b\u044c\u0448\u0438\u0445 \u0441\u0435\u0440\u0438\u0439 \u0442\u043e\u043d\u0435\u0440\u043e\u0432, \u043f\u043e\u043a\u0430 \u043d\u0435 \u0431\u0443\u0434\u0443\u0442 \u0434\u043e\u0441\u0442\u0438\u0433\u043d\u0443\u0442\u044b \u043e\u043f\u0442\u0438\u043c\u0430\u043b\u044c\u043d\u044b\u0435 \u0441\u0432\u043e\u0439\u0441\u0442\u0432\u0430 \u0442\u043e\u043d\u0435\u0440\u0430 \u0434\u043b\u044f \u0440\u0430\u0437\u0440\u0430\u0431\u0430\u0442\u044b\u0432\u0430\u0435\u043c\u043e\u0433\u043e \u043f\u0440\u043e\u0434\u0443\u043a\u0442\u0430. \u0410\u043d\u0430\u043b\u0438\u0442\u0438\u0447\u0435\u0441\u043a\u0438\u0435 \u0438\u0437\u043c\u0435\u0440\u0435\u043d\u0438\u044f \u043f\u0440\u043e\u0432\u043e\u0434\u044f\u0442\u0441\u044f, \u0432 \u0447\u0430\u0441\u0442\u043d\u043e\u0441\u0442\u0438, \u0432 \u043e\u0431\u043b\u0430\u0441\u0442\u0438 \u0442\u0430\u043a\u0438\u0445 \u0432\u0430\u0436\u043d\u044b\u0445 \u0444\u0430\u043a\u0442\u043e\u0440\u043e\u0432, \u043a\u0430\u043a \u0440\u0430\u0441\u043f\u0440\u0435\u0434\u0435\u043b\u0435\u043d\u0438\u0435 \u0447\u0430\u0441\u0442\u0438\u0446 \u0442\u043e\u043d\u0435\u0440\u0430 \u043f\u043e \u0440\u0430\u0437\u043c\u0435\u0440\u0430\u043c, \u0440\u0435\u043e\u043b\u043e\u0433\u0438\u044f \u043f\u043e\u043b\u0438\u043c\u0435\u0440\u043e\u0432, \u043a\u0430\u043a \u0447\u0430\u0441\u0442\u044c \u043e\u043f\u0440\u0435\u0434\u0435\u043b\u0435\u043d\u0438\u044f \u043a\u043e\u044d\u0444\u0444\u0438\u0446\u0438\u0435\u043d\u0442\u0430 \u0440\u0430\u0441\u0441\u0435\u0438\u0432\u0430\u043d\u0438\u044f, \u0434\u0438\u044d\u043b\u0435\u043a\u0442\u0440\u0438\u0447\u0435\u0441\u043a\u043e\u0439 \u043f\u0440\u043e\u043d\u0438\u0446\u0430\u0435\u043c\u043e\u0441\u0442\u0438 \u0438 \u0442\u0440\u0438\u0431\u043e\u044d\u043b\u0435\u043a\u0442\u0440\u0438\u0447\u0435\u0441\u043a\u0438\u0445 \u0441\u0432\u043e\u0439\u0441\u0442\u0432 \u0440\u0430\u0437\u0440\u0430\u0431\u0430\u0442\u044b\u0432\u0430\u0435\u043c\u043e\u0433\u043e \u0442\u043e\u043d\u0435\u0440\u0430.    <\/p>\n\n\n\n<p>\u0418\u0437\u043c\u0435\u0440\u0435\u043d\u0438\u044f \u043e\u043f\u0442\u0438\u0447\u0435\u0441\u043a\u043e\u0439 \u043f\u043b\u043e\u0442\u043d\u043e\u0441\u0442\u0438 \u0438 \u0442\u043e\u0447\u043d\u043e\u0441\u0442\u0438 \u0446\u0432\u0435\u0442\u043e\u043f\u0435\u0440\u0435\u0434\u0430\u0447\u0438 \u043f\u0440\u043e\u0432\u043e\u0434\u044f\u0442\u0441\u044f \u0432 \u0440\u0430\u043c\u043a\u0430\u0445 \u0430\u043d\u0430\u043b\u0438\u0442\u0438\u0447\u0435\u0441\u043a\u0438\u0445 \u0438\u0437\u043c\u0435\u0440\u0435\u043d\u0438\u0439, \u0447\u0442\u043e\u0431\u044b \u043e\u0431\u0435\u0441\u043f\u0435\u0447\u0438\u0442\u044c \u043e\u043f\u0442\u0438\u043c\u0430\u043b\u044c\u043d\u043e\u0435 \u043a\u0430\u0447\u0435\u0441\u0442\u0432\u043e \u043f\u0435\u0447\u0430\u0442\u0438 \u0438 \u0438\u0437\u043e\u0431\u0440\u0430\u0436\u0435\u043d\u0438\u044f. \u041e\u0431\u0448\u0438\u0440\u043d\u044b\u0435 \u0442\u0435\u0441\u0442\u044b \u043d\u0430 \u043f\u0435\u0447\u0430\u0442\u044c \u0438 \u043a\u043e\u043f\u0438\u0440\u043e\u0432\u0430\u043d\u0438\u0435 \u0444\u0438\u043a\u0441\u0438\u0440\u0443\u044e\u0442 \u0434\u043e\u043b\u0433\u043e\u0441\u0440\u043e\u0447\u043d\u0443\u044e \u0441\u0442\u0430\u0431\u0438\u043b\u044c\u043d\u043e\u0441\u0442\u044c \u0440\u0430\u0437\u0440\u0430\u0431\u043e\u0442\u0430\u043d\u043d\u044b\u0445 \u0441\u043e\u0441\u0442\u0430\u0432\u043e\u0432 \u0442\u043e\u043d\u0435\u0440\u043e\u0432. <\/p>\n\n\n\n<div class=\"gallery\"  data-images=\"https:\/\/integral-toner.de\/wp-content\/uploads\/2024\/01\/2021-20230718_094541-scaled.jpg||https:\/\/integral-toner.de\/wp-content\/uploads\/2023\/10\/gallery-1.jpg||https:\/\/integral-toner.de\/wp-content\/uploads\/2023\/10\/gallery-2.jpg||https:\/\/integral-toner.de\/wp-content\/uploads\/2023\/10\/gallery-3.jpg||https:\/\/integral-toner.de\/wp-content\/uploads\/2023\/10\/integral-zuverlaessigkeit.jpg\" >\n    <ul class=\"gallery__images\">\n                    <li><img loading=\"lazy\" decoding=\"async\" width=\"2560\" height=\"1981\" src=\"https:\/\/integral-toner.de\/wp-content\/uploads\/2024\/01\/2021-20230718_094541-scaled.jpg\" class=\"attachment-full size-full\" alt=\"\" srcset=\"https:\/\/integral-toner.de\/wp-content\/uploads\/2024\/01\/2021-20230718_094541-scaled.jpg 2560w, https:\/\/integral-toner.de\/wp-content\/uploads\/2024\/01\/2021-20230718_094541-300x232.jpg 300w, https:\/\/integral-toner.de\/wp-content\/uploads\/2024\/01\/2021-20230718_094541-1024x793.jpg 1024w, https:\/\/integral-toner.de\/wp-content\/uploads\/2024\/01\/2021-20230718_094541-768x594.jpg 768w, https:\/\/integral-toner.de\/wp-content\/uploads\/2024\/01\/2021-20230718_094541-1536x1189.jpg 1536w, https:\/\/integral-toner.de\/wp-content\/uploads\/2024\/01\/2021-20230718_094541-2048x1585.jpg 2048w\" sizes=\"auto, (max-width: 2560px) 100vw, 2560px\" \/><\/li>\n                    <li><img loading=\"lazy\" decoding=\"async\" width=\"905\" height=\"603\" src=\"https:\/\/integral-toner.de\/wp-content\/uploads\/2023\/10\/gallery-1.jpg\" class=\"attachment-full size-full\" alt=\"Laborant \u00fcberpr\u00fcfut Toner-Qualit\u00e4t bei INTEGRAL\" srcset=\"https:\/\/integral-toner.de\/wp-content\/uploads\/2023\/10\/gallery-1.jpg 905w, https:\/\/integral-toner.de\/wp-content\/uploads\/2023\/10\/gallery-1-300x200.jpg 300w, https:\/\/integral-toner.de\/wp-content\/uploads\/2023\/10\/gallery-1-768x512.jpg 768w\" sizes=\"auto, (max-width: 905px) 100vw, 905px\" \/><\/li>\n                    <li><img loading=\"lazy\" decoding=\"async\" width=\"905\" height=\"603\" src=\"https:\/\/integral-toner.de\/wp-content\/uploads\/2023\/10\/gallery-2.jpg\" class=\"attachment-full size-full\" alt=\"INTEGRAL\" srcset=\"https:\/\/integral-toner.de\/wp-content\/uploads\/2023\/10\/gallery-2.jpg 905w, https:\/\/integral-toner.de\/wp-content\/uploads\/2023\/10\/gallery-2-300x200.jpg 300w, https:\/\/integral-toner.de\/wp-content\/uploads\/2023\/10\/gallery-2-768x512.jpg 768w\" sizes=\"auto, (max-width: 905px) 100vw, 905px\" \/><\/li>\n                    <li><img loading=\"lazy\" decoding=\"async\" width=\"905\" height=\"603\" src=\"https:\/\/integral-toner.de\/wp-content\/uploads\/2023\/10\/gallery-3.jpg\" class=\"attachment-full size-full\" alt=\"Laborant bei Toner-Tests im Labor bei INTEGRAL\" srcset=\"https:\/\/integral-toner.de\/wp-content\/uploads\/2023\/10\/gallery-3.jpg 905w, https:\/\/integral-toner.de\/wp-content\/uploads\/2023\/10\/gallery-3-300x200.jpg 300w, https:\/\/integral-toner.de\/wp-content\/uploads\/2023\/10\/gallery-3-768x512.jpg 768w\" sizes=\"auto, (max-width: 905px) 100vw, 905px\" \/><\/li>\n                    <li><img loading=\"lazy\" decoding=\"async\" width=\"945\" height=\"548\" src=\"https:\/\/integral-toner.de\/wp-content\/uploads\/2023\/10\/integral-zuverlaessigkeit.jpg\" class=\"attachment-full size-full\" alt=\"Laborant im INTEGRAL-Labor\" srcset=\"https:\/\/integral-toner.de\/wp-content\/uploads\/2023\/10\/integral-zuverlaessigkeit.jpg 945w, https:\/\/integral-toner.de\/wp-content\/uploads\/2023\/10\/integral-zuverlaessigkeit-300x174.jpg 300w, https:\/\/integral-toner.de\/wp-content\/uploads\/2023\/10\/integral-zuverlaessigkeit-768x445.jpg 768w\" sizes=\"auto, (max-width: 945px) 100vw, 945px\" \/><\/li>\n            <\/ul>\n<\/div>\n\n\n      <a class=\"is-style-back-to\" href=\"https:\/\/integral-toner.de\/unternehmen\/#produktentwicklung\" target=\"\">\n        <svg xmlns=\"http:\/\/www.w3.org\/2000\/svg\" width=\"26.964\" height=\"15.208\" viewBox=\"0 0 26.964 15.208\">\n  <g transform=\"translate(1 0.707)\">\n    <path d=\"M388.367,27l-6.9-6.9a1,1,0,0,1,0-1.414l6.9-6.9,1.414,1.414-6.19,6.19,6.19,6.19Z\" transform=\"translate(-382.177 -12.5)\" fill=\"#e3051b\"\/>\n    <path d=\"M25.964,1H0V-1H25.964Z\" transform=\"translate(0 6.897)\" fill=\"#e3051b\"\/>\n  <\/g>\n<\/svg>\n\n        \u041d\u0430\u0437\u0430\u0434 \u043a \u043e\u0431\u0437\u043e\u0440\u0443    <\/a>\n  \n<\/div>\n        <\/div>\n      <\/div>\n    <\/div>\n  <\/section>\n","protected":false},"excerpt":{"rendered":"","protected":false},"author":1,"featured_media":961,"parent":0,"menu_order":0,"comment_status":"closed","ping_status":"closed","template":"template-article.php","meta":{"_acf_changed":false,"_seopress_robots_primary_cat":"","_seopress_titles_title":"\u0420\u0430\u0437\u0432\u0438\u0442\u0438\u0435 \u043f\u0440\u043e\u0438\u0437\u0432\u043e\u0434\u0441\u0442\u0432\u0430 | \u041f\u0440\u043e\u0438\u0437\u0432\u043e\u0434\u0438\u0442\u0435\u043b\u044c INTEGRAL","_seopress_titles_desc":"\u0424\u043e\u0440\u043c\u0443\u043b\u044b \u0442\u043e\u043d\u0435\u0440\u043e\u0432 INTEGRAL \u0440\u0430\u0437\u0440\u0430\u0431\u0430\u0442\u044b\u0432\u0430\u044e\u0442\u0441\u044f \u0438 \u0442\u0435\u0441\u0442\u0438\u0440\u0443\u044e\u0442\u0441\u044f \u0434\u043b\u044f \u0434\u043e\u0441\u0442\u0438\u0436\u0435\u043d\u0438\u044f \u043e\u043f\u0442\u0438\u043c\u0430\u043b\u044c\u043d\u043e\u0433\u043e \u043a\u0430\u0447\u0435\u0441\u0442\u0432\u0430 \u043f\u0435\u0447\u0430\u0442\u0438 \u0438 \u0438\u0437\u043e\u0431\u0440\u0430\u0436\u0435\u043d\u0438\u044f \u0432 \u0446\u0435\u043d\u0442\u0440\u0435 \u0440\u0430\u0437\u0440\u0430\u0431\u043e\u0442\u043a\u0438. \u2794 \u0413\u0430\u043b\u0435\u0440\u0435\u044f \u0434\u043b\u044f \u0438\u0441\u0441\u043b\u0435\u0434\u043e\u0432\u0430\u043d\u0438\u044f \u0442\u043e\u043d\u0435\u0440\u043e\u0432! ","_seopress_robots_index":"","footnotes":""},"class_list":["post-3997","page","type-page","status-publish","has-post-thumbnail","hentry"],"acf":[],"_links":{"self":[{"href":"https:\/\/integral-toner.de\/ru\/wp-json\/wp\/v2\/pages\/3997","targetHints":{"allow":["GET"]}}],"collection":[{"href":"https:\/\/integral-toner.de\/ru\/wp-json\/wp\/v2\/pages"}],"about":[{"href":"https:\/\/integral-toner.de\/ru\/wp-json\/wp\/v2\/types\/page"}],"author":[{"embeddable":true,"href":"https:\/\/integral-toner.de\/ru\/wp-json\/wp\/v2\/users\/1"}],"replies":[{"embeddable":true,"href":"https:\/\/integral-toner.de\/ru\/wp-json\/wp\/v2\/comments?post=3997"}],"version-history":[{"count":9,"href":"https:\/\/integral-toner.de\/ru\/wp-json\/wp\/v2\/pages\/3997\/revisions"}],"predecessor-version":[{"id":8977,"href":"https:\/\/integral-toner.de\/ru\/wp-json\/wp\/v2\/pages\/3997\/revisions\/8977"}],"wp:featuredmedia":[{"embeddable":true,"href":"https:\/\/integral-toner.de\/ru\/wp-json\/wp\/v2\/media\/961"}],"wp:attachment":[{"href":"https:\/\/integral-toner.de\/ru\/wp-json\/wp\/v2\/media?parent=3997"}],"curies":[{"name":"wp","href":"https:\/\/api.w.org\/{rel}","templated":true}]}}