{"id":4105,"date":"2023-10-26T18:25:27","date_gmt":"2023-10-26T18:25:27","guid":{"rendered":"https:\/\/integral-toner.de\/registrierung\/"},"modified":"2025-06-25T12:22:09","modified_gmt":"2025-06-25T10:22:09","slug":"registo","status":"publish","type":"page","link":"https:\/\/integral-toner.de\/pt-pt\/registo\/","title":{"rendered":"Registo"},"content":{"rendered":"    <section class=\"registerform\">\n        <div class=\"container\">\n            <div class=\"row\">\n                <div class=\"col-12 col-lg-8 offset-lg-2\">\n                    <h1 class=\"g-h2-subtitle\">\n                        <span>Torna-te um cliente INTEGRAL<\/span><br \/>\n                        Registo                    <\/h1>\n                    <p class=\"g-description\">\n                        A INTEGRAL oferece aos seus clientes um vasto espetro de apoio \u00e0s vendas. Isto d\u00e1-lhe a vantagem de expandir ainda mais o n\u00famero dos seus clientes fi\u00e9is e o seu volume de neg\u00f3cios. <br \/>\r\n<br \/>\r\nComo parceiro de vendas da INTEGRAL, pode beneficiar de acesso exclusivo \u00e0s nossas bases de dados com material publicit\u00e1rio e informa\u00e7\u00f5es importantes online. Isto significa que ter\u00e1s sempre acesso \u00e0s \u00faltimas informa\u00e7\u00f5es sobre o mercado e os produtos. Se estiver interessado em tornar-se um cliente INTEGRAL, pode registar-se agora.                      <\/p>\n                    <div class=\"registerform__form\">\n                        <div class=\"form-container\">\n\n    \n        <form name=\"form\" method=\"post\" action=\"https:\/\/integral-toner.de\/pt-pt\/registo\/\" novalidate=\"novalidate\" class=\"contactform__form ajax-form\" data-replace=\".form-container\">\n\n        <div class=\"row mb-0 mb-md-5\">\n            <div class=\"col-md-6\">\n                <div class=\"form-floating\"><input type=\"text\" id=\"form_firmenname\" name=\"form[firmenname]\" required=\"required\" placeholder=\"Nome da empresa\" class=\"form-control\" \/><label for=\"form_firmenname\" class=\"form-label required\">Nome da empresa<\/label>        <\/div>\n            <\/div>\n        <\/div>\n\n        <div class=\"row mb-0 mb-md-5\">\n            <div class=\"col-md-6\">\n                <div class=\"form-floating\"><select id=\"form_anrede\" name=\"form[anrede]\" required=\"required\" class=\"form-control form-select\"><option value=\"\" selected=\"selected\">Diz-nos<\/option><option value=\"Frau\">Frau<\/option><option value=\"Mann\">Mann<\/option><option value=\"Mergulhadores\">Mergulhadores<\/option><\/select><label class=\"form-label required\" for=\"form_anrede\">Sauda\u00e7\u00e3o *<\/label>        <\/div>\n            <\/div>\n\n            <div class=\"col-md-6\">\n                <div class=\"form-floating\"><input type=\"text\" id=\"form_firstname\" name=\"form[firstname]\" required=\"required\" placeholder=\"Primeiro nome *\" class=\"form-control\" \/><label for=\"form_firstname\" class=\"form-label required\">Primeiro nome *<\/label>        <\/div>\n            <\/div>\n        <\/div>\n\n\n        <div class=\"row mb-0 mb-md-5\">\n            <div class=\"col-md-6\">\n                <div class=\"form-floating\"><input type=\"text\" id=\"form_lastname\" name=\"form[lastname]\" required=\"required\" placeholder=\"Sobrenome *\" class=\"form-control\" \/><label for=\"form_lastname\" class=\"form-label required\">Sobrenome *<\/label>        <\/div>\n            <\/div>\n\n            <div class=\"col-md-6\">\n                <div class=\"form-floating\"><input type=\"email\" id=\"form_email\" name=\"form[email]\" required=\"required\" placeholder=\"e-mail *\" class=\"form-control\" \/><label for=\"form_email\" class=\"form-label required\">e-mail *<\/label>        <\/div>\n            <\/div>\n        <\/div>\n\n        <div class=\"row mb-0 mb-md-5\">\n            <div class=\"col-md-6\">\n                <div class=\"form-floating\"><input type=\"text\" id=\"form_land\" name=\"form[land]\" required=\"required\" placeholder=\"Lanf *\" class=\"form-control\" \/><label for=\"form_land\" class=\"form-label required\">pa\u00eds *<\/label>        <\/div>\n            <\/div>\n\n            <div class=\"col-md-2\">\n                <div class=\"form-floating\"><input type=\"email\" id=\"form_plz\" name=\"form[plz]\" required=\"required\" placeholder=\"C\u00f3digo postal *\" class=\"form-control\" \/><label for=\"form_plz\" class=\"form-label required\">C\u00f3digo postal *<\/label>        <\/div>\n            <\/div>\n\n            <div class=\"col-md-4\">\n                <div class=\"form-floating\"><input type=\"email\" id=\"form_stadt\" name=\"form[stadt]\" required=\"required\" placeholder=\"Cidade *\" class=\"form-control\" \/><label for=\"form_stadt\" class=\"form-label required\">Cidade *<\/label>        <\/div>\n            <\/div>\n        <\/div>\n\n        <div class=\"row mb-0 mb-md-5\">\n            <div class=\"col-md-6\">\n                <div class=\"form-floating\"><input type=\"email\" id=\"form_strasse\" name=\"form[strasse]\" required=\"required\" placeholder=\"Rua *\" class=\"form-control\" \/><label for=\"form_strasse\" class=\"form-label required\">Rua *<\/label>        <\/div>\n            <\/div>\n\n            <div class=\"col-md-6\">\n                <div class=\"form-floating\"><input type=\"text\" id=\"form_phone\" name=\"form[phone]\" required=\"required\" placeholder=\"N\u00famero de telefone\" class=\"form-control\" \/><label for=\"form_phone\" class=\"form-label required\">N\u00famero de telefone<\/label>        <\/div>\n            <\/div>\n        <\/div>\n\n        <div class=\"row mb-0 mb-md-5\">\n            <div class=\"col-md-6\">\n                <div class=\"form-floating\"><input type=\"text\" id=\"form_fax\" name=\"form[fax]\" required=\"required\" placeholder=\"Fax\" class=\"form-control\" \/><label for=\"form_fax\" class=\"form-label required\">Fax<\/label>        <\/div>\n            <\/div>\n\n            <div class=\"col-md-6\">\n                <div class=\"form-floating\"><input type=\"text\" id=\"form_website\" name=\"form[website]\" required=\"required\" placeholder=\"S\u00edtio Web\" class=\"form-control\" \/><label for=\"form_website\" class=\"form-label required\">S\u00edtio Web<\/label>        <\/div>\n            <\/div>\n        <\/div>\n\n        <div class=\"row mb-0 mb-md-5\">\n            <div class=\"col-12\">\n                <div class=\"form-floating\"><select id=\"form_business\" name=\"form[business]\" required=\"required\" class=\"form-control form-select\"><option value=\"\" selected=\"selected\">Diz-nos<\/option><option value=\"Revendedor\">Revendedor<\/option><option value=\"Relator\">Relator<\/option><option value=\"Distribuidor\">Distribuidor<\/option><option value=\"Funcion\u00e1rios\">Funcion\u00e1rios<\/option><option value=\"Reciclador\">Reciclador<\/option><option value=\"Verbraucher\">Verbraucher<\/option><option value=\"Sonstiges\">Sonstiges<\/option><\/select><label class=\"form-label required\" for=\"form_business\">Arte dos neg\u00f3cios *<\/label>        <\/div>\n            <\/div>\n        <\/div>\n\n        <div class=\"row mb-0 mb-md-5\">\n            <div class=\"col-12\">\n                <div class=\"form-floating\"><textarea id=\"form_message\" name=\"form[message]\" placeholder=\"Gostaria de nos contar mais alguma coisa?*\" class=\"form-control form-control\" rows=\"6\"><\/textarea><label for=\"form_message\" class=\"form-label\">Gostaria de nos contar mais alguma coisa?*<\/label>        <\/div>\n            <\/div>\n        <\/div>\n\n        \n<div class=\"form-group hp\"><label for=\"form_field-78fds4\" class=\"form-label\">Field-78fds4<\/label><input type=\"text\" id=\"form_field-78fds4\" name=\"form[field-78fds4]\" autocomplete=\"none\" class=\"form-control\" tabindex=\"-1\" \/>        <\/div>\n\n<div class=\"mb-4\"><div class=\"form-check\"><input type=\"checkbox\" id=\"form_callback\" name=\"form[callback]\" required=\"required\" class=\"form-check-input\" value=\"1\" \/>\n        <label class=\"form-check-label required\" for=\"form_callback\">Reembolsar (Envia-nos o teu n\u00famero de telefone)<\/label><\/div>        <\/div>\n        <p class=\"contactform__info\"><a href=\"https:\/\/integral-toner.de\/datenschutz\/\">Informa\u00e7\u00f5es<\/a> para o contacto com os teus dados<\/p>\n\n        <p class=\"contactform__subinfo\">Mit * gekennzeichnete Felder sind Pflichtfelder und m\u00fcssen ausgef\u00fcllt werden.<\/p>\n\n        <div class=\"submit\">\n            <button type=\"submit\" class=\"g-btn\" aria-label=\"N\u00e3o registar\">N\u00e3o registar<\/button>\n        <\/div>\n\n        <\/form>\n\n    <\/div>\n                    <\/div>\n                <\/div>\n            <\/div>\n        <\/div>\n    <\/section>\n","protected":false},"excerpt":{"rendered":"","protected":false},"author":1,"featured_media":0,"parent":0,"menu_order":0,"comment_status":"closed","ping_status":"closed","template":"template-header-small.php","meta":{"_acf_changed":false,"_seopress_robots_primary_cat":"","_seopress_titles_title":"Registo no Integral | Toner Producer","_seopress_titles_desc":"Beneficia de acesso exclusivo \u00e0s nossas bases de dados com material publicit\u00e1rio e informa\u00e7\u00f5es importantes em linha.","_seopress_robots_index":"","footnotes":""},"class_list":["post-4105","page","type-page","status-publish","hentry"],"acf":[],"_links":{"self":[{"href":"https:\/\/integral-toner.de\/pt-pt\/wp-json\/wp\/v2\/pages\/4105","targetHints":{"allow":["GET"]}}],"collection":[{"href":"https:\/\/integral-toner.de\/pt-pt\/wp-json\/wp\/v2\/pages"}],"about":[{"href":"https:\/\/integral-toner.de\/pt-pt\/wp-json\/wp\/v2\/types\/page"}],"author":[{"embeddable":true,"href":"https:\/\/integral-toner.de\/pt-pt\/wp-json\/wp\/v2\/users\/1"}],"replies":[{"embeddable":true,"href":"https:\/\/integral-toner.de\/pt-pt\/wp-json\/wp\/v2\/comments?post=4105"}],"version-history":[{"count":5,"href":"https:\/\/integral-toner.de\/pt-pt\/wp-json\/wp\/v2\/pages\/4105\/revisions"}],"predecessor-version":[{"id":8903,"href":"https:\/\/integral-toner.de\/pt-pt\/wp-json\/wp\/v2\/pages\/4105\/revisions\/8903"}],"wp:attachment":[{"href":"https:\/\/integral-toner.de\/pt-pt\/wp-json\/wp\/v2\/media?parent=4105"}],"curies":[{"name":"wp","href":"https:\/\/api.w.org\/{rel}","templated":true}]}}