{"id":4092,"date":"2023-10-28T11:00:36","date_gmt":"2023-10-28T09:00:36","guid":{"rendered":"https:\/\/integral-toner.de\/weltweite-lieferungen-in-alle-kontinente\/"},"modified":"2025-06-25T14:57:17","modified_gmt":"2025-06-25T12:57:17","slug":"expedicao-para-todo-o-mundo-a-precos-competitivos","status":"publish","type":"page","link":"https:\/\/integral-toner.de\/pt-pt\/expedicao-para-todo-o-mundo-a-precos-competitivos\/","title":{"rendered":"Entregas em todo o mundo para todos os continentes"},"content":{"rendered":"  <section class=\"textsection block-69d7bfe7eeba0 type- \" >\n    <div class=\"container\">\n      <div class=\"row\">\n        <div class=\"col-12 col-lg-8 offset-lg-2 g-content\">\n          <div class=\"acf-innerblocks-container\">\n  <h1 class=\"g-h1-subtitle\">\n    <span>A empresa<\/span><br \/>\n    Entregas em todo o mundo para todos os continentes  <\/h1>\n\n\n\n<figure class=\"wp-block-image size-full\"><img loading=\"lazy\" decoding=\"async\" width=\"951\" height=\"549\" src=\"https:\/\/integral-toner.de\/wp-content\/uploads\/2023\/10\/integral-weltweite-lieferungen.jpg\" alt=\"\" class=\"wp-image-410\" srcset=\"https:\/\/integral-toner.de\/wp-content\/uploads\/2023\/10\/integral-weltweite-lieferungen.jpg 951w, https:\/\/integral-toner.de\/wp-content\/uploads\/2023\/10\/integral-weltweite-lieferungen-300x173.jpg 300w, https:\/\/integral-toner.de\/wp-content\/uploads\/2023\/10\/integral-weltweite-lieferungen-768x443.jpg 768w\" sizes=\"auto, (max-width: 951px) 100vw, 951px\" \/><\/figure>\n\n\n\n<p>Com mais de 4.000 clientes em todos os continentes, a INTEGRAL conhece as necessidades dos clientes nacionais e internacionais.<\/p>\n\n\n\n<p>A INTEGRAL tem todo o gosto em obter cota\u00e7\u00f5es de frete para si antes dos envios serem expedidos, porque queremos que receba as suas mercadorias com as taxas de frete mais favor\u00e1veis poss\u00edveis. De forma a proteger os bens da melhor forma poss\u00edvel, a INTEGRAL oferece o envio em paletes robustas e revestidas. A rece\u00e7\u00e3o de mercadorias limpas e n\u00e3o danificadas poupa custos, assegura a satisfa\u00e7\u00e3o do cliente e evita discuss\u00f5es demoradas com as transportadoras sobre danos de transporte.  <\/p>\n\n\n\n<p>Se optar pela INTEGRAL, pode ter a certeza de que as suas entregas tamb\u00e9m ser\u00e3o tratadas de forma profissional no que diz respeito ao transporte.<\/p>\n\n\n      <a class=\"is-style-back-to\" href=\"https:\/\/integral-toner.de\/unternehmen\/#logistik\" target=\"\">\n        <svg xmlns=\"http:\/\/www.w3.org\/2000\/svg\" width=\"26.964\" height=\"15.208\" viewBox=\"0 0 26.964 15.208\">\n  <g transform=\"translate(1 0.707)\">\n    <path d=\"M388.367,27l-6.9-6.9a1,1,0,0,1,0-1.414l6.9-6.9,1.414,1.414-6.19,6.19,6.19,6.19Z\" transform=\"translate(-382.177 -12.5)\" fill=\"#e3051b\"\/>\n    <path d=\"M25.964,1H0V-1H25.964Z\" transform=\"translate(0 6.897)\" fill=\"#e3051b\"\/>\n  <\/g>\n<\/svg>\n\n        Volta \u00e0 vis\u00e3o geral    <\/a>\n  \n<\/div>\n        <\/div>\n      <\/div>\n    <\/div>\n  <\/section>\n","protected":false},"excerpt":{"rendered":"","protected":false},"author":1,"featured_media":980,"parent":0,"menu_order":0,"comment_status":"closed","ping_status":"closed","template":"template-article.php","meta":{"_acf_changed":false,"_seopress_robots_primary_cat":"","_seopress_titles_title":"entregas mundiais de toner | INTEGRAL","_seopress_titles_desc":"Tratamos das ofertas de transporte de mercadorias para obteres as tarifas de transporte mais favor\u00e1veis poss\u00edveis! Paletes de chapa robustas para proteger as mercadorias e mant\u00ea-las limpas e sem danos","_seopress_robots_index":"","footnotes":""},"class_list":["post-4092","page","type-page","status-publish","has-post-thumbnail","hentry"],"acf":[],"_links":{"self":[{"href":"https:\/\/integral-toner.de\/pt-pt\/wp-json\/wp\/v2\/pages\/4092","targetHints":{"allow":["GET"]}}],"collection":[{"href":"https:\/\/integral-toner.de\/pt-pt\/wp-json\/wp\/v2\/pages"}],"about":[{"href":"https:\/\/integral-toner.de\/pt-pt\/wp-json\/wp\/v2\/types\/page"}],"author":[{"embeddable":true,"href":"https:\/\/integral-toner.de\/pt-pt\/wp-json\/wp\/v2\/users\/1"}],"replies":[{"embeddable":true,"href":"https:\/\/integral-toner.de\/pt-pt\/wp-json\/wp\/v2\/comments?post=4092"}],"version-history":[{"count":9,"href":"https:\/\/integral-toner.de\/pt-pt\/wp-json\/wp\/v2\/pages\/4092\/revisions"}],"predecessor-version":[{"id":8964,"href":"https:\/\/integral-toner.de\/pt-pt\/wp-json\/wp\/v2\/pages\/4092\/revisions\/8964"}],"wp:featuredmedia":[{"embeddable":true,"href":"https:\/\/integral-toner.de\/pt-pt\/wp-json\/wp\/v2\/media\/980"}],"wp:attachment":[{"href":"https:\/\/integral-toner.de\/pt-pt\/wp-json\/wp\/v2\/media?parent=4092"}],"curies":[{"name":"wp","href":"https:\/\/api.w.org\/{rel}","templated":true}]}}