{"id":4079,"date":"2023-11-13T11:20:54","date_gmt":"2023-11-13T11:20:54","guid":{"rendered":"https:\/\/integral-toner.de\/entscheiden-sie-sich-fuer-einen-echten-tonerhersteller\/"},"modified":"2025-07-01T12:58:50","modified_gmt":"2025-07-01T10:58:50","slug":"escolha-um-fabricante-de-toner-genuino","status":"publish","type":"page","link":"https:\/\/integral-toner.de\/pt-pt\/empresa\/porque-a-integral\/escolha-um-fabricante-de-toner-genuino\/","title":{"rendered":"Escolhe um fabricante de toner genu\u00edno"},"content":{"rendered":"  <section class=\"textsection block-69d7a81d36519 type- \" >\n    <div class=\"container\">\n      <div class=\"row\">\n        <div class=\"col-12 col-lg-8 offset-lg-2 g-content\">\n          <div class=\"acf-innerblocks-container\">\n  <h1 class=\"g-h1-subtitle\">\n    <span>Porqu\u00ea integral<\/span><br \/>\n    Escolhe um fabricante de toner genu\u00edno  <\/h1>\n\n\n\n<figure class=\"wp-block-image size-full\"><img loading=\"lazy\" decoding=\"async\" width=\"945\" height=\"548\" src=\"https:\/\/integral-toner.de\/wp-content\/uploads\/2023\/10\/integral-tonerhersteller.jpg\" alt=\"\" class=\"wp-image-262\" srcset=\"https:\/\/integral-toner.de\/wp-content\/uploads\/2023\/10\/integral-tonerhersteller.jpg 945w, https:\/\/integral-toner.de\/wp-content\/uploads\/2023\/10\/integral-tonerhersteller-300x174.jpg 300w, https:\/\/integral-toner.de\/wp-content\/uploads\/2023\/10\/integral-tonerhersteller-768x445.jpg 768w\" sizes=\"auto, (max-width: 945px) 100vw, 945px\" \/><\/figure>\n\n\n\n<p>A INTEGRAL tem vindo a produzir toners desde 1973 e com meio s\u00e9culo de experi\u00eancia de produ\u00e7\u00e3o, somos uma das empresas mais experientes na ind\u00fastria. Atualmente, a INTEGRAL \u00e9 um dos principais fabricantes de toners do mundo.  <\/p>\n\n\n\n<p>A prop\u00f3sito, a INTEGRAL \u00e9 o \u00fanico fabricante de toner independente na Europa.<\/p>\n\n\n\n<p>Por produ\u00e7\u00e3o de toner, n\u00e3o entendemos a montagem de cartuchos de toner, mas a produ\u00e7\u00e3o completa de p\u00f3 de toner, come\u00e7ando com a extrus\u00e3o das mat\u00e9rias-primas, seguida do processo de moagem, do processo de peneira\u00e7\u00e3o e do revestimento aditivo da superf\u00edcie das part\u00edculas de toner.<br\/><br\/>O p\u00f3 de toner INTEGRAL \u00e9 fabricado em instala\u00e7\u00f5es de produ\u00e7\u00e3o modernas e totalmente automatizadas. Apenas s\u00e3o utilizadas mat\u00e9rias-primas especiais de alta qualidade para a produ\u00e7\u00e3o. O desenvolvimento e o controlo de qualidade dos toners monocrom\u00e1ticos e a cores t\u00eam lugar num laborat\u00f3rio de desenvolvimento interno totalmente equipado. Ao escolher a INTEGRAL para os seus requisitos de toner, est\u00e1 a escolher trabalhar diretamente com o fabricante.   <\/p>\n\n\n      <a class=\"is-style-back-to\" href=\"https:\/\/integral-toner.de\/unternehmen\/warum-integral#tonhersteller\/\" target=\"\">\n        <svg xmlns=\"http:\/\/www.w3.org\/2000\/svg\" width=\"26.964\" height=\"15.208\" viewBox=\"0 0 26.964 15.208\">\n  <g transform=\"translate(1 0.707)\">\n    <path d=\"M388.367,27l-6.9-6.9a1,1,0,0,1,0-1.414l6.9-6.9,1.414,1.414-6.19,6.19,6.19,6.19Z\" transform=\"translate(-382.177 -12.5)\" fill=\"#e3051b\"\/>\n    <path d=\"M25.964,1H0V-1H25.964Z\" transform=\"translate(0 6.897)\" fill=\"#e3051b\"\/>\n  <\/g>\n<\/svg>\n\n        Volta \u00e0 vis\u00e3o geral    <\/a>\n  \n<\/div>\n        <\/div>\n      <\/div>\n    <\/div>\n  <\/section>\n","protected":false},"excerpt":{"rendered":"","protected":false},"author":2,"featured_media":1317,"parent":3438,"menu_order":0,"comment_status":"closed","ping_status":"closed","template":"template-article.php","meta":{"_acf_changed":false,"_seopress_robots_primary_cat":"","_seopress_titles_title":"Fabricante de toners desde 1973 | Toner INTEGRAL","_seopress_titles_desc":"Com mais de 50 anos de experi\u00eancia em produ\u00e7\u00e3o, somos uma das empresas mais experientes do sector. Connosco encontras a produ\u00e7\u00e3o completa do p\u00f3 de toner at\u00e9 aos cartuchos acabados que s\u00e3o colocados na impressora em casa. Coopera\u00e7\u00e3o direta com o fabricante!","_seopress_robots_index":"","footnotes":""},"class_list":["post-4079","page","type-page","status-publish","has-post-thumbnail","hentry"],"acf":[],"_links":{"self":[{"href":"https:\/\/integral-toner.de\/pt-pt\/wp-json\/wp\/v2\/pages\/4079","targetHints":{"allow":["GET"]}}],"collection":[{"href":"https:\/\/integral-toner.de\/pt-pt\/wp-json\/wp\/v2\/pages"}],"about":[{"href":"https:\/\/integral-toner.de\/pt-pt\/wp-json\/wp\/v2\/types\/page"}],"author":[{"embeddable":true,"href":"https:\/\/integral-toner.de\/pt-pt\/wp-json\/wp\/v2\/users\/2"}],"replies":[{"embeddable":true,"href":"https:\/\/integral-toner.de\/pt-pt\/wp-json\/wp\/v2\/comments?post=4079"}],"version-history":[{"count":9,"href":"https:\/\/integral-toner.de\/pt-pt\/wp-json\/wp\/v2\/pages\/4079\/revisions"}],"predecessor-version":[{"id":9312,"href":"https:\/\/integral-toner.de\/pt-pt\/wp-json\/wp\/v2\/pages\/4079\/revisions\/9312"}],"up":[{"embeddable":true,"href":"https:\/\/integral-toner.de\/pt-pt\/wp-json\/wp\/v2\/pages\/3438"}],"wp:featuredmedia":[{"embeddable":true,"href":"https:\/\/integral-toner.de\/pt-pt\/wp-json\/wp\/v2\/media\/1317"}],"wp:attachment":[{"href":"https:\/\/integral-toner.de\/pt-pt\/wp-json\/wp\/v2\/media?parent=4079"}],"curies":[{"name":"wp","href":"https:\/\/api.w.org\/{rel}","templated":true}]}}