{"id":4051,"date":"2023-11-13T12:29:31","date_gmt":"2023-11-13T12:29:31","guid":{"rendered":"https:\/\/integral-toner.de\/produktionsrundgang\/"},"modified":"2025-07-01T12:58:25","modified_gmt":"2025-07-01T10:58:25","slug":"visita-de-producao","status":"publish","type":"page","link":"https:\/\/integral-toner.de\/pt-pt\/empresa\/visita-de-producao\/","title":{"rendered":"Visita de produ\u00e7\u00e3o"},"content":{"rendered":"  <section class=\"textsection block-69f7f1b814c86 type- \" >\n    <div class=\"container\">\n      <div class=\"row\">\n        <div class=\"col-12 col-lg-8 offset-lg-2 g-content\">\n          <div class=\"acf-innerblocks-container\">\n  <h1 class=\"g-h1-subtitle\">\n    <span>A empresa<\/span><br \/>\n    Visita de produ\u00e7\u00e3o  <\/h1>\n\n\n\n<figure class=\"wp-block-image size-full\"><img loading=\"lazy\" decoding=\"async\" width=\"945\" height=\"548\" src=\"https:\/\/integral-toner.de\/wp-content\/uploads\/2023\/10\/integral-premium-toner.jpg\" alt=\"\" class=\"wp-image-387\" srcset=\"https:\/\/integral-toner.de\/wp-content\/uploads\/2023\/10\/integral-premium-toner.jpg 945w, https:\/\/integral-toner.de\/wp-content\/uploads\/2023\/10\/integral-premium-toner-300x174.jpg 300w, https:\/\/integral-toner.de\/wp-content\/uploads\/2023\/10\/integral-premium-toner-768x445.jpg 768w\" sizes=\"auto, (max-width: 945px) 100vw, 945px\" \/><\/figure>\n\n\n\n<p>A INTEGRAL processa apenas as melhores mat\u00e9rias-primas especiais para a produ\u00e7\u00e3o de toners monocrom\u00e1ticos e a cores. Como primeira fase de produ\u00e7\u00e3o, as mat\u00e9rias-primas s\u00e3o introduzidas no processo de produ\u00e7\u00e3o a partir de contentores de armazenamento. A distribui\u00e7\u00e3o uniforme das mat\u00e9rias-primas ocorre durante o processo de pr\u00e9-mistura, utilizando um processo de mistura a alta velocidade. Linhas de extrus\u00e3o altamente especializadas garantem uma composi\u00e7\u00e3o perfeita das mat\u00e9rias-primas do toner. As mat\u00e9rias-primas extrudidas s\u00e3o depois pulverizadas atrav\u00e9s do processo de moagem por jato de ar. As part\u00edculas demasiado grossas ou demasiado finas s\u00e3o removidas do processo de produ\u00e7\u00e3o atrav\u00e9s de um processo de peneira\u00e7\u00e3o. O toner bruto produzido \u00e9 ent\u00e3o fornecido com os aditivos de superf\u00edcie especiais necess\u00e1rios atrav\u00e9s de um processo de revestimento. Um \u00faltimo processo de crivagem de seguran\u00e7a garante que o toner est\u00e1 isento de aglomerados e pode ser utilizado para a produ\u00e7\u00e3o posterior de cartuchos.       <\/p>\n\n\n\n<p>Os resultados podem ser vistos sob a forma de uma qualidade de imagem est\u00e1vel, elevados rendimentos de c\u00f3pia e de impress\u00e3o e custos de manuten\u00e7\u00e3o particularmente baixos para os sistemas de c\u00f3pia e impress\u00e3o em que o toner INTEGRAL \u00e9 utilizado.<\/p>\n\n\n\n<div class=\"gallery\"  data-images=\"https:\/\/integral-toner.de\/wp-content\/uploads\/2023\/11\/xen_fabrik-1.jpg||https:\/\/integral-toner.de\/wp-content\/uploads\/2023\/11\/aussenansicht-produktionshallen-1.jpg||https:\/\/integral-toner.de\/wp-content\/uploads\/2023\/11\/entstaubungsanlage-aussen-1.jpg||https:\/\/integral-toner.de\/wp-content\/uploads\/2023\/11\/extruder-1.jpg||https:\/\/integral-toner.de\/wp-content\/uploads\/2024\/01\/Extruder-2.png||https:\/\/integral-toner.de\/wp-content\/uploads\/2023\/11\/schwarz-masse-1.jpg||https:\/\/integral-toner.de\/wp-content\/uploads\/2023\/11\/schwarz-band.jpg||https:\/\/integral-toner.de\/wp-content\/uploads\/2024\/01\/cyan-masse-edited.jpg||https:\/\/integral-toner.de\/wp-content\/uploads\/2023\/11\/magenta-band-1.jpg||https:\/\/integral-toner.de\/wp-content\/uploads\/2023\/11\/produktionsanlage-1.jpg||https:\/\/integral-toner.de\/wp-content\/uploads\/2023\/11\/rohstofflager-produktion-1.jpg||https:\/\/integral-toner.de\/wp-content\/uploads\/2023\/11\/produktionshalle-innensicht-1.jpg||https:\/\/integral-toner.de\/wp-content\/uploads\/2023\/11\/luftstrahl-muehle-1.jpg||https:\/\/integral-toner.de\/wp-content\/uploads\/2023\/11\/produktionsmitarbeiter-integral-1.jpg||https:\/\/integral-toner.de\/wp-content\/uploads\/2023\/11\/material-lagerrung-1.jpg\" >\n    <ul class=\"gallery__images\">\n                    <li><img loading=\"lazy\" decoding=\"async\" width=\"1100\" height=\"742\" src=\"https:\/\/integral-toner.de\/wp-content\/uploads\/2023\/11\/xen_fabrik-1.jpg\" class=\"attachment-full size-full\" alt=\"INTEGRAL Produktion\" srcset=\"https:\/\/integral-toner.de\/wp-content\/uploads\/2023\/11\/xen_fabrik-1.jpg 1100w, https:\/\/integral-toner.de\/wp-content\/uploads\/2023\/11\/xen_fabrik-1-300x202.jpg 300w, https:\/\/integral-toner.de\/wp-content\/uploads\/2023\/11\/xen_fabrik-1-1024x691.jpg 1024w, https:\/\/integral-toner.de\/wp-content\/uploads\/2023\/11\/xen_fabrik-1-768x518.jpg 768w\" sizes=\"auto, (max-width: 1100px) 100vw, 1100px\" \/><\/li>\n                    <li><img loading=\"lazy\" decoding=\"async\" width=\"1100\" height=\"733\" src=\"https:\/\/integral-toner.de\/wp-content\/uploads\/2023\/11\/aussenansicht-produktionshallen-1.jpg\" class=\"attachment-full size-full\" alt=\"Produktionshallten von INTEGRAL von au\u00dfen\" srcset=\"https:\/\/integral-toner.de\/wp-content\/uploads\/2023\/11\/aussenansicht-produktionshallen-1.jpg 1100w, https:\/\/integral-toner.de\/wp-content\/uploads\/2023\/11\/aussenansicht-produktionshallen-1-300x200.jpg 300w, https:\/\/integral-toner.de\/wp-content\/uploads\/2023\/11\/aussenansicht-produktionshallen-1-1024x682.jpg 1024w, https:\/\/integral-toner.de\/wp-content\/uploads\/2023\/11\/aussenansicht-produktionshallen-1-768x512.jpg 768w\" sizes=\"auto, (max-width: 1100px) 100vw, 1100px\" \/><\/li>\n                    <li><img loading=\"lazy\" decoding=\"async\" width=\"1100\" height=\"825\" src=\"https:\/\/integral-toner.de\/wp-content\/uploads\/2023\/11\/entstaubungsanlage-aussen-1.jpg\" class=\"attachment-full size-full\" alt=\"Fortschrittliche Entstaubungsanlage bei INTEGRAL\" srcset=\"https:\/\/integral-toner.de\/wp-content\/uploads\/2023\/11\/entstaubungsanlage-aussen-1.jpg 1100w, https:\/\/integral-toner.de\/wp-content\/uploads\/2023\/11\/entstaubungsanlage-aussen-1-300x225.jpg 300w, https:\/\/integral-toner.de\/wp-content\/uploads\/2023\/11\/entstaubungsanlage-aussen-1-1024x768.jpg 1024w, https:\/\/integral-toner.de\/wp-content\/uploads\/2023\/11\/entstaubungsanlage-aussen-1-768x576.jpg 768w\" sizes=\"auto, (max-width: 1100px) 100vw, 1100px\" \/><\/li>\n                    <li><img loading=\"lazy\" decoding=\"async\" width=\"1024\" height=\"768\" src=\"https:\/\/integral-toner.de\/wp-content\/uploads\/2023\/11\/extruder-1.jpg\" class=\"attachment-full size-full\" alt=\"Extruder in der Produktion bei INTEGRAL\" srcset=\"https:\/\/integral-toner.de\/wp-content\/uploads\/2023\/11\/extruder-1.jpg 1024w, https:\/\/integral-toner.de\/wp-content\/uploads\/2023\/11\/extruder-1-300x225.jpg 300w, https:\/\/integral-toner.de\/wp-content\/uploads\/2023\/11\/extruder-1-768x576.jpg 768w\" sizes=\"auto, (max-width: 1024px) 100vw, 1024px\" \/><\/li>\n                    <li><img loading=\"lazy\" decoding=\"async\" width=\"3709\" height=\"2881\" src=\"https:\/\/integral-toner.de\/wp-content\/uploads\/2024\/01\/Extruder-2.png\" class=\"attachment-full size-full\" alt=\"Extruder\" srcset=\"https:\/\/integral-toner.de\/wp-content\/uploads\/2024\/01\/Extruder-2.png 3709w, https:\/\/integral-toner.de\/wp-content\/uploads\/2024\/01\/Extruder-2-300x233.png 300w, https:\/\/integral-toner.de\/wp-content\/uploads\/2024\/01\/Extruder-2-1024x795.png 1024w, https:\/\/integral-toner.de\/wp-content\/uploads\/2024\/01\/Extruder-2-768x597.png 768w, https:\/\/integral-toner.de\/wp-content\/uploads\/2024\/01\/Extruder-2-1536x1193.png 1536w, https:\/\/integral-toner.de\/wp-content\/uploads\/2024\/01\/Extruder-2-2048x1591.png 2048w\" sizes=\"auto, (max-width: 3709px) 100vw, 3709px\" \/><\/li>\n                    <li><img loading=\"lazy\" decoding=\"async\" width=\"1100\" height=\"825\" src=\"https:\/\/integral-toner.de\/wp-content\/uploads\/2023\/11\/schwarz-masse-1.jpg\" class=\"attachment-full size-full\" alt=\"Schwarzer Toner in der Herstellung bei INTEGRAL\" srcset=\"https:\/\/integral-toner.de\/wp-content\/uploads\/2023\/11\/schwarz-masse-1.jpg 1100w, https:\/\/integral-toner.de\/wp-content\/uploads\/2023\/11\/schwarz-masse-1-300x225.jpg 300w, https:\/\/integral-toner.de\/wp-content\/uploads\/2023\/11\/schwarz-masse-1-1024x768.jpg 1024w, https:\/\/integral-toner.de\/wp-content\/uploads\/2023\/11\/schwarz-masse-1-768x576.jpg 768w\" sizes=\"auto, (max-width: 1100px) 100vw, 1100px\" \/><\/li>\n                    <li><img loading=\"lazy\" decoding=\"async\" width=\"1100\" height=\"733\" src=\"https:\/\/integral-toner.de\/wp-content\/uploads\/2023\/11\/schwarz-band.jpg\" class=\"attachment-full size-full\" alt=\"Toner-Herstellung INTEGRAL\" srcset=\"https:\/\/integral-toner.de\/wp-content\/uploads\/2023\/11\/schwarz-band.jpg 1100w, https:\/\/integral-toner.de\/wp-content\/uploads\/2023\/11\/schwarz-band-300x200.jpg 300w, https:\/\/integral-toner.de\/wp-content\/uploads\/2023\/11\/schwarz-band-1024x682.jpg 1024w, https:\/\/integral-toner.de\/wp-content\/uploads\/2023\/11\/schwarz-band-768x512.jpg 768w\" sizes=\"auto, (max-width: 1100px) 100vw, 1100px\" \/><\/li>\n                    <li><img loading=\"lazy\" decoding=\"async\" width=\"750\" height=\"550\" src=\"https:\/\/integral-toner.de\/wp-content\/uploads\/2024\/01\/cyan-masse-edited.jpg\" class=\"attachment-full size-full\" alt=\"\" srcset=\"https:\/\/integral-toner.de\/wp-content\/uploads\/2024\/01\/cyan-masse-edited.jpg 750w, https:\/\/integral-toner.de\/wp-content\/uploads\/2024\/01\/cyan-masse-edited-300x220.jpg 300w\" sizes=\"auto, (max-width: 750px) 100vw, 750px\" \/><\/li>\n                    <li><img loading=\"lazy\" decoding=\"async\" width=\"1100\" height=\"733\" src=\"https:\/\/integral-toner.de\/wp-content\/uploads\/2023\/11\/magenta-band-1.jpg\" class=\"attachment-full size-full\" alt=\"Herstellung Magenta-Toner bei INTEGRAL\" srcset=\"https:\/\/integral-toner.de\/wp-content\/uploads\/2023\/11\/magenta-band-1.jpg 1100w, https:\/\/integral-toner.de\/wp-content\/uploads\/2023\/11\/magenta-band-1-300x200.jpg 300w, https:\/\/integral-toner.de\/wp-content\/uploads\/2023\/11\/magenta-band-1-1024x682.jpg 1024w, https:\/\/integral-toner.de\/wp-content\/uploads\/2023\/11\/magenta-band-1-768x512.jpg 768w\" sizes=\"auto, (max-width: 1100px) 100vw, 1100px\" \/><\/li>\n                    <li><img loading=\"lazy\" decoding=\"async\" width=\"1100\" height=\"772\" src=\"https:\/\/integral-toner.de\/wp-content\/uploads\/2023\/11\/produktionsanlage-1.jpg\" class=\"attachment-full size-full\" alt=\"Produktionsanlage bei INTEGRAL\" srcset=\"https:\/\/integral-toner.de\/wp-content\/uploads\/2023\/11\/produktionsanlage-1.jpg 1100w, https:\/\/integral-toner.de\/wp-content\/uploads\/2023\/11\/produktionsanlage-1-300x211.jpg 300w, https:\/\/integral-toner.de\/wp-content\/uploads\/2023\/11\/produktionsanlage-1-1024x719.jpg 1024w, https:\/\/integral-toner.de\/wp-content\/uploads\/2023\/11\/produktionsanlage-1-768x539.jpg 768w\" sizes=\"auto, (max-width: 1100px) 100vw, 1100px\" \/><\/li>\n                    <li><img loading=\"lazy\" decoding=\"async\" width=\"1000\" height=\"607\" src=\"https:\/\/integral-toner.de\/wp-content\/uploads\/2023\/11\/rohstofflager-produktion-1.jpg\" class=\"attachment-full size-full\" alt=\"Rohstoffverarbeitung in der Produktion bei INTEGRAL\" srcset=\"https:\/\/integral-toner.de\/wp-content\/uploads\/2023\/11\/rohstofflager-produktion-1.jpg 1000w, https:\/\/integral-toner.de\/wp-content\/uploads\/2023\/11\/rohstofflager-produktion-1-300x182.jpg 300w, https:\/\/integral-toner.de\/wp-content\/uploads\/2023\/11\/rohstofflager-produktion-1-768x466.jpg 768w\" sizes=\"auto, (max-width: 1000px) 100vw, 1000px\" \/><\/li>\n                    <li><img loading=\"lazy\" decoding=\"async\" width=\"1100\" height=\"1467\" src=\"https:\/\/integral-toner.de\/wp-content\/uploads\/2023\/11\/produktionshalle-innensicht-1.jpg\" class=\"attachment-full size-full\" alt=\"Produktion bei INTEGRAL\" srcset=\"https:\/\/integral-toner.de\/wp-content\/uploads\/2023\/11\/produktionshalle-innensicht-1.jpg 1100w, https:\/\/integral-toner.de\/wp-content\/uploads\/2023\/11\/produktionshalle-innensicht-1-225x300.jpg 225w, https:\/\/integral-toner.de\/wp-content\/uploads\/2023\/11\/produktionshalle-innensicht-1-768x1024.jpg 768w\" sizes=\"auto, (max-width: 1100px) 100vw, 1100px\" \/><\/li>\n                    <li><img loading=\"lazy\" decoding=\"async\" width=\"1100\" height=\"825\" src=\"https:\/\/integral-toner.de\/wp-content\/uploads\/2023\/11\/luftstrahl-muehle-1.jpg\" class=\"attachment-full size-full\" alt=\"Luftstrahlm\u00fchle in der Produktion bei INTEGRAL\" srcset=\"https:\/\/integral-toner.de\/wp-content\/uploads\/2023\/11\/luftstrahl-muehle-1.jpg 1100w, https:\/\/integral-toner.de\/wp-content\/uploads\/2023\/11\/luftstrahl-muehle-1-300x225.jpg 300w, https:\/\/integral-toner.de\/wp-content\/uploads\/2023\/11\/luftstrahl-muehle-1-1024x768.jpg 1024w, https:\/\/integral-toner.de\/wp-content\/uploads\/2023\/11\/luftstrahl-muehle-1-768x576.jpg 768w\" sizes=\"auto, (max-width: 1100px) 100vw, 1100px\" \/><\/li>\n                    <li><img loading=\"lazy\" decoding=\"async\" width=\"1100\" height=\"733\" src=\"https:\/\/integral-toner.de\/wp-content\/uploads\/2023\/11\/produktionsmitarbeiter-integral-1.jpg\" class=\"attachment-full size-full\" alt=\"Mitarbeiter in der Produktion bei INTEGRAL\" srcset=\"https:\/\/integral-toner.de\/wp-content\/uploads\/2023\/11\/produktionsmitarbeiter-integral-1.jpg 1100w, https:\/\/integral-toner.de\/wp-content\/uploads\/2023\/11\/produktionsmitarbeiter-integral-1-300x200.jpg 300w, https:\/\/integral-toner.de\/wp-content\/uploads\/2023\/11\/produktionsmitarbeiter-integral-1-1024x682.jpg 1024w, https:\/\/integral-toner.de\/wp-content\/uploads\/2023\/11\/produktionsmitarbeiter-integral-1-768x512.jpg 768w\" sizes=\"auto, (max-width: 1100px) 100vw, 1100px\" \/><\/li>\n                    <li><img loading=\"lazy\" decoding=\"async\" width=\"1100\" height=\"550\" src=\"https:\/\/integral-toner.de\/wp-content\/uploads\/2023\/11\/material-lagerrung-1.jpg\" class=\"attachment-full size-full\" alt=\"Materiallager INTEGRAL\" srcset=\"https:\/\/integral-toner.de\/wp-content\/uploads\/2023\/11\/material-lagerrung-1.jpg 1100w, https:\/\/integral-toner.de\/wp-content\/uploads\/2023\/11\/material-lagerrung-1-300x150.jpg 300w, https:\/\/integral-toner.de\/wp-content\/uploads\/2023\/11\/material-lagerrung-1-1024x512.jpg 1024w, https:\/\/integral-toner.de\/wp-content\/uploads\/2023\/11\/material-lagerrung-1-768x384.jpg 768w\" sizes=\"auto, (max-width: 1100px) 100vw, 1100px\" \/><\/li>\n            <\/ul>\n<\/div>\n\n\n      <a class=\"is-style-back-to\" href=\"https:\/\/integral-toner.de\/unternehmen\/#tonerproduktion\" target=\"\">\n        <svg xmlns=\"http:\/\/www.w3.org\/2000\/svg\" width=\"26.964\" height=\"15.208\" viewBox=\"0 0 26.964 15.208\">\n  <g transform=\"translate(1 0.707)\">\n    <path d=\"M388.367,27l-6.9-6.9a1,1,0,0,1,0-1.414l6.9-6.9,1.414,1.414-6.19,6.19,6.19,6.19Z\" transform=\"translate(-382.177 -12.5)\" fill=\"#e3051b\"\/>\n    <path d=\"M25.964,1H0V-1H25.964Z\" transform=\"translate(0 6.897)\" fill=\"#e3051b\"\/>\n  <\/g>\n<\/svg>\n\n        Volta \u00e0 vis\u00e3o geral    <\/a>\n  \n<\/div>\n        <\/div>\n      <\/div>\n    <\/div>\n  <\/section>\n","protected":false},"excerpt":{"rendered":"","protected":false},"author":2,"featured_media":964,"parent":3403,"menu_order":0,"comment_status":"closed","ping_status":"closed","template":"template-article.php","meta":{"_acf_changed":false,"_seopress_robots_primary_cat":"","_seopress_titles_title":"Visita \u00e0 produ\u00e7\u00e3o do fabricante de toner INTEGAL","_seopress_titles_desc":"Vem visitar a visita digital e v\u00ea como \u00e9 fabricado o toner INTEGRAL.","_seopress_robots_index":"","footnotes":""},"class_list":["post-4051","page","type-page","status-publish","has-post-thumbnail","hentry"],"acf":[],"_links":{"self":[{"href":"https:\/\/integral-toner.de\/pt-pt\/wp-json\/wp\/v2\/pages\/4051","targetHints":{"allow":["GET"]}}],"collection":[{"href":"https:\/\/integral-toner.de\/pt-pt\/wp-json\/wp\/v2\/pages"}],"about":[{"href":"https:\/\/integral-toner.de\/pt-pt\/wp-json\/wp\/v2\/types\/page"}],"author":[{"embeddable":true,"href":"https:\/\/integral-toner.de\/pt-pt\/wp-json\/wp\/v2\/users\/2"}],"replies":[{"embeddable":true,"href":"https:\/\/integral-toner.de\/pt-pt\/wp-json\/wp\/v2\/comments?post=4051"}],"version-history":[{"count":11,"href":"https:\/\/integral-toner.de\/pt-pt\/wp-json\/wp\/v2\/pages\/4051\/revisions"}],"predecessor-version":[{"id":9280,"href":"https:\/\/integral-toner.de\/pt-pt\/wp-json\/wp\/v2\/pages\/4051\/revisions\/9280"}],"up":[{"embeddable":true,"href":"https:\/\/integral-toner.de\/pt-pt\/wp-json\/wp\/v2\/pages\/3403"}],"wp:featuredmedia":[{"embeddable":true,"href":"https:\/\/integral-toner.de\/pt-pt\/wp-json\/wp\/v2\/media\/964"}],"wp:attachment":[{"href":"https:\/\/integral-toner.de\/pt-pt\/wp-json\/wp\/v2\/media?parent=4051"}],"curies":[{"name":"wp","href":"https:\/\/api.w.org\/{rel}","templated":true}]}}