{"id":4009,"date":"2023-10-28T10:59:11","date_gmt":"2023-10-28T10:59:11","guid":{"rendered":"https:\/\/integral-toner.de\/qualitaet-und-zuverlaessigkeit-stehen-bei-integral-an-erster-stelle\/"},"modified":"2025-06-25T14:57:10","modified_gmt":"2025-06-25T12:57:10","slug":"a-qualidade-e-a-fiabilidade-sao-as-principais-prioridades","status":"publish","type":"page","link":"https:\/\/integral-toner.de\/pt-pt\/a-qualidade-e-a-fiabilidade-sao-as-principais-prioridades\/","title":{"rendered":"Qualidade e fiabilidade s\u00e3o as principais prioridades da INTEGRAL"},"content":{"rendered":"  <section class=\"textsection block-69e158d87fa99 type- \" >\n    <div class=\"container\">\n      <div class=\"row\">\n        <div class=\"col-12 col-lg-8 offset-lg-2 g-content\">\n          <div class=\"acf-innerblocks-container\">\n  <h1 class=\"g-h1-subtitle\">\n    <span>Empresa<\/span><br \/>\n    Qualidade e fiabilidade s\u00e3o as principais prioridades da INTEGRAL  <\/h1>\n\n\n\n<figure class=\"wp-block-image size-full\"><img loading=\"lazy\" decoding=\"async\" width=\"945\" height=\"548\" src=\"https:\/\/integral-toner.de\/wp-content\/uploads\/2023\/10\/integral-zuverlaessigkeit.jpg\" alt=\"\" class=\"wp-image-402\" srcset=\"https:\/\/integral-toner.de\/wp-content\/uploads\/2023\/10\/integral-zuverlaessigkeit.jpg 945w, https:\/\/integral-toner.de\/wp-content\/uploads\/2023\/10\/integral-zuverlaessigkeit-300x174.jpg 300w, https:\/\/integral-toner.de\/wp-content\/uploads\/2023\/10\/integral-zuverlaessigkeit-768x445.jpg 768w\" sizes=\"auto, (max-width: 945px) 100vw, 945px\" \/><\/figure>\n\n\n\n<p>S\u00e3o efectuados testes exaustivos de impress\u00e3o e c\u00f3pia para garantir a densidade \u00f3tica, o rendimento das p\u00e1ginas e, no caso do toner para dispositivos a cores, a precis\u00e3o das cores. As extensas medidas de garantia de qualidade ajudam a assegurar que os clientes apenas recebem produtos que cumprem os mais elevados padr\u00f5es. <\/p>\n\n\n\n<p>O sistema de controlo de qualidade abrangente durante o processo de produ\u00e7\u00e3o garante que apenas os produtos que cumprem os elevados padr\u00f5es de qualidade da INTEGRAL s\u00e3o entregues.<\/p>\n\n\n\n<p>As modernas instala\u00e7\u00f5es laboratoriais permitem um controlo de qualidade sem falhas. A vantagem mais importante para os clientes \u00e9 a excelente qualidade e desempenho dos produtos. <\/p>\n\n\n\n<p>Qualidade excecional significa toner com desempenho e composi\u00e7\u00e3o consistentes em cada entrega.<\/p>\n\n\n\n<p>Os novos produtos s\u00e3o sempre sujeitos a testes exaustivos. Estes s\u00e3o efectuados sob uma variedade de condi\u00e7\u00f5es ambientais e de equipamento. Tamb\u00e9m s\u00e3o efectuados testes internos a longo prazo.  <\/p>\n\n\n\n<p>Cada lote de produ\u00e7\u00e3o \u00e9 submetido a an\u00e1lises de controlo de qualidade exaustivas pelo laborat\u00f3rio de desenvolvimento da pr\u00f3pria empresa antes de ser entregue ao cliente. Al\u00e9m disso, s\u00e3o efectuados testes de c\u00f3pia e impress\u00e3o adequados. <\/p>\n\n\n\n<p>Se, para al\u00e9m da qualidade do produto e da competitividade do pre\u00e7o, a elevada disponibilidade do produto e os curtos prazos de entrega s\u00e3o importantes, a INTEGRAL \u00e9 o parceiro certo para si.<\/p>\n\n\n\n<div class=\"gallery\"  data-images=\"https:\/\/integral-toner.de\/wp-content\/uploads\/2023\/11\/laborcomputer-mit-messerbenissen.jpg||https:\/\/integral-toner.de\/wp-content\/uploads\/2023\/11\/laborant-kopiert-dokumente.jpg||https:\/\/integral-toner.de\/wp-content\/uploads\/2023\/11\/laborrant-kontrolliert-ergebnisse.jpg\" >\n    <ul class=\"gallery__images\">\n                    <li><img loading=\"lazy\" decoding=\"async\" width=\"1100\" height=\"740\" src=\"https:\/\/integral-toner.de\/wp-content\/uploads\/2023\/11\/laborcomputer-mit-messerbenissen.jpg\" class=\"attachment-full size-full\" alt=\"Computer im Labor bei INTEGRAL\" srcset=\"https:\/\/integral-toner.de\/wp-content\/uploads\/2023\/11\/laborcomputer-mit-messerbenissen.jpg 1100w, https:\/\/integral-toner.de\/wp-content\/uploads\/2023\/11\/laborcomputer-mit-messerbenissen-300x202.jpg 300w, https:\/\/integral-toner.de\/wp-content\/uploads\/2023\/11\/laborcomputer-mit-messerbenissen-1024x689.jpg 1024w, https:\/\/integral-toner.de\/wp-content\/uploads\/2023\/11\/laborcomputer-mit-messerbenissen-768x517.jpg 768w\" sizes=\"auto, (max-width: 1100px) 100vw, 1100px\" \/><\/li>\n                    <li><img loading=\"lazy\" decoding=\"async\" width=\"1100\" height=\"733\" src=\"https:\/\/integral-toner.de\/wp-content\/uploads\/2023\/11\/laborant-kopiert-dokumente.jpg\" class=\"attachment-full size-full\" alt=\"Laborant f\u00fchrt Toner-Tests durch bei INTEGRAL\" srcset=\"https:\/\/integral-toner.de\/wp-content\/uploads\/2023\/11\/laborant-kopiert-dokumente.jpg 1100w, https:\/\/integral-toner.de\/wp-content\/uploads\/2023\/11\/laborant-kopiert-dokumente-300x200.jpg 300w, https:\/\/integral-toner.de\/wp-content\/uploads\/2023\/11\/laborant-kopiert-dokumente-1024x682.jpg 1024w, https:\/\/integral-toner.de\/wp-content\/uploads\/2023\/11\/laborant-kopiert-dokumente-768x512.jpg 768w\" sizes=\"auto, (max-width: 1100px) 100vw, 1100px\" \/><\/li>\n                    <li><img loading=\"lazy\" decoding=\"async\" width=\"1100\" height=\"700\" src=\"https:\/\/integral-toner.de\/wp-content\/uploads\/2023\/11\/laborrant-kontrolliert-ergebnisse.jpg\" class=\"attachment-full size-full\" alt=\"Der Laborant \u00fcberpr\u00fcft die Ergebnisse der Druck- und Kopierertests f\u00fcr den INTEGRAL-Toner\" srcset=\"https:\/\/integral-toner.de\/wp-content\/uploads\/2023\/11\/laborrant-kontrolliert-ergebnisse.jpg 1100w, https:\/\/integral-toner.de\/wp-content\/uploads\/2023\/11\/laborrant-kontrolliert-ergebnisse-300x191.jpg 300w, https:\/\/integral-toner.de\/wp-content\/uploads\/2023\/11\/laborrant-kontrolliert-ergebnisse-1024x652.jpg 1024w, https:\/\/integral-toner.de\/wp-content\/uploads\/2023\/11\/laborrant-kontrolliert-ergebnisse-768x489.jpg 768w\" sizes=\"auto, (max-width: 1100px) 100vw, 1100px\" \/><\/li>\n            <\/ul>\n<\/div>\n\n\n      <a class=\"is-style-back-to\" href=\"https:\/\/integral-toner.de\/unternehmen\/#qualitatssicherung\" target=\"\">\n        <svg xmlns=\"http:\/\/www.w3.org\/2000\/svg\" width=\"26.964\" height=\"15.208\" viewBox=\"0 0 26.964 15.208\">\n  <g transform=\"translate(1 0.707)\">\n    <path d=\"M388.367,27l-6.9-6.9a1,1,0,0,1,0-1.414l6.9-6.9,1.414,1.414-6.19,6.19,6.19,6.19Z\" transform=\"translate(-382.177 -12.5)\" fill=\"#e3051b\"\/>\n    <path d=\"M25.964,1H0V-1H25.964Z\" transform=\"translate(0 6.897)\" fill=\"#e3051b\"\/>\n  <\/g>\n<\/svg>\n\n        Volta \u00e0 vis\u00e3o geral    <\/a>\n  \n<\/div>\n        <\/div>\n      <\/div>\n    <\/div>\n  <\/section>\n","protected":false},"excerpt":{"rendered":"","protected":false},"author":1,"featured_media":976,"parent":0,"menu_order":0,"comment_status":"closed","ping_status":"closed","template":"template-article.php","meta":{"_acf_changed":false,"_seopress_robots_primary_cat":"","_seopress_titles_title":"Qualidade no desenvolvimento do toner | INTEGRAL","_seopress_titles_desc":"Os novos produtos s\u00e3o sempre submetidos a testes exaustivos. Os testes de longa dura\u00e7\u00e3o s\u00e3o efectuados sob diversas condi\u00e7\u00f5es ambientais e de dispositivos diretamente na Integral.","_seopress_robots_index":"","footnotes":""},"class_list":["post-4009","page","type-page","status-publish","has-post-thumbnail","hentry"],"acf":[],"_links":{"self":[{"href":"https:\/\/integral-toner.de\/pt-pt\/wp-json\/wp\/v2\/pages\/4009","targetHints":{"allow":["GET"]}}],"collection":[{"href":"https:\/\/integral-toner.de\/pt-pt\/wp-json\/wp\/v2\/pages"}],"about":[{"href":"https:\/\/integral-toner.de\/pt-pt\/wp-json\/wp\/v2\/types\/page"}],"author":[{"embeddable":true,"href":"https:\/\/integral-toner.de\/pt-pt\/wp-json\/wp\/v2\/users\/1"}],"replies":[{"embeddable":true,"href":"https:\/\/integral-toner.de\/pt-pt\/wp-json\/wp\/v2\/comments?post=4009"}],"version-history":[{"count":9,"href":"https:\/\/integral-toner.de\/pt-pt\/wp-json\/wp\/v2\/pages\/4009\/revisions"}],"predecessor-version":[{"id":8955,"href":"https:\/\/integral-toner.de\/pt-pt\/wp-json\/wp\/v2\/pages\/4009\/revisions\/8955"}],"wp:featuredmedia":[{"embeddable":true,"href":"https:\/\/integral-toner.de\/pt-pt\/wp-json\/wp\/v2\/media\/976"}],"wp:attachment":[{"href":"https:\/\/integral-toner.de\/pt-pt\/wp-json\/wp\/v2\/media?parent=4009"}],"curies":[{"name":"wp","href":"https:\/\/api.w.org\/{rel}","templated":true}]}}