{"id":3996,"date":"2023-10-28T10:55:03","date_gmt":"2023-10-28T10:55:03","guid":{"rendered":"https:\/\/integral-toner.de\/integral-setzt-standards-bei-der-produktionsentwicklung\/"},"modified":"2025-06-25T14:57:26","modified_gmt":"2025-06-25T12:57:26","slug":"qualidade-e-desempenho-optimizados-atraves-de-investigacao-e-desenvolvimento","status":"publish","type":"page","link":"https:\/\/integral-toner.de\/pt-pt\/qualidade-e-desempenho-optimizados-atraves-de-investigacao-e-desenvolvimento\/","title":{"rendered":"A INTEGRAL estabelece padr\u00f5es no desenvolvimento da produ\u00e7\u00e3o"},"content":{"rendered":"  <section class=\"textsection block-69d7a9f438e96 type- \" >\n    <div class=\"container\">\n      <div class=\"row\">\n        <div class=\"col-12 col-lg-8 offset-lg-2 g-content\">\n          <div class=\"acf-innerblocks-container\">\n  <h1 class=\"g-h1-subtitle\">\n    <span>A empresa<\/span><br \/>\n    A INTEGRAL estabelece padr\u00f5es no desenvolvimento da produ\u00e7\u00e3o  <\/h1>\n\n\n\n<figure class=\"wp-block-image size-full\"><img loading=\"lazy\" decoding=\"async\" width=\"945\" height=\"548\" src=\"https:\/\/integral-toner.de\/wp-content\/uploads\/2023\/10\/integral-labor.jpg\" alt=\"\" class=\"wp-image-380\" srcset=\"https:\/\/integral-toner.de\/wp-content\/uploads\/2023\/10\/integral-labor.jpg 945w, https:\/\/integral-toner.de\/wp-content\/uploads\/2023\/10\/integral-labor-300x174.jpg 300w, https:\/\/integral-toner.de\/wp-content\/uploads\/2023\/10\/integral-labor-768x445.jpg 768w\" sizes=\"auto, (max-width: 945px) 100vw, 945px\" \/><\/figure>\n\n\n\n<p>Para este efeito, a INTEGRAL mant\u00e9m um moderno laborat\u00f3rio de desenvolvimento de toner, tamb\u00e9m conhecido como centro de desenvolvimento. O laborat\u00f3rio de desenvolvimento est\u00e1 equipado com modernos dispositivos de medi\u00e7\u00e3o para analisar as formula\u00e7\u00f5es de toner. <\/p>\n\n\n\n<p>As formula\u00e7\u00f5es dos produtos de toner s\u00e3o desenvolvidas no laborat\u00f3rio de desenvolvimento e garantia de qualidade. O desenvolvimento de formula\u00e7\u00f5es de toner inclui a an\u00e1lise das propriedades f\u00edsico-qu\u00edmicas necess\u00e1rias, utilizando equipamento de an\u00e1lise laboratorial especializado. Os ensaios em curso nas instala\u00e7\u00f5es piloto constituem o n\u00facleo do desenvolvimento do produto. Para otimizar as formula\u00e7\u00f5es de toner, s\u00e3o realizadas numerosas pequenas s\u00e9ries de toner na f\u00e1brica-piloto de desenvolvimento de toner at\u00e9 se obterem as propriedades ideais do toner para o produto a desenvolver. S\u00e3o efectuadas medi\u00e7\u00f5es anal\u00edticas, em particular na \u00e1rea de factores importantes como a distribui\u00e7\u00e3o do tamanho das part\u00edculas do toner, a reologia dos pol\u00edmeros, como parte da determina\u00e7\u00e3o do fator de dissipa\u00e7\u00e3o, a constante diel\u00e9ctrica e as propriedades triboel\u00e9ctricas do toner a ser desenvolvido.    <\/p>\n\n\n\n<p>As medi\u00e7\u00f5es da densidade \u00f3tica e da precis\u00e3o da cor s\u00e3o efectuadas como parte das medi\u00e7\u00f5es anal\u00edticas para garantir uma qualidade \u00f3ptima de impress\u00e3o e de imagem. Testes exaustivos de impress\u00e3o e c\u00f3pia registam a estabilidade a longo prazo das formula\u00e7\u00f5es de toner desenvolvidas. <\/p>\n\n\n\n<div class=\"gallery\"  data-images=\"https:\/\/integral-toner.de\/wp-content\/uploads\/2024\/01\/2021-20230718_094541-scaled.jpg||https:\/\/integral-toner.de\/wp-content\/uploads\/2023\/10\/gallery-1.jpg||https:\/\/integral-toner.de\/wp-content\/uploads\/2023\/10\/gallery-2.jpg||https:\/\/integral-toner.de\/wp-content\/uploads\/2023\/10\/gallery-3.jpg||https:\/\/integral-toner.de\/wp-content\/uploads\/2023\/10\/integral-zuverlaessigkeit.jpg\" >\n    <ul class=\"gallery__images\">\n                    <li><img loading=\"lazy\" decoding=\"async\" width=\"2560\" height=\"1981\" src=\"https:\/\/integral-toner.de\/wp-content\/uploads\/2024\/01\/2021-20230718_094541-scaled.jpg\" class=\"attachment-full size-full\" alt=\"\" srcset=\"https:\/\/integral-toner.de\/wp-content\/uploads\/2024\/01\/2021-20230718_094541-scaled.jpg 2560w, https:\/\/integral-toner.de\/wp-content\/uploads\/2024\/01\/2021-20230718_094541-300x232.jpg 300w, https:\/\/integral-toner.de\/wp-content\/uploads\/2024\/01\/2021-20230718_094541-1024x793.jpg 1024w, https:\/\/integral-toner.de\/wp-content\/uploads\/2024\/01\/2021-20230718_094541-768x594.jpg 768w, https:\/\/integral-toner.de\/wp-content\/uploads\/2024\/01\/2021-20230718_094541-1536x1189.jpg 1536w, https:\/\/integral-toner.de\/wp-content\/uploads\/2024\/01\/2021-20230718_094541-2048x1585.jpg 2048w\" sizes=\"auto, (max-width: 2560px) 100vw, 2560px\" \/><\/li>\n                    <li><img loading=\"lazy\" decoding=\"async\" width=\"905\" height=\"603\" src=\"https:\/\/integral-toner.de\/wp-content\/uploads\/2023\/10\/gallery-1.jpg\" class=\"attachment-full size-full\" alt=\"Laborant \u00fcberpr\u00fcfut Toner-Qualit\u00e4t bei INTEGRAL\" srcset=\"https:\/\/integral-toner.de\/wp-content\/uploads\/2023\/10\/gallery-1.jpg 905w, https:\/\/integral-toner.de\/wp-content\/uploads\/2023\/10\/gallery-1-300x200.jpg 300w, https:\/\/integral-toner.de\/wp-content\/uploads\/2023\/10\/gallery-1-768x512.jpg 768w\" sizes=\"auto, (max-width: 905px) 100vw, 905px\" \/><\/li>\n                    <li><img loading=\"lazy\" decoding=\"async\" width=\"905\" height=\"603\" src=\"https:\/\/integral-toner.de\/wp-content\/uploads\/2023\/10\/gallery-2.jpg\" class=\"attachment-full size-full\" alt=\"INTEGRAL\" srcset=\"https:\/\/integral-toner.de\/wp-content\/uploads\/2023\/10\/gallery-2.jpg 905w, https:\/\/integral-toner.de\/wp-content\/uploads\/2023\/10\/gallery-2-300x200.jpg 300w, https:\/\/integral-toner.de\/wp-content\/uploads\/2023\/10\/gallery-2-768x512.jpg 768w\" sizes=\"auto, (max-width: 905px) 100vw, 905px\" \/><\/li>\n                    <li><img loading=\"lazy\" decoding=\"async\" width=\"905\" height=\"603\" src=\"https:\/\/integral-toner.de\/wp-content\/uploads\/2023\/10\/gallery-3.jpg\" class=\"attachment-full size-full\" alt=\"Laborant bei Toner-Tests im Labor bei INTEGRAL\" srcset=\"https:\/\/integral-toner.de\/wp-content\/uploads\/2023\/10\/gallery-3.jpg 905w, https:\/\/integral-toner.de\/wp-content\/uploads\/2023\/10\/gallery-3-300x200.jpg 300w, https:\/\/integral-toner.de\/wp-content\/uploads\/2023\/10\/gallery-3-768x512.jpg 768w\" sizes=\"auto, (max-width: 905px) 100vw, 905px\" \/><\/li>\n                    <li><img loading=\"lazy\" decoding=\"async\" width=\"945\" height=\"548\" src=\"https:\/\/integral-toner.de\/wp-content\/uploads\/2023\/10\/integral-zuverlaessigkeit.jpg\" class=\"attachment-full size-full\" alt=\"Laborant im INTEGRAL-Labor\" srcset=\"https:\/\/integral-toner.de\/wp-content\/uploads\/2023\/10\/integral-zuverlaessigkeit.jpg 945w, https:\/\/integral-toner.de\/wp-content\/uploads\/2023\/10\/integral-zuverlaessigkeit-300x174.jpg 300w, https:\/\/integral-toner.de\/wp-content\/uploads\/2023\/10\/integral-zuverlaessigkeit-768x445.jpg 768w\" sizes=\"auto, (max-width: 945px) 100vw, 945px\" \/><\/li>\n            <\/ul>\n<\/div>\n\n\n      <a class=\"is-style-back-to\" href=\"https:\/\/integral-toner.de\/unternehmen\/#produktentwicklung\" target=\"\">\n        <svg xmlns=\"http:\/\/www.w3.org\/2000\/svg\" width=\"26.964\" height=\"15.208\" viewBox=\"0 0 26.964 15.208\">\n  <g transform=\"translate(1 0.707)\">\n    <path d=\"M388.367,27l-6.9-6.9a1,1,0,0,1,0-1.414l6.9-6.9,1.414,1.414-6.19,6.19,6.19,6.19Z\" transform=\"translate(-382.177 -12.5)\" fill=\"#e3051b\"\/>\n    <path d=\"M25.964,1H0V-1H25.964Z\" transform=\"translate(0 6.897)\" fill=\"#e3051b\"\/>\n  <\/g>\n<\/svg>\n\n        Volta \u00e0 vis\u00e3o geral    <\/a>\n  \n<\/div>\n        <\/div>\n      <\/div>\n    <\/div>\n  <\/section>\n","protected":false},"excerpt":{"rendered":"","protected":false},"author":1,"featured_media":960,"parent":0,"menu_order":0,"comment_status":"closed","ping_status":"closed","template":"template-article.php","meta":{"_acf_changed":false,"_seopress_robots_primary_cat":"","_seopress_titles_title":"Desenvolvimento da produ\u00e7\u00e3o | INTEGRAL Fabricante","_seopress_titles_desc":"As formula\u00e7\u00f5es de toner INTEGRAL s\u00e3o desenvolvidas e testadas para uma \u00f3ptima qualidade de impress\u00e3o e imagem no centro de desenvolvimento. Galeria de pesquisa de toner!","_seopress_robots_index":"","footnotes":""},"class_list":["post-3996","page","type-page","status-publish","has-post-thumbnail","hentry"],"acf":[],"_links":{"self":[{"href":"https:\/\/integral-toner.de\/pt-pt\/wp-json\/wp\/v2\/pages\/3996","targetHints":{"allow":["GET"]}}],"collection":[{"href":"https:\/\/integral-toner.de\/pt-pt\/wp-json\/wp\/v2\/pages"}],"about":[{"href":"https:\/\/integral-toner.de\/pt-pt\/wp-json\/wp\/v2\/types\/page"}],"author":[{"embeddable":true,"href":"https:\/\/integral-toner.de\/pt-pt\/wp-json\/wp\/v2\/users\/1"}],"replies":[{"embeddable":true,"href":"https:\/\/integral-toner.de\/pt-pt\/wp-json\/wp\/v2\/comments?post=3996"}],"version-history":[{"count":9,"href":"https:\/\/integral-toner.de\/pt-pt\/wp-json\/wp\/v2\/pages\/3996\/revisions"}],"predecessor-version":[{"id":8979,"href":"https:\/\/integral-toner.de\/pt-pt\/wp-json\/wp\/v2\/pages\/3996\/revisions\/8979"}],"wp:featuredmedia":[{"embeddable":true,"href":"https:\/\/integral-toner.de\/pt-pt\/wp-json\/wp\/v2\/media\/960"}],"wp:attachment":[{"href":"https:\/\/integral-toner.de\/pt-pt\/wp-json\/wp\/v2\/media?parent=3996"}],"curies":[{"name":"wp","href":"https:\/\/api.w.org\/{rel}","templated":true}]}}