{"id":3987,"date":"2023-10-28T11:02:19","date_gmt":"2023-10-28T09:02:19","guid":{"rendered":"https:\/\/integral-toner.de\/hervorragende-produkte-erfordern-herausragenden-service\/"},"modified":"2025-07-01T12:58:59","modified_gmt":"2025-07-01T10:58:59","slug":"produtos-excelentes-requerem-um-servico-excecional","status":"publish","type":"page","link":"https:\/\/integral-toner.de\/pt-pt\/produtos-excelentes-requerem-um-servico-excecional\/","title":{"rendered":"Produtos excelentes requerem um servi\u00e7o excelente"},"content":{"rendered":"  <section class=\"textsection block-69d78a0f08812 type- \" >\n    <div class=\"container\">\n      <div class=\"row\">\n        <div class=\"col-12 col-lg-8 offset-lg-2 g-content\">\n          <div class=\"acf-innerblocks-container\">\n  <h1 class=\"g-h1-subtitle\">\n    <span>A empresa<\/span><br \/>\n    Produtos excelentes requerem um servi\u00e7o excelente  <\/h1>\n\n\n\n<figure class=\"wp-block-image size-full\"><img loading=\"lazy\" decoding=\"async\" width=\"945\" height=\"548\" src=\"https:\/\/integral-toner.de\/wp-content\/uploads\/2023\/10\/integral-service.jpg\" alt=\"\" class=\"wp-image-414\" srcset=\"https:\/\/integral-toner.de\/wp-content\/uploads\/2023\/10\/integral-service.jpg 945w, https:\/\/integral-toner.de\/wp-content\/uploads\/2023\/10\/integral-service-300x174.jpg 300w, https:\/\/integral-toner.de\/wp-content\/uploads\/2023\/10\/integral-service-768x445.jpg 768w\" sizes=\"auto, (max-width: 945px) 100vw, 945px\" \/><\/figure>\n\n\n\n<p>\u00c9 por isso que um dos objectivos da empresa \u00e9 oferecer a cada cliente um servi\u00e7o personalizado.<\/p>\n\n\n\n<p>Os parceiros de neg\u00f3cio da INTEGRAL t\u00eam os seus pr\u00f3prios contactos individuais no departamento de Servi\u00e7o ao Cliente que conhecem as necessidades dos clientes e s\u00e3o capazes de se adaptar a elas.<\/p>\n\n\n\n<p>Os funcion\u00e1rios da equipa de assist\u00eancia t\u00e9cnica da INTEGRAL s\u00e3o cuidadosamente treinados para as suas tarefas, para que recebam respostas competentes a quest\u00f5es relacionadas com produtos, pre\u00e7os, disponibilidade ou t\u00f3picos relacionados com a log\u00edstica.<\/p>\n\n\n\n<p>O objetivo declarado \u00e9 que os clientes tenham a melhor experi\u00eancia de produto em cada encomenda.<\/p>\n\n\n      <a class=\"is-style-back-to\" href=\"https:\/\/integral-toner.de\/unternehmen\/#kundenservice\" target=\"\">\n        <svg xmlns=\"http:\/\/www.w3.org\/2000\/svg\" width=\"26.964\" height=\"15.208\" viewBox=\"0 0 26.964 15.208\">\n  <g transform=\"translate(1 0.707)\">\n    <path d=\"M388.367,27l-6.9-6.9a1,1,0,0,1,0-1.414l6.9-6.9,1.414,1.414-6.19,6.19,6.19,6.19Z\" transform=\"translate(-382.177 -12.5)\" fill=\"#e3051b\"\/>\n    <path d=\"M25.964,1H0V-1H25.964Z\" transform=\"translate(0 6.897)\" fill=\"#e3051b\"\/>\n  <\/g>\n<\/svg>\n\n        Volta \u00e0 vis\u00e3o geral    <\/a>\n  \n<\/div>\n        <\/div>\n      <\/div>\n    <\/div>\n  <\/section>\n","protected":false},"excerpt":{"rendered":"","protected":false},"author":1,"featured_media":984,"parent":0,"menu_order":0,"comment_status":"closed","ping_status":"closed","template":"template-article.php","meta":{"_acf_changed":false,"_seopress_robots_primary_cat":"","_seopress_titles_title":"Equipa de Assist\u00eancia T\u00e9cnica INTEGRAL | Fabricante de Toner INTEGRAL","_seopress_titles_desc":"Os clientes t\u00eam os seus pr\u00f3prios contactos individuais que podem responder \u00e0s suas perguntas sobre produtos, pre\u00e7os, disponibilidade ou quest\u00f5es relacionadas com a log\u00edstica.","_seopress_robots_index":"","footnotes":""},"class_list":["post-3987","page","type-page","status-publish","has-post-thumbnail","hentry"],"acf":[],"_links":{"self":[{"href":"https:\/\/integral-toner.de\/pt-pt\/wp-json\/wp\/v2\/pages\/3987","targetHints":{"allow":["GET"]}}],"collection":[{"href":"https:\/\/integral-toner.de\/pt-pt\/wp-json\/wp\/v2\/pages"}],"about":[{"href":"https:\/\/integral-toner.de\/pt-pt\/wp-json\/wp\/v2\/types\/page"}],"author":[{"embeddable":true,"href":"https:\/\/integral-toner.de\/pt-pt\/wp-json\/wp\/v2\/users\/1"}],"replies":[{"embeddable":true,"href":"https:\/\/integral-toner.de\/pt-pt\/wp-json\/wp\/v2\/comments?post=3987"}],"version-history":[{"count":9,"href":"https:\/\/integral-toner.de\/pt-pt\/wp-json\/wp\/v2\/pages\/3987\/revisions"}],"predecessor-version":[{"id":9324,"href":"https:\/\/integral-toner.de\/pt-pt\/wp-json\/wp\/v2\/pages\/3987\/revisions\/9324"}],"wp:featuredmedia":[{"embeddable":true,"href":"https:\/\/integral-toner.de\/pt-pt\/wp-json\/wp\/v2\/media\/984"}],"wp:attachment":[{"href":"https:\/\/integral-toner.de\/pt-pt\/wp-json\/wp\/v2\/media?parent=3987"}],"curies":[{"name":"wp","href":"https:\/\/api.w.org\/{rel}","templated":true}]}}