{"id":3880,"date":"2023-10-18T17:23:21","date_gmt":"2023-10-18T17:23:21","guid":{"rendered":"https:\/\/integral-toner.de\/?page_id=3880"},"modified":"2024-05-16T12:09:22","modified_gmt":"2024-05-16T12:09:22","slug":"impresion","status":"publish","type":"page","link":"https:\/\/integral-toner.de\/pt-pt\/impresion\/","title":{"rendered":"Impresi\u00f3n"},"content":{"rendered":"  <section class=\"textsection block-6a05a0614e3b7 type- \" >\n    <div class=\"container\">\n      <div class=\"row\">\n        <div class=\"col-12 col-lg-8 offset-lg-2 g-content\">\n          <div class=\"acf-innerblocks-container\">\n\n<h1 class=\"wp-block-heading has-h-2-font-size\">Impresi\u00f3n<\/h1>\n\n\n\n<p>Informa\u00e7\u00f5es de acordo com \u00a7 5 TMG<\/p>\n\n\n\n<p>INTEGRAL GmbH<br>Am Hasselsweg 1<br>47647 Kerken<br>Germany<\/p>\n\n\n\n<p>Registro comercial: HRB B 14738<br>Tribunal de registro: Tribunal Distrital de Kleve<\/p>\n\n\n\n<p><strong>Representado por:<\/strong><br>G\u00fcnther A.L. Hagemann, Jan H. Hagemann<\/p>\n\n\n\n<p><strong>CONTATO<\/strong><br>Telefone: <a href=\"tel:+4928336060\">+49 2833 606-0<\/a><br>Fax number: +49 2833 606160<br>E-Mail: <a href=\"mailto:info@integral-international.de\">info@integral-international.de<\/a><\/p>\n\n\n\n<p><strong>CPF<\/strong><br>N\u00famero de identifica\u00e7\u00e3o fiscal sobre vendas de acordo com a Se\u00e7\u00e3o 27 a da Lei de Imposto sobre Vendas:<br>DE312806419<\/p>\n\n\n\n<p><strong>N\u00famero de registro REEE<br><\/strong>DE56408571<\/p>\n\n\n\n<p><strong>Resolu\u00e7\u00e3o de lit\u00edgios na UE<br><\/strong><\/p>\n\n\n\n<p>A Comiss\u00e3o Europeia fornece uma plataforma para resolu\u00e7\u00e3o de lit\u00edgios (SO) online:<br><a href=\"https:\/\/ec.europa.eu\/consumers\/odr\/\">https:\/\/ec.europa.eu\/consumers\/odr\/<\/a>.<br>Voc\u00ea pode encontrar nosso endere\u00e7o de e-mail no aviso legal acima.<\/p>\n\n\n\n<p><strong>Resolu\u00e7\u00e3o de conflitos de consumo\/conselho de arbitragem universal<br><\/strong>Resolu\u00e7\u00e3o de conflitos de consumo\/conselho de arbitragem universal<\/p>\n\n\n<p>Bildnachweise:<br>&copy; INTEGRAL<br>&copy; Siphosethu Fanti\/peopleimages.com  \u2013 stock.adobe.com<br>&copy; magdal3na  \u2013 stock.adobe.com<br>&copy; baseplus\u00ae<br>&copy; Monster Ztudio  \u2013 shutterstock.com<br>&copy; Richard  \u2013 stock.adobe.com<br>&copy; SFIO CRACHO  \u2013 shutterstock.com<br>&copy; Muhammad Asad Qureshi  \u2013 shutterstock.com<br>&copy; vgstudio  \u2013 shutterstock.com<br>&copy; Yuri A\/peopleimages.com  \u2013 stock.adobe.com<br>&copy; Andrey Burmakin  \u2013 stock.adobe.com<br>&copy; Visions-AD  \u2013 stock.adobe.com<br>&copy; Dean Drobot &#8211; shutterstock.com<br>&copy; Olivier Le Moal &#8211; shutterstock.com<br>&copy; Gunnar Pippel \u2013 shutterstock.com<br>&copy; niroworld \u2013 shutterstock.com<br>&copy; Fahkamram &#8211; shutterstock.com<br>&copy; magdal3na, baseplus\u00ae<br>&copy; Lukas Gojda  \u2013 stock.adobe.com<br>&copy; magdal3na \u2013 stock.adobe.com<br>&copy;  INTEGRAL<br>&copy; Siphosethu Fanti\/peopleimages.com \u2013 stock.adobe.com<br>&copy; Monster Ztudio \u2013 shutterstock.com<br>&copy; Richard \u2013 stock.adobe.com<br>&copy; SFIO CRACHO \u2013 shutterstock.com<br>&copy; Muhammad Asad Qureshi \u2013 shutterstock.com<br>&copy; vgstudio \u2013 shutterstock.com<br>&copy; Yuri A\/peopleimages.com \u2013 stock.adobe.com<br>&copy; Andrey Burmakin \u2013 stock.adobe.com<br>&copy; Visions-AD \u2013 stock.adobe.com<br>&copy; Dean Drobot \u2013 shutterstock.com<br>&copy; Olivier Le Moal \u2013 shutterstock.com<br>&copy; Fahkamram \u2013 shutterstock.com<br>&copy; Lukas Gojda \u2013 stock.adobe.com<br><\/p>\n<\/div>\n        <\/div>\n      <\/div>\n    <\/div>\n  <\/section>\n","protected":false},"excerpt":{"rendered":"","protected":false},"author":15,"featured_media":0,"parent":0,"menu_order":0,"comment_status":"closed","ping_status":"closed","template":"template-article.php","meta":{"_acf_changed":false,"_seopress_robots_primary_cat":"","_seopress_titles_title":"","_seopress_titles_desc":"","_seopress_robots_index":"","_seopress_analysis_target_kw":"","footnotes":""},"class_list":["post-3880","page","type-page","status-publish","hentry"],"acf":[],"_links":{"self":[{"href":"https:\/\/integral-toner.de\/pt-pt\/wp-json\/wp\/v2\/pages\/3880","targetHints":{"allow":["GET"]}}],"collection":[{"href":"https:\/\/integral-toner.de\/pt-pt\/wp-json\/wp\/v2\/pages"}],"about":[{"href":"https:\/\/integral-toner.de\/pt-pt\/wp-json\/wp\/v2\/types\/page"}],"author":[{"embeddable":true,"href":"https:\/\/integral-toner.de\/pt-pt\/wp-json\/wp\/v2\/users\/15"}],"replies":[{"embeddable":true,"href":"https:\/\/integral-toner.de\/pt-pt\/wp-json\/wp\/v2\/comments?post=3880"}],"version-history":[{"count":2,"href":"https:\/\/integral-toner.de\/pt-pt\/wp-json\/wp\/v2\/pages\/3880\/revisions"}],"predecessor-version":[{"id":3908,"href":"https:\/\/integral-toner.de\/pt-pt\/wp-json\/wp\/v2\/pages\/3880\/revisions\/3908"}],"wp:attachment":[{"href":"https:\/\/integral-toner.de\/pt-pt\/wp-json\/wp\/v2\/media?parent=3880"}],"curies":[{"name":"wp","href":"https:\/\/api.w.org\/{rel}","templated":true}]}}