{"id":3598,"date":"2023-10-18T19:13:08","date_gmt":"2023-10-18T17:13:08","guid":{"rendered":"https:\/\/integral-toner.de\/?page_id=3598"},"modified":"2025-06-25T12:20:14","modified_gmt":"2025-06-25T10:20:14","slug":"noticias","status":"publish","type":"page","link":"https:\/\/integral-toner.de\/pt-pt\/noticias\/","title":{"rendered":"Not\u00edcias sobre o toner"},"content":{"rendered":"  <section class=\"hero-image block-69e16a2df002e\" >\n          <div class=\"hero-image__image d-none d-sm-block\">\n        <img loading=\"lazy\" decoding=\"async\" width=\"1920\" height=\"880\" src=\"https:\/\/integral-toner.de\/wp-content\/uploads\/2023\/10\/neuigkeiten-bei-integral.jpg\" class=\"object-position-y-50\" alt=\"INTEGRAL Toner\" srcset=\"https:\/\/integral-toner.de\/wp-content\/uploads\/2023\/10\/neuigkeiten-bei-integral.jpg 1920w, https:\/\/integral-toner.de\/wp-content\/uploads\/2023\/10\/neuigkeiten-bei-integral-300x138.jpg 300w, https:\/\/integral-toner.de\/wp-content\/uploads\/2023\/10\/neuigkeiten-bei-integral-1024x469.jpg 1024w, https:\/\/integral-toner.de\/wp-content\/uploads\/2023\/10\/neuigkeiten-bei-integral-768x352.jpg 768w, https:\/\/integral-toner.de\/wp-content\/uploads\/2023\/10\/neuigkeiten-bei-integral-1536x704.jpg 1536w\" sizes=\"auto, (max-width: 1920px) 100vw, 1920px\" \/>\n      <\/div>\n    \n          <div class=\"hero-image__image d-block d-sm-none\">\n        <img loading=\"lazy\" decoding=\"async\" width=\"989\" height=\"880\" src=\"https:\/\/integral-toner.de\/wp-content\/uploads\/2024\/03\/neuigkeiten-bei-integral_mobil.jpg\" class=\"attachment-full size-full\" alt=\"\" srcset=\"https:\/\/integral-toner.de\/wp-content\/uploads\/2024\/03\/neuigkeiten-bei-integral_mobil.jpg 989w, https:\/\/integral-toner.de\/wp-content\/uploads\/2024\/03\/neuigkeiten-bei-integral_mobil-300x267.jpg 300w, https:\/\/integral-toner.de\/wp-content\/uploads\/2024\/03\/neuigkeiten-bei-integral_mobil-768x683.jpg 768w\" sizes=\"auto, (max-width: 989px) 100vw, 989px\" \/>\n      <\/div>\n        <div class=\"container\">\n      <div class=\"row\">\n        <div class=\"col-12 col-lg-7\">\n          <div class=\"hero-image__content\">\n                          <h1 class=\"g-h2-subtitle\">\n                <span>\u00daltimas not\u00edcias  <\/span><br \/>\n                Not\u00edcias sobre o toner na INTEGRAL\n              <\/h1>\n            \n                          <p class=\"g-description\">\n                Recebe sempre as \u00faltimas not\u00edcias sobre a nossa empresa, os nossos produtos e informa\u00e7\u00f5es importantes sobre a ind\u00fastria do toner.\n              <\/p>\n            \n                          <a href=\"https:\/\/integral-toner.de\/kontakt\/\" class=\"g-btn\" title=\"Contacta-nos agora\" >\n                Contacta-nos agora\n              <\/a>\n                      <\/div>\n        <\/div>\n      <\/div>\n    <\/div>\n  <\/section>\n  <section class=\"posts block-69e16a2e0d7d6\"  id=\"beitraege\">\n    <div class=\"container\">\n      <div class=\"row\">\n        <div class=\"col-12\">\n          <div class=\"filters\">\n            <div class=\"filters__categories-wrapper\">\n              <ul class=\"filters__categories posts__categories\">\n                <li><button type=\"button\" catid=\"-1\" class=\"is-active\">Alle<\/button><\/li>\n                                  <li><button type=\"button\" catid=\"80\">Comunicados de imprensa<\/button><\/li>\n                                  <li><button type=\"button\" catid=\"93\">Consultor<\/button><\/li>\n                                  <li><button type=\"button\" catid=\"64\">Eventos<\/button><\/li>\n                                  <li><button type=\"button\" catid=\"86\">Not\u00edcias sobre produtos<\/button><\/li>\n                                  <li><button type=\"button\" catid=\"15\">Sem categoria<\/button><\/li>\n                              <\/ul>\n            <\/div>\n          <\/div>\n        <\/div>\n      <\/div>\n      <div class=\"row posts__append\">\n                  <div class=\"col-12 col-md-6 col-lg-4\"><div class=\"blogpost\">\n  <a href=\"https:\/\/integral-toner.de\/pt-pt\/a-integral-apresenta-perspectivas-de-qualidade-e-de-longo-prazo-para-a-india\/\" class=\"blogpost__link\"><\/a>\n  <div class=\"blogpost__image\">\n      <img loading=\"lazy\" decoding=\"async\" width=\"768\" height=\"430\" src=\"https:\/\/integral-toner.de\/wp-content\/uploads\/2025\/12\/Screenshot-2025-11-10-090026-768x430.png\" class=\"attachment-medium_large size-medium_large wp-post-image\" alt=\"Mr. Hagemann at Imaging Solution Global Summit Awards 2025 in Zhuhai\" srcset=\"https:\/\/integral-toner.de\/wp-content\/uploads\/2025\/12\/Screenshot-2025-11-10-090026-768x430.png 768w, https:\/\/integral-toner.de\/wp-content\/uploads\/2025\/12\/Screenshot-2025-11-10-090026-300x168.png 300w, https:\/\/integral-toner.de\/wp-content\/uploads\/2025\/12\/Screenshot-2025-11-10-090026-1024x574.png 1024w, https:\/\/integral-toner.de\/wp-content\/uploads\/2025\/12\/Screenshot-2025-11-10-090026.png 1167w\" sizes=\"auto, (max-width: 768px) 100vw, 768px\" \/>  <\/div>\n  <div class=\"blogpost__content\">\n    <div class=\"blogpost__category\"><ul class=\"post-categories\">\n\t<li><a href=\"https:\/\/integral-toner.de\/pt-pt\/category\/eventos\/\" rel=\"category tag\">Eventos<\/a><\/li><\/ul><\/div>\n    <h3 class=\"blogpost__title\">A INTEGRAL apresenta perspectivas de qualidade e de longo prazo para a \u00cdndia<\/h3>\n    <div class=\"blogpost__arrow\"><\/div>\n  <\/div>\n<\/div><\/div>\n                  <div class=\"col-12 col-md-6 col-lg-4\"><div class=\"blogpost\">\n  <a href=\"https:\/\/integral-toner.de\/pt-pt\/como-fazer-a-escolha-certa-ao-selecionar-um-fornecedor-de-toner\/\" class=\"blogpost__link\"><\/a>\n  <div class=\"blogpost__image\">\n      <img loading=\"lazy\" decoding=\"async\" width=\"768\" height=\"768\" src=\"https:\/\/integral-toner.de\/wp-content\/uploads\/2025\/09\/shutterstock_85234072-right-choice-768x768.jpg\" class=\"attachment-medium_large size-medium_large wp-post-image\" alt=\"Bowling Kugeln mit Pfeil in der roten Bowling Kugel\" srcset=\"https:\/\/integral-toner.de\/wp-content\/uploads\/2025\/09\/shutterstock_85234072-right-choice-768x768.jpg 768w, https:\/\/integral-toner.de\/wp-content\/uploads\/2025\/09\/shutterstock_85234072-right-choice-300x300.jpg 300w, https:\/\/integral-toner.de\/wp-content\/uploads\/2025\/09\/shutterstock_85234072-right-choice-1024x1024.jpg 1024w, https:\/\/integral-toner.de\/wp-content\/uploads\/2025\/09\/shutterstock_85234072-right-choice-150x150.jpg 150w, https:\/\/integral-toner.de\/wp-content\/uploads\/2025\/09\/shutterstock_85234072-right-choice-1536x1536.jpg 1536w, https:\/\/integral-toner.de\/wp-content\/uploads\/2025\/09\/shutterstock_85234072-right-choice-2048x2048.jpg 2048w\" sizes=\"auto, (max-width: 768px) 100vw, 768px\" \/>  <\/div>\n  <div class=\"blogpost__content\">\n    <div class=\"blogpost__category\"><ul class=\"post-categories\">\n\t<li><a href=\"https:\/\/integral-toner.de\/pt-pt\/category\/consultor\/\" rel=\"category tag\">Consultor<\/a><\/li><\/ul><\/div>\n    <h3 class=\"blogpost__title\">Como fazer a escolha certa ao selecionar um fornecedor de toner<\/h3>\n    <div class=\"blogpost__arrow\"><\/div>\n  <\/div>\n<\/div><\/div>\n                  <div class=\"col-12 col-md-6 col-lg-4\"><div class=\"blogpost\">\n  <a href=\"https:\/\/integral-toner.de\/pt-pt\/parcerias-solidas-e-perspectivas-claras-retrospectiva-do-seminario-variant-2025\/\" class=\"blogpost__link\"><\/a>\n  <div class=\"blogpost__image\">\n      <img loading=\"lazy\" decoding=\"async\" width=\"768\" height=\"576\" src=\"https:\/\/integral-toner.de\/wp-content\/uploads\/2025\/07\/Variant_Team-768x576.jpg\" class=\"attachment-medium_large size-medium_large wp-post-image\" alt=\"Variant Team Seminar Moskau\" srcset=\"https:\/\/integral-toner.de\/wp-content\/uploads\/2025\/07\/Variant_Team-768x576.jpg 768w, https:\/\/integral-toner.de\/wp-content\/uploads\/2025\/07\/Variant_Team-300x225.jpg 300w, https:\/\/integral-toner.de\/wp-content\/uploads\/2025\/07\/Variant_Team-1024x768.jpg 1024w, https:\/\/integral-toner.de\/wp-content\/uploads\/2025\/07\/Variant_Team-24x18.jpg 24w, https:\/\/integral-toner.de\/wp-content\/uploads\/2025\/07\/Variant_Team-36x27.jpg 36w, https:\/\/integral-toner.de\/wp-content\/uploads\/2025\/07\/Variant_Team-48x36.jpg 48w, https:\/\/integral-toner.de\/wp-content\/uploads\/2025\/07\/Variant_Team.jpg 1280w\" sizes=\"auto, (max-width: 768px) 100vw, 768px\" \/>  <\/div>\n  <div class=\"blogpost__content\">\n    <div class=\"blogpost__category\"><ul class=\"post-categories\">\n\t<li><a href=\"https:\/\/integral-toner.de\/pt-pt\/category\/eventos\/\" rel=\"category tag\">Eventos<\/a><\/li><\/ul><\/div>\n    <h3 class=\"blogpost__title\">Parcerias s\u00f3lidas e perspectivas claras: retrospectiva do Semin\u00e1rio Variant 2025<\/h3>\n    <div class=\"blogpost__arrow\"><\/div>\n  <\/div>\n<\/div><\/div>\n                  <div class=\"col-12 col-md-6 col-lg-4\"><div class=\"blogpost\">\n  <a href=\"https:\/\/integral-toner.de\/pt-pt\/conferencia-dalz-2025-um-forte-sinal-para-o-lancamento-da-integral-no-mercado-russo\/\" class=\"blogpost__link\"><\/a>\n  <div class=\"blogpost__image\">\n      <img loading=\"lazy\" decoding=\"async\" width=\"768\" height=\"922\" src=\"https:\/\/integral-toner.de\/wp-content\/uploads\/2025\/07\/IMG_8060-768x922.jpg\" class=\"attachment-medium_large size-medium_large wp-post-image\" alt=\"Roter Platz Statue und Kirche\" srcset=\"https:\/\/integral-toner.de\/wp-content\/uploads\/2025\/07\/IMG_8060-768x922.jpg 768w, https:\/\/integral-toner.de\/wp-content\/uploads\/2025\/07\/IMG_8060-250x300.jpg 250w, https:\/\/integral-toner.de\/wp-content\/uploads\/2025\/07\/IMG_8060-853x1024.jpg 853w, https:\/\/integral-toner.de\/wp-content\/uploads\/2025\/07\/IMG_8060-1280x1536.jpg 1280w, https:\/\/integral-toner.de\/wp-content\/uploads\/2025\/07\/IMG_8060-1707x2048.jpg 1707w, https:\/\/integral-toner.de\/wp-content\/uploads\/2025\/07\/IMG_8060-20x24.jpg 20w, https:\/\/integral-toner.de\/wp-content\/uploads\/2025\/07\/IMG_8060-30x36.jpg 30w, https:\/\/integral-toner.de\/wp-content\/uploads\/2025\/07\/IMG_8060-40x48.jpg 40w\" sizes=\"auto, (max-width: 768px) 100vw, 768px\" \/>  <\/div>\n  <div class=\"blogpost__content\">\n    <div class=\"blogpost__category\"><ul class=\"post-categories\">\n\t<li><a href=\"https:\/\/integral-toner.de\/pt-pt\/category\/eventos\/\" rel=\"category tag\">Eventos<\/a><\/li><\/ul><\/div>\n    <h3 class=\"blogpost__title\">Confer\u00eancia DaLZ 2025: um forte sinal para o lan\u00e7amento da INTEGRAL no mercado russo<\/h3>\n    <div class=\"blogpost__arrow\"><\/div>\n  <\/div>\n<\/div><\/div>\n                  <div class=\"col-12 col-md-6 col-lg-4\"><div class=\"blogpost\">\n  <a href=\"https:\/\/integral-toner.de\/pt-pt\/como-a-integral-testa-seus-toners-qualidade-com-responsabilidade\/\" class=\"blogpost__link\"><\/a>\n  <div class=\"blogpost__image\">\n      <img loading=\"lazy\" decoding=\"async\" width=\"507\" height=\"363\" src=\"https:\/\/integral-toner.de\/wp-content\/uploads\/2025\/07\/image-3.png\" class=\"attachment-medium_large size-medium_large wp-post-image\" alt=\"Integral Toner Labor Testergebnisse\" srcset=\"https:\/\/integral-toner.de\/wp-content\/uploads\/2025\/07\/image-3.png 507w, https:\/\/integral-toner.de\/wp-content\/uploads\/2025\/07\/image-3-300x215.png 300w, https:\/\/integral-toner.de\/wp-content\/uploads\/2025\/07\/image-3-24x17.png 24w, https:\/\/integral-toner.de\/wp-content\/uploads\/2025\/07\/image-3-36x26.png 36w, https:\/\/integral-toner.de\/wp-content\/uploads\/2025\/07\/image-3-48x34.png 48w\" sizes=\"auto, (max-width: 507px) 100vw, 507px\" \/>  <\/div>\n  <div class=\"blogpost__content\">\n    <div class=\"blogpost__category\"><ul class=\"post-categories\">\n\t<li><a href=\"https:\/\/integral-toner.de\/pt-pt\/category\/noticias-sobre-produtos\/\" rel=\"category tag\">Not\u00edcias sobre produtos<\/a><\/li><\/ul><\/div>\n    <h3 class=\"blogpost__title\">Como a INTEGRAL testa seus toners \u2013 Qualidade com responsabilidade<\/h3>\n    <div class=\"blogpost__arrow\"><\/div>\n  <\/div>\n<\/div><\/div>\n                  <div class=\"col-12 col-md-6 col-lg-4\"><div class=\"blogpost\">\n  <a href=\"https:\/\/integral-toner.de\/pt-pt\/techno-print-2025-integral-toner-representado-com-sucesso-juntamente-com-a-copystar\/\" class=\"blogpost__link\"><\/a>\n  <div class=\"blogpost__image\">\n      <img loading=\"lazy\" decoding=\"async\" width=\"768\" height=\"576\" src=\"https:\/\/integral-toner.de\/wp-content\/uploads\/2025\/07\/d6a091ce-7d1c-417b-b320-327052d7a9fd-768x576.jpg\" class=\"attachment-medium_large size-medium_large wp-post-image\" alt=\"Copy Star  \/ Integral at the Technoprint Event\" srcset=\"https:\/\/integral-toner.de\/wp-content\/uploads\/2025\/07\/d6a091ce-7d1c-417b-b320-327052d7a9fd-768x576.jpg 768w, https:\/\/integral-toner.de\/wp-content\/uploads\/2025\/07\/d6a091ce-7d1c-417b-b320-327052d7a9fd-300x225.jpg 300w, https:\/\/integral-toner.de\/wp-content\/uploads\/2025\/07\/d6a091ce-7d1c-417b-b320-327052d7a9fd-1024x768.jpg 1024w, https:\/\/integral-toner.de\/wp-content\/uploads\/2025\/07\/d6a091ce-7d1c-417b-b320-327052d7a9fd-24x18.jpg 24w, https:\/\/integral-toner.de\/wp-content\/uploads\/2025\/07\/d6a091ce-7d1c-417b-b320-327052d7a9fd-36x27.jpg 36w, https:\/\/integral-toner.de\/wp-content\/uploads\/2025\/07\/d6a091ce-7d1c-417b-b320-327052d7a9fd-48x36.jpg 48w, https:\/\/integral-toner.de\/wp-content\/uploads\/2025\/07\/d6a091ce-7d1c-417b-b320-327052d7a9fd.jpg 1280w\" sizes=\"auto, (max-width: 768px) 100vw, 768px\" \/>  <\/div>\n  <div class=\"blogpost__content\">\n    <div class=\"blogpost__category\"><ul class=\"post-categories\">\n\t<li><a href=\"https:\/\/integral-toner.de\/pt-pt\/category\/eventos\/\" rel=\"category tag\">Eventos<\/a><\/li><\/ul><\/div>\n    <h3 class=\"blogpost__title\">Techno Print 2025: INTEGRAL Toner representado com sucesso juntamente com a Copystar<\/h3>\n    <div class=\"blogpost__arrow\"><\/div>\n  <\/div>\n<\/div><\/div>\n                  <div class=\"col-12 col-md-6 col-lg-4\"><div class=\"blogpost\">\n  <a href=\"https:\/\/integral-toner.de\/pt-pt\/toner-ou-tinta-qual-e-a-melhor-opcao-para-a-sua-empresa\/\" class=\"blogpost__link\"><\/a>\n  <div class=\"blogpost__image\">\n      <img loading=\"lazy\" decoding=\"async\" width=\"768\" height=\"432\" src=\"https:\/\/integral-toner.de\/wp-content\/uploads\/2025\/03\/Integral_Tinte-vs-Toner-768x432.jpg\" class=\"attachment-medium_large size-medium_large wp-post-image\" alt=\"Integral_Tinte-vs-Toner\" srcset=\"https:\/\/integral-toner.de\/wp-content\/uploads\/2025\/03\/Integral_Tinte-vs-Toner-768x432.jpg 768w, https:\/\/integral-toner.de\/wp-content\/uploads\/2025\/03\/Integral_Tinte-vs-Toner-300x169.jpg 300w, https:\/\/integral-toner.de\/wp-content\/uploads\/2025\/03\/Integral_Tinte-vs-Toner-1024x576.jpg 1024w, https:\/\/integral-toner.de\/wp-content\/uploads\/2025\/03\/Integral_Tinte-vs-Toner-24x14.jpg 24w, https:\/\/integral-toner.de\/wp-content\/uploads\/2025\/03\/Integral_Tinte-vs-Toner-36x20.jpg 36w, https:\/\/integral-toner.de\/wp-content\/uploads\/2025\/03\/Integral_Tinte-vs-Toner-48x27.jpg 48w, https:\/\/integral-toner.de\/wp-content\/uploads\/2025\/03\/Integral_Tinte-vs-Toner.jpg 1280w\" sizes=\"auto, (max-width: 768px) 100vw, 768px\" \/>  <\/div>\n  <div class=\"blogpost__content\">\n    <div class=\"blogpost__category\"><ul class=\"post-categories\">\n\t<li><a href=\"https:\/\/integral-toner.de\/pt-pt\/category\/consultor\/\" rel=\"category tag\">Consultor<\/a><\/li><\/ul><\/div>\n    <h3 class=\"blogpost__title\">Toner ou tinta: qual \u00e9 a melhor op\u00e7\u00e3o para a sua empresa?<\/h3>\n    <div class=\"blogpost__arrow\"><\/div>\n  <\/div>\n<\/div><\/div>\n                  <div class=\"col-12 col-md-6 col-lg-4\"><div class=\"blogpost\">\n  <a href=\"https:\/\/integral-toner.de\/pt-pt\/kyocera-ecosys-pa4500cx-a-potente-e-ecologica-impressora-multifuncional-para-o-seu-escritorio\/\" class=\"blogpost__link\"><\/a>\n  <div class=\"blogpost__image\">\n      <img loading=\"lazy\" decoding=\"async\" width=\"768\" height=\"435\" src=\"https:\/\/integral-toner.de\/wp-content\/uploads\/2025\/03\/TK-5390-768x435.jpg\" class=\"attachment-medium_large size-medium_large wp-post-image\" alt=\"\" srcset=\"https:\/\/integral-toner.de\/wp-content\/uploads\/2025\/03\/TK-5390-768x435.jpg 768w, https:\/\/integral-toner.de\/wp-content\/uploads\/2025\/03\/TK-5390-300x170.jpg 300w, https:\/\/integral-toner.de\/wp-content\/uploads\/2025\/03\/TK-5390-1024x581.jpg 1024w, https:\/\/integral-toner.de\/wp-content\/uploads\/2025\/03\/TK-5390-1536x871.jpg 1536w, https:\/\/integral-toner.de\/wp-content\/uploads\/2025\/03\/TK-5390-24x14.jpg 24w, https:\/\/integral-toner.de\/wp-content\/uploads\/2025\/03\/TK-5390-36x20.jpg 36w, https:\/\/integral-toner.de\/wp-content\/uploads\/2025\/03\/TK-5390-48x27.jpg 48w, https:\/\/integral-toner.de\/wp-content\/uploads\/2025\/03\/TK-5390.jpg 1771w\" sizes=\"auto, (max-width: 768px) 100vw, 768px\" \/>  <\/div>\n  <div class=\"blogpost__content\">\n    <div class=\"blogpost__category\"><ul class=\"post-categories\">\n\t<li><a href=\"https:\/\/integral-toner.de\/pt-pt\/category\/noticias-sobre-produtos\/\" rel=\"category tag\">Not\u00edcias sobre produtos<\/a><\/li><\/ul><\/div>\n    <h3 class=\"blogpost__title\">Kyocera Ecosys PA4500cx: A potente e ecol\u00f3gica impressora multifuncional para o seu escrit\u00f3rio<\/h3>\n    <div class=\"blogpost__arrow\"><\/div>\n  <\/div>\n<\/div><\/div>\n                  <div class=\"col-12 col-md-6 col-lg-4\"><div class=\"blogpost\">\n  <a href=\"https:\/\/integral-toner.de\/pt-pt\/impressoras-multifuncoes-olivetti-d-copia-eficiencia-e-versatilidade-para-o-seu-escritorio\/\" class=\"blogpost__link\"><\/a>\n  <div class=\"blogpost__image\">\n      <img loading=\"lazy\" decoding=\"async\" width=\"768\" height=\"435\" src=\"https:\/\/integral-toner.de\/wp-content\/uploads\/2025\/02\/B1432-B1436-0125-768x435.jpg\" class=\"attachment-medium_large size-medium_large wp-post-image\" alt=\"\" srcset=\"https:\/\/integral-toner.de\/wp-content\/uploads\/2025\/02\/B1432-B1436-0125-768x435.jpg 768w, https:\/\/integral-toner.de\/wp-content\/uploads\/2025\/02\/B1432-B1436-0125-300x170.jpg 300w, https:\/\/integral-toner.de\/wp-content\/uploads\/2025\/02\/B1432-B1436-0125-1024x581.jpg 1024w, https:\/\/integral-toner.de\/wp-content\/uploads\/2025\/02\/B1432-B1436-0125-1536x871.jpg 1536w, https:\/\/integral-toner.de\/wp-content\/uploads\/2025\/02\/B1432-B1436-0125.jpg 1771w\" sizes=\"auto, (max-width: 768px) 100vw, 768px\" \/>  <\/div>\n  <div class=\"blogpost__content\">\n    <div class=\"blogpost__category\"><ul class=\"post-categories\">\n\t<li><a href=\"https:\/\/integral-toner.de\/pt-pt\/category\/noticias-sobre-produtos\/\" rel=\"category tag\">Not\u00edcias sobre produtos<\/a><\/li><\/ul><\/div>\n    <h3 class=\"blogpost__title\">Impressoras multifun\u00e7\u00f5es Olivetti d-Copia: efici\u00eancia e versatilidade para o seu escrit\u00f3rio<\/h3>\n    <div class=\"blogpost__arrow\"><\/div>\n  <\/div>\n<\/div><\/div>\n              <\/div>\n      \n      <div class=\"row\">\n        <div class=\"col-12 text-center\">\n          <button class=\"g-btn g-btn--mehrlesen load-more \" type=\"button\" id=\"loadmore_posts\" catid=\"\" per-page=\"9\" data-page=\"2\">\n            Outros artigos carregados\n          <\/button>\n        <\/div>\n      <\/div>\n\n    <\/div>\n  <\/section>\n","protected":false},"excerpt":{"rendered":"","protected":false},"author":1,"featured_media":908,"parent":0,"menu_order":0,"comment_status":"closed","ping_status":"closed","template":"","meta":{"_acf_changed":false,"_seopress_robots_primary_cat":"","_seopress_titles_title":"Not\u00edcias do fabricante de toners INTEGRAL","_seopress_titles_desc":"Recebe sempre as \u00faltimas not\u00edcias sobre a nossa empresa, os nossos produtos e informa\u00e7\u00f5es importantes sobre a ind\u00fastria do toner.","_seopress_robots_index":"","footnotes":""},"class_list":["post-3598","page","type-page","status-publish","has-post-thumbnail","hentry"],"acf":[],"_links":{"self":[{"href":"https:\/\/integral-toner.de\/pt-pt\/wp-json\/wp\/v2\/pages\/3598","targetHints":{"allow":["GET"]}}],"collection":[{"href":"https:\/\/integral-toner.de\/pt-pt\/wp-json\/wp\/v2\/pages"}],"about":[{"href":"https:\/\/integral-toner.de\/pt-pt\/wp-json\/wp\/v2\/types\/page"}],"author":[{"embeddable":true,"href":"https:\/\/integral-toner.de\/pt-pt\/wp-json\/wp\/v2\/users\/1"}],"replies":[{"embeddable":true,"href":"https:\/\/integral-toner.de\/pt-pt\/wp-json\/wp\/v2\/comments?post=3598"}],"version-history":[{"count":8,"href":"https:\/\/integral-toner.de\/pt-pt\/wp-json\/wp\/v2\/pages\/3598\/revisions"}],"predecessor-version":[{"id":8876,"href":"https:\/\/integral-toner.de\/pt-pt\/wp-json\/wp\/v2\/pages\/3598\/revisions\/8876"}],"wp:featuredmedia":[{"embeddable":true,"href":"https:\/\/integral-toner.de\/pt-pt\/wp-json\/wp\/v2\/media\/908"}],"wp:attachment":[{"href":"https:\/\/integral-toner.de\/pt-pt\/wp-json\/wp\/v2\/media?parent=3598"}],"curies":[{"name":"wp","href":"https:\/\/api.w.org\/{rel}","templated":true}]}}