{"id":3527,"date":"2023-10-18T19:13:19","date_gmt":"2023-10-18T19:13:19","guid":{"rendered":"https:\/\/integral-toner.de\/?page_id=3527"},"modified":"2025-06-25T12:19:41","modified_gmt":"2025-06-25T10:19:41","slug":"meio-ambiente-e-sustentabilidade","status":"publish","type":"page","link":"https:\/\/integral-toner.de\/pt-pt\/empresa\/meio-ambiente-e-sustentabilidade\/","title":{"rendered":"Ambiente e sustentabilidade"},"content":{"rendered":"  <section class=\"hero-image block-69d297780a215\" >\n          <div class=\"hero-image__image \">\n        <img loading=\"lazy\" decoding=\"async\" width=\"1920\" height=\"880\" src=\"https:\/\/integral-toner.de\/wp-content\/uploads\/2023\/10\/integral-umweltschutz-und-nachhaltige-produktionen.jpg\" class=\"object-position-y-50\" alt=\"Umweltschutz und Nachhaltigkeit\" srcset=\"https:\/\/integral-toner.de\/wp-content\/uploads\/2023\/10\/integral-umweltschutz-und-nachhaltige-produktionen.jpg 1920w, https:\/\/integral-toner.de\/wp-content\/uploads\/2023\/10\/integral-umweltschutz-und-nachhaltige-produktionen-300x138.jpg 300w, https:\/\/integral-toner.de\/wp-content\/uploads\/2023\/10\/integral-umweltschutz-und-nachhaltige-produktionen-1024x469.jpg 1024w, https:\/\/integral-toner.de\/wp-content\/uploads\/2023\/10\/integral-umweltschutz-und-nachhaltige-produktionen-768x352.jpg 768w, https:\/\/integral-toner.de\/wp-content\/uploads\/2023\/10\/integral-umweltschutz-und-nachhaltige-produktionen-1536x704.jpg 1536w\" sizes=\"auto, (max-width: 1920px) 100vw, 1920px\" \/>\n      <\/div>\n    \n        <div class=\"container\">\n      <div class=\"row\">\n        <div class=\"col-12 col-lg-7\">\n          <div class=\"hero-image__content\">\n                          <h1 class=\"g-h2-subtitle\">\n                <span>AMBIENTE E SUSTENTABILIDADE<\/span><br \/>\n                Prote\u00e7\u00e3o do ambiente e produ\u00e7\u00e3o sustent\u00e1vel\n              <\/h1>\n            \n                          <p class=\"g-description\">\n                Pensar no amanh\u00e3 hoje e agir de forma sustent\u00e1vel &#8211; o nosso credo.\n              <\/p>\n            \n                      <\/div>\n        <\/div>\n      <\/div>\n    <\/div>\n  <\/section>\n  <section class=\"textsection block-69d297780e49f type- \" >\n    <div class=\"container\">\n      <div class=\"row\">\n        <div class=\"col-12 col-lg-8 offset-lg-2 g-content\">\n          <div class=\"acf-innerblocks-container\">\n\n<h2 class=\"wp-block-heading\">Utiliza\u00e7\u00e3o econ\u00f3mica dos recursos naturais<\/h2>\n\n\n\n<p>Uma qualidade excecional significa mais do que apenas o desempenho e o valor dos produtos. A compatibilidade ecol\u00f3gica \u00e9 igualmente importante. Isto \u00e9 particularmente importante em termos de sa\u00fade e seguran\u00e7a, mas tamb\u00e9m na utiliza\u00e7\u00e3o econ\u00f3mica dos recursos:  <\/p>\n\n\n\n<ul class=\"is-style-green-list wp-block-list\">\n<li>minimiza as emiss\u00f5es e os res\u00edduos,<\/li>\n\n\n\n<li>o desenvolvimento de produtos e<\/li>\n\n\n\n<li>durante todo o processo de fabrico.<\/li>\n<\/ul>\n\n\n\n<p>Os consum\u00edveis INTEGRAL s\u00e3o desenvolvidos com o objetivo de conservar os recursos naturais, evitando a utiliza\u00e7\u00e3o de subst\u00e2ncias nocivas.  <\/p>\n\n<\/div>\n        <\/div>\n      <\/div>\n    <\/div>\n  <\/section>\n  <section class=\"environment block-69d29778105ba\" >\n    <div class=\"container\">\n      <div class=\"row\">\n        <div class=\"col-12 col-lg-5\">\n                      <h2 class=\"g-h2-subtitle\">\n              <span>AMBIENTE<\/span><br \/>\n              O nosso compromisso com o ambiente\n            <\/h2>\n          \n                      <div class=\"environment__image\">\n              <img decoding=\"async\" width=\"565\" height=\"512\" src=\"https:\/\/integral-toner.de\/wp-content\/uploads\/2023\/10\/integral-engagement-umwelt.jpg\" class=\"attachment-large_medium size-large_medium\" alt=\"INTEGRAL setzt sich f\u00fcr Umweltschutz ein\" loading=\"lazy\" srcset=\"https:\/\/integral-toner.de\/wp-content\/uploads\/2023\/10\/integral-engagement-umwelt.jpg 565w, https:\/\/integral-toner.de\/wp-content\/uploads\/2023\/10\/integral-engagement-umwelt-300x272.jpg 300w\" sizes=\"auto, (max-width: 565px) 100vw, 565px\" \/>\n            <\/div>\n                  <\/div>\n        <div class=\"col-12 col-lg-6 offset-lg-1\">\n          <div class=\"row\">\n                          <div class=\"col-12 col-lg-6\">\n                <div class=\"environment__item\">\n                  <p class=\"environment__item-title\">Toner INTEGRAL<\/p>\n                  <p class=\"environment__item-description\">A utiliza\u00e7\u00e3o de toners INTEGRAL resulta em quantidades significativamente reduzidas de toner residual durante o processo de c\u00f3pia ou impress\u00e3o em compara\u00e7\u00e3o com os toners convencionais.<\/p> \n                <\/div>\n              <\/div>\n                          <div class=\"col-12 col-lg-6\">\n                <div class=\"environment__item\">\n                  <p class=\"environment__item-title\">Promo\u00e7\u00e3o da pol\u00edtica ambiental<\/p>\n                  <p class=\"environment__item-description\">A nossa pol\u00edtica ambiental promove a reciclagem de produtos sempre que poss\u00edvel e a reutiliza\u00e7\u00e3o de materiais de embalagem.<\/p> \n                <\/div>\n              <\/div>\n                          <div class=\"col-12 col-lg-6\">\n                <div class=\"environment__item\">\n                  <p class=\"environment__item-title\">Produtos amigos do ambiente<\/p>\n                  <p class=\"environment__item-description\">A nossa pol\u00edtica empresarial relativa a produtos amigos do ambiente representa uma excelente oportunidade para os nossos clientes explorarem novos grupos de clientes atrav\u00e9s da oferta de produtos amigos do ambiente.<\/p> \n                <\/div>\n              <\/div>\n                          <div class=\"col-12 col-lg-6\">\n                <div class=\"environment__item\">\n                  <p class=\"environment__item-title\">Previne os riscos para a sa\u00fade<\/p>\n                  <p class=\"environment__item-description\">Os toners INTEGRAL cont\u00eam uma propor\u00e7\u00e3o particularmente baixa de part\u00edculas ultrafinas e p\u00f3 de toner. Isto evita riscos para a sa\u00fade quando utiliza os toners INTEGRAL. <\/p> \n                <\/div>\n              <\/div>\n                          <div class=\"col-12 col-lg-6\">\n                <div class=\"environment__item\">\n                  <p class=\"environment__item-title\">Processo de produ\u00e7\u00e3o<\/p>\n                  <p class=\"environment__item-description\">Os nossos processos de produ\u00e7\u00e3o s\u00e3o organizados de forma ecol\u00f3gica.<\/p> \n                <\/div>\n              <\/div>\n                          <div class=\"col-12 col-lg-6\">\n                <div class=\"environment__item\">\n                  <p class=\"environment__item-title\">Os processos operacionais est\u00e3o bem organizados<\/p>\n                  <p class=\"environment__item-description\">Os objectivos da empresa s\u00e3o alcan\u00e7ados em harmonia com as quest\u00f5es ambientais. Os processos operacionais s\u00e3o organizados de forma respons\u00e1vel e respeitadora do ambiente. <\/p> \n                <\/div>\n              <\/div>\n                          <div class=\"col-12 col-lg-6\">\n                <div class=\"environment__item\">\n                  <p class=\"environment__item-title\">Cartuchos para impressoras laser<\/p>\n                  <p class=\"environment__item-description\">A INTEGRAL recomenda a reciclagem de cartuchos de impressoras laser. Este objetivo \u00e9 apoiado por um programa de produtos para a reciclagem de cartuchos de impressoras laser da INTEGRAL. <\/p> \n                <\/div>\n              <\/div>\n                          <div class=\"col-12 col-lg-6\">\n                <div class=\"environment__item\">\n                  <p class=\"environment__item-title\">Longa vida \u00fatil<\/p>\n                  <p class=\"environment__item-description\">A utiliza\u00e7\u00e3o dos nossos toners permite prolongar ao m\u00e1ximo a vida \u00fatil dos componentes dos aparelhos. Isto est\u00e1 de acordo com a pol\u00edtica ambiental da empresa de conserva\u00e7\u00e3o de recursos. <\/p> \n                <\/div>\n              <\/div>\n                      <\/div>\n        <\/div>\n      <\/div>\n    <\/div>\n  <\/section>\n  <section class=\"guidelines block-69d2977813491\" >\n    <div class=\"container\">\n      <div class=\"row\">\n        <div class=\"col-12 col-lg-8 offset-lg-2\">\n                      <h2 class=\"g-h2-subtitle\">\n              <span>CERTIFICA\u00c7\u00d5ES<\/span><br \/>\n              Respeita as orienta\u00e7\u00f5es v\u00e1lidas\n            <\/h2>\n                                              <div class=\"guidelines__box\">\n                                  <div class=\"guidelines__box-image\">\n                    <img decoding=\"async\" width=\"160\" height=\"160\" src=\"https:\/\/integral-toner.de\/wp-content\/uploads\/2023\/10\/integral-reach.png\" class=\"attachment-large_medium size-large_medium\" alt=\"REACH Siegel\" loading=\"lazy\" srcset=\"https:\/\/integral-toner.de\/wp-content\/uploads\/2023\/10\/integral-reach.png 160w, https:\/\/integral-toner.de\/wp-content\/uploads\/2023\/10\/integral-reach-150x150.png 150w\" sizes=\"auto, (max-width: 160px) 100vw, 160px\" \/>\n                  <\/div>\n                                <p class=\"guidelines__box-title\">INTEGRAL cumpre o REACH<\/p>\n                <div class=\"read-more\">\n                  <div class=\"readmore__content\">\n                    <p class=\"guidelines__box-description\">O regulamento REACH \u00e9 um regulamento da Uni\u00e3o Europeia que foi promulgado para melhorar a prote\u00e7\u00e3o da sa\u00fade humana e do ambiente contra os riscos que podem surgir dos produtos qu\u00edmicos. As subst\u00e2ncias contidas no toner est\u00e3o sujeitas a extensas obriga\u00e7\u00f5es de registo junto da autoridade europeia competente ECHA.<br \/>\r\nO toner produzido pela INTEGRAL cumpre os requisitos do regulamento europeu REACH de forma exemplar. As subst\u00e2ncias contidas no toner que est\u00e3o sujeitas a registo s\u00e3o registadas junto da autoridade competente.<br \/>\r\nOs clientes da INTEGRAL recebem a confirma\u00e7\u00e3o da conformidade REACH do toner em cada entrega quando compram o toner INTEGRAL.  <\/p>\n                  <\/div>\n\n                  <button class=\"g-btn g-btn--mehrlesen readmore__button\" type=\"button\">\n                    <span class=\"readmore__button\">Mehr lesen<\/span>\n                    <span class=\"readmore__button\">Minimieren<\/span>\n                  <\/button>\n                <\/div>\n              <\/div>\n                          <div class=\"guidelines__box\">\n                                  <div class=\"guidelines__box-image\">\n                    <img decoding=\"async\" width=\"160\" height=\"159\" src=\"https:\/\/integral-toner.de\/wp-content\/uploads\/2023\/10\/integral-rohs.png\" class=\"attachment-large_medium size-large_medium\" alt=\"RoHS Logo\" loading=\"lazy\" srcset=\"https:\/\/integral-toner.de\/wp-content\/uploads\/2023\/10\/integral-rohs.png 160w, https:\/\/integral-toner.de\/wp-content\/uploads\/2023\/10\/integral-rohs-150x150.png 150w\" sizes=\"auto, (max-width: 160px) 100vw, 160px\" \/>\n                  <\/div>\n                                <p class=\"guidelines__box-title\">O que \u00e9 a RoHS?<\/p>\n                <div class=\"read-more\">\n                  <div class=\"readmore__content\">\n                    <p class=\"guidelines__box-description\">A Diretiva RoHS da UE restringe a utiliza\u00e7\u00e3o de subst\u00e2ncias perigosas. As subst\u00e2ncias perigosas no \u00e2mbito da Diretiva RoHS incluem chumbo, c\u00e1dmio, cr\u00f3mio, merc\u00fario e retardadores de chama bromados.<br \/>\r\nOs cartuchos de toner da INTEGRAL cumprem os requisitos da Diretiva RoHS. A INTEGRAL abst\u00e9m-se de utilizar subst\u00e2ncias nocivas para a sa\u00fade na produ\u00e7\u00e3o de toner e cartuchos de toner e assegura a conformidade com a Diretiva RoHS. Recebe produtos da INTEGRAL que s\u00e3o inofensivos para a sa\u00fade.   <br \/>\r\n<br \/>\r\nBaixos valores de emiss\u00e3o quando utiliza o toner INTEGRAL: A INTEGRAL utiliza apenas mat\u00e9rias-primas de alta qualidade que s\u00e3o inofensivas para a sa\u00fade na produ\u00e7\u00e3o do p\u00f3 de toner. Para al\u00e9m da vantagem qualitativa de utilizar mat\u00e9rias-primas de alta qualidade, existe tamb\u00e9m uma vantagem ambiental. As mat\u00e9rias-primas especiais de alta qualidade para a produ\u00e7\u00e3o de toner s\u00e3o frequentemente mais amigas do ambiente do que as mat\u00e9rias-primas b\u00e1sicas mais baratas. Um importante exemplo disto \u00e9 a utiliza\u00e7\u00e3o de pol\u00edmeros com baixos valores de emiss\u00e3o na produ\u00e7\u00e3o de toner. A utiliza\u00e7\u00e3o exclusiva de mat\u00e9rias-primas de alta qualidade pela INTEGRAL \u00e9 um investimento em qualidade e uma importante contribui\u00e7\u00e3o para a prote\u00e7\u00e3o ambiental.    <\/p>\n                  <\/div>\n\n                  <button class=\"g-btn g-btn--mehrlesen readmore__button\" type=\"button\">\n                    <span class=\"readmore__button\">Mehr lesen<\/span>\n                    <span class=\"readmore__button\">Minimieren<\/span>\n                  <\/button>\n                <\/div>\n              <\/div>\n                              <\/div>\n      <\/div>\n    <\/div>\n  <\/section>\n  <section class=\"text-image block-69d2977815825 type-branco \" >\n    <div class=\"container\">\n      <div class=\"row align-items-center\">\n        <div class=\"col-xl-6 text-image__content text-image__content--right order-2 order-xl-2\" data-aos=\"fade-left\" data-aos-anchor=\".block-69d2977815825\">\n          <div class=\"acf-innerblocks-container\">\n\n<h2 class=\"wp-block-heading\">Os toners s\u00e3o todos iguais? A diferen\u00e7a com o INTEGRAL <\/h2>\n\n\n\n<p>Alcan\u00e7\u00e1mos este estatuto gra\u00e7as aos nossos elevados padr\u00f5es de qualidade, aos nossos rigorosos controlos de produtos e ao nosso abrangente servi\u00e7o ao cliente. Outro componente importante: a sustentabilidade! <\/p>\n\n\n\n<p>Prestamos aten\u00e7\u00e3o aos processos de poupan\u00e7a de recursos na produ\u00e7\u00e3o de toner e concebemos os nossos produtos amigos do ambiente de acordo com o princ\u00edpio da longevidade. O toner INTEGRAL \u00e9 amigo do ambiente e extremamente econ\u00f3mico, mantendo uma elevada qualidade de impress\u00e3o. <\/p>\n\n<\/div>\n        <\/div>\n\n        <div class=\"col-xl-6  order-1 order-xl-1\" data-aos=\"fade-right\" data-aos-anchor=\".block-69d2977815825\">\n          <div class=\"text-image__image wide-image text-image__image--left\">\n                          <img decoding=\"async\" width=\"945\" height=\"548\" src=\"https:\/\/integral-toner.de\/wp-content\/uploads\/2023\/10\/integral-sind-alle-toner-gleich.jpg\" class=\"attachment-large_medium size-large_medium\" alt=\"INTEGRAL trifft Entscheidungen\" loading=\"lazy\" srcset=\"https:\/\/integral-toner.de\/wp-content\/uploads\/2023\/10\/integral-sind-alle-toner-gleich.jpg 945w, https:\/\/integral-toner.de\/wp-content\/uploads\/2023\/10\/integral-sind-alle-toner-gleich-300x174.jpg 300w, https:\/\/integral-toner.de\/wp-content\/uploads\/2023\/10\/integral-sind-alle-toner-gleich-768x445.jpg 768w\" sizes=\"auto, (max-width: 945px) 100vw, 945px\" \/>\n                                  <\/div>\n        <\/div>\n      <\/div>\n    <\/div>\n  <\/section>\n","protected":false},"excerpt":{"rendered":"","protected":false},"author":1,"featured_media":900,"parent":3403,"menu_order":0,"comment_status":"closed","ping_status":"closed","template":"","meta":{"_acf_changed":false,"_seopress_robots_primary_cat":"","_seopress_titles_title":"Toners amigos do ambiente | Produzidos de forma sustent\u00e1vel","_seopress_titles_desc":"Toners amigos do ambiente com qualidade OEM \u2713 Produzidos de forma sustent\u00e1vel \u2713 Participa\u00e7\u00e3o no programa de reciclagem \u2713 Descobre mais agora!","_seopress_robots_index":"","footnotes":""},"class_list":["post-3527","page","type-page","status-publish","has-post-thumbnail","hentry"],"acf":[],"_links":{"self":[{"href":"https:\/\/integral-toner.de\/pt-pt\/wp-json\/wp\/v2\/pages\/3527","targetHints":{"allow":["GET"]}}],"collection":[{"href":"https:\/\/integral-toner.de\/pt-pt\/wp-json\/wp\/v2\/pages"}],"about":[{"href":"https:\/\/integral-toner.de\/pt-pt\/wp-json\/wp\/v2\/types\/page"}],"author":[{"embeddable":true,"href":"https:\/\/integral-toner.de\/pt-pt\/wp-json\/wp\/v2\/users\/1"}],"replies":[{"embeddable":true,"href":"https:\/\/integral-toner.de\/pt-pt\/wp-json\/wp\/v2\/comments?post=3527"}],"version-history":[{"count":8,"href":"https:\/\/integral-toner.de\/pt-pt\/wp-json\/wp\/v2\/pages\/3527\/revisions"}],"predecessor-version":[{"id":8863,"href":"https:\/\/integral-toner.de\/pt-pt\/wp-json\/wp\/v2\/pages\/3527\/revisions\/8863"}],"up":[{"embeddable":true,"href":"https:\/\/integral-toner.de\/pt-pt\/wp-json\/wp\/v2\/pages\/3403"}],"wp:featuredmedia":[{"embeddable":true,"href":"https:\/\/integral-toner.de\/pt-pt\/wp-json\/wp\/v2\/media\/900"}],"wp:attachment":[{"href":"https:\/\/integral-toner.de\/pt-pt\/wp-json\/wp\/v2\/media?parent=3527"}],"curies":[{"name":"wp","href":"https:\/\/api.w.org\/{rel}","templated":true}]}}