{"id":3505,"date":"2023-10-20T14:32:06","date_gmt":"2023-10-20T14:32:06","guid":{"rendered":"https:\/\/integral-toner.de\/?page_id=3505"},"modified":"2025-06-25T12:22:35","modified_gmt":"2025-06-25T10:22:35","slug":"carreira","status":"publish","type":"page","link":"https:\/\/integral-toner.de\/pt-pt\/empresa\/carreira\/","title":{"rendered":"Carreira"},"content":{"rendered":"  <section class=\"hero-image block-69d29951bb42e\" >\n          <div class=\"hero-image__image d-none d-sm-block\">\n        <img loading=\"lazy\" decoding=\"async\" width=\"2560\" height=\"1173\" src=\"https:\/\/integral-toner.de\/wp-content\/uploads\/2023\/11\/karriere-bei-integral-scaled.jpg\" class=\"object-position-y-50\" alt=\"Karriere bei Integral\" srcset=\"https:\/\/integral-toner.de\/wp-content\/uploads\/2023\/11\/karriere-bei-integral-scaled.jpg 2560w, https:\/\/integral-toner.de\/wp-content\/uploads\/2023\/11\/karriere-bei-integral-300x138.jpg 300w, https:\/\/integral-toner.de\/wp-content\/uploads\/2023\/11\/karriere-bei-integral-1024x469.jpg 1024w, https:\/\/integral-toner.de\/wp-content\/uploads\/2023\/11\/karriere-bei-integral-768x352.jpg 768w, https:\/\/integral-toner.de\/wp-content\/uploads\/2023\/11\/karriere-bei-integral-1536x704.jpg 1536w, https:\/\/integral-toner.de\/wp-content\/uploads\/2023\/11\/karriere-bei-integral-2048x939.jpg 2048w\" sizes=\"auto, (max-width: 2560px) 100vw, 2560px\" \/>\n      <\/div>\n    \n          <div class=\"hero-image__image d-block d-sm-none\">\n        <img loading=\"lazy\" decoding=\"async\" width=\"1709\" height=\"1173\" src=\"https:\/\/integral-toner.de\/wp-content\/uploads\/2024\/03\/karriere-bei-integral-mobile.jpg\" class=\"attachment-full size-full\" alt=\"\" srcset=\"https:\/\/integral-toner.de\/wp-content\/uploads\/2024\/03\/karriere-bei-integral-mobile.jpg 1709w, https:\/\/integral-toner.de\/wp-content\/uploads\/2024\/03\/karriere-bei-integral-mobile-300x206.jpg 300w, https:\/\/integral-toner.de\/wp-content\/uploads\/2024\/03\/karriere-bei-integral-mobile-1024x703.jpg 1024w, https:\/\/integral-toner.de\/wp-content\/uploads\/2024\/03\/karriere-bei-integral-mobile-768x527.jpg 768w, https:\/\/integral-toner.de\/wp-content\/uploads\/2024\/03\/karriere-bei-integral-mobile-1536x1054.jpg 1536w\" sizes=\"auto, (max-width: 1709px) 100vw, 1709px\" \/>\n      <\/div>\n        <div class=\"container\">\n      <div class=\"row\">\n        <div class=\"col-12 col-lg-7\">\n          <div class=\"hero-image__content\">\n                          <h1 class=\"g-h2-subtitle\">\n                <span>CARREIRA<\/span><br \/>\n                Carreiras na INTEGRAL\n              <\/h1>\n            \n                          <p class=\"g-description\">\n                Oportunidades de carreira atractivas esperam por ti na INTEGRAL. Torna-te parte da nossa equipa. \n              <\/p>\n            \n                          <a href=\"#stellenanzeigen\" class=\"g-btn\" title=\"Ver empregos\" >\n                Ver empregos\n              <\/a>\n                      <\/div>\n        <\/div>\n      <\/div>\n    <\/div>\n  <\/section>\n  <section class=\"text-image block-69d29951bf360 type-branco \" >\n    <div class=\"container\">\n      <div class=\"row align-items-center\">\n        <div class=\"col-xl-6 text-image__content  mb-5 mb-xl-0 order-xl-1\" data-aos=\"fade-right\" data-aos-anchor=\".block-69d29951bf360\">\n          <div class=\"acf-innerblocks-container\">\n\n<h2 class=\"wp-block-heading has-h-1-font-size\">Paix\u00e3o pelo desempenho de topo<\/h2>\n\n\n\n<p>Mais do que apenas um slogan na INTEGRAL! Para n\u00f3s, significa antes a forma de fazer neg\u00f3cio, de atrair colaboradores talentosos e de alcan\u00e7ar um desempenho inigual\u00e1vel em conjunto.<\/p>\n\n\n\n<p>Afirmamos ser um dos melhores fabricantes de toner para sistemas de fotocopiadoras e impressoras. A nossa vasta experi\u00eancia, tecnologia de ponta e uma forte rede de distribui\u00e7\u00e3o criam valor para todas as partes interessadas: clientes, funcion\u00e1rios, acionistas e o mercado como um todo.<\/p>\n\n\n      <a class=\"btn btn-primary\" href=\"https:\/\/integral-toner.de\/unternehmen\/karriere\/leidenschaft-fuer-spitzenleistungen\/\" target=\"\">\n        \n        L\u00ea mais    <\/a>\n  \n<\/div>\n        <\/div>\n\n        <div class=\"col-xl-6   order-xl-2\" data-aos=\"fade-left\" data-aos-anchor=\".block-69d29951bf360\">\n          <div class=\"text-image__image wide-image \">\n                          <img decoding=\"async\" width=\"945\" height=\"548\" src=\"https:\/\/integral-toner.de\/wp-content\/uploads\/2023\/10\/integral-leidenschaft-fuer-spitzenleistung.jpg\" class=\"attachment-large_medium size-large_medium\" alt=\"INTEGRAL-Toner bringen Spitzenleistungen\" loading=\"lazy\" srcset=\"https:\/\/integral-toner.de\/wp-content\/uploads\/2023\/10\/integral-leidenschaft-fuer-spitzenleistung.jpg 945w, https:\/\/integral-toner.de\/wp-content\/uploads\/2023\/10\/integral-leidenschaft-fuer-spitzenleistung-300x174.jpg 300w, https:\/\/integral-toner.de\/wp-content\/uploads\/2023\/10\/integral-leidenschaft-fuer-spitzenleistung-768x445.jpg 768w\" sizes=\"auto, (max-width: 945px) 100vw, 945px\" \/>\n                                  <\/div>\n        <\/div>\n      <\/div>\n    <\/div>\n  <\/section>\n  <section class=\"jobadvertisements block-69d29951c0d1c\" id=\"stellenanzeigen\">\n    <div class=\"container\">\n      <div class=\"row\">\n        <div class=\"col-12\">\n          <h2 class=\"jobadvertisements__title\">\n            Vagas actuais\n          <\/h2>\n          <p class=\"jobadvertisements__description\">\n            Abaixo encontrar\u00e1s uma sele\u00e7\u00e3o das nossas vagas actuais na INTEGRAL.\n          <\/p>\n        <\/div>\n        <div class=\"col-12 col-lg-8 offset-lg-2 jobs\" id=\"jobs\" per_page=\"6\">\n                    <div class=\"pagination\">\n            \n          <\/div>\n        <\/div>\n      <\/div>\n    <\/div>\n  <\/section>\n  <section class=\"text-image block-69d29951c1f22 type-branco \" >\n    <div class=\"container\">\n      <div class=\"row dontcenter\">\n        <div class=\"col-xl-6 text-image__content text-image__content--right order-2 order-xl-2\" data-aos=\"fade-left\" data-aos-anchor=\".block-69d29951c1f22\">\n          <div class=\"acf-innerblocks-container\">\n\n<h2 class=\"wp-block-heading\">A tua candidatura \u00e0 INTEGRAL<\/h2>\n\n\n\n<p>Gostarias de fazer parte da nossa empresa? Ent\u00e3o, aguardamos com expetativa a tua candidatura detalhada. Se n\u00e3o tivermos atualmente uma vaga adequada para ti, podes tamb\u00e9m enviar-nos uma <strong>candidatura espont\u00e2nea<\/strong>.  <\/p>\n\n\n\n<p>Candidata-te de forma f\u00e1cil e conveniente atrav\u00e9s da aplica\u00e7\u00e3o em linha.<\/p>\n\n\n      <a class=\"btn btn-primary\" href=\"#onlinebewerbung\" target=\"\">\n        \n        Para o formul\u00e1rio de candidatura em linha    <\/a>\n  \n\n\n<p><strong>Em alternativa, receberemos a tua candidatura por:<\/strong><\/p>\n\n\n\n<p>Correio eletr\u00f3nico: career@integral-international.de<br\/>Correio: INTEGRAL GmbH<br\/> Departamento de Recursos Humanos<br\/> Am Hasselweg 1<br\/> D-47647 Kerken, Alemanha<\/p>\n\n<\/div>\n        <\/div>\n\n        <div class=\"col-xl-6  order-1 order-xl-1\" data-aos=\"fade-right\" data-aos-anchor=\".block-69d29951c1f22\">\n          <div class=\"text-image__image wide-image text-image__image--left\">\n                          <img decoding=\"async\" width=\"945\" height=\"548\" src=\"https:\/\/integral-toner.de\/wp-content\/uploads\/2023\/10\/bewerbung-bei-integral.jpg\" class=\"attachment-large_medium size-large_medium\" alt=\"Bewerben Sie sich jetzt und werden Sie Teil der Teams bei INTEGRAL\" loading=\"lazy\" srcset=\"https:\/\/integral-toner.de\/wp-content\/uploads\/2023\/10\/bewerbung-bei-integral.jpg 945w, https:\/\/integral-toner.de\/wp-content\/uploads\/2023\/10\/bewerbung-bei-integral-300x174.jpg 300w, https:\/\/integral-toner.de\/wp-content\/uploads\/2023\/10\/bewerbung-bei-integral-768x445.jpg 768w\" sizes=\"auto, (max-width: 945px) 100vw, 945px\" \/>\n                                  <\/div>\n        <\/div>\n      <\/div>\n    <\/div>\n  <\/section>\n        <section id=\"onlinebewerbung\" class=\"onlineapp\">\n        <div class=\"container\">\n            <div class=\"row\">\n                <div class=\"col-12\">\n                    <h1 class=\"onlineapp__title\">Candidatura em linha<\/h1>\n                <\/div>\n            <\/div>\n            <div class=\"row\">\n                <div class=\"col-12 col-lg-5 order-2 order-lg-1\">\n                    <div class=\"onlineapp__image\">\n                        <img loading=\"lazy\" decoding=\"async\" width=\"565\" height=\"389\" src=\"https:\/\/integral-toner.de\/wp-content\/uploads\/2023\/10\/integral-online-bewerbung.jpg\" class=\"attachment-large_medium size-large_medium\" alt=\"\" srcset=\"https:\/\/integral-toner.de\/wp-content\/uploads\/2023\/10\/integral-online-bewerbung.jpg 565w, https:\/\/integral-toner.de\/wp-content\/uploads\/2023\/10\/integral-online-bewerbung-300x207.jpg 300w\" sizes=\"auto, (max-width: 565px) 100vw, 565px\" \/>                    <\/div>\n                    <div class=\"onlineapp__box\">\n                        <h3 class=\"onlineapp__box-title\">Tens alguma pergunta?<\/h3>\n                        <p class=\"onlineapp__box-description\">Tens uma pergunta ou um pedido espec\u00edfico? Aguardamos o teu contacto e teremos todo o gosto em ajudar. <\/p>\n                        <p class=\"onlineapp__box-phone\">+49 2833 606-0<\/p>\n                    <\/div>\n                <\/div>\n                <div class=\"col-12 col-lg-6 offset-lg-1 order-1 order-lg-2\">\n                    <h3 class=\"onlineapp__formtitle\">Candidata-te agora<\/h3>\n                    <div class=\"form-container\">\n\n    \n        <form name=\"form\" method=\"post\" action=\"https:\/\/integral-toner.de\/pt-pt\/wp-json\/wp\/v2\/pages\/3505\" novalidate=\"novalidate\" class=\"contactform__form ajax-form\" data-replace=\".form-container\">\n\n        <p class=\"contactform__info mb-5\">\n                            <strong>Resposta a iniciativas<\/strong>\n                    <\/p>\n\n\n                    <div class=\"row mb-0 mb-md-5\">\n                <div class=\"col-12\">\n                    <div class=\"form-floating\"><input type=\"text\" id=\"form_job_request\" name=\"form[job_request]\" required=\"required\" placeholder=\"Pedido de emprego *\" class=\"form-control\" \/><label for=\"form_job_request\" class=\"form-label required\">Pedido de emprego *<\/label>        <\/div>\n                <\/div>\n            <\/div>\n        \n\n        <div class=\"row mb-0 mb-md-5\">\n            <div class=\"col-md-6\">\n                <div class=\"form-floating\"><input type=\"text\" id=\"form_firstname\" name=\"form[firstname]\" required=\"required\" placeholder=\"Primeiro nome *\" class=\"form-control\" \/><label for=\"form_firstname\" class=\"form-label required\">Primeiro nome *<\/label>        <\/div>\n            <\/div>\n\n            <div class=\"col-md-6\">\n                <div class=\"form-floating\"><input type=\"text\" id=\"form_lastname\" name=\"form[lastname]\" required=\"required\" placeholder=\"Sobrenome *\" class=\"form-control\" \/><label for=\"form_lastname\" class=\"form-label required\">Sobrenome *<\/label>        <\/div>\n            <\/div>\n        <\/div>\n\n        <div class=\"row mb-0 mb-md-5\">\n            <div class=\"col-md-6\">\n                <div class=\"form-floating\"><input type=\"email\" id=\"form_email\" name=\"form[email]\" required=\"required\" placeholder=\"e-mail *\" class=\"form-control\" \/><label for=\"form_email\" class=\"form-label required\">e-mail *<\/label>        <\/div>\n            <\/div>\n\n            <div class=\"col-md-6\">\n                <div class=\"form-floating\"><input type=\"text\" id=\"form_phone\" name=\"form[phone]\" required=\"required\" placeholder=\"N\u00famero de telefone\" class=\"form-control\" \/><label for=\"form_phone\" class=\"form-label required\">N\u00famero de telefone<\/label>        <\/div>\n            <\/div>\n        <\/div>\n\n        <div class=\"row mb-0 mb-md-5\">\n            <div class=\"col-12 cdropzone\">\n                <div class=\"mb-3\"><label for=\"form_attachments\" class=\"form-label required\">Anschreiben, Lebenslauf &amp;amp; weitere Dokumente<\/label><div class=\"dropzone bp\"\n     name=\"attachments\"\n     data-id=\"form_attachments\"\n     data-name=\"form[attachments]\"\n     data-chunk-size=\"134213632\"\n     data-accepted-files=\".jpg, .png, .pdf\"\n     data-max-files=\"5\"\n     data-max-filesize-mb=\"5\"\n     data-dict-default-message=\"Abre aqui os dados sobre o Hochladen\"\n     data-dict-file-too-big=\"O ficheiro \u00e9 demasiado grande ({{filesize}}MiB). Tamanho m\u00e1ximo do ficheiro: {{maxFilesize}}MiB. \"\n     data-dict-invalid-file-type=\"N\u00e3o podes carregar ficheiros deste tipo.\"\n     data-dict-cancel-upload=\"Cancelar carregamento\"\n     data-dict-upload-canceled=\"Carregamento cancelado.\"\n     data-dict-remove-file=\"Remover ficheiro\"\n     data-dict-max-files-exceeded=\"N\u00e3o podes carregar mais do que {{maxFiles}} ficheiros.\"\n     data-dict-remove-file-confirmation=\"\"\n     >\n    <\/div>\n        <\/div>\n            <\/div>\n        <\/div>\n\n        \n<div class=\"form-group hp\"><label for=\"form_field-78fds4\" class=\"form-label\">Field-78fds4<\/label><input type=\"text\" id=\"form_field-78fds4\" name=\"form[field-78fds4]\" autocomplete=\"none\" class=\"form-control\" tabindex=\"-1\" \/>        <\/div>\n\n\n        <p class=\"contactform__info\"><a href=\"https:\/\/integral-toner.de\/datenschutz\/\">Informa\u00e7\u00f5es<\/a> para o contacto com os teus dados<\/p>\n\n        <p class=\"contactform__subinfo\">Mit * gekennzeichnete Felder sind Pflichtfelder und m\u00fcssen ausgef\u00fcllt werden.<\/p>\n\n        <div class=\"submit\">\n            <button type=\"submit\" class=\"g-btn\" aria-label=\"N\u00e3o tens resposta\">N\u00e3o tens resposta<\/button>\n        <\/div>\n\n        <\/form>\n\n    <\/div>\n                <\/div>\n            <\/div>\n        <\/div>\n    <\/section>\n","protected":false},"excerpt":{"rendered":"","protected":false},"author":1,"featured_media":1595,"parent":3403,"menu_order":0,"comment_status":"closed","ping_status":"closed","template":"","meta":{"_acf_changed":false,"_seopress_robots_primary_cat":"","_seopress_titles_title":"Vagas integrais | Candidata-te online agora","_seopress_titles_desc":"Descobre as vagas actuais na Integral \u2713 Diversas oportunidades de carreira \u2713 Candidata-te online agora!","_seopress_robots_index":"","footnotes":""},"class_list":["post-3505","page","type-page","status-publish","has-post-thumbnail","hentry"],"acf":[],"_links":{"self":[{"href":"https:\/\/integral-toner.de\/pt-pt\/wp-json\/wp\/v2\/pages\/3505","targetHints":{"allow":["GET"]}}],"collection":[{"href":"https:\/\/integral-toner.de\/pt-pt\/wp-json\/wp\/v2\/pages"}],"about":[{"href":"https:\/\/integral-toner.de\/pt-pt\/wp-json\/wp\/v2\/types\/page"}],"author":[{"embeddable":true,"href":"https:\/\/integral-toner.de\/pt-pt\/wp-json\/wp\/v2\/users\/1"}],"replies":[{"embeddable":true,"href":"https:\/\/integral-toner.de\/pt-pt\/wp-json\/wp\/v2\/comments?post=3505"}],"version-history":[{"count":14,"href":"https:\/\/integral-toner.de\/pt-pt\/wp-json\/wp\/v2\/pages\/3505\/revisions"}],"predecessor-version":[{"id":8925,"href":"https:\/\/integral-toner.de\/pt-pt\/wp-json\/wp\/v2\/pages\/3505\/revisions\/8925"}],"up":[{"embeddable":true,"href":"https:\/\/integral-toner.de\/pt-pt\/wp-json\/wp\/v2\/pages\/3403"}],"wp:featuredmedia":[{"embeddable":true,"href":"https:\/\/integral-toner.de\/pt-pt\/wp-json\/wp\/v2\/media\/1595"}],"wp:attachment":[{"href":"https:\/\/integral-toner.de\/pt-pt\/wp-json\/wp\/v2\/media?parent=3505"}],"curies":[{"name":"wp","href":"https:\/\/api.w.org\/{rel}","templated":true}]}}