{"id":3456,"date":"2023-10-18T19:13:28","date_gmt":"2023-10-18T17:13:28","guid":{"rendered":"https:\/\/integral-toner.de\/?page_id=3456"},"modified":"2025-02-12T08:31:56","modified_gmt":"2025-02-12T08:31:56","slug":"apoiar","status":"publish","type":"page","link":"https:\/\/integral-toner.de\/pt-pt\/apoiar\/","title":{"rendered":"Apoiar"},"content":{"rendered":"  <section class=\"hero-image block-69d297780a17a\" >\n          <div class=\"hero-image__image \">\n        <img loading=\"lazy\" decoding=\"async\" width=\"1920\" height=\"880\" src=\"https:\/\/integral-toner.de\/wp-content\/uploads\/2023\/10\/kundenservice-bei-integral.jpg\" class=\"object-position-y-80\" alt=\"Herausragender Kundenservice bei INTEGRAL\" srcset=\"https:\/\/integral-toner.de\/wp-content\/uploads\/2023\/10\/kundenservice-bei-integral.jpg 1920w, https:\/\/integral-toner.de\/wp-content\/uploads\/2023\/10\/kundenservice-bei-integral-300x138.jpg 300w, https:\/\/integral-toner.de\/wp-content\/uploads\/2023\/10\/kundenservice-bei-integral-1024x469.jpg 1024w, https:\/\/integral-toner.de\/wp-content\/uploads\/2023\/10\/kundenservice-bei-integral-768x352.jpg 768w, https:\/\/integral-toner.de\/wp-content\/uploads\/2023\/10\/kundenservice-bei-integral-1536x704.jpg 1536w\" sizes=\"auto, (max-width: 1920px) 100vw, 1920px\" \/>\n      <\/div>\n    \n        <div class=\"container\">\n      <div class=\"row\">\n        <div class=\"col-12 col-lg-7\">\n          <div class=\"hero-image__content\">\n                          <h1 class=\"g-h2-subtitle\">\n                <span>APOIAR<\/span><br \/>\n                Servi\u00e7o de Apoio ao Cliente\n              <\/h1>\n            \n                          <p class=\"g-description\">\n                Combinando excelentes toners com um servi\u00e7o excecional.\n              <\/p>\n            \n                          <a href=\"https:\/\/integral-toner.de\/pt-pt\/contato\/\" class=\"g-btn\" title=\"Contacte-nos\" >\n                Contacte-nos\n              <\/a>\n                      <\/div>\n        <\/div>\n      <\/div>\n    <\/div>\n  <\/section>\n\n\n  <section class=\"text-image block-69d297780d739 type-white \" id=\"pol\u00edtica-empresarial\">\n    <div class=\"container\">\n      <div class=\"row align-items-center\">\n        <div class=\"col-xl-6 text-image__content  order-2 order-xl-1\" data-aos=\"fade-right\" data-aos-anchor=\".block-69d297780d739\">\n          <div class=\"acf-innerblocks-container\">\n\n<h2 class=\"wp-block-heading\">Apoio personalizado e profissional em cada compra<\/h2>\n\n\n\n<p>Experimente um servi\u00e7o soberbo como cliente da INTEGRAL. Pode esperar que a qualidade do nosso servi\u00e7o ao cliente corresponda \u00e0 qualidade dos nossos toners.<\/p>\n\n\n\n<p>Ter\u00e1 um contacto pessoal do servi\u00e7o de apoio ao cliente que tratar\u00e1 diretamente de todos os seus requisitos, para que n\u00e3o tenha de falar com um centro de atendimento telef\u00f3nico. Adaptaremos o apoio \u00e0s suas necessidades e responderemos a quaisquer perguntas sobre os nossos produtos, pre\u00e7os, disponibilidade ou log\u00edstica.<\/p>\n\n\n\n<p>Com mais de 55 anos de experi\u00eancia na ind\u00fastria do toner, compreendemos o n\u00edvel de servi\u00e7o que espera do seu fornecedor de toner.<\/p>\n\n\n      <a class=\"btn btn-primary\" href=\"https:\/\/integral-toner.de\/pt-pt\/apoiar\/apoio-personalizado-e-profissional-em-cada-compra\/\" target=\"\">\n        \n        Consulte Mais informa\u00e7\u00e3o    <\/a>\n  \n<\/div>\n        <\/div>\n\n        <div class=\"col-xl-6  order-1 order-xl-2\" data-aos=\"fade-left\" data-aos-anchor=\".block-69d297780d739\">\n          <div class=\"text-image__image wide-image \">\n                          <img decoding=\"async\" width=\"945\" height=\"548\" src=\"https:\/\/integral-toner.de\/wp-content\/uploads\/2023\/10\/kunde-an-der-spitze-der-unternehmensorganisation.jpg\" class=\"attachment-large_medium size-large_medium\" alt=\"Bei INTEGRAL steht der Kunde an der Spitze der Unternehmensorganisation\" loading=\"lazy\" srcset=\"https:\/\/integral-toner.de\/wp-content\/uploads\/2023\/10\/kunde-an-der-spitze-der-unternehmensorganisation.jpg 945w, https:\/\/integral-toner.de\/wp-content\/uploads\/2023\/10\/kunde-an-der-spitze-der-unternehmensorganisation-300x174.jpg 300w, https:\/\/integral-toner.de\/wp-content\/uploads\/2023\/10\/kunde-an-der-spitze-der-unternehmensorganisation-768x445.jpg 768w\" sizes=\"auto, (max-width: 945px) 100vw, 945px\" \/>\n                                  <\/div>\n        <\/div>\n      <\/div>\n    <\/div>\n  <\/section>\n\n\n  <section class=\"registration block-69d297780f409 type-light \" >\n    <div class=\"container\">\n      <div class=\"row\">\n        <div class=\"col-12 col-lg-5\">\n                      <h2 class=\"g-h2-subtitle\">\n              <span>REGISTO<\/span><br \/>\n              Escolha os toners INTEGRAL para qualidade e desempenho\n            <\/h2>\n                  <\/div>\n        <div class=\"col-12 col-lg-6\">\n          <div class=\"registration__content\">\n                          <p class=\"g-description\">\n                Desfrute dos benef\u00edcios de ser um cliente INTEGRAL.<br \/>\r\n<br \/>\r\nTer\u00e1 acesso exclusivo ao suporte de vendas, permitindo-lhe gerar mais vendas. Estes incluem recursos de publicidade e as \u00faltimas informa\u00e7\u00f5es sobre os nossos produtos e o mercado de toners.<br \/>\r\n<br \/>\r\nRegiste-se hoje para saber mais sobre as vantagens dos toners INTEGRAL.\n              <\/p>\n            \n            <div class=\"registration__buttons\">\n                              <a href=\"https:\/\/shop.integral-toner.de\/pt\/Login\/Inscrio-91238.html\" class=\"g-btn\" title=\"Registe-se connosco\" >\n                  Registe-se connosco\n                <\/a>\n              \n                              <p class=\"registration__buttons-text\">\n                  J\u00e1 \u00e9 cliente? <a href=\"https:\/\/shop.integral-toner.de\/pt\/Loja-Online-90842.html\" target=\"_blank\" title=\"Sign in to your account\">Inicie sess\u00e3o na sua conta<\/a>\n                <\/p>\n                          <\/div>\n          <\/div>\n        <\/div>\n      <\/div>\n    <\/div>\n  <\/section>\n\n\n  <section class=\"supportdownload block-69d2977810944\" >\n    <div class=\"container\">\n      <div class=\"supportdownload__box\">\n        <div class=\"row align-items-center\">\n          <div class=\"col-12 col-lg-4 offset-lg-1\">\n            <img decoding=\"async\" width=\"470\" height=\"440\" src=\"https:\/\/integral-toner.de\/wp-content\/uploads\/2023\/11\/deckblaetter-v2.jpg\" class=\"attachment-large_medium size-large_medium\" alt=\"INTEGRAL Produktkatalog\" loading=\"lazy\" srcset=\"https:\/\/integral-toner.de\/wp-content\/uploads\/2023\/11\/deckblaetter-v2.jpg 470w, https:\/\/integral-toner.de\/wp-content\/uploads\/2023\/11\/deckblaetter-v2-300x281.jpg 300w\" sizes=\"auto, (max-width: 470px) 100vw, 470px\" \/>\n          <\/div>\n          <div class=\"col-12 col-lg-6\">\n            <div class=\"supportdownload__content\">\n                              <h2 class=\"h2\">Suporte t\u00e9cnico e informa\u00e7\u00f5es sobre produtos<\/h2>\n              \n                              <p class=\"g-description\">\n                  Registe-se connosco e obtenha acesso a material exclusivo, como folhas de dados t\u00e9cnicos, certificados e outras informa\u00e7\u00f5es \u00fateis.  <br \/>\r\n<br \/>\r\nAntes de se registar, pode transferir as informa\u00e7\u00f5es mais recentes sobre os nossos toners.<br \/>\r\n\n                <\/p>\n              \n                              <a href=\"https:\/\/server.selltec.com\/go\/integral\/pt\/home\/support.html\" class=\"g-btn\" title=\"Ver informa\u00e7\u00f5es sobre o produto\" target=\"_blank\">\n                  Ver informa\u00e7\u00f5es sobre o produto\n                <\/a>\n                          <\/div>\n          <\/div>\n        <\/div>\n      <\/div>\n    <\/div>\n  <\/section>\n","protected":false},"excerpt":{"rendered":"","protected":false},"author":15,"featured_media":936,"parent":0,"menu_order":0,"comment_status":"closed","ping_status":"closed","template":"","meta":{"_acf_changed":false,"_seopress_robots_primary_cat":"","_seopress_titles_title":"Servi\u00e7o ao cliente pessoal e profissional | INTEGRAL","_seopress_titles_desc":"Experimente um servi\u00e7o excecional como cliente de toner da INTEGRAL. Tem o seu pr\u00f3prio contacto de servi\u00e7o ao cliente.","_seopress_robots_index":"","footnotes":""},"class_list":["post-3456","page","type-page","status-publish","has-post-thumbnail","hentry"],"acf":[],"_links":{"self":[{"href":"https:\/\/integral-toner.de\/pt-pt\/wp-json\/wp\/v2\/pages\/3456","targetHints":{"allow":["GET"]}}],"collection":[{"href":"https:\/\/integral-toner.de\/pt-pt\/wp-json\/wp\/v2\/pages"}],"about":[{"href":"https:\/\/integral-toner.de\/pt-pt\/wp-json\/wp\/v2\/types\/page"}],"author":[{"embeddable":true,"href":"https:\/\/integral-toner.de\/pt-pt\/wp-json\/wp\/v2\/users\/15"}],"replies":[{"embeddable":true,"href":"https:\/\/integral-toner.de\/pt-pt\/wp-json\/wp\/v2\/comments?post=3456"}],"version-history":[{"count":17,"href":"https:\/\/integral-toner.de\/pt-pt\/wp-json\/wp\/v2\/pages\/3456\/revisions"}],"predecessor-version":[{"id":7426,"href":"https:\/\/integral-toner.de\/pt-pt\/wp-json\/wp\/v2\/pages\/3456\/revisions\/7426"}],"wp:featuredmedia":[{"embeddable":true,"href":"https:\/\/integral-toner.de\/pt-pt\/wp-json\/wp\/v2\/media\/936"}],"wp:attachment":[{"href":"https:\/\/integral-toner.de\/pt-pt\/wp-json\/wp\/v2\/media?parent=3456"}],"curies":[{"name":"wp","href":"https:\/\/api.w.org\/{rel}","templated":true}]}}