{"id":3438,"date":"2023-10-20T14:31:35","date_gmt":"2023-10-20T12:31:35","guid":{"rendered":"https:\/\/integral-toner.de\/?page_id=3438"},"modified":"2025-02-17T11:24:36","modified_gmt":"2025-02-17T10:24:36","slug":"porque-a-integral","status":"publish","type":"page","link":"https:\/\/integral-toner.de\/pt-pt\/empresa\/porque-a-integral\/","title":{"rendered":"Porqu\u00ea a INTEGRAL?"},"content":{"rendered":"  <section class=\"hero-image block-6a08fb879c79c\" >\n          <div class=\"hero-image__image d-none d-sm-block\">\n        <img loading=\"lazy\" decoding=\"async\" width=\"1920\" height=\"880\" src=\"https:\/\/integral-toner.de\/wp-content\/uploads\/2024\/02\/Test-2.jpg\" class=\"object-position-y-50\" alt=\"\" srcset=\"https:\/\/integral-toner.de\/wp-content\/uploads\/2024\/02\/Test-2.jpg 1920w, https:\/\/integral-toner.de\/wp-content\/uploads\/2024\/02\/Test-2-300x138.jpg 300w, https:\/\/integral-toner.de\/wp-content\/uploads\/2024\/02\/Test-2-1024x469.jpg 1024w, https:\/\/integral-toner.de\/wp-content\/uploads\/2024\/02\/Test-2-768x352.jpg 768w, https:\/\/integral-toner.de\/wp-content\/uploads\/2024\/02\/Test-2-1536x704.jpg 1536w\" sizes=\"auto, (max-width: 1920px) 100vw, 1920px\" \/>\n      <\/div>\n    \n          <div class=\"hero-image__image d-block d-sm-none\">\n        <img loading=\"lazy\" decoding=\"async\" width=\"600\" height=\"602\" src=\"https:\/\/integral-toner.de\/wp-content\/uploads\/2023\/11\/Montage-Winter-Kartusche-mobil.jpg\" class=\"attachment-full size-full\" alt=\"Toner direkt vom Hersteller\" srcset=\"https:\/\/integral-toner.de\/wp-content\/uploads\/2023\/11\/Montage-Winter-Kartusche-mobil.jpg 600w, https:\/\/integral-toner.de\/wp-content\/uploads\/2023\/11\/Montage-Winter-Kartusche-mobil-300x300.jpg 300w, https:\/\/integral-toner.de\/wp-content\/uploads\/2023\/11\/Montage-Winter-Kartusche-mobil-150x150.jpg 150w\" sizes=\"auto, (max-width: 600px) 100vw, 600px\" \/>\n      <\/div>\n        <div class=\"container\">\n      <div class=\"row\">\n        <div class=\"col-12 col-lg-7\">\n          <div class=\"hero-image__content\">\n                          <h1 class=\"g-h2-subtitle\">\n                <span>PORQU\u00ca A INTEGRAL?<\/span><br \/>\n                Suas vantagens\n              <\/h1>\n            \n                          <p class=\"g-description\">\n                Somente o melhor para sua empresa e seus clientes.\n              <\/p>\n            \n                          <a href=\"https:\/\/integral-toner.de\/pt-pt\/contato\/\" class=\"g-btn\" title=\"Contacte-nos\" >\n                Contacte-nos\n              <\/a>\n                      <\/div>\n        <\/div>\n      <\/div>\n    <\/div>\n  <\/section>\n\n\n<div id=\"eficienciadecustos\"><\/div>\n  <section class=\"text-image block-6a08fb879f4fb type-light \" >\n    <div class=\"container\">\n      <div class=\"row align-items-center\">\n        <div class=\"col-xl-6 text-image__content text-image__content--right order-2 order-xl-2\" data-aos=\"fade-left\" data-aos-anchor=\".block-6a08fb879f4fb\">\n          <div class=\"acf-innerblocks-container\">\n\n<h2 class=\"wp-block-heading\"><strong>Obtenha poupan\u00e7as de custos no seu toner sem reduzir a qualidade<\/strong><\/h2>\n\n\n\n<p>Todos os toners INTEGRAL s\u00e3o concebidos para proporcionar uma qualidade equivalente ao OEM, mas sem o pre\u00e7o dos toners OEM. Ver\u00e1 rendimentos de p\u00e1gina mais elevados, custos por p\u00e1gina mais baixos e um melhor desempenho do sistema.&nbsp;&nbsp;<\/p>\n\n\n\n<p>Com mais de 55 anos de experi\u00eancia, constru\u00edmos uma reputa\u00e7\u00e3o de fabrico de toners fi\u00e1veis e de alta qualidade a pre\u00e7os atractivos. Revendedores especializados em c\u00f3pia e impress\u00e3o e revendedores em mais de 80 pa\u00edses em todo o mundo escolhem o toner INTEGRAL.&nbsp;&nbsp;<\/p>\n\n<\/div>\n        <\/div>\n\n        <div class=\"col-xl-6  order-1 order-xl-1\" data-aos=\"fade-right\" data-aos-anchor=\".block-6a08fb879f4fb\">\n          <div class=\"text-image__image  text-image__image--left\">\n                          <img decoding=\"async\" width=\"800\" height=\"520\" src=\"https:\/\/integral-toner.de\/wp-content\/uploads\/2024\/07\/Grafik-Kosteneffizienz-dunkel-gemischte-Schreibweise-PO.jpg\" class=\"attachment-large_medium size-large_medium\" alt=\"\" loading=\"lazy\" srcset=\"https:\/\/integral-toner.de\/wp-content\/uploads\/2024\/07\/Grafik-Kosteneffizienz-dunkel-gemischte-Schreibweise-PO.jpg 800w, https:\/\/integral-toner.de\/wp-content\/uploads\/2024\/07\/Grafik-Kosteneffizienz-dunkel-gemischte-Schreibweise-PO-300x195.jpg 300w, https:\/\/integral-toner.de\/wp-content\/uploads\/2024\/07\/Grafik-Kosteneffizienz-dunkel-gemischte-Schreibweise-PO-768x499.jpg 768w\" sizes=\"auto, (max-width: 800px) 100vw, 800px\" \/>\n                                  <\/div>\n        <\/div>\n      <\/div>\n    <\/div>\n  <\/section>\n\n\n<div id=\"qualidadeoem\"><\/div>\n  <section class=\"text-image block-6a08fb87a0d75 type-white \" id=\"fabricante-de-argila\">\n    <div class=\"container\">\n      <div class=\"row dontcenter\">\n        <div class=\"col-xl-6 text-image__content  order-2 order-xl-1\" data-aos=\"fade-right\" data-aos-anchor=\".block-6a08fb87a0d75\">\n          <div class=\"acf-innerblocks-container\">\n\n<h2 class=\"wp-block-heading\"><strong>Escolha um fabricante de toner genu\u00edno<\/strong><\/h2>\n\n\n\n<p>A qualidade do p\u00f3 de toner \u00e9 fundamental para os resultados que obt\u00e9m. \u00c9 por isso que realizamos todas as fases do processo de fabrico do toner &#8211; desde a extrus\u00e3o de mat\u00e9rias-primas e os processos de moagem e classifica\u00e7\u00e3o at\u00e9 ao revestimento aditivo das part\u00edculas de toner e ao enchimento dos cartuchos.<\/p>\n\n\n\n<p>Ao contr\u00e1rio de outros fornecedores, n\u00e3o nos limitamos a encher os cartuchos. Ao completar todo o processo de fabrico internamente, podemos garantir a qualidade dos nossos toners compat\u00edveis.&nbsp;<\/p>\n\n\n\n<p>Fabricamos toner desde 1973 e somos uma das empresas mais experientes na ind\u00fastria do toner. Atualmente, somos o \u00fanico fabricante de toner independente da Europa e um dos principais fabricantes a n\u00edvel mundial.<\/p>\n\n\n      <a class=\"btn btn-primary\" href=\"https:\/\/integral-toner.de\/pt-pt\/empresa\/porque-a-integral\/escolha-um-fabricante-de-toner-genuino\/\" target=\"\">\n        \n        Consulte Mais informa\u00e7\u00e3o    <\/a>\n  \n<\/div>\n        <\/div>\n\n        <div class=\"col-xl-6  order-1 order-xl-2\" data-aos=\"fade-left\" data-aos-anchor=\".block-6a08fb87a0d75\">\n          <div class=\"text-image__image wide-image \">\n                          <img decoding=\"async\" width=\"945\" height=\"548\" src=\"https:\/\/integral-toner.de\/wp-content\/uploads\/2023\/10\/integral-tonerhersteller.jpg\" class=\"attachment-large_medium size-large_medium\" alt=\"INTEGRAL ist echter Toner-Hersteller\" loading=\"lazy\" srcset=\"https:\/\/integral-toner.de\/wp-content\/uploads\/2023\/10\/integral-tonerhersteller.jpg 945w, https:\/\/integral-toner.de\/wp-content\/uploads\/2023\/10\/integral-tonerhersteller-300x174.jpg 300w, https:\/\/integral-toner.de\/wp-content\/uploads\/2023\/10\/integral-tonerhersteller-768x445.jpg 768w\" sizes=\"auto, (max-width: 945px) 100vw, 945px\" \/>\n                                  <\/div>\n        <\/div>\n      <\/div>\n    <\/div>\n  <\/section>\n\n\n<div id=\"qualidade\"><\/div>\n  <section class=\"text-image block-6a08fb87a1e89 type-light \" >\n    <div class=\"container\">\n      <div class=\"row dontcenter\">\n        <div class=\"col-xl-6 text-image__content text-image__content--right order-2 order-xl-2\" data-aos=\"fade-left\" data-aos-anchor=\".block-6a08fb87a1e89\">\n          <div class=\"acf-innerblocks-container\">\n\n<h2 class=\"wp-block-heading\"><strong>Aproveite a alta qualidade de impress\u00e3o e c\u00f3pia<\/strong><\/h2>\n\n\n\n<p>Os utilizadores e as empresas especializadas esperam uma qualidade de impress\u00e3o perfeita com um toner de alta qualidade. Ao imprimir em preto e branco, s\u00e3o esperadas impress\u00f5es e c\u00f3pias n\u00edtidas. Ao imprimir em cores, a reprodu\u00e7\u00e3o brilhante das cores \u00e9 crucial.<\/p>\n\n\n\n<p>O toner INTEGRAL \u00e9 considerado de qualidade particularmente elevada na ind\u00fastria. Al\u00e9m da reputa\u00e7\u00e3o de excelente qualidade de impress\u00e3o, o toner da INTEGRAL \u00e9 considerado como tendo um desempenho de impress\u00e3o consistente e consistente. Da primeira \u00e0 \u00faltima p\u00e1gina e da entrega \u00e0 entrega.<\/p>\n\n\n\n<p>Quando se trata de qualidade, o toner INTEGRAL \u00e9 uma alternativa real aos chamados produtos originais dos fabricantes de dispositivos. Claro, os pre\u00e7os s\u00e3o significativamente mais baratos.<\/p>\n\n<\/div>\n        <\/div>\n\n        <div class=\"col-xl-6  order-1 order-xl-1\" data-aos=\"fade-right\" data-aos-anchor=\".block-6a08fb87a1e89\">\n          <div class=\"text-image__image wide-image text-image__image--left\">\n                          <img decoding=\"async\" width=\"898\" height=\"548\" src=\"https:\/\/integral-toner.de\/wp-content\/uploads\/2023\/10\/integral-druck-und-kopienqualitaet.jpg\" class=\"attachment-large_medium size-large_medium\" alt=\"INTEGRAL steht f\u00fcr exzellente Toner-Qualit\u00e4t\" loading=\"lazy\" srcset=\"https:\/\/integral-toner.de\/wp-content\/uploads\/2023\/10\/integral-druck-und-kopienqualitaet.jpg 898w, https:\/\/integral-toner.de\/wp-content\/uploads\/2023\/10\/integral-druck-und-kopienqualitaet-300x183.jpg 300w, https:\/\/integral-toner.de\/wp-content\/uploads\/2023\/10\/integral-druck-und-kopienqualitaet-768x469.jpg 768w\" sizes=\"auto, (max-width: 898px) 100vw, 898px\" \/>\n                                  <\/div>\n        <\/div>\n      <\/div>\n    <\/div>\n  <\/section>\n\n\n<div id=\"custosoperacionais\"><\/div>\n  <section class=\"text-image block-6a08fb87a3002 type-white \" >\n    <div class=\"container\">\n      <div class=\"row align-items-center\">\n        <div class=\"col-xl-6 text-image__content  order-2 order-xl-1\" data-aos=\"fade-right\" data-aos-anchor=\".block-6a08fb87a3002\">\n          <div class=\"acf-innerblocks-container\">\n\n<h2 class=\"wp-block-heading\"><strong>Reduzir os custos de funcionamento dos seus equipamentos&nbsp;<\/strong><\/h2>\n\n\n\n<p>Optimize a vida \u00fatil das suas fotocopiadoras e sistemas de impress\u00e3o utilizando toner de alta qualidade.&nbsp;<\/p>\n\n\n\n<p>Os nossos toners compat\u00edveis oferecem um elevado rendimento por p\u00e1gina e uma compatibilidade perfeita com os componentes do dispositivo, permitindo-lhe manter baixos os custos de funcionamento dos seus sistemas de impress\u00e3o e fotocopiadoras e melhorar a sua rentabilidade.<\/p>\n\n\n\n<p>O toner INTEGRAL tem a vantagem de alto rendimento de p\u00e1ginas e perfeita compatibilidade com os componentes dos dispositivos de impressoras e copiadoras. O toner INTEGRAL tamb\u00e9m possui boa miscibilidade com o chamado toner original do fabricante do dispositivo.<\/p>\n\n\n\n<p>A utiliza\u00e7\u00e3o do toner INTEGRAL leva a uma redu\u00e7\u00e3o significativa dos custos operacionais dos sistemas de c\u00f3pia e impress\u00e3o e ao aumento da rentabilidade.<\/p>\n\n<\/div>\n        <\/div>\n\n        <div class=\"col-xl-6  order-1 order-xl-2\" data-aos=\"fade-left\" data-aos-anchor=\".block-6a08fb87a3002\">\n          <div class=\"text-image__image wide-image \">\n                          <img decoding=\"async\" width=\"944\" height=\"548\" src=\"https:\/\/integral-toner.de\/wp-content\/uploads\/2023\/10\/integral-betriebskosten.jpg\" class=\"attachment-large_medium size-large_medium\" alt=\"INTEGRAL-Toner sparen Betriebskosten ein\" loading=\"lazy\" srcset=\"https:\/\/integral-toner.de\/wp-content\/uploads\/2023\/10\/integral-betriebskosten.jpg 944w, https:\/\/integral-toner.de\/wp-content\/uploads\/2023\/10\/integral-betriebskosten-300x174.jpg 300w, https:\/\/integral-toner.de\/wp-content\/uploads\/2023\/10\/integral-betriebskosten-768x446.jpg 768w\" sizes=\"auto, (max-width: 944px) 100vw, 944px\" \/>\n                                  <\/div>\n        <\/div>\n      <\/div>\n    <\/div>\n  <\/section>\n\n\n<div id=\"sustentabilidade\"><\/div>\n  <section class=\"text-image block-6a08fb87a435b type-light \" >\n    <div class=\"container\">\n      <div class=\"row align-items-center\">\n        <div class=\"col-xl-6 text-image__content text-image__content--right order-2 order-xl-2\" data-aos=\"fade-left\" data-aos-anchor=\".block-6a08fb87a435b\">\n          <div class=\"acf-innerblocks-container\">\n\n<h2 class=\"wp-block-heading\">Contribua positivamente para a sustentabilidade<\/h2>\n\n\n\n<p>Ajude a proteger o ambiente escolhendo um toner produzido de forma sustent\u00e1vel.<\/p>\n\n\n\n<p>Durante o processo de fabrico do toner INTEGRAL, apenas utilizamos mat\u00e9rias-primas de alta qualidade e amigas do ambiente. Estas s\u00e3o seleccionadas para garantir a utiliza\u00e7\u00e3o respons\u00e1vel dos recursos. Tamb\u00e9m cumprimos totalmente a lei europeia de produtos qu\u00edmicos REACH e a diretiva RoHS.<\/p>\n\n\n      <a class=\"btn btn-primary\" href=\"https:\/\/integral-toner.de\/pt-pt\/empresa\/meio-ambiente-e-sustentabilidade\/\" target=\"\">\n        \n        Consulte Mais informa\u00e7\u00e3o    <\/a>\n  \n<\/div>\n        <\/div>\n\n        <div class=\"col-xl-6  order-1 order-xl-1\" data-aos=\"fade-right\" data-aos-anchor=\".block-6a08fb87a435b\">\n          <div class=\"text-image__image wide-image text-image__image--left\">\n                          <img decoding=\"async\" width=\"945\" height=\"548\" src=\"https:\/\/integral-toner.de\/wp-content\/uploads\/2023\/10\/integral-hohe-nachhaltigkeit.jpg\" class=\"attachment-large_medium size-large_medium\" alt=\"\" loading=\"lazy\" srcset=\"https:\/\/integral-toner.de\/wp-content\/uploads\/2023\/10\/integral-hohe-nachhaltigkeit.jpg 945w, https:\/\/integral-toner.de\/wp-content\/uploads\/2023\/10\/integral-hohe-nachhaltigkeit-300x174.jpg 300w, https:\/\/integral-toner.de\/wp-content\/uploads\/2023\/10\/integral-hohe-nachhaltigkeit-768x445.jpg 768w\" sizes=\"auto, (max-width: 945px) 100vw, 945px\" \/>\n                                  <\/div>\n        <\/div>\n      <\/div>\n    <\/div>\n  <\/section>\n\n\n<div id=\"vantagens\"><\/div>\n  <section class=\"text-image block-6a08fb87a54d9 type-white \" >\n    <div class=\"container\">\n      <div class=\"row align-items-center\">\n        <div class=\"col-xl-6 text-image__content  order-2 order-xl-1\" data-aos=\"fade-right\" data-aos-anchor=\".block-6a08fb87a54d9\">\n          <div class=\"acf-innerblocks-container\">\n\n<h2 class=\"wp-block-heading\">Desbloqueie as vantagens para si e para os seus clientes<\/h2>\n\n\n\n<p>Aproveite a nossa combina\u00e7\u00e3o \u00fanica de qualidade excecional, baixos custos operacionais e produ\u00e7\u00e3o sustent\u00e1vel para criar uma proposta atractiva para os seus clientes. Com toners compat\u00edveis de qualidade OEM a pre\u00e7os competitivos, tamb\u00e9m o ajudamos a ser mais rent\u00e1vel.&nbsp;<\/p>\n\n\n\n<p>A nossa equipa de apoio ao cliente est\u00e1 pronta para responder a quaisquer quest\u00f5es que possa ter. Tamb\u00e9m o ajudaremos com quest\u00f5es e or\u00e7amentos de envio.<\/p>\n\n<\/div>\n        <\/div>\n\n        <div class=\"col-xl-6  order-1 order-xl-2\" data-aos=\"fade-left\" data-aos-anchor=\".block-6a08fb87a54d9\">\n          <div class=\"text-image__image wide-image \">\n                          <img decoding=\"async\" width=\"944\" height=\"548\" src=\"https:\/\/integral-toner.de\/wp-content\/uploads\/2023\/10\/integral-vorteile-nutzen.jpg\" class=\"attachment-large_medium size-large_medium\" alt=\"\" loading=\"lazy\" srcset=\"https:\/\/integral-toner.de\/wp-content\/uploads\/2023\/10\/integral-vorteile-nutzen.jpg 944w, https:\/\/integral-toner.de\/wp-content\/uploads\/2023\/10\/integral-vorteile-nutzen-300x174.jpg 300w, https:\/\/integral-toner.de\/wp-content\/uploads\/2023\/10\/integral-vorteile-nutzen-768x446.jpg 768w\" sizes=\"auto, (max-width: 944px) 100vw, 944px\" \/>\n                                  <\/div>\n        <\/div>\n      <\/div>\n    <\/div>\n  <\/section>\n","protected":false},"excerpt":{"rendered":"","protected":false},"author":15,"featured_media":1661,"parent":3403,"menu_order":0,"comment_status":"closed","ping_status":"closed","template":"","meta":{"_acf_changed":false,"_seopress_robots_primary_cat":"","_seopress_titles_title":"Resultados com toners equivalentes a OEM | INTEGRAL","_seopress_titles_desc":"Beneficie das vantagens da excelente qualidade de impress\u00e3o e dos baixos custos de funcionamento.","_seopress_robots_index":"","_seopress_analysis_target_kw":"","footnotes":""},"class_list":["post-3438","page","type-page","status-publish","has-post-thumbnail","hentry"],"acf":[],"_links":{"self":[{"href":"https:\/\/integral-toner.de\/pt-pt\/wp-json\/wp\/v2\/pages\/3438","targetHints":{"allow":["GET"]}}],"collection":[{"href":"https:\/\/integral-toner.de\/pt-pt\/wp-json\/wp\/v2\/pages"}],"about":[{"href":"https:\/\/integral-toner.de\/pt-pt\/wp-json\/wp\/v2\/types\/page"}],"author":[{"embeddable":true,"href":"https:\/\/integral-toner.de\/pt-pt\/wp-json\/wp\/v2\/users\/15"}],"replies":[{"embeddable":true,"href":"https:\/\/integral-toner.de\/pt-pt\/wp-json\/wp\/v2\/comments?post=3438"}],"version-history":[{"count":18,"href":"https:\/\/integral-toner.de\/pt-pt\/wp-json\/wp\/v2\/pages\/3438\/revisions"}],"predecessor-version":[{"id":7707,"href":"https:\/\/integral-toner.de\/pt-pt\/wp-json\/wp\/v2\/pages\/3438\/revisions\/7707"}],"up":[{"embeddable":true,"href":"https:\/\/integral-toner.de\/pt-pt\/wp-json\/wp\/v2\/pages\/3403"}],"wp:featuredmedia":[{"embeddable":true,"href":"https:\/\/integral-toner.de\/pt-pt\/wp-json\/wp\/v2\/media\/1661"}],"wp:attachment":[{"href":"https:\/\/integral-toner.de\/pt-pt\/wp-json\/wp\/v2\/media?parent=3438"}],"curies":[{"name":"wp","href":"https:\/\/api.w.org\/{rel}","templated":true}]}}