{"id":3221,"date":"2023-10-18T15:40:37","date_gmt":"2023-10-18T15:40:37","guid":{"rendered":"https:\/\/integral-toner.de\/?page_id=3221"},"modified":"2025-06-25T12:16:52","modified_gmt":"2025-06-25T10:16:52","slug":"home","status":"publish","type":"page","link":"https:\/\/integral-toner.de\/pt-pt\/","title":{"rendered":"P\u00e1gina inicial"},"content":{"rendered":"  <section class=\"hero block-69e16a6879974\" >\n    <ul class=\"hero__slider\">\n            <li>\n        <div class=\"container\">\n          <h1 class=\"hero__title\">PODER VERDADEIRO.<br>  TONER INTEGRAL.<\/h1>\n        <\/div>\n                  <img loading=\"lazy\" decoding=\"async\" width=\"1920\" height=\"880\" src=\"https:\/\/integral-toner.de\/wp-content\/uploads\/2023\/10\/true-power-integral-toner-min.jpg\" class=\"attachment-full size-full\" alt=\"Toner in marktf\u00fchrender Quali\" srcset=\"https:\/\/integral-toner.de\/wp-content\/uploads\/2023\/10\/true-power-integral-toner-min.jpg 1920w, https:\/\/integral-toner.de\/wp-content\/uploads\/2023\/10\/true-power-integral-toner-min-300x138.jpg 300w, https:\/\/integral-toner.de\/wp-content\/uploads\/2023\/10\/true-power-integral-toner-min-1024x469.jpg 1024w, https:\/\/integral-toner.de\/wp-content\/uploads\/2023\/10\/true-power-integral-toner-min-768x352.jpg 768w, https:\/\/integral-toner.de\/wp-content\/uploads\/2023\/10\/true-power-integral-toner-min-1536x704.jpg 1536w\" sizes=\"auto, (max-width: 1920px) 100vw, 1920px\" \/>\n              <\/li>\n            <li>\n        <div class=\"container\">\n          <h1 class=\"hero__title\">VERDADEIRO NEGRO.<br>  TONER INTEGRAL.<\/h1>\n        <\/div>\n                  <div class=\"d-none d-md-block\">\n            <img loading=\"lazy\" decoding=\"async\" width=\"1920\" height=\"880\" src=\"https:\/\/integral-toner.de\/wp-content\/uploads\/2023\/10\/true-black-integral-toner-min.jpg\" class=\"attachment-full size-full\" alt=\"\" srcset=\"https:\/\/integral-toner.de\/wp-content\/uploads\/2023\/10\/true-black-integral-toner-min.jpg 1920w, https:\/\/integral-toner.de\/wp-content\/uploads\/2023\/10\/true-black-integral-toner-min-300x138.jpg 300w, https:\/\/integral-toner.de\/wp-content\/uploads\/2023\/10\/true-black-integral-toner-min-1024x469.jpg 1024w, https:\/\/integral-toner.de\/wp-content\/uploads\/2023\/10\/true-black-integral-toner-min-768x352.jpg 768w, https:\/\/integral-toner.de\/wp-content\/uploads\/2023\/10\/true-black-integral-toner-min-1536x704.jpg 1536w\" sizes=\"auto, (max-width: 1920px) 100vw, 1920px\" \/>\n          <\/div>\n          <div class=\"d-block d-md-none\">\n            <img loading=\"lazy\" decoding=\"async\" width=\"936\" height=\"880\" src=\"https:\/\/integral-toner.de\/wp-content\/uploads\/2024\/04\/true-black-integral-toner-min-mobile.jpg\" class=\"attachment-full size-full\" alt=\"\" srcset=\"https:\/\/integral-toner.de\/wp-content\/uploads\/2024\/04\/true-black-integral-toner-min-mobile.jpg 936w, https:\/\/integral-toner.de\/wp-content\/uploads\/2024\/04\/true-black-integral-toner-min-mobile-300x282.jpg 300w, https:\/\/integral-toner.de\/wp-content\/uploads\/2024\/04\/true-black-integral-toner-min-mobile-768x722.jpg 768w\" sizes=\"auto, (max-width: 936px) 100vw, 936px\" \/>\n          <\/div>\n              <\/li>\n            <li>\n        <div class=\"container\">\n          <h1 class=\"hero__title\">CORES VERDADEIRAS.<br>  TONER INTEGRAL.<\/h1>\n        <\/div>\n                  <img loading=\"lazy\" decoding=\"async\" width=\"1920\" height=\"880\" src=\"https:\/\/integral-toner.de\/wp-content\/uploads\/2023\/10\/true-colors-integral-toner-min.jpg\" class=\"attachment-full size-full\" alt=\"\" srcset=\"https:\/\/integral-toner.de\/wp-content\/uploads\/2023\/10\/true-colors-integral-toner-min.jpg 1920w, https:\/\/integral-toner.de\/wp-content\/uploads\/2023\/10\/true-colors-integral-toner-min-300x138.jpg 300w, https:\/\/integral-toner.de\/wp-content\/uploads\/2023\/10\/true-colors-integral-toner-min-1024x469.jpg 1024w, https:\/\/integral-toner.de\/wp-content\/uploads\/2023\/10\/true-colors-integral-toner-min-768x352.jpg 768w, https:\/\/integral-toner.de\/wp-content\/uploads\/2023\/10\/true-colors-integral-toner-min-1536x704.jpg 1536w\" sizes=\"auto, (max-width: 1920px) 100vw, 1920px\" \/>\n              <\/li>\n          <\/ul>\n          <a href=\"#kompromisse\" class=\"hero__btn\" title=\"\" >\n        \n      <\/a>\n      <\/section>\n  <section class=\"text-image block-69e16a687d343 type-branco \" id=\"kompromisse\">\n    <div class=\"container\">\n      <div class=\"row dontcenter\">\n        <div class=\"col-xl-6 text-image__content  mb-5 mb-xl-0 order-xl-1\" data-aos=\"fade-right\" data-aos-anchor=\".block-69e16a687d343\">\n          <div class=\"acf-innerblocks-container\">\n  <h2 class=\"g-h2-subtitle\">\n    <span>QUALIDADE SEM COMPROMISSO<\/span><br \/>\n    O toner para melhores imagens  <\/h2>\n\n\n\n<p>A INTEGRAL \u00e9 um dos principais fabricantes mundiais de toner. A INTEGRAL \u00e9 o \u00fanico fabricante genu\u00edno de p\u00f3 de toner na Europa que n\u00e3o est\u00e1 vinculado a um fabricante de dispositivos espec\u00edfico.<\/p>\n\n\n\n<p>A utiliza\u00e7\u00e3o do toner INTEGRAL oferece os benef\u00edcios de uma excelente qualidade de produto, alta competitividade de pre\u00e7os e sustentabilidade.  <br\/>O slogan &#8220;The Toner for Better Images&#8221; representa a qualidade sem compromissos.  <\/p>\n\n\n\n<p>Como importador, distribuidor ou empresa de manuten\u00e7\u00e3o de sistemas de c\u00f3pia e impress\u00e3o, o nosso objetivo \u00e9 oferecer-lhe sempre uma experi\u00eancia de produto excecional. E tem-no feito h\u00e1 mais de 50 anos.<\/p>\n\n<\/div>\n        <\/div>\n\n        <div class=\"col-xl-6   order-xl-2\" data-aos=\"fade-left\" data-aos-anchor=\".block-69e16a687d343\">\n          <div class=\"text-image__image  \">\n                          <img decoding=\"async\" width=\"1071\" height=\"1011\" src=\"https:\/\/integral-toner.de\/wp-content\/uploads\/2023\/10\/the-toner-for-better-images-min.jpg\" class=\"attachment-large_medium size-large_medium\" alt=\"\" loading=\"lazy\" srcset=\"https:\/\/integral-toner.de\/wp-content\/uploads\/2023\/10\/the-toner-for-better-images-min.jpg 1071w, https:\/\/integral-toner.de\/wp-content\/uploads\/2023\/10\/the-toner-for-better-images-min-300x283.jpg 300w, https:\/\/integral-toner.de\/wp-content\/uploads\/2023\/10\/the-toner-for-better-images-min-1024x967.jpg 1024w, https:\/\/integral-toner.de\/wp-content\/uploads\/2023\/10\/the-toner-for-better-images-min-768x725.jpg 768w\" sizes=\"auto, (max-width: 1071px) 100vw, 1071px\" \/>\n                                  <\/div>\n        <\/div>\n      <\/div>\n    <\/div>\n  <\/section>\n  <section class=\"toner block-69e16a687eb26\" >\n    <div class=\"container\">\n      <div class=\"row\">\n        <div class=\"col-12\">\n                      <h2 class=\"g-h2-subtitle\">\n              <span>TONER INTEGRAL<\/span><br \/>\n              Toner de qualidade OEM &#8211; diretamente do fabricante\n            <\/h2>\n                  <\/div>\n                <div class=\"col-12 text-center\">\n          <div class=\"toner__image\">\n            <img decoding=\"async\" width=\"2200\" height=\"1065\" src=\"https:\/\/integral-toner.de\/wp-content\/uploads\/2023\/11\/integral-produktsortiment.jpg\" class=\"attachment-large_medium size-large_medium\" alt=\"Vielf\u00e4ltiges INTEGRAL Produktsortiment\" loading=\"lazy\" srcset=\"https:\/\/integral-toner.de\/wp-content\/uploads\/2023\/11\/integral-produktsortiment.jpg 2200w, https:\/\/integral-toner.de\/wp-content\/uploads\/2023\/11\/integral-produktsortiment-300x145.jpg 300w, https:\/\/integral-toner.de\/wp-content\/uploads\/2023\/11\/integral-produktsortiment-1024x496.jpg 1024w, https:\/\/integral-toner.de\/wp-content\/uploads\/2023\/11\/integral-produktsortiment-768x372.jpg 768w, https:\/\/integral-toner.de\/wp-content\/uploads\/2023\/11\/integral-produktsortiment-1536x744.jpg 1536w, https:\/\/integral-toner.de\/wp-content\/uploads\/2023\/11\/integral-produktsortiment-2048x991.jpg 2048w\" sizes=\"auto, (max-width: 2200px) 100vw, 2200px\" \/>\n          <\/div>\n        <\/div>\n                <div class=\"col-12 col-lg-6\">\n                      <p class=\"g-description\">\n              Em termos de qualidade, o toner INTEGRAL \u00e9 reconhecido na ind\u00fastria como sendo compar\u00e1vel<br \/>\r\naos produtos originais dos fabricantes de dispositivos. Existe apenas uma diferen\u00e7a significativa no pre\u00e7o &#8211; a favor da INTEGRAL. Uma qualidade de produto consistentemente elevada sem compromissos a um pre\u00e7o altamente competitivo s\u00e3o as marcas registadas dos toners INTEGRAL. Os toners INTEGRAL tamb\u00e9m lideram o campo em termos de compatibilidade ambiental e sustentabilidade.   \n            <\/p>\n                                <a href=\"https:\/\/integral-toner.de\/produkte\/\" class=\"g-btn\" title=\"Descobre os nossos produtos\" >\n              Descobre os nossos produtos\n            <\/a>\n                  <\/div>\n      <\/div>\n    <\/div>\n  <\/section>\n    <section class=\"whyintegral block-69e16a6880bf6\" >\n        <div class=\"container\">\n            <div class=\"row\">\n                <div class=\"col-12 col-lg-5\">\n                                            <h2 class=\"g-h2-subtitle\">\n                            <span>PORQU\u00ca INTEGRAL?<\/span><br\/>\n                            As tuas vantagens\n                        <\/h2>\n                                    <\/div>\n                                    <div class=\"whyintegral__image d-none d-lg-flex\">\n                        <img decoding=\"async\" width=\"2500\" height=\"1595\" src=\"https:\/\/integral-toner.de\/wp-content\/uploads\/2023\/11\/vorteile-mit-integral-1.jpg\" class=\"attachment-large_medium size-large_medium\" alt=\"\" loading=\"lazy\" srcset=\"https:\/\/integral-toner.de\/wp-content\/uploads\/2023\/11\/vorteile-mit-integral-1.jpg 2500w, https:\/\/integral-toner.de\/wp-content\/uploads\/2023\/11\/vorteile-mit-integral-1-300x191.jpg 300w, https:\/\/integral-toner.de\/wp-content\/uploads\/2023\/11\/vorteile-mit-integral-1-1024x653.jpg 1024w, https:\/\/integral-toner.de\/wp-content\/uploads\/2023\/11\/vorteile-mit-integral-1-768x490.jpg 768w, https:\/\/integral-toner.de\/wp-content\/uploads\/2023\/11\/vorteile-mit-integral-1-1536x980.jpg 1536w, https:\/\/integral-toner.de\/wp-content\/uploads\/2023\/11\/vorteile-mit-integral-1-2048x1307.jpg 2048w\" sizes=\"auto, (max-width: 2500px) 100vw, 2500px\" \/>\n                    <\/div>\n                                <div class=\"col-12 col-lg-5 offset-lg-1\">\n                                            <p class=\"g-description\">\n                            Compra o toner diretamente ao fabricante. Ao fazer do toner INTEGRAL a base para o sucesso do seu neg\u00f3cio, est\u00e1 a tomar a decis\u00e3o a favor de uma qualidade de produto consistente e excelente. O toner INTEGRAL tem tamb\u00e9m um pre\u00e7o atrativo e contribui de forma importante para a redu\u00e7\u00e3o dos custos operacionais dos sistemas de impress\u00e3o e c\u00f3pia. O toner INTEGRAL \u00e9 considerado exemplar em termos de sustentabilidade.   \n                        <\/p>\n                    \n                                            <ul class=\"mt-5 is-style-red-list d-lg-none\">\n                                                            <li>Excelente qualidade de impress\u00e3o<\/li>\n                                                            <li>Excelente e compat\u00edvel<\/li>\n                                                            <li>Rendimento elevado de p\u00e1ginas<\/li>\n                                                            <li>Sustentabilidade<\/li>\n                                                            <li>L\u00edder na rela\u00e7\u00e3o pre\u00e7o\/desempenho<\/li>\n                                                            <li>Baixos custos de funcionamento<\/li>\n                                                            <li>Pre\u00e7o atrativo<\/li>\n                                                    <\/ul>\n                                    <\/div>\n            <\/div>\n        <\/div>\n\n                    <div class=\"mt-5 m-0 whyintegral__image d-block d-lg-none\">\n                <img decoding=\"async\" width=\"600\" height=\"602\" src=\"https:\/\/integral-toner.de\/wp-content\/uploads\/2023\/11\/Montage-Winter-Kartusche-mobil.jpg\" class=\"attachment-large_medium size-large_medium\" alt=\"Toner direkt vom Hersteller\" loading=\"lazy\" srcset=\"https:\/\/integral-toner.de\/wp-content\/uploads\/2023\/11\/Montage-Winter-Kartusche-mobil.jpg 600w, https:\/\/integral-toner.de\/wp-content\/uploads\/2023\/11\/Montage-Winter-Kartusche-mobil-300x300.jpg 300w, https:\/\/integral-toner.de\/wp-content\/uploads\/2023\/11\/Montage-Winter-Kartusche-mobil-150x150.jpg 150w\" sizes=\"auto, (max-width: 600px) 100vw, 600px\" \/>\n            <\/div>\n            <\/section>\n  <section class=\"advantages block-69e16a688300f\" >\n    <div class=\"container\">\n      <div class=\"row\">\n                  <div class=\"col-12 col-md-6 col-lg-4\">\n            <div class=\"advantages__item\">\n              <p class=\"advantages__title\">Aumenta a efici\u00eancia de custos e a melhor qualidade de impress\u00e3o poss\u00edvel<\/p>\n              <p class=\"advantages__description\">Conseguir poupan\u00e7as de custos sem comprometer a qualidade \u00e9 a vantagem que os revendedores especializados em tecnologia de c\u00f3pia e impress\u00e3o esperam de um fabricante de toner l\u00edder.<\/p> \n            <\/div>\n          <\/div>\n                  <div class=\"col-12 col-md-6 col-lg-4\">\n            <div class=\"advantages__item\">\n              <p class=\"advantages__title\">Escolhe um fabricante de toner genu\u00edno<\/p>\n              <p class=\"advantages__description\">A INTEGRAL tem vindo a produzir toner desde 1973 e com meio s\u00e9culo de experi\u00eancia de produ\u00e7\u00e3o, somos uma das empresas mais experientes na ind\u00fastria. <\/p> \n            <\/div>\n          <\/div>\n                  <div class=\"col-12 col-md-6 col-lg-4\">\n            <div class=\"advantages__item\">\n              <p class=\"advantages__title\">Tira partido da elevada qualidade de impress\u00e3o e c\u00f3pia<\/p>\n              <p class=\"advantages__description\">Os utilizadores e as empresas especializadas esperam uma qualidade de impress\u00e3o perfeita de um toner de alta qualidade.<\/p> \n            <\/div>\n          <\/div>\n                  <div class=\"col-12 col-md-6 col-lg-4\">\n            <div class=\"advantages__item\">\n              <p class=\"advantages__title\">Escolhe produtos com um elevado n\u00edvel de sustentabilidade<\/p>\n              <p class=\"advantages__description\">A a\u00e7\u00e3o sustent\u00e1vel \u00e9 uma grande prioridade na INTEGRAL. A utiliza\u00e7\u00e3o respons\u00e1vel dos recursos est\u00e1 no centro da nossa filosofia empresarial. <\/p> \n            <\/div>\n          <\/div>\n                  <div class=\"col-12 col-md-6 col-lg-4\">\n            <div class=\"advantages__item\">\n              <p class=\"advantages__title\">Optimiza as vantagens e benef\u00edcios para a tua empresa e para os teus clientes<\/p>\n              <p class=\"advantages__description\">O slogan da empresa &quot;The Toner for Better Images&quot; representa os benef\u00edcios que resultam da utiliza\u00e7\u00e3o do toner INTEGRAL.<\/p> \n            <\/div>\n          <\/div>\n                  <div class=\"col-12 col-md-6 col-lg-4\">\n            <div class=\"advantages__item\">\n              <p class=\"advantages__title\">Optimiza os custos de funcionamento dos aparelhos<\/p>\n              <p class=\"advantages__description\">Para ser econ\u00f3mico, um toner deve garantir baixos custos de funcionamento do hardware, para al\u00e9m de uma elevada qualidade de impress\u00e3o.<\/p> \n            <\/div>\n          <\/div>\n                <div class=\"col-12\">\n                      <a href=\"https:\/\/integral-toner.de\/unternehmen\/warum-integral\/\" class=\"g-btn\" title=\"Aprende mais agora\" >\n              Aprende mais agora\n            <\/a>\n                  <\/div>\n      <\/div>\n    <\/div>\n  <\/section>\n    <section class=\"career block-69e16a688662f\" >\n                    <div class=\"career__image\">\n                <img decoding=\"async\" width=\"945\" height=\"548\" src=\"https:\/\/integral-toner.de\/wp-content\/uploads\/2023\/10\/karriere-bei-integral-min.jpg\" class=\"attachment-large_medium size-large_medium\" alt=\"\" loading=\"lazy\" srcset=\"https:\/\/integral-toner.de\/wp-content\/uploads\/2023\/10\/karriere-bei-integral-min.jpg 945w, https:\/\/integral-toner.de\/wp-content\/uploads\/2023\/10\/karriere-bei-integral-min-300x174.jpg 300w, https:\/\/integral-toner.de\/wp-content\/uploads\/2023\/10\/karriere-bei-integral-min-768x445.jpg 768w\" sizes=\"auto, (max-width: 945px) 100vw, 945px\" \/>\n            <\/div>\n                <div class=\"container\">\n            <div class=\"row\">\n                <div class=\"col-12 col-xl-5\">\n                                            <h2 class=\"g-h2-subtitle\">\n                            <span>CARREIRA COM INTEGRAL<\/span><br\/>\n                            Juntos, definimos o(s) tom(s)\n                        <\/h2>\n                    \n                                            <p class=\"g-description\">\n                            Est\u00e1s na altura de mudar de carreira? Gostarias de dar uma lufada de ar fresco \u00e0 tua carreira? Como colaborador empenhado e competente, est\u00e1s no caminho certo na INTEGRAL. Oferecemos oportunidades de carreira atractivas para os melhores desempenhos. E talvez em breve possamos dar-te as boas-vindas como uma adi\u00e7\u00e3o \u00e0 nossa equipa.    <br \/>\r\n<br \/>\r\nEncontra agora o emprego certo connosco!\n                        <\/p>\n                    \n                                            <a href=\"https:\/\/integral-toner.de\/unternehmen\/karriere\/#stellenanzeigen\" class=\"g-btn\" title=\"Vagas actuais\"\n                           >\n                            Vagas actuais\n                        <\/a>\n                                    <\/div>\n            <\/div>\n            <div class=\"row career__cards \">\n                \n                <div class=\"col-12 \">\n                    <div class=\"g-card second\">\n                                                    <p class=\"g-card__title\">APOIA<\/p>\n                            <p class=\"g-card__description\">Tens alguma pergunta sobre n\u00f3s ou sobre os nossos produtos?<\/p>\n                                                                            <span class=\"g-card__arrow\"><\/span>\n                            <a href=\"https:\/\/integral-toner.de\/support\/\" class=\"g-card__link\" title=\"Tens alguma pergunta sobre n\u00f3s ou sobre os nossos produtos?\"><\/a>\n                                            <\/div>\n                <\/div>\n            <\/div>\n        <\/div>\n    <\/section>\n","protected":false},"excerpt":{"rendered":"","protected":false},"author":1,"featured_media":1000,"parent":0,"menu_order":0,"comment_status":"closed","ping_status":"open","template":"","meta":{"_acf_changed":false,"_seopress_robots_primary_cat":"","_seopress_titles_title":"Fabricante de toner | Toner INTEGRAL","_seopress_titles_desc":"Toner B2B para importadores e revendedores \u2714\ufe0f Qualidade OEM \u2714\ufe0f independente do fabricante \u2714\ufe0f sustent\u00e1vel \u2714\ufe0f Pede um pre\u00e7o agora!","_seopress_robots_index":"","footnotes":""},"class_list":["post-3221","page","type-page","status-publish","has-post-thumbnail","hentry"],"acf":[],"_links":{"self":[{"href":"https:\/\/integral-toner.de\/pt-pt\/wp-json\/wp\/v2\/pages\/3221","targetHints":{"allow":["GET"]}}],"collection":[{"href":"https:\/\/integral-toner.de\/pt-pt\/wp-json\/wp\/v2\/pages"}],"about":[{"href":"https:\/\/integral-toner.de\/pt-pt\/wp-json\/wp\/v2\/types\/page"}],"author":[{"embeddable":true,"href":"https:\/\/integral-toner.de\/pt-pt\/wp-json\/wp\/v2\/users\/1"}],"replies":[{"embeddable":true,"href":"https:\/\/integral-toner.de\/pt-pt\/wp-json\/wp\/v2\/comments?post=3221"}],"version-history":[{"count":20,"href":"https:\/\/integral-toner.de\/pt-pt\/wp-json\/wp\/v2\/pages\/3221\/revisions"}],"predecessor-version":[{"id":8841,"href":"https:\/\/integral-toner.de\/pt-pt\/wp-json\/wp\/v2\/pages\/3221\/revisions\/8841"}],"wp:featuredmedia":[{"embeddable":true,"href":"https:\/\/integral-toner.de\/pt-pt\/wp-json\/wp\/v2\/media\/1000"}],"wp:attachment":[{"href":"https:\/\/integral-toner.de\/pt-pt\/wp-json\/wp\/v2\/media?parent=3221"}],"curies":[{"name":"wp","href":"https:\/\/api.w.org\/{rel}","templated":true}]}}