{"id":8965,"date":"2023-10-28T11:00:36","date_gmt":"2023-10-28T09:00:36","guid":{"rendered":"https:\/\/integral-toner.de\/consegne-in-tutto-il-mondo-in-tutti-i-continenti\/"},"modified":"2025-07-31T08:08:58","modified_gmt":"2025-07-31T06:08:58","slug":"consegne-in-tutto-il-mondo-in-tutti-i-continenti","status":"publish","type":"page","link":"https:\/\/integral-toner.de\/it\/consegne-in-tutto-il-mondo-in-tutti-i-continenti\/","title":{"rendered":"Consegne in tutto il mondo in tutti i continenti"},"content":{"rendered":"  <section class=\"textsection block-69d7c068891dc type- \" >\n    <div class=\"container\">\n      <div class=\"row\">\n        <div class=\"col-12 col-lg-8 offset-lg-2 g-content\">\n          <div class=\"acf-innerblocks-container\">\n  <h1 class=\"g-h1-subtitle\">\n    <span>L&#8217;azienda<\/span><br \/>\n    Consegne in tutto il mondo in tutti i continenti  <\/h1>\n\n\n\n<figure class=\"wp-block-image size-full\"><img loading=\"lazy\" decoding=\"async\" width=\"951\" height=\"549\" src=\"https:\/\/integral-toner.de\/wp-content\/uploads\/2023\/10\/integral-weltweite-lieferungen.jpg\" alt=\"\" class=\"wp-image-410\" srcset=\"https:\/\/integral-toner.de\/wp-content\/uploads\/2023\/10\/integral-weltweite-lieferungen.jpg 951w, https:\/\/integral-toner.de\/wp-content\/uploads\/2023\/10\/integral-weltweite-lieferungen-300x173.jpg 300w, https:\/\/integral-toner.de\/wp-content\/uploads\/2023\/10\/integral-weltweite-lieferungen-768x443.jpg 768w\" sizes=\"auto, (max-width: 951px) 100vw, 951px\" \/><\/figure>\n\n\n\n<p>Con oltre 4.000 clienti in tutti i continenti, INTEGRAL conosce le esigenze dei clienti nazionali e internazionali.<\/p>\n\n\n\n<p>INTEGRAL \u00e8 lieta di ottenere preventivi di trasporto per te prima della spedizione, perch\u00e9 vogliamo che tu riceva la merce alle tariffe di trasporto pi\u00f9 vantaggiose possibili. Per proteggere al meglio la merce, INTEGRAL offre la possibilit\u00e0 di spedirla in pallet robusti e rivestiti. Ricevere merci pulite e non danneggiate consente di risparmiare sui costi, di garantire la soddisfazione del cliente e di evitare lunghe discussioni con i trasportatori per i danni causati dal trasporto.  <\/p>\n\n\n\n<p>Se decidi di affidarti a INTEGRAL, puoi essere certo che le tue consegne saranno gestite in modo professionale anche per quanto riguarda il trasporto.<\/p>\n\n\n      <a class=\"is-style-back-to\" href=\"https:\/\/integral-toner.de\/unternehmen\/#logistik\" target=\"\">\n        <svg xmlns=\"http:\/\/www.w3.org\/2000\/svg\" width=\"26.964\" height=\"15.208\" viewBox=\"0 0 26.964 15.208\">\n  <g transform=\"translate(1 0.707)\">\n    <path d=\"M388.367,27l-6.9-6.9a1,1,0,0,1,0-1.414l6.9-6.9,1.414,1.414-6.19,6.19,6.19,6.19Z\" transform=\"translate(-382.177 -12.5)\" fill=\"#e3051b\"\/>\n    <path d=\"M25.964,1H0V-1H25.964Z\" transform=\"translate(0 6.897)\" fill=\"#e3051b\"\/>\n  <\/g>\n<\/svg>\n\n        Torna alla panoramica    <\/a>\n  \n<\/div>\n        <\/div>\n      <\/div>\n    <\/div>\n  <\/section>\n","protected":false},"excerpt":{"rendered":"","protected":false},"author":1,"featured_media":10045,"parent":0,"menu_order":0,"comment_status":"closed","ping_status":"closed","template":"template-article.php","meta":{"_acf_changed":false,"_seopress_robots_primary_cat":"","_seopress_titles_title":"consegne di toner in tutto il mondo | INTEGRAL","_seopress_titles_desc":"Ci occupiamo delle offerte di trasporto per ottenere le tariffe pi\u00f9 vantaggiose possibili! \u2794 Robusti pallet in lamiera per proteggere le merci e mantenerle pulite e integre","_seopress_robots_index":"","footnotes":""},"class_list":["post-8965","page","type-page","status-publish","has-post-thumbnail","hentry"],"acf":[],"_links":{"self":[{"href":"https:\/\/integral-toner.de\/it\/wp-json\/wp\/v2\/pages\/8965","targetHints":{"allow":["GET"]}}],"collection":[{"href":"https:\/\/integral-toner.de\/it\/wp-json\/wp\/v2\/pages"}],"about":[{"href":"https:\/\/integral-toner.de\/it\/wp-json\/wp\/v2\/types\/page"}],"author":[{"embeddable":true,"href":"https:\/\/integral-toner.de\/it\/wp-json\/wp\/v2\/users\/1"}],"replies":[{"embeddable":true,"href":"https:\/\/integral-toner.de\/it\/wp-json\/wp\/v2\/comments?post=8965"}],"version-history":[{"count":2,"href":"https:\/\/integral-toner.de\/it\/wp-json\/wp\/v2\/pages\/8965\/revisions"}],"predecessor-version":[{"id":8967,"href":"https:\/\/integral-toner.de\/it\/wp-json\/wp\/v2\/pages\/8965\/revisions\/8967"}],"wp:featuredmedia":[{"embeddable":true,"href":"https:\/\/integral-toner.de\/it\/wp-json\/wp\/v2\/media\/10045"}],"wp:attachment":[{"href":"https:\/\/integral-toner.de\/it\/wp-json\/wp\/v2\/media?parent=8965"}],"curies":[{"name":"wp","href":"https:\/\/api.w.org\/{rel}","templated":true}]}}