{"id":8933,"date":"2023-10-20T14:31:35","date_gmt":"2023-10-20T12:31:35","guid":{"rendered":"https:\/\/integral-toner.de\/perche-integrale\/"},"modified":"2025-07-31T08:10:47","modified_gmt":"2025-07-31T06:10:47","slug":"perche-integrale","status":"publish","type":"page","link":"https:\/\/integral-toner.de\/it\/lazienda\/perche-integrale\/","title":{"rendered":"Perch\u00e9 integrale"},"content":{"rendered":"  <section class=\"hero-image block-69d77182a3f8a\" >\n          <div class=\"hero-image__image d-none d-sm-block\">\n        <img loading=\"lazy\" decoding=\"async\" width=\"1920\" height=\"880\" src=\"https:\/\/integral-toner.de\/wp-content\/uploads\/2024\/02\/Test-2.jpg\" class=\"object-position-y-50\" alt=\"\" srcset=\"https:\/\/integral-toner.de\/wp-content\/uploads\/2024\/02\/Test-2.jpg 1920w, https:\/\/integral-toner.de\/wp-content\/uploads\/2024\/02\/Test-2-300x138.jpg 300w, https:\/\/integral-toner.de\/wp-content\/uploads\/2024\/02\/Test-2-1024x469.jpg 1024w, https:\/\/integral-toner.de\/wp-content\/uploads\/2024\/02\/Test-2-768x352.jpg 768w, https:\/\/integral-toner.de\/wp-content\/uploads\/2024\/02\/Test-2-1536x704.jpg 1536w\" sizes=\"auto, (max-width: 1920px) 100vw, 1920px\" \/>\n      <\/div>\n    \n          <div class=\"hero-image__image d-block d-sm-none\">\n        <img loading=\"lazy\" decoding=\"async\" width=\"600\" height=\"602\" src=\"https:\/\/integral-toner.de\/wp-content\/uploads\/2023\/11\/Montage-Winter-Kartusche-mobil.jpg\" class=\"attachment-full size-full\" alt=\"Toner direkt vom Hersteller\" srcset=\"https:\/\/integral-toner.de\/wp-content\/uploads\/2023\/11\/Montage-Winter-Kartusche-mobil.jpg 600w, https:\/\/integral-toner.de\/wp-content\/uploads\/2023\/11\/Montage-Winter-Kartusche-mobil-300x300.jpg 300w, https:\/\/integral-toner.de\/wp-content\/uploads\/2023\/11\/Montage-Winter-Kartusche-mobil-150x150.jpg 150w\" sizes=\"auto, (max-width: 600px) 100vw, 600px\" \/>\n      <\/div>\n        <div class=\"container\">\n      <div class=\"row\">\n        <div class=\"col-12 col-lg-7\">\n          <div class=\"hero-image__content\">\n                          <h1 class=\"g-h2-subtitle\">\n                <span>PERCH\u00c9 INTEGRALE<\/span><br \/>\n                I tuoi vantaggi\n              <\/h1>\n            \n                          <p class=\"g-description\">\n                Solo il meglio per la tua azienda e i tuoi clienti.\n              <\/p>\n            \n                          <a href=\"https:\/\/integral-toner.de\/kontakt\/\" class=\"g-btn\" title=\"Contattaci ora\" >\n                Contattaci ora\n              <\/a>\n                      <\/div>\n        <\/div>\n      <\/div>\n    <\/div>\n  <\/section>\n  <section class=\"text-image block-69d77182a7a9b type-luce \" >\n    <div class=\"container\">\n      <div class=\"row align-items-center\">\n        <div class=\"col-xl-6 text-image__content text-image__content--right order-2 order-xl-2\" data-aos=\"fade-left\" data-aos-anchor=\".block-69d77182a7a9b\">\n          <div class=\"acf-innerblocks-container\">\n<div id=\"kosteneffizienz\"><\/div>\n\n<h2 class=\"wp-block-heading\">Maggiore efficienza dei costi e migliore qualit\u00e0 di stampa possibile<\/h2>\n\n\n\n<p>Risparmiare sui costi senza compromettere la qualit\u00e0 \u00e8 il vantaggio che i rivenditori specializzati in tecnologie di copiatura e stampa si aspettano da un produttore leader di toner. Il toner INTEGRAL \u00e8 noto per il suo reale risparmio sui costi grazie alla sua alta qualit\u00e0 e affidabilit\u00e0. I prezzi sono considerati interessanti. In qualit\u00e0 di produttore autentico di polvere di toner, INTEGRAL offre a clienti e utenti un elevato livello di vantaggi, riducendo i costi dei sistemi di stampa e copia e aumentando al contempo i margini di guadagno.   <\/p>\n\n<\/div>\n        <\/div>\n\n        <div class=\"col-xl-6  order-1 order-xl-1\" data-aos=\"fade-right\" data-aos-anchor=\".block-69d77182a7a9b\">\n          <div class=\"text-image__image  text-image__image--left\">\n                          <img decoding=\"async\" width=\"1600\" height=\"1041\" src=\"https:\/\/integral-toner.de\/wp-content\/uploads\/2024\/02\/Grafik-Kosteneffizienz-dunkel-gemischte-Schreibweise.png\" class=\"attachment-large_medium size-large_medium\" alt=\"\" loading=\"lazy\" srcset=\"https:\/\/integral-toner.de\/wp-content\/uploads\/2024\/02\/Grafik-Kosteneffizienz-dunkel-gemischte-Schreibweise.png 1600w, https:\/\/integral-toner.de\/wp-content\/uploads\/2024\/02\/Grafik-Kosteneffizienz-dunkel-gemischte-Schreibweise-300x195.png 300w, https:\/\/integral-toner.de\/wp-content\/uploads\/2024\/02\/Grafik-Kosteneffizienz-dunkel-gemischte-Schreibweise-1024x666.png 1024w, https:\/\/integral-toner.de\/wp-content\/uploads\/2024\/02\/Grafik-Kosteneffizienz-dunkel-gemischte-Schreibweise-768x500.png 768w, https:\/\/integral-toner.de\/wp-content\/uploads\/2024\/02\/Grafik-Kosteneffizienz-dunkel-gemischte-Schreibweise-1536x999.png 1536w\" sizes=\"auto, (max-width: 1600px) 100vw, 1600px\" \/>\n                                  <\/div>\n        <\/div>\n      <\/div>\n    <\/div>\n  <\/section>\n<div id=\"oemqualitat\"><\/div>\n  <section class=\"text-image block-69d77182a98c1 type-bianco \" id=\"tonhersteller\">\n    <div class=\"container\">\n      <div class=\"row dontcenter\">\n        <div class=\"col-xl-6 text-image__content  order-2 order-xl-1\" data-aos=\"fade-right\" data-aos-anchor=\".block-69d77182a98c1\">\n          <div class=\"acf-innerblocks-container\">\n\n<h2 class=\"wp-block-heading\">Scegli un produttore con qualit\u00e0 OEM<\/h2>\n\n\n\n<p>INTEGRAL produce toner dal 1973 e con quasi mezzo secolo di esperienza nella produzione, siamo una delle aziende pi\u00f9 esperte del settore. Oggi INTEGRAL \u00e8 uno dei principali produttori di toner al mondo.  <\/p>\n\n\n\n<p>Tra l&#8217;altro, INTEGRAL \u00e8 l&#8217;unico produttore indipendente di toner in Europa.<\/p>\n\n\n\n<p>Per produzione di toner non intendiamo l&#8217;assemblaggio di cartucce di toner, ma la produzione completa di polvere di toner, a partire dall&#8217;estrusione delle materie prime, seguita dal processo di macinazione, dal processo di setacciatura e dal rivestimento additivo della superficie delle particelle di toner.<\/p>\n\n\n      <a class=\"btn btn-primary\" href=\"https:\/\/integral-toner.de\/unternehmen\/warum-integral\/entscheiden-sie-sich-fuer-einen-echten-tonerhersteller\/\" target=\"\">\n        \n        Leggi tutto    <\/a>\n  \n<\/div>\n        <\/div>\n\n        <div class=\"col-xl-6  order-1 order-xl-2\" data-aos=\"fade-left\" data-aos-anchor=\".block-69d77182a98c1\">\n          <div class=\"text-image__image wide-image \">\n                          <img decoding=\"async\" width=\"945\" height=\"548\" src=\"https:\/\/integral-toner.de\/wp-content\/uploads\/2023\/10\/integral-tonerhersteller.jpg\" class=\"attachment-large_medium size-large_medium\" alt=\"INTEGRAL ist echter Toner-Hersteller\" loading=\"lazy\" srcset=\"https:\/\/integral-toner.de\/wp-content\/uploads\/2023\/10\/integral-tonerhersteller.jpg 945w, https:\/\/integral-toner.de\/wp-content\/uploads\/2023\/10\/integral-tonerhersteller-300x174.jpg 300w, https:\/\/integral-toner.de\/wp-content\/uploads\/2023\/10\/integral-tonerhersteller-768x445.jpg 768w\" sizes=\"auto, (max-width: 945px) 100vw, 945px\" \/>\n                                  <\/div>\n        <\/div>\n      <\/div>\n    <\/div>\n  <\/section>\n<div id=\"qualitat\"><\/div>\n  <section class=\"text-image block-69d77182ab70c type-luce \" >\n    <div class=\"container\">\n      <div class=\"row dontcenter\">\n        <div class=\"col-xl-6 text-image__content text-image__content--right order-2 order-xl-2\" data-aos=\"fade-left\" data-aos-anchor=\".block-69d77182ab70c\">\n          <div class=\"acf-innerblocks-container\">\n\n<h2 class=\"wp-block-heading\">Sfrutta l&#8217;elevata qualit\u00e0 di stampa e copia<\/h2>\n\n\n\n<p>Gli utenti e le aziende specializzate si aspettano una qualit\u00e0 di stampa perfetta da un toner di alta qualit\u00e0. Per le stampe in bianco e nero ci si aspetta stampe e copie nitidissime. Per le stampe a colori \u00e8 fondamentale una riproduzione brillante dei colori. <\/p>\n\n\n\n<p>Il toner INTEGRAL \u00e8 riconosciuto nel settore per la sua qualit\u00e0 particolarmente elevata. Oltre alla sua reputazione di qualit\u00e0 di stampa eccellente, il toner INTEGRAL \u00e8 riconosciuto per le sue prestazioni di stampa costanti. Dalla prima all&#8217;ultima pagina e da una consegna all&#8217;altra.  <\/p>\n\n\n\n<p>In termini di qualit\u00e0, il toner INTEGRAL \u00e8 una vera alternativa ai cosiddetti prodotti originali dei produttori di dispositivi. Solo che i prezzi sono ovviamente molto pi\u00f9 bassi. <\/p>\n\n<\/div>\n        <\/div>\n\n        <div class=\"col-xl-6  order-1 order-xl-1\" data-aos=\"fade-right\" data-aos-anchor=\".block-69d77182ab70c\">\n          <div class=\"text-image__image wide-image text-image__image--left\">\n                          <img decoding=\"async\" width=\"898\" height=\"548\" src=\"https:\/\/integral-toner.de\/wp-content\/uploads\/2023\/10\/integral-druck-und-kopienqualitaet.jpg\" class=\"attachment-large_medium size-large_medium\" alt=\"INTEGRAL steht f\u00fcr exzellente Toner-Qualit\u00e4t\" loading=\"lazy\" srcset=\"https:\/\/integral-toner.de\/wp-content\/uploads\/2023\/10\/integral-druck-und-kopienqualitaet.jpg 898w, https:\/\/integral-toner.de\/wp-content\/uploads\/2023\/10\/integral-druck-und-kopienqualitaet-300x183.jpg 300w, https:\/\/integral-toner.de\/wp-content\/uploads\/2023\/10\/integral-druck-und-kopienqualitaet-768x469.jpg 768w\" sizes=\"auto, (max-width: 898px) 100vw, 898px\" \/>\n                                  <\/div>\n        <\/div>\n      <\/div>\n    <\/div>\n  <\/section>\n<div id=\"betriebskosten\"><\/div>\n  <section class=\"text-image block-69d77182ad22d type-bianco \" >\n    <div class=\"container\">\n      <div class=\"row align-items-center\">\n        <div class=\"col-xl-6 text-image__content  order-2 order-xl-1\" data-aos=\"fade-right\" data-aos-anchor=\".block-69d77182ad22d\">\n          <div class=\"acf-innerblocks-container\">\n\n<h2 class=\"wp-block-heading\">Ottimizzare i costi operativi dei dispositivi<\/h2>\n\n\n\n<p>Per essere economico, un toner deve garantire bassi costi di gestione dell&#8217;hardware oltre a un&#8217;elevata qualit\u00e0 di stampa.<\/p>\n\n\n\n<p>Oltre al prezzo, \u00e8 importante che il toner utilizzato mantenga bassi i costi di gestione di stampanti e fotocopiatrici.<\/p>\n\n\n\n<p>Il toner INTEGRAL ha il vantaggio di un&#8217;elevata resa in pagine e di una perfetta compatibilit\u00e0 con i componenti dei dispositivi di stampanti e fotocopiatrici. Inoltre, il toner INTEGRAL si integra bene con il toner originale del produttore del dispositivo. <\/p>\n\n\n\n<p>L&#8217;utilizzo del toner INTEGRAL porta a una significativa riduzione dei costi operativi dei sistemi di copiatura e stampa e a un aumento dell&#8217;efficienza dei costi.<\/p>\n\n<\/div>\n        <\/div>\n\n        <div class=\"col-xl-6  order-1 order-xl-2\" data-aos=\"fade-left\" data-aos-anchor=\".block-69d77182ad22d\">\n          <div class=\"text-image__image wide-image \">\n                          <img decoding=\"async\" width=\"944\" height=\"548\" src=\"https:\/\/integral-toner.de\/wp-content\/uploads\/2023\/10\/integral-betriebskosten.jpg\" class=\"attachment-large_medium size-large_medium\" alt=\"INTEGRAL-Toner sparen Betriebskosten ein\" loading=\"lazy\" srcset=\"https:\/\/integral-toner.de\/wp-content\/uploads\/2023\/10\/integral-betriebskosten.jpg 944w, https:\/\/integral-toner.de\/wp-content\/uploads\/2023\/10\/integral-betriebskosten-300x174.jpg 300w, https:\/\/integral-toner.de\/wp-content\/uploads\/2023\/10\/integral-betriebskosten-768x446.jpg 768w\" sizes=\"auto, (max-width: 944px) 100vw, 944px\" \/>\n                                  <\/div>\n        <\/div>\n      <\/div>\n    <\/div>\n  <\/section>\n<div id=\"nachhaltigkeit\"><\/div>\n  <section class=\"text-image block-69d77182aeebd type-luce \" >\n    <div class=\"container\">\n      <div class=\"row align-items-center\">\n        <div class=\"col-xl-6 text-image__content text-image__content--right order-2 order-xl-2\" data-aos=\"fade-left\" data-aos-anchor=\".block-69d77182aeebd\">\n          <div class=\"acf-innerblocks-container\">\n\n<h2 class=\"wp-block-heading\">Scegli prodotti con un alto livello di sostenibilit\u00e0<\/h2>\n\n\n\n<p>L&#8217;azione sostenibile \u00e8 una priorit\u00e0 assoluta per INTEGRAL. L&#8217;uso responsabile delle risorse \u00e8 al centro della nostra filosofia aziendale. <\/p>\n\n\n\n<p>Anche durante lo sviluppo del toner, si presta attenzione a massimizzare la compatibilit\u00e0 ambientale delle materie prime selezionate. Per la produzione dei toner INTEGRAL vengono utilizzate materie prime di alta qualit\u00e0 ed ecologiche che soddisfano i requisiti della legge europea sulle sostanze chimiche REACH e della direttiva ROHS. <\/p>\n\n\n\n<p>Utilizzando il toner INTEGRAL, contribuisci positivamente a un comportamento responsabile e rispettoso dell&#8217;ambiente.<\/p>\n\n\n      <a class=\"btn btn-primary\" href=\"https:\/\/integral-toner.de\/unternehmen\/umwelt-nachhaltigkeit\/\" target=\"\">\n        \n        Leggi tutto    <\/a>\n  \n<\/div>\n        <\/div>\n\n        <div class=\"col-xl-6  order-1 order-xl-1\" data-aos=\"fade-right\" data-aos-anchor=\".block-69d77182aeebd\">\n          <div class=\"text-image__image wide-image text-image__image--left\">\n                          <img decoding=\"async\" width=\"945\" height=\"548\" src=\"https:\/\/integral-toner.de\/wp-content\/uploads\/2023\/10\/integral-hohe-nachhaltigkeit.jpg\" class=\"attachment-large_medium size-large_medium\" alt=\"\" loading=\"lazy\" srcset=\"https:\/\/integral-toner.de\/wp-content\/uploads\/2023\/10\/integral-hohe-nachhaltigkeit.jpg 945w, https:\/\/integral-toner.de\/wp-content\/uploads\/2023\/10\/integral-hohe-nachhaltigkeit-300x174.jpg 300w, https:\/\/integral-toner.de\/wp-content\/uploads\/2023\/10\/integral-hohe-nachhaltigkeit-768x445.jpg 768w\" sizes=\"auto, (max-width: 945px) 100vw, 945px\" \/>\n                                  <\/div>\n        <\/div>\n      <\/div>\n    <\/div>\n  <\/section>\n<div id=\"vorteile\"><\/div>\n  <section class=\"text-image block-69d77182b06eb type-bianco \" >\n    <div class=\"container\">\n      <div class=\"row align-items-center\">\n        <div class=\"col-xl-6 text-image__content  order-2 order-xl-1\" data-aos=\"fade-right\" data-aos-anchor=\".block-69d77182b06eb\">\n          <div class=\"acf-innerblocks-container\">\n\n<h2 class=\"wp-block-heading\">Ottimizzare i vantaggi e i benefici per la tua azienda e per i tuoi clienti<\/h2>\n\n\n\n<p>Lo slogan dell&#8217;azienda &#8220;Il toner per immagini migliori&#8221; \u00e8 sinonimo dei vantaggi che derivano dall&#8217;utilizzo del toner INTEGRAL. Si tratta di una combinazione di qualit\u00e0 di stampa esemplare, bassi costi operativi per i dispositivi, prezzi interessanti ed elevata sostenibilit\u00e0 del prodotto. <\/p>\n\n\n\n<p>Il toner INTEGRAL \u00e8 utilizzato in oltre 80 paesi e contribuisce in modo significativo ad aumentare la redditivit\u00e0 delle aziende specializzate nel settore della stampa e della copiatura.<\/p>\n\n\n\n<p>Il competente team di assistenza sar\u00e0 lieto di rispondere alle tue domande e di fornirti un supporto professionale, dalla preparazione dei preventivi alla logistica del trasporto degli ordini.<\/p>\n\n<\/div>\n        <\/div>\n\n        <div class=\"col-xl-6  order-1 order-xl-2\" data-aos=\"fade-left\" data-aos-anchor=\".block-69d77182b06eb\">\n          <div class=\"text-image__image wide-image \">\n                          <img decoding=\"async\" width=\"944\" height=\"548\" src=\"https:\/\/integral-toner.de\/wp-content\/uploads\/2023\/10\/integral-vorteile-nutzen.jpg\" class=\"attachment-large_medium size-large_medium\" alt=\"\" loading=\"lazy\" srcset=\"https:\/\/integral-toner.de\/wp-content\/uploads\/2023\/10\/integral-vorteile-nutzen.jpg 944w, https:\/\/integral-toner.de\/wp-content\/uploads\/2023\/10\/integral-vorteile-nutzen-300x174.jpg 300w, https:\/\/integral-toner.de\/wp-content\/uploads\/2023\/10\/integral-vorteile-nutzen-768x446.jpg 768w\" sizes=\"auto, (max-width: 944px) 100vw, 944px\" \/>\n                                  <\/div>\n        <\/div>\n      <\/div>\n    <\/div>\n  <\/section>\n","protected":false},"excerpt":{"rendered":"","protected":false},"author":1,"featured_media":9647,"parent":8939,"menu_order":0,"comment_status":"closed","ping_status":"closed","template":"","meta":{"_acf_changed":false,"_seopress_robots_primary_cat":"","_seopress_titles_title":"Risultati con toner equivalenti a quelli OEM | INTEGRAL","_seopress_titles_desc":"Sfrutta i vantaggi di una qualit\u00e0 di stampa eccezionale e di costi operativi ridotti.","_seopress_robots_index":"","footnotes":""},"class_list":["post-8933","page","type-page","status-publish","has-post-thumbnail","hentry"],"acf":[],"_links":{"self":[{"href":"https:\/\/integral-toner.de\/it\/wp-json\/wp\/v2\/pages\/8933","targetHints":{"allow":["GET"]}}],"collection":[{"href":"https:\/\/integral-toner.de\/it\/wp-json\/wp\/v2\/pages"}],"about":[{"href":"https:\/\/integral-toner.de\/it\/wp-json\/wp\/v2\/types\/page"}],"author":[{"embeddable":true,"href":"https:\/\/integral-toner.de\/it\/wp-json\/wp\/v2\/users\/1"}],"replies":[{"embeddable":true,"href":"https:\/\/integral-toner.de\/it\/wp-json\/wp\/v2\/comments?post=8933"}],"version-history":[{"count":2,"href":"https:\/\/integral-toner.de\/it\/wp-json\/wp\/v2\/pages\/8933\/revisions"}],"predecessor-version":[{"id":8935,"href":"https:\/\/integral-toner.de\/it\/wp-json\/wp\/v2\/pages\/8933\/revisions\/8935"}],"up":[{"embeddable":true,"href":"https:\/\/integral-toner.de\/it\/wp-json\/wp\/v2\/pages\/8939"}],"wp:featuredmedia":[{"embeddable":true,"href":"https:\/\/integral-toner.de\/it\/wp-json\/wp\/v2\/media\/9647"}],"wp:attachment":[{"href":"https:\/\/integral-toner.de\/it\/wp-json\/wp\/v2\/media?parent=8933"}],"curies":[{"name":"wp","href":"https:\/\/api.w.org\/{rel}","templated":true}]}}