{"id":8864,"date":"2023-10-18T19:13:19","date_gmt":"2023-10-18T17:13:19","guid":{"rendered":"https:\/\/integral-toner.de\/ambiente-e-sostenibilita\/"},"modified":"2025-07-30T17:54:40","modified_gmt":"2025-07-30T15:54:40","slug":"ambiente-e-sostenibilita","status":"publish","type":"page","link":"https:\/\/integral-toner.de\/it\/lazienda\/ambiente-e-sostenibilita\/","title":{"rendered":"Ambiente e sostenibilit\u00e0"},"content":{"rendered":"  <section class=\"hero-image block-69d7897f6e823\" >\n          <div class=\"hero-image__image \">\n        <img loading=\"lazy\" decoding=\"async\" width=\"1920\" height=\"880\" src=\"https:\/\/integral-toner.de\/wp-content\/uploads\/2023\/10\/integral-umweltschutz-und-nachhaltige-produktionen.jpg\" class=\"object-position-y-50\" alt=\"INTEGRAL achtet in der Produktion auf Umweltschutz und Nachhaltigkeit\" srcset=\"https:\/\/integral-toner.de\/wp-content\/uploads\/2023\/10\/integral-umweltschutz-und-nachhaltige-produktionen.jpg 1920w, https:\/\/integral-toner.de\/wp-content\/uploads\/2023\/10\/integral-umweltschutz-und-nachhaltige-produktionen-300x138.jpg 300w, https:\/\/integral-toner.de\/wp-content\/uploads\/2023\/10\/integral-umweltschutz-und-nachhaltige-produktionen-1024x469.jpg 1024w, https:\/\/integral-toner.de\/wp-content\/uploads\/2023\/10\/integral-umweltschutz-und-nachhaltige-produktionen-768x352.jpg 768w, https:\/\/integral-toner.de\/wp-content\/uploads\/2023\/10\/integral-umweltschutz-und-nachhaltige-produktionen-1536x704.jpg 1536w\" sizes=\"auto, (max-width: 1920px) 100vw, 1920px\" \/>\n      <\/div>\n    \n        <div class=\"container\">\n      <div class=\"row\">\n        <div class=\"col-12 col-lg-7\">\n          <div class=\"hero-image__content\">\n                          <h1 class=\"g-h2-subtitle\">\n                <span>AMBIENTE E SOSTENIBILIT\u00c0<\/span><br \/>\n                Protezione ambientale e produzione sostenibile\n              <\/h1>\n            \n                          <p class=\"g-description\">\n                Pensare oggi al domani e agire in modo sostenibile: il nostro credo.\n              <\/p>\n            \n                      <\/div>\n        <\/div>\n      <\/div>\n    <\/div>\n  <\/section>\n  <section class=\"textsection block-69d7897f71f07 type- \" >\n    <div class=\"container\">\n      <div class=\"row\">\n        <div class=\"col-12 col-lg-8 offset-lg-2 g-content\">\n          <div class=\"acf-innerblocks-container\">\n\n<h2 class=\"wp-block-heading\">Uso economico delle risorse naturali<\/h2>\n\n\n\n<p>Una qualit\u00e0 eccezionale non si limita alle prestazioni e al valore dei prodotti. La compatibilit\u00e0 ecologica \u00e8 altrettanto importante. Questo aspetto \u00e8 particolarmente importante in termini di salute e sicurezza, ma anche per l&#8217;uso economico delle risorse:  <\/p>\n\n\n\n<ul class=\"is-style-green-list wp-block-list\">\n<li>ridurre al minimo le emissioni e i rifiuti,<\/li>\n\n\n\n<li>lo sviluppo di prodotti e<\/li>\n\n\n\n<li>durante l&#8217;intero processo di produzione.<\/li>\n<\/ul>\n\n\n\n<p>I materiali di consumo INTEGRAL sono sviluppati con l&#8217;obiettivo di preservare le risorse naturali evitando l&#8217;uso di sostanze nocive. <\/p>\n\n<\/div>\n        <\/div>\n      <\/div>\n    <\/div>\n  <\/section>\n  <section class=\"environment block-69d7897f73d81\" >\n    <div class=\"container\">\n      <div class=\"row\">\n        <div class=\"col-12 col-lg-5\">\n                      <h2 class=\"g-h2-subtitle\">\n              <span>AMBIENTE<\/span><br \/>\n              Il nostro impegno per l&#039;ambiente\n            <\/h2>\n          \n                      <div class=\"environment__image\">\n              <img decoding=\"async\" width=\"565\" height=\"512\" src=\"https:\/\/integral-toner.de\/wp-content\/uploads\/2023\/10\/integral-engagement-umwelt.jpg\" class=\"attachment-large_medium size-large_medium\" alt=\"INTEGRAL setzt sich f\u00fcr Umweltschutz ein\" loading=\"lazy\" srcset=\"https:\/\/integral-toner.de\/wp-content\/uploads\/2023\/10\/integral-engagement-umwelt.jpg 565w, https:\/\/integral-toner.de\/wp-content\/uploads\/2023\/10\/integral-engagement-umwelt-300x272.jpg 300w\" sizes=\"auto, (max-width: 565px) 100vw, 565px\" \/>\n            <\/div>\n                  <\/div>\n        <div class=\"col-12 col-lg-6 offset-lg-1\">\n          <div class=\"row\">\n                          <div class=\"col-12 col-lg-6\">\n                <div class=\"environment__item\">\n                  <p class=\"environment__item-title\">Toner INTEGRAL<\/p>\n                  <p class=\"environment__item-description\">L&#039;utilizzo dei toner INTEGRAL comporta una quantit\u00e0 significativamente ridotta di toner residuo durante il processo di copia o di stampa rispetto ai toner tradizionali.<\/p> \n                <\/div>\n              <\/div>\n                          <div class=\"col-12 col-lg-6\">\n                <div class=\"environment__item\">\n                  <p class=\"environment__item-title\">Promozione della politica ambientale<\/p>\n                  <p class=\"environment__item-description\">La nostra politica ambientale promuove il riciclo dei prodotti ove possibile e il riutilizzo dei materiali di imballaggio.<\/p> \n                <\/div>\n              <\/div>\n                          <div class=\"col-12 col-lg-6\">\n                <div class=\"environment__item\">\n                  <p class=\"environment__item-title\">Prodotti ecologici<\/p>\n                  <p class=\"environment__item-description\">La nostra politica aziendale sui prodotti ecocompatibili rappresenta un&#039;ottima opportunit\u00e0 per i nostri clienti di accedere a nuovi gruppi di clienti offrendo prodotti ecocompatibili.<\/p> \n                <\/div>\n              <\/div>\n                          <div class=\"col-12 col-lg-6\">\n                <div class=\"environment__item\">\n                  <p class=\"environment__item-title\">Prevenire i rischi per la salute<\/p>\n                  <p class=\"environment__item-description\">I toner INTEGRAL contengono una percentuale particolarmente bassa di particelle ultrafini e polvere di toner. In questo modo si evitano rischi per la salute quando si utilizzano i toner INTEGRAL. <\/p> \n                <\/div>\n              <\/div>\n                          <div class=\"col-12 col-lg-6\">\n                <div class=\"environment__item\">\n                  <p class=\"environment__item-title\">Processo di produzione<\/p>\n                  <p class=\"environment__item-description\">I nostri processi produttivi sono organizzati nel rispetto dell&#039;ambiente.<\/p> \n                <\/div>\n              <\/div>\n                          <div class=\"col-12 col-lg-6\">\n                <div class=\"environment__item\">\n                  <p class=\"environment__item-title\">I processi operativi sono ben organizzati<\/p>\n                  <p class=\"environment__item-description\">Gli obiettivi aziendali sono raggiunti in armonia con le tematiche ambientali. I processi operativi sono organizzati in modo responsabile e rispettoso dell&#039;ambiente. <\/p> \n                <\/div>\n              <\/div>\n                          <div class=\"col-12 col-lg-6\">\n                <div class=\"environment__item\">\n                  <p class=\"environment__item-title\">Toner per stampanti laser<\/p>\n                  <p class=\"environment__item-description\">INTEGRAL raccomanda il riciclo dei toner per stampanti laser. Questo obiettivo \u00e8 supportato da un programma di prodotti per il riciclaggio dei toner per stampanti laser di INTEGRAL. <\/p> \n                <\/div>\n              <\/div>\n                          <div class=\"col-12 col-lg-6\">\n                <div class=\"environment__item\">\n                  <p class=\"environment__item-title\">Lunga durata<\/p>\n                  <p class=\"environment__item-description\">L&#039;utilizzo dei nostri toner garantisce la massima durata dei componenti del dispositivo. Questo \u00e8 in linea con la politica ambientale dell&#039;azienda che prevede la conservazione delle risorse. <\/p> \n                <\/div>\n              <\/div>\n                      <\/div>\n        <\/div>\n      <\/div>\n    <\/div>\n  <\/section>\n  <section class=\"guidelines block-69d7897f763ec\" >\n    <div class=\"container\">\n      <div class=\"row\">\n        <div class=\"col-12 col-lg-8 offset-lg-2\">\n                      <h2 class=\"g-h2-subtitle\">\n              <span>CERTIFICAZIONI<\/span><br \/>\n              Conformit\u00e0 alle linee guida vigenti\n            <\/h2>\n                                              <div class=\"guidelines__box\">\n                                  <div class=\"guidelines__box-image\">\n                    <img decoding=\"async\" width=\"160\" height=\"160\" src=\"https:\/\/integral-toner.de\/wp-content\/uploads\/2023\/10\/integral-reach.png\" class=\"attachment-large_medium size-large_medium\" alt=\"REACH Siegel\" loading=\"lazy\" srcset=\"https:\/\/integral-toner.de\/wp-content\/uploads\/2023\/10\/integral-reach.png 160w, https:\/\/integral-toner.de\/wp-content\/uploads\/2023\/10\/integral-reach-150x150.png 150w\" sizes=\"auto, (max-width: 160px) 100vw, 160px\" \/>\n                  <\/div>\n                                <p class=\"guidelines__box-title\">INTEGRAL soddisfa il REACH<\/p>\n                <div class=\"read-more\">\n                  <div class=\"readmore__content\">\n                    <p class=\"guidelines__box-description\">Il regolamento REACH \u00e8 un regolamento dell&#8217;Unione Europea emanato per migliorare la protezione della salute umana e dell&#8217;ambiente dai rischi che possono derivare dalle sostanze chimiche. Le sostanze contenute nel toner sono soggette a obblighi di registrazione presso l&#8217;autorit\u00e0 europea competente ECHA.<br \/>\r\nIl toner prodotto da INTEGRAL soddisfa in modo esemplare i requisiti del regolamento europeo sulle sostanze chimiche REACH. Le sostanze contenute nel toner che sono soggette a registrazione sono registrate presso l&#8217;autorit\u00e0 competente.<br \/>\r\nI clienti INTEGRAL ricevono la conferma della conformit\u00e0 REACH del toner ad ogni consegna quando acquistano un toner INTEGRAL.  <\/p>\n                  <\/div>\n\n                  <button class=\"g-btn g-btn--mehrlesen readmore__button\" type=\"button\">\n                    <span class=\"readmore__button\">Mehr lesen<\/span>\n                    <span class=\"readmore__button\">Minimieren<\/span>\n                  <\/button>\n                <\/div>\n              <\/div>\n                          <div class=\"guidelines__box\">\n                                  <div class=\"guidelines__box-image\">\n                    <img decoding=\"async\" width=\"160\" height=\"159\" src=\"https:\/\/integral-toner.de\/wp-content\/uploads\/2023\/10\/integral-rohs.png\" class=\"attachment-large_medium size-large_medium\" alt=\"RoHS Logo\" loading=\"lazy\" srcset=\"https:\/\/integral-toner.de\/wp-content\/uploads\/2023\/10\/integral-rohs.png 160w, https:\/\/integral-toner.de\/wp-content\/uploads\/2023\/10\/integral-rohs-150x150.png 150w\" sizes=\"auto, (max-width: 160px) 100vw, 160px\" \/>\n                  <\/div>\n                                <p class=\"guidelines__box-title\">Che cos&#8217;\u00e8 la RoHS?<\/p>\n                <div class=\"read-more\">\n                  <div class=\"readmore__content\">\n                    <p class=\"guidelines__box-description\">La direttiva RoHS dell&#8217;UE limita l&#8217;uso di sostanze pericolose. Le sostanze pericolose che rientrano nel campo di applicazione della direttiva RoHS includono piombo, cadmio, cromo, mercurio e ritardanti di fiamma bromurati.<br \/>\r\nI toner di INTEGRAL soddisfano i requisiti della direttiva RoHS. INTEGRAL si astiene dall&#8217;utilizzare sostanze dannose per la salute nella produzione di toner e garantisce la conformit\u00e0 alla Direttiva RoHS. Acquista da INTEGRAL prodotti innocui per la salute.   <br \/>\r\n<br \/>\r\nBassi valori di emissione quando si utilizza il toner INTEGRAL: INTEGRAL utilizza solo materie prime di alta qualit\u00e0 e innocue per la salute nella produzione della polvere di toner. Oltre al vantaggio qualitativo dell&#8217;utilizzo di materie prime di alta qualit\u00e0, c&#8217;\u00e8 anche un vantaggio ambientale. Le materie prime di alta qualit\u00e0 adatte per la produzione di toner sono spesso pi\u00f9 rispettose dell&#8217;ambiente rispetto alle materie prime pi\u00f9 economiche. Un esempio importante \u00e8 l&#8217;utilizzo di polimeri con bassi valori di emissioni nella produzione di toner. L&#8217;uso esclusivo di materie prime di alta qualit\u00e0 da parte di INTEGRAL rappresenta un investimento nella qualit\u00e0 e un importante contributo alla tutela dell&#8217;ambiente.    <\/p>\n                  <\/div>\n\n                  <button class=\"g-btn g-btn--mehrlesen readmore__button\" type=\"button\">\n                    <span class=\"readmore__button\">Mehr lesen<\/span>\n                    <span class=\"readmore__button\">Minimieren<\/span>\n                  <\/button>\n                <\/div>\n              <\/div>\n                              <\/div>\n      <\/div>\n    <\/div>\n  <\/section>\n  <section class=\"text-image block-69d7897f787ea type-bianco \" >\n    <div class=\"container\">\n      <div class=\"row align-items-center\">\n        <div class=\"col-xl-6 text-image__content text-image__content--right order-2 order-xl-2\" data-aos=\"fade-left\" data-aos-anchor=\".block-69d7897f787ea\">\n          <div class=\"acf-innerblocks-container\">\n\n<h2 class=\"wp-block-heading\">I toner sono tutti uguali? La differenza con INTEGRAL <\/h2>\n\n\n\n<p>Abbiamo raggiunto questo status grazie ai nostri elevati standard di qualit\u00e0, ai nostri rigorosi controlli sui prodotti e al nostro servizio clienti completo. Un&#8217;altra componente importante: la sostenibilit\u00e0! <\/p>\n\n\n\n<p>Prestiamo attenzione ai processi di risparmio delle risorse nella produzione dei toner e progettiamo i nostri prodotti ecologici secondo il principio della longevit\u00e0. Il toner INTEGRAL \u00e8 ecologico ed estremamente efficiente dal punto di vista dei costi, pur mantenendo un&#8217;elevata qualit\u00e0 di stampa. <\/p>\n\n<\/div>\n        <\/div>\n\n        <div class=\"col-xl-6  order-1 order-xl-1\" data-aos=\"fade-right\" data-aos-anchor=\".block-69d7897f787ea\">\n          <div class=\"text-image__image wide-image text-image__image--left\">\n                          <img decoding=\"async\" width=\"945\" height=\"548\" src=\"https:\/\/integral-toner.de\/wp-content\/uploads\/2023\/10\/integral-sind-alle-toner-gleich.jpg\" class=\"attachment-large_medium size-large_medium\" alt=\"INTEGRAL trifft Entscheidungen\" loading=\"lazy\" srcset=\"https:\/\/integral-toner.de\/wp-content\/uploads\/2023\/10\/integral-sind-alle-toner-gleich.jpg 945w, https:\/\/integral-toner.de\/wp-content\/uploads\/2023\/10\/integral-sind-alle-toner-gleich-300x174.jpg 300w, https:\/\/integral-toner.de\/wp-content\/uploads\/2023\/10\/integral-sind-alle-toner-gleich-768x445.jpg 768w\" sizes=\"auto, (max-width: 945px) 100vw, 945px\" \/>\n                                  <\/div>\n        <\/div>\n      <\/div>\n    <\/div>\n  <\/section>\n","protected":false},"excerpt":{"rendered":"","protected":false},"author":1,"featured_media":8865,"parent":8939,"menu_order":0,"comment_status":"closed","ping_status":"closed","template":"","meta":{"_acf_changed":false,"_seopress_robots_primary_cat":"","_seopress_titles_title":"Toner ecologici | Prodotti in modo sostenibile","_seopress_titles_desc":"Toner ecologici di qualit\u00e0 OEM \u2713 Prodotti in modo sostenibile \u2713 Partecipazione al programma di riciclaggio \u2713 Scopri di pi\u00f9!","_seopress_robots_index":"","footnotes":""},"class_list":["post-8864","page","type-page","status-publish","has-post-thumbnail","hentry"],"acf":[],"_links":{"self":[{"href":"https:\/\/integral-toner.de\/it\/wp-json\/wp\/v2\/pages\/8864","targetHints":{"allow":["GET"]}}],"collection":[{"href":"https:\/\/integral-toner.de\/it\/wp-json\/wp\/v2\/pages"}],"about":[{"href":"https:\/\/integral-toner.de\/it\/wp-json\/wp\/v2\/types\/page"}],"author":[{"embeddable":true,"href":"https:\/\/integral-toner.de\/it\/wp-json\/wp\/v2\/users\/1"}],"replies":[{"embeddable":true,"href":"https:\/\/integral-toner.de\/it\/wp-json\/wp\/v2\/comments?post=8864"}],"version-history":[{"count":4,"href":"https:\/\/integral-toner.de\/it\/wp-json\/wp\/v2\/pages\/8864\/revisions"}],"predecessor-version":[{"id":10030,"href":"https:\/\/integral-toner.de\/it\/wp-json\/wp\/v2\/pages\/8864\/revisions\/10030"}],"up":[{"embeddable":true,"href":"https:\/\/integral-toner.de\/it\/wp-json\/wp\/v2\/pages\/8939"}],"wp:featuredmedia":[{"embeddable":true,"href":"https:\/\/integral-toner.de\/it\/wp-json\/wp\/v2\/media\/8865"}],"wp:attachment":[{"href":"https:\/\/integral-toner.de\/it\/wp-json\/wp\/v2\/media?parent=8864"}],"curies":[{"name":"wp","href":"https:\/\/api.w.org\/{rel}","templated":true}]}}