{"id":8842,"date":"2023-10-18T15:40:37","date_gmt":"2023-10-18T13:40:37","guid":{"rendered":"https:\/\/integral-toner.de\/pagina-iniziale\/"},"modified":"2025-07-29T13:45:11","modified_gmt":"2025-07-29T11:45:11","slug":"pagina-iniziale","status":"publish","type":"page","link":"https:\/\/integral-toner.de\/it\/","title":{"rendered":"Pagina iniziale"},"content":{"rendered":"  <section class=\"hero block-69d789ba87477\" >\n    <ul class=\"hero__slider\">\n            <li>\n        <div class=\"container\">\n          <h1 class=\"hero__title\">VERO POTERE.<br> INTEGRAL TONER.<\/h1>\n        <\/div>\n                  <img loading=\"lazy\" decoding=\"async\" width=\"1920\" height=\"880\" src=\"https:\/\/integral-toner.de\/wp-content\/uploads\/2023\/10\/true-power-integral-toner-min.jpg\" class=\"attachment-full size-full\" alt=\"Toner in marktf\u00fchrender Qualit\u00e4t direkt vom Hersteller\" srcset=\"https:\/\/integral-toner.de\/wp-content\/uploads\/2023\/10\/true-power-integral-toner-min.jpg 1920w, https:\/\/integral-toner.de\/wp-content\/uploads\/2023\/10\/true-power-integral-toner-min-300x138.jpg 300w, https:\/\/integral-toner.de\/wp-content\/uploads\/2023\/10\/true-power-integral-toner-min-1024x469.jpg 1024w, https:\/\/integral-toner.de\/wp-content\/uploads\/2023\/10\/true-power-integral-toner-min-768x352.jpg 768w, https:\/\/integral-toner.de\/wp-content\/uploads\/2023\/10\/true-power-integral-toner-min-1536x704.jpg 1536w\" sizes=\"auto, (max-width: 1920px) 100vw, 1920px\" \/>\n              <\/li>\n            <li>\n        <div class=\"container\">\n          <h1 class=\"hero__title\">NERO VERO.<br> INTEGRAL TONER.<\/h1>\n        <\/div>\n                  <div class=\"d-none d-md-block\">\n            <img loading=\"lazy\" decoding=\"async\" width=\"1920\" height=\"880\" src=\"https:\/\/integral-toner.de\/wp-content\/uploads\/2023\/10\/true-black-integral-toner-min.jpg\" class=\"attachment-full size-full\" alt=\"\" srcset=\"https:\/\/integral-toner.de\/wp-content\/uploads\/2023\/10\/true-black-integral-toner-min.jpg 1920w, https:\/\/integral-toner.de\/wp-content\/uploads\/2023\/10\/true-black-integral-toner-min-300x138.jpg 300w, https:\/\/integral-toner.de\/wp-content\/uploads\/2023\/10\/true-black-integral-toner-min-1024x469.jpg 1024w, https:\/\/integral-toner.de\/wp-content\/uploads\/2023\/10\/true-black-integral-toner-min-768x352.jpg 768w, https:\/\/integral-toner.de\/wp-content\/uploads\/2023\/10\/true-black-integral-toner-min-1536x704.jpg 1536w\" sizes=\"auto, (max-width: 1920px) 100vw, 1920px\" \/>\n          <\/div>\n          <div class=\"d-block d-md-none\">\n            <img loading=\"lazy\" decoding=\"async\" width=\"936\" height=\"880\" src=\"https:\/\/integral-toner.de\/wp-content\/uploads\/2024\/04\/true-black-integral-toner-min-mobile.jpg\" class=\"attachment-full size-full\" alt=\"\" srcset=\"https:\/\/integral-toner.de\/wp-content\/uploads\/2024\/04\/true-black-integral-toner-min-mobile.jpg 936w, https:\/\/integral-toner.de\/wp-content\/uploads\/2024\/04\/true-black-integral-toner-min-mobile-300x282.jpg 300w, https:\/\/integral-toner.de\/wp-content\/uploads\/2024\/04\/true-black-integral-toner-min-mobile-768x722.jpg 768w\" sizes=\"auto, (max-width: 936px) 100vw, 936px\" \/>\n          <\/div>\n              <\/li>\n            <li>\n        <div class=\"container\">\n          <h1 class=\"hero__title\">COLORI VERI.<br> INTEGRAL TONER.<\/h1>\n        <\/div>\n                  <img loading=\"lazy\" decoding=\"async\" width=\"1920\" height=\"880\" src=\"https:\/\/integral-toner.de\/wp-content\/uploads\/2023\/10\/true-colors-integral-toner-min.jpg\" class=\"attachment-full size-full\" alt=\"\" srcset=\"https:\/\/integral-toner.de\/wp-content\/uploads\/2023\/10\/true-colors-integral-toner-min.jpg 1920w, https:\/\/integral-toner.de\/wp-content\/uploads\/2023\/10\/true-colors-integral-toner-min-300x138.jpg 300w, https:\/\/integral-toner.de\/wp-content\/uploads\/2023\/10\/true-colors-integral-toner-min-1024x469.jpg 1024w, https:\/\/integral-toner.de\/wp-content\/uploads\/2023\/10\/true-colors-integral-toner-min-768x352.jpg 768w, https:\/\/integral-toner.de\/wp-content\/uploads\/2023\/10\/true-colors-integral-toner-min-1536x704.jpg 1536w\" sizes=\"auto, (max-width: 1920px) 100vw, 1920px\" \/>\n              <\/li>\n          <\/ul>\n          <a href=\"#compromesso\" class=\"hero__btn\" title=\"\" >\n        \n      <\/a>\n      <\/section>\n  <section class=\"text-image block-69d789ba8b39f type-bianco \" id=\"kompromisse\">\n    <div class=\"container\">\n      <div class=\"row dontcenter\">\n        <div class=\"col-xl-6 text-image__content  mb-5 mb-xl-0 order-xl-1\" data-aos=\"fade-right\" data-aos-anchor=\".block-69d789ba8b39f\">\n          <div class=\"acf-innerblocks-container\">\n  <h2 class=\"g-h2-subtitle\">\n    <span>QUALIT\u00c0 SENZA COMPROMESSI<\/span><br \/>\n    Il toner per immagini migliori, sempre  <\/h2>\n\n\n\n<p>INTEGRAL \u00e8 uno dei principali produttori di toner al mondo. In Europa, INTEGRAL \u00e8 l&#8217;unico produttore di polvere di toner indipendente dai produttori delle stampanti. <\/p>\n\n\n\n<p>L&#8217;utilizzo dei toner INTEGRAL offre i vantaggi di un&#8217;eccellente qualit\u00e0 del prodotto, un&#8217;elevata competitivit\u00e0 dei prezzi e la sostenibilit\u00e0. <br\/>Lo slogan &#8220;Il toner per immagini migliori, sempre&#8221; \u00e8 sinonimo di qualit\u00e0 senza compromessi. <\/p>\n\n\n\n<p>In qualit\u00e0 di importatore, distributore o manutentore di sistemi di copiatura e stampa, il nostro obiettivo \u00e8 quello di offrirti sempre un&#8217;esperienza di prodotto eccezionale. E lo facciamo da oltre 50 anni. <\/p>\n\n<\/div>\n        <\/div>\n\n        <div class=\"col-xl-6   order-xl-2\" data-aos=\"fade-left\" data-aos-anchor=\".block-69d789ba8b39f\">\n          <div class=\"text-image__image  \">\n                          <img decoding=\"async\" width=\"1071\" height=\"1011\" src=\"https:\/\/integral-toner.de\/wp-content\/uploads\/2023\/10\/the-toner-for-better-images-min.jpg\" class=\"attachment-large_medium size-large_medium\" alt=\"\" loading=\"lazy\" srcset=\"https:\/\/integral-toner.de\/wp-content\/uploads\/2023\/10\/the-toner-for-better-images-min.jpg 1071w, https:\/\/integral-toner.de\/wp-content\/uploads\/2023\/10\/the-toner-for-better-images-min-300x283.jpg 300w, https:\/\/integral-toner.de\/wp-content\/uploads\/2023\/10\/the-toner-for-better-images-min-1024x967.jpg 1024w, https:\/\/integral-toner.de\/wp-content\/uploads\/2023\/10\/the-toner-for-better-images-min-768x725.jpg 768w\" sizes=\"auto, (max-width: 1071px) 100vw, 1071px\" \/>\n                                  <\/div>\n        <\/div>\n      <\/div>\n    <\/div>\n  <\/section>\n  <section class=\"toner block-69d789ba8cbb9\" >\n    <div class=\"container\">\n      <div class=\"row\">\n        <div class=\"col-12\">\n                      <h2 class=\"g-h2-subtitle\">\n              <span>INTEGRAL-TONER<\/span><br \/>\n              Toner di qualit\u00e0 OEM &#8211; direttamente dal produttore\n            <\/h2>\n                  <\/div>\n                <div class=\"col-12 text-center\">\n          <div class=\"toner__image\">\n            <img decoding=\"async\" width=\"2200\" height=\"1065\" src=\"https:\/\/integral-toner.de\/wp-content\/uploads\/2023\/11\/integral-produktsortiment.jpg\" class=\"attachment-large_medium size-large_medium\" alt=\"Vielf\u00e4ltiges INTEGRAL Produktsortiment\" loading=\"lazy\" srcset=\"https:\/\/integral-toner.de\/wp-content\/uploads\/2023\/11\/integral-produktsortiment.jpg 2200w, https:\/\/integral-toner.de\/wp-content\/uploads\/2023\/11\/integral-produktsortiment-300x145.jpg 300w, https:\/\/integral-toner.de\/wp-content\/uploads\/2023\/11\/integral-produktsortiment-1024x496.jpg 1024w, https:\/\/integral-toner.de\/wp-content\/uploads\/2023\/11\/integral-produktsortiment-768x372.jpg 768w, https:\/\/integral-toner.de\/wp-content\/uploads\/2023\/11\/integral-produktsortiment-1536x744.jpg 1536w, https:\/\/integral-toner.de\/wp-content\/uploads\/2023\/11\/integral-produktsortiment-2048x991.jpg 2048w\" sizes=\"auto, (max-width: 2200px) 100vw, 2200px\" \/>\n          <\/div>\n        <\/div>\n                <div class=\"col-12 col-lg-6\">\n                      <p class=\"g-description\">\n              In termini di qualit\u00e0, il toner INTEGRAL \u00e8 riconosciuto nel settore come paragonabile<br \/>\r\nai prodotti originali dei produttori delle stampanti. L&#8217;unica differenza significativa \u00e8 il prezzo, a favore di INTEGRAL. L&#8217;elevata qualit\u00e0 del prodotto, senza compromessi e a un prezzo altamente competitivo, \u00e8 il marchio di fabbrica dei toner INTEGRAL. I toner INTEGRAL sono leader anche in termini di compatibilit\u00e0 ambientale e sostenibilit\u00e0.   \n            <\/p>\n                                <a href=\"https:\/\/integral-toner.de\/produkte\/\" class=\"g-btn\" title=\"Scopri i nostri prodotti\" target=\"_blank\">\n              Scopri i nostri prodotti\n            <\/a>\n                  <\/div>\n      <\/div>\n    <\/div>\n  <\/section>\n    <section class=\"whyintegral block-69d789ba8fd24\" >\n        <div class=\"container\">\n            <div class=\"row\">\n                <div class=\"col-12 col-lg-5\">\n                                            <h2 class=\"g-h2-subtitle\">\n                            <span>PERCH\u00c9 INTEGRAL?<\/span><br\/>\n                            I tuoi vantaggi\n                        <\/h2>\n                                    <\/div>\n                                    <div class=\"whyintegral__image d-none d-lg-flex\">\n                        <img decoding=\"async\" width=\"2500\" height=\"1595\" src=\"https:\/\/integral-toner.de\/wp-content\/uploads\/2023\/11\/vorteile-mit-integral-1.jpg\" class=\"attachment-large_medium size-large_medium\" alt=\"\" loading=\"lazy\" srcset=\"https:\/\/integral-toner.de\/wp-content\/uploads\/2023\/11\/vorteile-mit-integral-1.jpg 2500w, https:\/\/integral-toner.de\/wp-content\/uploads\/2023\/11\/vorteile-mit-integral-1-300x191.jpg 300w, https:\/\/integral-toner.de\/wp-content\/uploads\/2023\/11\/vorteile-mit-integral-1-1024x653.jpg 1024w, https:\/\/integral-toner.de\/wp-content\/uploads\/2023\/11\/vorteile-mit-integral-1-768x490.jpg 768w, https:\/\/integral-toner.de\/wp-content\/uploads\/2023\/11\/vorteile-mit-integral-1-1536x980.jpg 1536w, https:\/\/integral-toner.de\/wp-content\/uploads\/2023\/11\/vorteile-mit-integral-1-2048x1307.jpg 2048w\" sizes=\"auto, (max-width: 2500px) 100vw, 2500px\" \/>\n                    <\/div>\n                                <div class=\"col-12 col-lg-5 offset-lg-1\">\n                                            <p class=\"g-description\">\n                            Acquisti il toner direttamente dal produttore. Scegliendo il toner INTEGRAL come base per il tuo successo aziendale, decidi di puntare su un prodotto di qualit\u00e0 costante ed eccellente. Il toner INTEGRAL ha anche un prezzo interessante e contribuisce in modo significativo alla riduzione dei costi operativi dei sistemi di stampa e copia. Il toner INTEGRAL \u00e8 considerato esemplare in termini di sostenibilit\u00e0.   \n                        <\/p>\n                    \n                                            <ul class=\"mt-5 is-style-red-list d-lg-none\">\n                                                            <li>Qualit\u00e0 di stampa eccezionale<\/li>\n                                                            <li>Eccellente e compatibile<\/li>\n                                                            <li>Elevata resa delle pagine<\/li>\n                                                            <li>Sostenibilit\u00e0<\/li>\n                                                            <li>Rapporto prezzo\/prestazioni leader nel settore<\/li>\n                                                            <li>Costi operativi ridotti<\/li>\n                                                            <li>Prezzo interessante<\/li>\n                                                    <\/ul>\n                                    <\/div>\n            <\/div>\n        <\/div>\n\n                    <div class=\"mt-5 m-0 whyintegral__image d-block d-lg-none\">\n                <img decoding=\"async\" width=\"600\" height=\"602\" src=\"https:\/\/integral-toner.de\/wp-content\/uploads\/2023\/11\/Montage-Winter-Kartusche-mobil.jpg\" class=\"attachment-large_medium size-large_medium\" alt=\"Toner direkt vom Hersteller\" loading=\"lazy\" srcset=\"https:\/\/integral-toner.de\/wp-content\/uploads\/2023\/11\/Montage-Winter-Kartusche-mobil.jpg 600w, https:\/\/integral-toner.de\/wp-content\/uploads\/2023\/11\/Montage-Winter-Kartusche-mobil-300x300.jpg 300w, https:\/\/integral-toner.de\/wp-content\/uploads\/2023\/11\/Montage-Winter-Kartusche-mobil-150x150.jpg 150w\" sizes=\"auto, (max-width: 600px) 100vw, 600px\" \/>\n            <\/div>\n            <\/section>\n  <section class=\"advantages block-69d789ba92593\" >\n    <div class=\"container\">\n      <div class=\"row\">\n                  <div class=\"col-12 col-md-6 col-lg-4\">\n            <div class=\"advantages__item\">\n              <p class=\"advantages__title\">Maggiore efficienza dei costi e migliore qualit\u00e0 di stampa possibile<\/p>\n              <p class=\"advantages__description\">Risparmiare sui costi senza comprometterne la qualit\u00e0 \u00e8 il vantaggio che i rivenditori specializzati in tecnologie di copiatura e stampa si aspettano da un produttore leader di toner.<\/p> \n            <\/div>\n          <\/div>\n                  <div class=\"col-12 col-md-6 col-lg-4\">\n            <div class=\"advantages__item\">\n              <p class=\"advantages__title\">Scegli un reale produttore di toner<\/p>\n              <p class=\"advantages__description\">INTEGRAL produce toner dal 1973 e con mezzo secolo di esperienza nella produzione, siamo una delle aziende pi\u00f9 esperte del settore. <\/p> \n            <\/div>\n          <\/div>\n                  <div class=\"col-12 col-md-6 col-lg-4\">\n            <div class=\"advantages__item\">\n              <p class=\"advantages__title\">Sfrutta l&#039;elevata qualit\u00e0 di stampa e copiatura<\/p>\n              <p class=\"advantages__description\">Gli utenti e le aziende specializzate si aspettano una qualit\u00e0 di stampa perfetta da un toner di alta qualit\u00e0.<\/p> \n            <\/div>\n          <\/div>\n                  <div class=\"col-12 col-md-6 col-lg-4\">\n            <div class=\"advantages__item\">\n              <p class=\"advantages__title\">Scegli prodotti con un alto livello di sostenibilit\u00e0<\/p>\n              <p class=\"advantages__description\">L&#039;azione sostenibile \u00e8 una priorit\u00e0 assoluta per INTEGRAL. L&#039;uso responsabile delle risorse \u00e8 al centro della nostra filosofia aziendale. <\/p> \n            <\/div>\n          <\/div>\n                  <div class=\"col-12 col-md-6 col-lg-4\">\n            <div class=\"advantages__item\">\n              <p class=\"advantages__title\">Ottimizza i vantaggi e i benefici per la tua azienda e i tuoi clienti<\/p>\n              <p class=\"advantages__description\">Lo slogan dell&#039;azienda &quot;Il toner per immagini migliori, sempre&quot; \u00e8 sinonimo dei vantaggi che derivano dall&#039;uso del toner INTEGRAL.<\/p> \n            <\/div>\n          <\/div>\n                  <div class=\"col-12 col-md-6 col-lg-4\">\n            <div class=\"advantages__item\">\n              <p class=\"advantages__title\">Ottimizza i costi operativi delle stampanti<\/p>\n              <p class=\"advantages__description\">Per essere economico, un toner deve garantire bassi costi di gestione dell&#039;hardware oltre a un&#039;elevata qualit\u00e0 di stampa.<\/p> \n            <\/div>\n          <\/div>\n                <div class=\"col-12\">\n                      <a href=\"https:\/\/integral-toner.de\/unternehmen\/warum-integral\/\" class=\"g-btn\" title=\"Per saperne di pi\u00f9\" >\n              Per saperne di pi\u00f9\n            <\/a>\n                  <\/div>\n      <\/div>\n    <\/div>\n  <\/section>\n    <section class=\"career block-69d789ba96418\" >\n                    <div class=\"career__image\">\n                <img decoding=\"async\" width=\"945\" height=\"548\" src=\"https:\/\/integral-toner.de\/wp-content\/uploads\/2023\/10\/karriere-bei-integral-min.jpg\" class=\"attachment-large_medium size-large_medium\" alt=\"\" loading=\"lazy\" srcset=\"https:\/\/integral-toner.de\/wp-content\/uploads\/2023\/10\/karriere-bei-integral-min.jpg 945w, https:\/\/integral-toner.de\/wp-content\/uploads\/2023\/10\/karriere-bei-integral-min-300x174.jpg 300w, https:\/\/integral-toner.de\/wp-content\/uploads\/2023\/10\/karriere-bei-integral-min-768x445.jpg 768w\" sizes=\"auto, (max-width: 945px) 100vw, 945px\" \/>\n            <\/div>\n                <div class=\"container\">\n            <div class=\"row\">\n                <div class=\"col-12 col-xl-5\">\n                                            <h2 class=\"g-h2-subtitle\">\n                            <span>FAI CARRIERA CON INTEGRAL<\/span><br\/>\n                            Insieme stabiliamo i modi\n                        <\/h2>\n                    \n                                            <p class=\"g-description\">\n                            \u00c8 tempo di cambiare lavoro? Vuoi dare una boccata d&#8217;aria fresca alla tua carriera? Se sei un dipendente impegnato e competente, in INTEGRAL sei sulla strada giusta. Offriamo interessanti opportunit\u00e0 di carriera ai migliori performer. E forse presto potremo darti il benvenuto nel nostro team.    <br \/>\r\n<br \/>\r\nTrova subito il lavoro giusto con noi!\n                        <\/p>\n                    \n                                            <a href=\"https:\/\/integral-toner.de\/unternehmen\/karriere\/#stellenanzeigen\" class=\"g-btn\" title=\"Offerte di lavoro attuali\"\n                           >\n                            Offerte di lavoro attuali\n                        <\/a>\n                                    <\/div>\n            <\/div>\n            <div class=\"row career__cards \">\n                \n                <div class=\"col-12 \">\n                    <div class=\"g-card second\">\n                                                    <p class=\"g-card__title\">SUPPORTO<\/p>\n                            <p class=\"g-card__description\">Hai domande su di noi o sui nostri prodotti?<\/p>\n                                                                            <span class=\"g-card__arrow\"><\/span>\n                            <a href=\"https:\/\/integral-toner.de\/support\/\" class=\"g-card__link\" title=\"Hai domande su di noi o sui nostri prodotti?\"><\/a>\n                                            <\/div>\n                <\/div>\n            <\/div>\n        <\/div>\n    <\/section>\n","protected":false},"excerpt":{"rendered":"","protected":false},"author":1,"featured_media":9659,"parent":0,"menu_order":0,"comment_status":"closed","ping_status":"open","template":"","meta":{"_acf_changed":false,"_seopress_robots_primary_cat":"","_seopress_titles_title":"Produttore di toner | INTEGRAL Toner","_seopress_titles_desc":"Toner B2B per importatori e rivenditori \u2714\ufe0f Qualit\u00e0 OEM \u2714\ufe0f Indipendente dal produttore \u2714\ufe0f Sostenibile \u2714\ufe0f Richiedi subito un preventivo!","_seopress_robots_index":"","footnotes":""},"class_list":["post-8842","page","type-page","status-publish","has-post-thumbnail","hentry"],"acf":[],"_links":{"self":[{"href":"https:\/\/integral-toner.de\/it\/wp-json\/wp\/v2\/pages\/8842","targetHints":{"allow":["GET"]}}],"collection":[{"href":"https:\/\/integral-toner.de\/it\/wp-json\/wp\/v2\/pages"}],"about":[{"href":"https:\/\/integral-toner.de\/it\/wp-json\/wp\/v2\/types\/page"}],"author":[{"embeddable":true,"href":"https:\/\/integral-toner.de\/it\/wp-json\/wp\/v2\/users\/1"}],"replies":[{"embeddable":true,"href":"https:\/\/integral-toner.de\/it\/wp-json\/wp\/v2\/comments?post=8842"}],"version-history":[{"count":4,"href":"https:\/\/integral-toner.de\/it\/wp-json\/wp\/v2\/pages\/8842\/revisions"}],"predecessor-version":[{"id":9661,"href":"https:\/\/integral-toner.de\/it\/wp-json\/wp\/v2\/pages\/8842\/revisions\/9661"}],"wp:featuredmedia":[{"embeddable":true,"href":"https:\/\/integral-toner.de\/it\/wp-json\/wp\/v2\/media\/9659"}],"wp:attachment":[{"href":"https:\/\/integral-toner.de\/it\/wp-json\/wp\/v2\/media?parent=8842"}],"curies":[{"name":"wp","href":"https:\/\/api.w.org\/{rel}","templated":true}]}}