{"id":4104,"date":"2023-10-26T18:25:27","date_gmt":"2023-10-26T18:25:27","guid":{"rendered":"https:\/\/integral-toner.de\/registrierung\/"},"modified":"2025-06-25T12:22:09","modified_gmt":"2025-06-25T10:22:09","slug":"inscription","status":"publish","type":"page","link":"https:\/\/integral-toner.de\/fr\/inscription\/","title":{"rendered":"Inscription"},"content":{"rendered":"    <section class=\"registerform\">\n        <div class=\"container\">\n            <div class=\"row\">\n                <div class=\"col-12 col-lg-8 offset-lg-2\">\n                    <h1 class=\"g-h2-subtitle\">\n                        <span>Devenez client INTEGRAL<\/span><br \/>\n                        Inscription                    <\/h1>\n                    <p class=\"g-description\">\n                        INTEGRAL offre \u00e0 ses clients un large \u00e9ventail de services d&rsquo;assistance commerciale. Cela vous offre l&rsquo;avantage d&rsquo;augmenter le nombre de vos clients fid\u00e8les ainsi que votre volume d&rsquo;affaires. <br \/>\r\n<br \/>\r\nEn tant que distributeur INTEGRAL, profitez d&rsquo;un acc\u00e8s exclusif \u00e0 nos bases de donn\u00e9es contenant du mat\u00e9riel publicitaire et des informations importantes en ligne. Vous aurez ainsi toujours acc\u00e8s aux derni\u00e8res informations sur le march\u00e9 et les produits. Si vous souhaitez devenir client d&rsquo;INTEGRAL, vous pouvez vous inscrire d\u00e8s maintenant.                      <\/p>\n                    <div class=\"registerform__form\">\n                        <div class=\"form-container\">\n\n    \n        <form name=\"form\" method=\"post\" action=\"https:\/\/integral-toner.de\/fr\/inscription\/\" novalidate=\"novalidate\" class=\"contactform__form ajax-form\" data-replace=\".form-container\">\n\n        <div class=\"row mb-0 mb-md-5\">\n            <div class=\"col-md-6\">\n                <div class=\"form-floating\"><input type=\"text\" id=\"form_firmenname\" name=\"form[firmenname]\" required=\"required\" placeholder=\"Nom de l&#039;entreprise\" class=\"form-control\" \/><label for=\"form_firmenname\" class=\"form-label required\">Nom de l&#039;entreprise<\/label>        <\/div>\n            <\/div>\n        <\/div>\n\n        <div class=\"row mb-0 mb-md-5\">\n            <div class=\"col-md-6\">\n                <div class=\"form-floating\"><select id=\"form_anrede\" name=\"form[anrede]\" required=\"required\" class=\"form-control form-select\"><option value=\"\" selected=\"selected\">Avertissez-nous<\/option><option value=\"Frau\">Frau<\/option><option value=\"Mann\">Mann<\/option><option value=\"Plongeurs\">Plongeurs<\/option><\/select><label class=\"form-label required\" for=\"form_anrede\">Salutation *<\/label>        <\/div>\n            <\/div>\n\n            <div class=\"col-md-6\">\n                <div class=\"form-floating\"><input type=\"text\" id=\"form_firstname\" name=\"form[firstname]\" required=\"required\" placeholder=\"Pr\u00e9nom *\" class=\"form-control\" \/><label for=\"form_firstname\" class=\"form-label required\">Pr\u00e9nom *<\/label>        <\/div>\n            <\/div>\n        <\/div>\n\n\n        <div class=\"row mb-0 mb-md-5\">\n            <div class=\"col-md-6\">\n                <div class=\"form-floating\"><input type=\"text\" id=\"form_lastname\" name=\"form[lastname]\" required=\"required\" placeholder=\"Nom de famille *\" class=\"form-control\" \/><label for=\"form_lastname\" class=\"form-label required\">Nom de famille *<\/label>        <\/div>\n            <\/div>\n\n            <div class=\"col-md-6\">\n                <div class=\"form-floating\"><input type=\"email\" id=\"form_email\" name=\"form[email]\" required=\"required\" placeholder=\"E-mail *\" class=\"form-control\" \/><label for=\"form_email\" class=\"form-label required\">E-mail *<\/label>        <\/div>\n            <\/div>\n        <\/div>\n\n        <div class=\"row mb-0 mb-md-5\">\n            <div class=\"col-md-6\">\n                <div class=\"form-floating\"><input type=\"text\" id=\"form_land\" name=\"form[land]\" required=\"required\" placeholder=\"Lanf *\" class=\"form-control\" \/><label for=\"form_land\" class=\"form-label required\">pays *<\/label>        <\/div>\n            <\/div>\n\n            <div class=\"col-md-2\">\n                <div class=\"form-floating\"><input type=\"email\" id=\"form_plz\" name=\"form[plz]\" required=\"required\" placeholder=\"Code postal *\" class=\"form-control\" \/><label for=\"form_plz\" class=\"form-label required\">Code postal *<\/label>        <\/div>\n            <\/div>\n\n            <div class=\"col-md-4\">\n                <div class=\"form-floating\"><input type=\"email\" id=\"form_stadt\" name=\"form[stadt]\" required=\"required\" placeholder=\"Ville *\" class=\"form-control\" \/><label for=\"form_stadt\" class=\"form-label required\">Ville *<\/label>        <\/div>\n            <\/div>\n        <\/div>\n\n        <div class=\"row mb-0 mb-md-5\">\n            <div class=\"col-md-6\">\n                <div class=\"form-floating\"><input type=\"email\" id=\"form_strasse\" name=\"form[strasse]\" required=\"required\" placeholder=\"Rue *\" class=\"form-control\" \/><label for=\"form_strasse\" class=\"form-label required\">Rue *<\/label>        <\/div>\n            <\/div>\n\n            <div class=\"col-md-6\">\n                <div class=\"form-floating\"><input type=\"text\" id=\"form_phone\" name=\"form[phone]\" required=\"required\" placeholder=\"Num\u00e9ro de t\u00e9l\u00e9phone\" class=\"form-control\" \/><label for=\"form_phone\" class=\"form-label required\">Num\u00e9ro de t\u00e9l\u00e9phone<\/label>        <\/div>\n            <\/div>\n        <\/div>\n\n        <div class=\"row mb-0 mb-md-5\">\n            <div class=\"col-md-6\">\n                <div class=\"form-floating\"><input type=\"text\" id=\"form_fax\" name=\"form[fax]\" required=\"required\" placeholder=\"Fax\" class=\"form-control\" \/><label for=\"form_fax\" class=\"form-label required\">Fax<\/label>        <\/div>\n            <\/div>\n\n            <div class=\"col-md-6\">\n                <div class=\"form-floating\"><input type=\"text\" id=\"form_website\" name=\"form[website]\" required=\"required\" placeholder=\"Site web\" class=\"form-control\" \/><label for=\"form_website\" class=\"form-label required\">Site web<\/label>        <\/div>\n            <\/div>\n        <\/div>\n\n        <div class=\"row mb-0 mb-md-5\">\n            <div class=\"col-12\">\n                <div class=\"form-floating\"><select id=\"form_business\" name=\"form[business]\" required=\"required\" class=\"form-control form-select\"><option value=\"\" selected=\"selected\">Avertissez-nous<\/option><option value=\"Hersteller\">Hersteller<\/option><option value=\"Importeur\">Importeur<\/option><option value=\"Distributeur\">Distributeur<\/option><option value=\"Fachh\u00e4ndler\">Fachh\u00e4ndler<\/option><option value=\"Recycleur\">Recycleur<\/option><option value=\"Verbraucher\">Verbraucher<\/option><option value=\"Les d\u00e9tails\">Les d\u00e9tails<\/option><\/select><label class=\"form-label required\" for=\"form_business\">Art des Gesch\u00e4fts *<\/label>        <\/div>\n            <\/div>\n        <\/div>\n\n        <div class=\"row mb-0 mb-md-5\">\n            <div class=\"col-12\">\n                <div class=\"form-floating\"><textarea id=\"form_message\" name=\"form[message]\" placeholder=\"Souhaitez-vous partager quelque chose ?*\" class=\"form-control form-control\" rows=\"6\"><\/textarea><label for=\"form_message\" class=\"form-label\">Souhaitez-vous partager quelque chose ?*<\/label>        <\/div>\n            <\/div>\n        <\/div>\n\n        \n<div class=\"form-group hp\"><label for=\"form_field-78fds4\" class=\"form-label\">Field-78fds4<\/label><input type=\"text\" id=\"form_field-78fds4\" name=\"form[field-78fds4]\" autocomplete=\"none\" class=\"form-control\" tabindex=\"-1\" \/>        <\/div>\n\n<div class=\"mb-4\"><div class=\"form-check\"><input type=\"checkbox\" id=\"form_callback\" name=\"form[callback]\" required=\"required\" class=\"form-check-input\" value=\"1\" \/>\n        <label class=\"form-check-label required\" for=\"form_callback\">R\u00fcckruf anfordern (Bitte teilen Sie uns Ihre Telefonnummer mit)<\/label><\/div>        <\/div>\n        <p class=\"contactform__info\"><a href=\"https:\/\/integral-toner.de\/datenschutz\/\">Informations<\/a> l&#039;utilisation de vos donn\u00e9es<\/p>\n\n        <p class=\"contactform__subinfo\">Les \u00e9l\u00e9ments de la liste * sont des facteurs de risque et ne doivent pas \u00eatre utilis\u00e9s \u00e0 d&#039;autres fins.<\/p>\n\n        <div class=\"submit\">\n            <button type=\"submit\" class=\"g-btn\" aria-label=\"L&#039;enregistrement n&#039;a pas eu lieu\">L&#039;enregistrement n&#039;a pas eu lieu<\/button>\n        <\/div>\n\n        <\/form>\n\n    <\/div>\n                    <\/div>\n                <\/div>\n            <\/div>\n        <\/div>\n    <\/section>\n","protected":false},"excerpt":{"rendered":"","protected":false},"author":1,"featured_media":0,"parent":0,"menu_order":0,"comment_status":"closed","ping_status":"closed","template":"template-header-small.php","meta":{"_acf_changed":false,"_seopress_robots_primary_cat":"","_seopress_titles_title":"Enregistrement chez Integral | Producteur de toner","_seopress_titles_desc":"B\u00e9n\u00e9ficiez d'un acc\u00e8s exclusif \u00e0 nos bases de donn\u00e9es de mat\u00e9riel promotionnel et d'informations importantes en ligne.","_seopress_robots_index":"","footnotes":""},"class_list":["post-4104","page","type-page","status-publish","hentry"],"acf":[],"_links":{"self":[{"href":"https:\/\/integral-toner.de\/fr\/wp-json\/wp\/v2\/pages\/4104","targetHints":{"allow":["GET"]}}],"collection":[{"href":"https:\/\/integral-toner.de\/fr\/wp-json\/wp\/v2\/pages"}],"about":[{"href":"https:\/\/integral-toner.de\/fr\/wp-json\/wp\/v2\/types\/page"}],"author":[{"embeddable":true,"href":"https:\/\/integral-toner.de\/fr\/wp-json\/wp\/v2\/users\/1"}],"replies":[{"embeddable":true,"href":"https:\/\/integral-toner.de\/fr\/wp-json\/wp\/v2\/comments?post=4104"}],"version-history":[{"count":4,"href":"https:\/\/integral-toner.de\/fr\/wp-json\/wp\/v2\/pages\/4104\/revisions"}],"predecessor-version":[{"id":8908,"href":"https:\/\/integral-toner.de\/fr\/wp-json\/wp\/v2\/pages\/4104\/revisions\/8908"}],"wp:attachment":[{"href":"https:\/\/integral-toner.de\/fr\/wp-json\/wp\/v2\/media?parent=4104"}],"curies":[{"name":"wp","href":"https:\/\/api.w.org\/{rel}","templated":true}]}}