{"id":4091,"date":"2023-10-28T11:00:36","date_gmt":"2023-10-28T09:00:36","guid":{"rendered":"https:\/\/integral-toner.de\/weltweite-lieferungen-in-alle-kontinente\/"},"modified":"2025-06-25T14:57:17","modified_gmt":"2025-06-25T12:57:17","slug":"expedition-mondiale-a-des-tarifs-competitifs","status":"publish","type":"page","link":"https:\/\/integral-toner.de\/fr\/expedition-mondiale-a-des-tarifs-competitifs\/","title":{"rendered":"Livraisons dans le monde entier, sur tous les continents"},"content":{"rendered":"  <section class=\"textsection block-69d7c1b52a1ff type- \" >\n    <div class=\"container\">\n      <div class=\"row\">\n        <div class=\"col-12 col-lg-8 offset-lg-2 g-content\">\n          <div class=\"acf-innerblocks-container\">\n  <h1 class=\"g-h1-subtitle\">\n    <span>Soci\u00e9t\u00e9<\/span><br \/>\n    Livraisons dans le monde entier, sur tous les continents  <\/h1>\n\n\n\n<figure class=\"wp-block-image size-full\"><img loading=\"lazy\" decoding=\"async\" width=\"951\" height=\"549\" src=\"https:\/\/integral-toner.de\/wp-content\/uploads\/2023\/10\/integral-weltweite-lieferungen.jpg\" alt=\"\" class=\"wp-image-410\" srcset=\"https:\/\/integral-toner.de\/wp-content\/uploads\/2023\/10\/integral-weltweite-lieferungen.jpg 951w, https:\/\/integral-toner.de\/wp-content\/uploads\/2023\/10\/integral-weltweite-lieferungen-300x173.jpg 300w, https:\/\/integral-toner.de\/wp-content\/uploads\/2023\/10\/integral-weltweite-lieferungen-768x443.jpg 768w\" sizes=\"auto, (max-width: 951px) 100vw, 951px\" \/><\/figure>\n\n\n\n<p>Avec plus de 4000 clients sur tous les continents, INTEGRAL conna\u00eet les besoins des clients locaux et internationaux.<\/p>\n\n\n\n<p>INTEGRAL se fera un plaisir de vous demander des offres de fret avant d&rsquo;exp\u00e9dier les envois, car nous souhaitons que vous receviez vos marchandises au meilleur prix possible. Afin de prot\u00e9ger au mieux la marchandise, INTEGRAL propose de l&rsquo;exp\u00e9dier dans des palettes robustes. Recevoir des marchandises propres et intactes permet de r\u00e9duire les co\u00fbts, d&rsquo;assurer la satisfaction des clients et d&rsquo;\u00e9viter les discussions fastidieuses avec les transporteurs sur les dommages caus\u00e9s par le transport.  <\/p>\n\n\n\n<p>Si vous choisissez INTEGRAL, vous pouvez \u00eatre s\u00fbr que vos livraisons seront \u00e9galement g\u00e9r\u00e9es de mani\u00e8re professionnelle du point de vue du transport.<\/p>\n\n\n      <a class=\"is-style-back-to\" href=\"https:\/\/integral-toner.de\/unternehmen\/#logistik\" target=\"\">\n        <svg xmlns=\"http:\/\/www.w3.org\/2000\/svg\" width=\"26.964\" height=\"15.208\" viewBox=\"0 0 26.964 15.208\">\n  <g transform=\"translate(1 0.707)\">\n    <path d=\"M388.367,27l-6.9-6.9a1,1,0,0,1,0-1.414l6.9-6.9,1.414,1.414-6.19,6.19,6.19,6.19Z\" transform=\"translate(-382.177 -12.5)\" fill=\"#e3051b\"\/>\n    <path d=\"M25.964,1H0V-1H25.964Z\" transform=\"translate(0 6.897)\" fill=\"#e3051b\"\/>\n  <\/g>\n<\/svg>\n\n        Retour \u00e0 l&rsquo;aper\u00e7u    <\/a>\n  \n<\/div>\n        <\/div>\n      <\/div>\n    <\/div>\n  <\/section>\n","protected":false},"excerpt":{"rendered":"","protected":false},"author":1,"featured_media":979,"parent":0,"menu_order":0,"comment_status":"closed","ping_status":"closed","template":"template-article.php","meta":{"_acf_changed":false,"_seopress_robots_primary_cat":"","_seopress_titles_title":"livraisons de toner dans le monde entier | INTEGRALE","_seopress_titles_desc":"Nous nous occupons des offres de fret afin d'obtenir les taux de fret les plus avantageux possibles ! \u2794 des palettes \u00e0 gaine stable pour prot\u00e9ger les marchandises et obtenir ainsi des marchandises plus propres et non endommag\u00e9es","_seopress_robots_index":"","footnotes":""},"class_list":["post-4091","page","type-page","status-publish","has-post-thumbnail","hentry"],"acf":[],"_links":{"self":[{"href":"https:\/\/integral-toner.de\/fr\/wp-json\/wp\/v2\/pages\/4091","targetHints":{"allow":["GET"]}}],"collection":[{"href":"https:\/\/integral-toner.de\/fr\/wp-json\/wp\/v2\/pages"}],"about":[{"href":"https:\/\/integral-toner.de\/fr\/wp-json\/wp\/v2\/types\/page"}],"author":[{"embeddable":true,"href":"https:\/\/integral-toner.de\/fr\/wp-json\/wp\/v2\/users\/1"}],"replies":[{"embeddable":true,"href":"https:\/\/integral-toner.de\/fr\/wp-json\/wp\/v2\/comments?post=4091"}],"version-history":[{"count":11,"href":"https:\/\/integral-toner.de\/fr\/wp-json\/wp\/v2\/pages\/4091\/revisions"}],"predecessor-version":[{"id":8969,"href":"https:\/\/integral-toner.de\/fr\/wp-json\/wp\/v2\/pages\/4091\/revisions\/8969"}],"wp:featuredmedia":[{"embeddable":true,"href":"https:\/\/integral-toner.de\/fr\/wp-json\/wp\/v2\/media\/979"}],"wp:attachment":[{"href":"https:\/\/integral-toner.de\/fr\/wp-json\/wp\/v2\/media?parent=4091"}],"curies":[{"name":"wp","href":"https:\/\/api.w.org\/{rel}","templated":true}]}}