{"id":4078,"date":"2023-11-13T11:20:54","date_gmt":"2023-11-13T11:20:54","guid":{"rendered":"https:\/\/integral-toner.de\/entscheiden-sie-sich-fuer-einen-echten-tonerhersteller\/"},"modified":"2025-07-01T12:58:50","modified_gmt":"2025-07-01T10:58:50","slug":"choisissez-un-veritable-fabricant-de-toner","status":"publish","type":"page","link":"https:\/\/integral-toner.de\/fr\/entreprise\/pourquoi-integral\/choisissez-un-veritable-fabricant-de-toner\/","title":{"rendered":"Optez pour un v\u00e9ritable fabricant de toner"},"content":{"rendered":"  <section class=\"textsection block-69dd16b90db94 type- \" >\n    <div class=\"container\">\n      <div class=\"row\">\n        <div class=\"col-12 col-lg-8 offset-lg-2 g-content\">\n          <div class=\"acf-innerblocks-container\">\n  <h1 class=\"g-h1-subtitle\">\n    <span>Pourquoi int\u00e9grale<\/span><br \/>\n    Optez pour un v\u00e9ritable fabricant de toner  <\/h1>\n\n\n\n<figure class=\"wp-block-image size-full\"><img loading=\"lazy\" decoding=\"async\" width=\"945\" height=\"548\" src=\"https:\/\/integral-toner.de\/wp-content\/uploads\/2023\/10\/integral-tonerhersteller.jpg\" alt=\"\" class=\"wp-image-262\" srcset=\"https:\/\/integral-toner.de\/wp-content\/uploads\/2023\/10\/integral-tonerhersteller.jpg 945w, https:\/\/integral-toner.de\/wp-content\/uploads\/2023\/10\/integral-tonerhersteller-300x174.jpg 300w, https:\/\/integral-toner.de\/wp-content\/uploads\/2023\/10\/integral-tonerhersteller-768x445.jpg 768w\" sizes=\"auto, (max-width: 945px) 100vw, 945px\" \/><\/figure>\n\n\n\n<p>INTEGRAL produit des toners depuis 1973. Avec un demi-si\u00e8cle d&rsquo;exp\u00e9rience dans la production, nous sommes l&rsquo;une des entreprises les plus exp\u00e9riment\u00e9es du secteur. INTEGRAL compte aujourd&rsquo;hui parmi les principaux fabricants de toner au monde.  <\/p>\n\n\n\n<p>D&rsquo;ailleurs, INTEGRAL est le seul fabricant de toner ind\u00e9pendant en Europe.<\/p>\n\n\n\n<p>Par production de toner, nous n&rsquo;entendons pas la confection de cartouches de toner, mais la production compl\u00e8te de la poudre de toner, en commen\u00e7ant par l&rsquo;extrusion des mati\u00e8res premi\u00e8res, suivie du processus de broyage, du processus de visualisation et du rev\u00eatement d&rsquo;additifs \u00e0 la surface des particules de toner.<br\/><br\/>La poudre de toner INTEGRAL est fabriqu\u00e9e sur des installations de production modernes et enti\u00e8rement automatis\u00e9es. Seules des mati\u00e8res premi\u00e8res sp\u00e9ciales de haute qualit\u00e9 sont utilis\u00e9es pour la production. Le d\u00e9veloppement et le contr\u00f4le qualit\u00e9 des toners monochromes et couleur sont effectu\u00e9s dans un laboratoire de d\u00e9veloppement interne enti\u00e8rement \u00e9quip\u00e9. En choisissant INTEGRAL pour vos besoins en toner, vous optez pour une collaboration directe avec le fabricant.   <\/p>\n\n\n      <a class=\"is-style-back-to\" href=\"https:\/\/integral-toner.de\/unternehmen\/warum-integral#tonhersteller\/\" target=\"\">\n        <svg xmlns=\"http:\/\/www.w3.org\/2000\/svg\" width=\"26.964\" height=\"15.208\" viewBox=\"0 0 26.964 15.208\">\n  <g transform=\"translate(1 0.707)\">\n    <path d=\"M388.367,27l-6.9-6.9a1,1,0,0,1,0-1.414l6.9-6.9,1.414,1.414-6.19,6.19,6.19,6.19Z\" transform=\"translate(-382.177 -12.5)\" fill=\"#e3051b\"\/>\n    <path d=\"M25.964,1H0V-1H25.964Z\" transform=\"translate(0 6.897)\" fill=\"#e3051b\"\/>\n  <\/g>\n<\/svg>\n\n        Retour \u00e0 l&rsquo;aper\u00e7u    <\/a>\n  \n<\/div>\n        <\/div>\n      <\/div>\n    <\/div>\n  <\/section>\n","protected":false},"excerpt":{"rendered":"","protected":false},"author":2,"featured_media":1316,"parent":3447,"menu_order":0,"comment_status":"closed","ping_status":"closed","template":"template-article.php","meta":{"_acf_changed":false,"_seopress_robots_primary_cat":"","_seopress_titles_title":"Fabricant de toner depuis 1973 | Toner INTEGRAL","_seopress_titles_desc":"Avec plus de 50 ans d'exp\u00e9rience dans la production, nous sommes l'une des entreprises les plus exp\u00e9riment\u00e9es du secteur. Vous trouverez chez nous la production compl\u00e8te de la poudre de toner jusqu'aux cartouches finies \u00e0 placer dans l'imprimante \u00e0 la maison. \u2794 Collaboration directe avec le fabricant !","_seopress_robots_index":"","footnotes":""},"class_list":["post-4078","page","type-page","status-publish","has-post-thumbnail","hentry"],"acf":[],"_links":{"self":[{"href":"https:\/\/integral-toner.de\/fr\/wp-json\/wp\/v2\/pages\/4078","targetHints":{"allow":["GET"]}}],"collection":[{"href":"https:\/\/integral-toner.de\/fr\/wp-json\/wp\/v2\/pages"}],"about":[{"href":"https:\/\/integral-toner.de\/fr\/wp-json\/wp\/v2\/types\/page"}],"author":[{"embeddable":true,"href":"https:\/\/integral-toner.de\/fr\/wp-json\/wp\/v2\/users\/2"}],"replies":[{"embeddable":true,"href":"https:\/\/integral-toner.de\/fr\/wp-json\/wp\/v2\/comments?post=4078"}],"version-history":[{"count":10,"href":"https:\/\/integral-toner.de\/fr\/wp-json\/wp\/v2\/pages\/4078\/revisions"}],"predecessor-version":[{"id":9317,"href":"https:\/\/integral-toner.de\/fr\/wp-json\/wp\/v2\/pages\/4078\/revisions\/9317"}],"up":[{"embeddable":true,"href":"https:\/\/integral-toner.de\/fr\/wp-json\/wp\/v2\/pages\/3447"}],"wp:featuredmedia":[{"embeddable":true,"href":"https:\/\/integral-toner.de\/fr\/wp-json\/wp\/v2\/media\/1316"}],"wp:attachment":[{"href":"https:\/\/integral-toner.de\/fr\/wp-json\/wp\/v2\/media?parent=4078"}],"curies":[{"name":"wp","href":"https:\/\/api.w.org\/{rel}","templated":true}]}}