{"id":4021,"date":"2023-11-13T12:12:51","date_gmt":"2023-11-13T12:12:51","guid":{"rendered":"https:\/\/integral-toner.de\/der-kunde-an-der-spitze-der-unternehmensorganisation\/"},"modified":"2024-06-07T12:46:07","modified_gmt":"2024-06-07T12:46:07","slug":"un-accompagnement-personnalise-et-professionnel-a-chaque-achat","status":"publish","type":"page","link":"https:\/\/integral-toner.de\/fr\/soutien\/un-accompagnement-personnalise-et-professionnel-a-chaque-achat\/","title":{"rendered":"Un accompagnement personnalis\u00e9 et professionnel \u00e0 chaque achat"},"content":{"rendered":"  <section class=\"textsection block-69ea69541b538 type- \" >\n    <div class=\"container\">\n      <div class=\"row\">\n        <div class=\"col-12 col-lg-8 offset-lg-2 g-content\">\n          <div class=\"acf-innerblocks-container\">\n  <h1 class=\"g-h1-subtitle\">\n    <span>SOUTIEN<\/span><br \/>\n    Un accompagnement personnalis\u00e9 et professionnel \u00e0 chaque achat  <\/h1>\n\n\n\n<figure class=\"wp-block-image size-full\"><img loading=\"lazy\" decoding=\"async\" width=\"945\" height=\"548\" src=\"https:\/\/integral-toner.de\/wp-content\/uploads\/2023\/10\/kunde-an-der-spitze-der-unternehmensorganisation.jpg\" alt=\"\" class=\"wp-image-306\" srcset=\"https:\/\/integral-toner.de\/wp-content\/uploads\/2023\/10\/kunde-an-der-spitze-der-unternehmensorganisation.jpg 945w, https:\/\/integral-toner.de\/wp-content\/uploads\/2023\/10\/kunde-an-der-spitze-der-unternehmensorganisation-300x174.jpg 300w, https:\/\/integral-toner.de\/wp-content\/uploads\/2023\/10\/kunde-an-der-spitze-der-unternehmensorganisation-768x445.jpg 768w\" sizes=\"auto, (max-width: 945px) 100vw, 945px\" \/><\/figure>\n\n\n\n<p>En tant que client INT\u00c9GRAL, b\u00e9n\u00e9ficiez d\u2019un service de premi\u00e8re classe. Vous pouvez \u00eatre s\u00fbr que la qualit\u00e9 de notre service client sera \u00e0 la hauteur de la qualit\u00e9 de nos toners.<\/p>\n\n\n\n<p>Faites l\u2019exp\u00e9rience d\u2019un service exceptionnel en tant que client INTEGRAL. La qualit\u00e9 de notre service client est \u00e0 la hauteur de la qualit\u00e9 de nos toners. Vous disposerez d\u2019un contact personnel du service client qui s\u2019occupera directement de toutes vos demandes, vous n\u2019aurez donc pas \u00e0 parler \u00e0 un centre d\u2019appels. Nous adaptons l\u2019assistance \u00e0 vos besoins et r\u00e9pondrons \u00e0 toutes vos questions concernant nos produits, nos prix, la disponibilit\u00e9 ou la logistique.<\/p>\n\n\n\n<p>Avec plus de 55 ans d&rsquo;exp\u00e9rience dans l&rsquo;industrie du toner, nous comprenons le niveau de service que vous attendez de votre fournisseur de toner.<\/p>\n\n\n      <a class=\"is-style-back-to\" href=\"https:\/\/integral-toner.de\/fr\/soutien\/#politique-d'entreprise\" target=\"\">\n        <svg xmlns=\"http:\/\/www.w3.org\/2000\/svg\" width=\"26.964\" height=\"15.208\" viewBox=\"0 0 26.964 15.208\">\n  <g transform=\"translate(1 0.707)\">\n    <path d=\"M388.367,27l-6.9-6.9a1,1,0,0,1,0-1.414l6.9-6.9,1.414,1.414-6.19,6.19,6.19,6.19Z\" transform=\"translate(-382.177 -12.5)\" fill=\"#e3051b\"\/>\n    <path d=\"M25.964,1H0V-1H25.964Z\" transform=\"translate(0 6.897)\" fill=\"#e3051b\"\/>\n  <\/g>\n<\/svg>\n\n        Retour \u00e0 l&rsquo;aper\u00e7u    <\/a>\n  \n<\/div>\n        <\/div>\n      <\/div>\n    <\/div>\n  <\/section>\n","protected":false},"excerpt":{"rendered":"","protected":false},"author":2,"featured_media":939,"parent":3469,"menu_order":0,"comment_status":"closed","ping_status":"closed","template":"template-article.php","meta":{"_acf_changed":false,"_seopress_robots_primary_cat":"","_seopress_titles_title":"service individuel et professionnel | fabricant de toner INTEGRAL","_seopress_titles_desc":"notre objectif est que vous obteniez la meilleure exp\u00e9rience produit INTEGRAL \u00e0 chaque achat \u2794 la valeur la plus importante de la politique de l'entreprise est le service client.","_seopress_robots_index":"","footnotes":""},"class_list":["post-4021","page","type-page","status-publish","has-post-thumbnail","hentry"],"acf":[],"_links":{"self":[{"href":"https:\/\/integral-toner.de\/fr\/wp-json\/wp\/v2\/pages\/4021","targetHints":{"allow":["GET"]}}],"collection":[{"href":"https:\/\/integral-toner.de\/fr\/wp-json\/wp\/v2\/pages"}],"about":[{"href":"https:\/\/integral-toner.de\/fr\/wp-json\/wp\/v2\/types\/page"}],"author":[{"embeddable":true,"href":"https:\/\/integral-toner.de\/fr\/wp-json\/wp\/v2\/users\/2"}],"replies":[{"embeddable":true,"href":"https:\/\/integral-toner.de\/fr\/wp-json\/wp\/v2\/comments?post=4021"}],"version-history":[{"count":7,"href":"https:\/\/integral-toner.de\/fr\/wp-json\/wp\/v2\/pages\/4021\/revisions"}],"predecessor-version":[{"id":4770,"href":"https:\/\/integral-toner.de\/fr\/wp-json\/wp\/v2\/pages\/4021\/revisions\/4770"}],"up":[{"embeddable":true,"href":"https:\/\/integral-toner.de\/fr\/wp-json\/wp\/v2\/pages\/3469"}],"wp:featuredmedia":[{"embeddable":true,"href":"https:\/\/integral-toner.de\/fr\/wp-json\/wp\/v2\/media\/939"}],"wp:attachment":[{"href":"https:\/\/integral-toner.de\/fr\/wp-json\/wp\/v2\/media?parent=4021"}],"curies":[{"name":"wp","href":"https:\/\/api.w.org\/{rel}","templated":true}]}}