{"id":4008,"date":"2023-10-28T10:59:11","date_gmt":"2023-10-28T10:59:11","guid":{"rendered":"https:\/\/integral-toner.de\/qualitaet-und-zuverlaessigkeit-stehen-bei-integral-an-erster-stelle\/"},"modified":"2025-06-25T14:57:25","modified_gmt":"2025-06-25T12:57:25","slug":"qualite-et-fiabilite-sont-des-priorites-absolues","status":"publish","type":"page","link":"https:\/\/integral-toner.de\/fr\/qualite-et-fiabilite-sont-des-priorites-absolues\/","title":{"rendered":"La qualit\u00e9 et la fiabilit\u00e9 sont les priorit\u00e9s d&rsquo;INTEGRAL"},"content":{"rendered":"  <section class=\"textsection block-69e1575d40d33 type- \" >\n    <div class=\"container\">\n      <div class=\"row\">\n        <div class=\"col-12 col-lg-8 offset-lg-2 g-content\">\n          <div class=\"acf-innerblocks-container\">\n  <h1 class=\"g-h1-subtitle\">\n    <span>Entreprise<\/span><br \/>\n    La qualit\u00e9 et la fiabilit\u00e9 sont les priorit\u00e9s d&rsquo;INTEGRAL  <\/h1>\n\n\n\n<figure class=\"wp-block-image size-full\"><img loading=\"lazy\" decoding=\"async\" width=\"945\" height=\"548\" src=\"https:\/\/integral-toner.de\/wp-content\/uploads\/2023\/10\/integral-zuverlaessigkeit.jpg\" alt=\"\" class=\"wp-image-402\" srcset=\"https:\/\/integral-toner.de\/wp-content\/uploads\/2023\/10\/integral-zuverlaessigkeit.jpg 945w, https:\/\/integral-toner.de\/wp-content\/uploads\/2023\/10\/integral-zuverlaessigkeit-300x174.jpg 300w, https:\/\/integral-toner.de\/wp-content\/uploads\/2023\/10\/integral-zuverlaessigkeit-768x445.jpg 768w\" sizes=\"auto, (max-width: 945px) 100vw, 945px\" \/><\/figure>\n\n\n\n<p>Des tests d&rsquo;impression et de copie approfondis garantissent la densit\u00e9 optique, le rendement par page et, pour les toners destin\u00e9s aux appareils couleur, la pr\u00e9cision des couleurs. Les mesures d&rsquo;assurance qualit\u00e9 \u00e9tendues contribuent \u00e0 garantir que les clients re\u00e7oivent uniquement des produits r\u00e9pondant aux normes les plus \u00e9lev\u00e9es. <\/p>\n\n\n\n<p>Le syst\u00e8me complet de contr\u00f4le de la qualit\u00e9 pendant le processus de production garantit que seuls les produits qui r\u00e9pondent aux normes de qualit\u00e9 \u00e9lev\u00e9es d&rsquo;INTEGRAL sont livr\u00e9s.<\/p>\n\n\n\n<p>Des \u00e9quipements de laboratoire modernes soutiennent un contr\u00f4le qualit\u00e9 sans faille. Le principal avantage pour les clients est la qualit\u00e9 et les performances exceptionnelles des produits. <\/p>\n\n\n\n<p>Une qualit\u00e9 exceptionnelle signifie des toners aux performances et \u00e0 la composition constantes \u00e0 chaque livraison.<\/p>\n\n\n\n<p>Les nouveaux produits sont toujours soumis \u00e0 des tests approfondis. Ceux-ci ont lieu dans une multitude de conditions environnementales et d&rsquo;\u00e9quipement diff\u00e9rentes. De plus, des tests de longue dur\u00e9e sont effectu\u00e9s en interne.  <\/p>\n\n\n\n<p>Chaque lot de production est soumis \u00e0 une analyse de contr\u00f4le qualit\u00e9 approfondie par le laboratoire de d\u00e9veloppement de l&rsquo;entreprise avant d&rsquo;\u00eatre livr\u00e9 aux clients. Des tests de copie et d&rsquo;impression sont \u00e9galement effectu\u00e9s. <\/p>\n\n\n\n<p>Si, outre la qualit\u00e9 des produits et la comp\u00e9titivit\u00e9 des prix, une grande disponibilit\u00e9 des produits et des d\u00e9lais de livraison courts sont importants, vous \u00eates \u00e0 la bonne adresse chez INTEGRAL.<\/p>\n\n\n\n<div class=\"gallery\"  data-images=\"https:\/\/integral-toner.de\/wp-content\/uploads\/2023\/11\/laborcomputer-mit-messerbenissen.jpg||https:\/\/integral-toner.de\/wp-content\/uploads\/2023\/11\/laborant-kopiert-dokumente.jpg||https:\/\/integral-toner.de\/wp-content\/uploads\/2023\/11\/laborrant-kontrolliert-ergebnisse.jpg\" >\n    <ul class=\"gallery__images\">\n                    <li><img loading=\"lazy\" decoding=\"async\" width=\"1100\" height=\"740\" src=\"https:\/\/integral-toner.de\/wp-content\/uploads\/2023\/11\/laborcomputer-mit-messerbenissen.jpg\" class=\"attachment-full size-full\" alt=\"Computer im Labor bei INTEGRAL\" srcset=\"https:\/\/integral-toner.de\/wp-content\/uploads\/2023\/11\/laborcomputer-mit-messerbenissen.jpg 1100w, https:\/\/integral-toner.de\/wp-content\/uploads\/2023\/11\/laborcomputer-mit-messerbenissen-300x202.jpg 300w, https:\/\/integral-toner.de\/wp-content\/uploads\/2023\/11\/laborcomputer-mit-messerbenissen-1024x689.jpg 1024w, https:\/\/integral-toner.de\/wp-content\/uploads\/2023\/11\/laborcomputer-mit-messerbenissen-768x517.jpg 768w\" sizes=\"auto, (max-width: 1100px) 100vw, 1100px\" \/><\/li>\n                    <li><img loading=\"lazy\" decoding=\"async\" width=\"1100\" height=\"733\" src=\"https:\/\/integral-toner.de\/wp-content\/uploads\/2023\/11\/laborant-kopiert-dokumente.jpg\" class=\"attachment-full size-full\" alt=\"Laborant f\u00fchrt Toner-Tests durch bei INTEGRAL\" srcset=\"https:\/\/integral-toner.de\/wp-content\/uploads\/2023\/11\/laborant-kopiert-dokumente.jpg 1100w, https:\/\/integral-toner.de\/wp-content\/uploads\/2023\/11\/laborant-kopiert-dokumente-300x200.jpg 300w, https:\/\/integral-toner.de\/wp-content\/uploads\/2023\/11\/laborant-kopiert-dokumente-1024x682.jpg 1024w, https:\/\/integral-toner.de\/wp-content\/uploads\/2023\/11\/laborant-kopiert-dokumente-768x512.jpg 768w\" sizes=\"auto, (max-width: 1100px) 100vw, 1100px\" \/><\/li>\n                    <li><img loading=\"lazy\" decoding=\"async\" width=\"1100\" height=\"700\" src=\"https:\/\/integral-toner.de\/wp-content\/uploads\/2023\/11\/laborrant-kontrolliert-ergebnisse.jpg\" class=\"attachment-full size-full\" alt=\"Der Laborant \u00fcberpr\u00fcft die Ergebnisse der Druck- und Kopierertests f\u00fcr den INTEGRAL-Toner\" srcset=\"https:\/\/integral-toner.de\/wp-content\/uploads\/2023\/11\/laborrant-kontrolliert-ergebnisse.jpg 1100w, https:\/\/integral-toner.de\/wp-content\/uploads\/2023\/11\/laborrant-kontrolliert-ergebnisse-300x191.jpg 300w, https:\/\/integral-toner.de\/wp-content\/uploads\/2023\/11\/laborrant-kontrolliert-ergebnisse-1024x652.jpg 1024w, https:\/\/integral-toner.de\/wp-content\/uploads\/2023\/11\/laborrant-kontrolliert-ergebnisse-768x489.jpg 768w\" sizes=\"auto, (max-width: 1100px) 100vw, 1100px\" \/><\/li>\n            <\/ul>\n<\/div>\n\n\n      <a class=\"is-style-back-to\" href=\"https:\/\/integral-toner.de\/unternehmen\/#qualitatssicherung\" target=\"\">\n        <svg xmlns=\"http:\/\/www.w3.org\/2000\/svg\" width=\"26.964\" height=\"15.208\" viewBox=\"0 0 26.964 15.208\">\n  <g transform=\"translate(1 0.707)\">\n    <path d=\"M388.367,27l-6.9-6.9a1,1,0,0,1,0-1.414l6.9-6.9,1.414,1.414-6.19,6.19,6.19,6.19Z\" transform=\"translate(-382.177 -12.5)\" fill=\"#e3051b\"\/>\n    <path d=\"M25.964,1H0V-1H25.964Z\" transform=\"translate(0 6.897)\" fill=\"#e3051b\"\/>\n  <\/g>\n<\/svg>\n\n        Retour \u00e0 l&rsquo;aper\u00e7u    <\/a>\n  \n<\/div>\n        <\/div>\n      <\/div>\n    <\/div>\n  <\/section>\n","protected":false},"excerpt":{"rendered":"","protected":false},"author":1,"featured_media":975,"parent":0,"menu_order":0,"comment_status":"closed","ping_status":"closed","template":"template-article.php","meta":{"_acf_changed":false,"_seopress_robots_primary_cat":"","_seopress_titles_title":"Qualit\u00e9 dans le d\u00e9veloppement de toner | INTEGRAL","_seopress_titles_desc":"Les nouveaux produits sont syst\u00e9matiquement soumis \u00e0 des tests approfondis. \u2794 Les tests de longue dur\u00e9e sont effectu\u00e9s dans diff\u00e9rentes conditions environnementales et d'\u00e9quipement, et ce directement chez Integral.","_seopress_robots_index":"","footnotes":""},"class_list":["post-4008","page","type-page","status-publish","has-post-thumbnail","hentry"],"acf":[],"_links":{"self":[{"href":"https:\/\/integral-toner.de\/fr\/wp-json\/wp\/v2\/pages\/4008","targetHints":{"allow":["GET"]}}],"collection":[{"href":"https:\/\/integral-toner.de\/fr\/wp-json\/wp\/v2\/pages"}],"about":[{"href":"https:\/\/integral-toner.de\/fr\/wp-json\/wp\/v2\/types\/page"}],"author":[{"embeddable":true,"href":"https:\/\/integral-toner.de\/fr\/wp-json\/wp\/v2\/users\/1"}],"replies":[{"embeddable":true,"href":"https:\/\/integral-toner.de\/fr\/wp-json\/wp\/v2\/comments?post=4008"}],"version-history":[{"count":10,"href":"https:\/\/integral-toner.de\/fr\/wp-json\/wp\/v2\/pages\/4008\/revisions"}],"predecessor-version":[{"id":8971,"href":"https:\/\/integral-toner.de\/fr\/wp-json\/wp\/v2\/pages\/4008\/revisions\/8971"}],"wp:featuredmedia":[{"embeddable":true,"href":"https:\/\/integral-toner.de\/fr\/wp-json\/wp\/v2\/media\/975"}],"wp:attachment":[{"href":"https:\/\/integral-toner.de\/fr\/wp-json\/wp\/v2\/media?parent=4008"}],"curies":[{"name":"wp","href":"https:\/\/api.w.org\/{rel}","templated":true}]}}