{"id":3995,"date":"2023-10-28T10:55:03","date_gmt":"2023-10-28T10:55:03","guid":{"rendered":"https:\/\/integral-toner.de\/integral-setzt-standards-bei-der-produktionsentwicklung\/"},"modified":"2025-06-25T12:21:59","modified_gmt":"2025-06-25T10:21:59","slug":"qualite-et-performances-optimisees-grace-a-la-recherche-et-au-developpement","status":"publish","type":"page","link":"https:\/\/integral-toner.de\/fr\/qualite-et-performances-optimisees-grace-a-la-recherche-et-au-developpement\/","title":{"rendered":"INTEGRAL \u00e9tablit des normes en mati\u00e8re de d\u00e9veloppement de la production"},"content":{"rendered":"  <section class=\"textsection block-69d7a9bfa62d9 type- \" >\n    <div class=\"container\">\n      <div class=\"row\">\n        <div class=\"col-12 col-lg-8 offset-lg-2 g-content\">\n          <div class=\"acf-innerblocks-container\">\n  <h1 class=\"g-h1-subtitle\">\n    <span>Soci\u00e9t\u00e9<\/span><br \/>\n    INTEGRAL \u00e9tablit des normes en mati\u00e8re de d\u00e9veloppement de la production  <\/h1>\n\n\n\n<figure class=\"wp-block-image size-full\"><img loading=\"lazy\" decoding=\"async\" width=\"945\" height=\"548\" src=\"https:\/\/integral-toner.de\/wp-content\/uploads\/2023\/10\/integral-labor.jpg\" alt=\"\" class=\"wp-image-380\" srcset=\"https:\/\/integral-toner.de\/wp-content\/uploads\/2023\/10\/integral-labor.jpg 945w, https:\/\/integral-toner.de\/wp-content\/uploads\/2023\/10\/integral-labor-300x174.jpg 300w, https:\/\/integral-toner.de\/wp-content\/uploads\/2023\/10\/integral-labor-768x445.jpg 768w\" sizes=\"auto, (max-width: 945px) 100vw, 945px\" \/><\/figure>\n\n\n\n<p>Pour ce faire, INTEGRAL dispose d&rsquo;un laboratoire de d\u00e9veloppement de toner moderne, \u00e9galement appel\u00e9 le centre de d\u00e9veloppement. Le laboratoire de d\u00e9veloppement est \u00e9quip\u00e9 d&rsquo;appareils de mesure modernes pour l&rsquo;analyse des formulations de toner. <\/p>\n\n\n\n<p>Le laboratoire de d\u00e9veloppement et d&rsquo;assurance qualit\u00e9 d\u00e9veloppe des formulations de produits de toner. Le d\u00e9veloppement des formulations de toner comprend l&rsquo;analyse des propri\u00e9t\u00e9s physico-chimiques requises \u00e0 l&rsquo;aide d&rsquo;appareils d&rsquo;analyse de laboratoire sp\u00e9cialis\u00e9s. Les essais continus en laboratoire constituent le c\u0153ur du d\u00e9veloppement de produits. Afin d&rsquo;optimiser les formulations de toner, de nombreuses petites s\u00e9ries de toner sont produites dans le centre technique de d\u00e9veloppement de toner jusqu&rsquo;\u00e0 ce que les caract\u00e9ristiques optimales du toner soient atteintes pour le produit en cours de d\u00e9veloppement. Les mesures analytiques sont effectu\u00e9es en particulier dans le domaine des facteurs importants tels que la distribution de la taille des particules de toner, la rh\u00e9ologie des polym\u00e8res, la d\u00e9termination du facteur de dissipation, la constante di\u00e9lectrique et les propri\u00e9t\u00e9s tribo\u00e9lectriques du toner en cours de d\u00e9veloppement.    <\/p>\n\n\n\n<p>Pour une qualit\u00e9 d&rsquo;impression et d&rsquo;image optimale, des mesures de densit\u00e9 optique et de pr\u00e9cision des couleurs sont effectu\u00e9es dans le cadre des mesures analytiques. Des tests d&rsquo;impression et de copie approfondis permettent de mesurer la stabilit\u00e9 \u00e0 long terme des formulations de toner d\u00e9velopp\u00e9es. <\/p>\n\n\n\n<div class=\"gallery\"  data-images=\"https:\/\/integral-toner.de\/wp-content\/uploads\/2024\/01\/2021-20230718_094541-scaled.jpg||https:\/\/integral-toner.de\/wp-content\/uploads\/2023\/10\/gallery-1.jpg||https:\/\/integral-toner.de\/wp-content\/uploads\/2023\/10\/gallery-2.jpg||https:\/\/integral-toner.de\/wp-content\/uploads\/2023\/10\/gallery-3.jpg||https:\/\/integral-toner.de\/wp-content\/uploads\/2023\/10\/integral-zuverlaessigkeit.jpg\" >\n    <ul class=\"gallery__images\">\n                    <li><img loading=\"lazy\" decoding=\"async\" width=\"2560\" height=\"1981\" src=\"https:\/\/integral-toner.de\/wp-content\/uploads\/2024\/01\/2021-20230718_094541-scaled.jpg\" class=\"attachment-full size-full\" alt=\"\" srcset=\"https:\/\/integral-toner.de\/wp-content\/uploads\/2024\/01\/2021-20230718_094541-scaled.jpg 2560w, https:\/\/integral-toner.de\/wp-content\/uploads\/2024\/01\/2021-20230718_094541-300x232.jpg 300w, https:\/\/integral-toner.de\/wp-content\/uploads\/2024\/01\/2021-20230718_094541-1024x793.jpg 1024w, https:\/\/integral-toner.de\/wp-content\/uploads\/2024\/01\/2021-20230718_094541-768x594.jpg 768w, https:\/\/integral-toner.de\/wp-content\/uploads\/2024\/01\/2021-20230718_094541-1536x1189.jpg 1536w, https:\/\/integral-toner.de\/wp-content\/uploads\/2024\/01\/2021-20230718_094541-2048x1585.jpg 2048w\" sizes=\"auto, (max-width: 2560px) 100vw, 2560px\" \/><\/li>\n                    <li><img loading=\"lazy\" decoding=\"async\" width=\"905\" height=\"603\" src=\"https:\/\/integral-toner.de\/wp-content\/uploads\/2023\/10\/gallery-1.jpg\" class=\"attachment-full size-full\" alt=\"Laborant \u00fcberpr\u00fcfut Toner-Qualit\u00e4t bei INTEGRAL\" srcset=\"https:\/\/integral-toner.de\/wp-content\/uploads\/2023\/10\/gallery-1.jpg 905w, https:\/\/integral-toner.de\/wp-content\/uploads\/2023\/10\/gallery-1-300x200.jpg 300w, https:\/\/integral-toner.de\/wp-content\/uploads\/2023\/10\/gallery-1-768x512.jpg 768w\" sizes=\"auto, (max-width: 905px) 100vw, 905px\" \/><\/li>\n                    <li><img loading=\"lazy\" decoding=\"async\" width=\"905\" height=\"603\" src=\"https:\/\/integral-toner.de\/wp-content\/uploads\/2023\/10\/gallery-2.jpg\" class=\"attachment-full size-full\" alt=\"INTEGRAL\" srcset=\"https:\/\/integral-toner.de\/wp-content\/uploads\/2023\/10\/gallery-2.jpg 905w, https:\/\/integral-toner.de\/wp-content\/uploads\/2023\/10\/gallery-2-300x200.jpg 300w, https:\/\/integral-toner.de\/wp-content\/uploads\/2023\/10\/gallery-2-768x512.jpg 768w\" sizes=\"auto, (max-width: 905px) 100vw, 905px\" \/><\/li>\n                    <li><img loading=\"lazy\" decoding=\"async\" width=\"905\" height=\"603\" src=\"https:\/\/integral-toner.de\/wp-content\/uploads\/2023\/10\/gallery-3.jpg\" class=\"attachment-full size-full\" alt=\"Laborant bei Toner-Tests im Labor bei INTEGRAL\" srcset=\"https:\/\/integral-toner.de\/wp-content\/uploads\/2023\/10\/gallery-3.jpg 905w, https:\/\/integral-toner.de\/wp-content\/uploads\/2023\/10\/gallery-3-300x200.jpg 300w, https:\/\/integral-toner.de\/wp-content\/uploads\/2023\/10\/gallery-3-768x512.jpg 768w\" sizes=\"auto, (max-width: 905px) 100vw, 905px\" \/><\/li>\n                    <li><img loading=\"lazy\" decoding=\"async\" width=\"945\" height=\"548\" src=\"https:\/\/integral-toner.de\/wp-content\/uploads\/2023\/10\/integral-zuverlaessigkeit.jpg\" class=\"attachment-full size-full\" alt=\"Laborant im INTEGRAL-Labor\" srcset=\"https:\/\/integral-toner.de\/wp-content\/uploads\/2023\/10\/integral-zuverlaessigkeit.jpg 945w, https:\/\/integral-toner.de\/wp-content\/uploads\/2023\/10\/integral-zuverlaessigkeit-300x174.jpg 300w, https:\/\/integral-toner.de\/wp-content\/uploads\/2023\/10\/integral-zuverlaessigkeit-768x445.jpg 768w\" sizes=\"auto, (max-width: 945px) 100vw, 945px\" \/><\/li>\n            <\/ul>\n<\/div>\n\n\n      <a class=\"is-style-back-to\" href=\"https:\/\/integral-toner.de\/unternehmen\/#produktentwicklung\" target=\"\">\n        <svg xmlns=\"http:\/\/www.w3.org\/2000\/svg\" width=\"26.964\" height=\"15.208\" viewBox=\"0 0 26.964 15.208\">\n  <g transform=\"translate(1 0.707)\">\n    <path d=\"M388.367,27l-6.9-6.9a1,1,0,0,1,0-1.414l6.9-6.9,1.414,1.414-6.19,6.19,6.19,6.19Z\" transform=\"translate(-382.177 -12.5)\" fill=\"#e3051b\"\/>\n    <path d=\"M25.964,1H0V-1H25.964Z\" transform=\"translate(0 6.897)\" fill=\"#e3051b\"\/>\n  <\/g>\n<\/svg>\n\n        Retour \u00e0 l&rsquo;aper\u00e7u    <\/a>\n  \n<\/div>\n        <\/div>\n      <\/div>\n    <\/div>\n  <\/section>\n","protected":false},"excerpt":{"rendered":"","protected":false},"author":1,"featured_media":959,"parent":0,"menu_order":0,"comment_status":"closed","ping_status":"closed","template":"template-article.php","meta":{"_acf_changed":false,"_seopress_robots_primary_cat":"","_seopress_titles_title":"D\u00e9veloppement de la production | INTEGRAL Fabricant","_seopress_titles_desc":"Dans le centre de d\u00e9veloppement, les formulations de toner INTEGRAL sont d\u00e9velopp\u00e9es et test\u00e9es pour une qualit\u00e9 d'impression et d'image optimale. \u2794 Galerie de recherche sur le toner !","_seopress_robots_index":"","footnotes":""},"class_list":["post-3995","page","type-page","status-publish","has-post-thumbnail","hentry"],"acf":[],"_links":{"self":[{"href":"https:\/\/integral-toner.de\/fr\/wp-json\/wp\/v2\/pages\/3995","targetHints":{"allow":["GET"]}}],"collection":[{"href":"https:\/\/integral-toner.de\/fr\/wp-json\/wp\/v2\/pages"}],"about":[{"href":"https:\/\/integral-toner.de\/fr\/wp-json\/wp\/v2\/types\/page"}],"author":[{"embeddable":true,"href":"https:\/\/integral-toner.de\/fr\/wp-json\/wp\/v2\/users\/1"}],"replies":[{"embeddable":true,"href":"https:\/\/integral-toner.de\/fr\/wp-json\/wp\/v2\/comments?post=3995"}],"version-history":[{"count":8,"href":"https:\/\/integral-toner.de\/fr\/wp-json\/wp\/v2\/pages\/3995\/revisions"}],"predecessor-version":[{"id":8895,"href":"https:\/\/integral-toner.de\/fr\/wp-json\/wp\/v2\/pages\/3995\/revisions\/8895"}],"wp:featuredmedia":[{"embeddable":true,"href":"https:\/\/integral-toner.de\/fr\/wp-json\/wp\/v2\/media\/959"}],"wp:attachment":[{"href":"https:\/\/integral-toner.de\/fr\/wp-json\/wp\/v2\/media?parent=3995"}],"curies":[{"name":"wp","href":"https:\/\/api.w.org\/{rel}","templated":true}]}}