{"id":3986,"date":"2023-10-28T11:02:19","date_gmt":"2023-10-28T09:02:19","guid":{"rendered":"https:\/\/integral-toner.de\/hervorragende-produkte-erfordern-herausragenden-service\/"},"modified":"2025-07-01T12:58:59","modified_gmt":"2025-07-01T10:58:59","slug":"combinez-dexcellents-toners-avec-un-service-exceptionnel","status":"publish","type":"page","link":"https:\/\/integral-toner.de\/fr\/combinez-dexcellents-toners-avec-un-service-exceptionnel\/","title":{"rendered":"Des produits exceptionnels n\u00e9cessitent un service exceptionnel"},"content":{"rendered":"  <section class=\"textsection block-69d784f4a7f30 type- \" >\n    <div class=\"container\">\n      <div class=\"row\">\n        <div class=\"col-12 col-lg-8 offset-lg-2 g-content\">\n          <div class=\"acf-innerblocks-container\">\n  <h1 class=\"g-h1-subtitle\">\n    <span>Soci\u00e9t\u00e9<\/span><br \/>\n    Des produits exceptionnels n\u00e9cessitent un service exceptionnel  <\/h1>\n\n\n\n<figure class=\"wp-block-image size-full\"><img loading=\"lazy\" decoding=\"async\" width=\"945\" height=\"548\" src=\"https:\/\/integral-toner.de\/wp-content\/uploads\/2023\/10\/integral-service.jpg\" alt=\"\" class=\"wp-image-414\" srcset=\"https:\/\/integral-toner.de\/wp-content\/uploads\/2023\/10\/integral-service.jpg 945w, https:\/\/integral-toner.de\/wp-content\/uploads\/2023\/10\/integral-service-300x174.jpg 300w, https:\/\/integral-toner.de\/wp-content\/uploads\/2023\/10\/integral-service-768x445.jpg 768w\" sizes=\"auto, (max-width: 945px) 100vw, 945px\" \/><\/figure>\n\n\n\n<p>C&rsquo;est pourquoi l&rsquo;un des objectifs de l&rsquo;entreprise est de fournir un service individualis\u00e9 \u00e0 chaque client.<\/p>\n\n\n\n<p>Les partenaires commerciaux d&rsquo;INTEGRAL ont leurs interlocuteurs individuels au sein du d\u00e9partement du service client, qui connaissent les besoins des clients et s&rsquo;y adaptent.<\/p>\n\n\n\n<p>Les membres de l&rsquo;\u00e9quipe de service INTEGRAL sont soigneusement form\u00e9s \u00e0 leurs t\u00e2ches afin de fournir des r\u00e9ponses comp\u00e9tentes aux questions relatives aux produits, \u00e0 la tarification, \u00e0 la disponibilit\u00e9 ou aux questions logistiques.<\/p>\n\n\n\n<p>L&rsquo;objectif d\u00e9clar\u00e9 est de faire en sorte que les clients aient la meilleure exp\u00e9rience produit \u00e0 chaque commande.<\/p>\n\n\n      <a class=\"is-style-back-to\" href=\"https:\/\/integral-toner.de\/unternehmen\/#kundenservice\" target=\"\">\n        <svg xmlns=\"http:\/\/www.w3.org\/2000\/svg\" width=\"26.964\" height=\"15.208\" viewBox=\"0 0 26.964 15.208\">\n  <g transform=\"translate(1 0.707)\">\n    <path d=\"M388.367,27l-6.9-6.9a1,1,0,0,1,0-1.414l6.9-6.9,1.414,1.414-6.19,6.19,6.19,6.19Z\" transform=\"translate(-382.177 -12.5)\" fill=\"#e3051b\"\/>\n    <path d=\"M25.964,1H0V-1H25.964Z\" transform=\"translate(0 6.897)\" fill=\"#e3051b\"\/>\n  <\/g>\n<\/svg>\n\n        Retour \u00e0 l&rsquo;aper\u00e7u    <\/a>\n  \n<\/div>\n        <\/div>\n      <\/div>\n    <\/div>\n  <\/section>\n","protected":false},"excerpt":{"rendered":"","protected":false},"author":1,"featured_media":983,"parent":0,"menu_order":0,"comment_status":"closed","ping_status":"closed","template":"template-article.php","meta":{"_acf_changed":false,"_seopress_robots_primary_cat":"","_seopress_titles_title":"INTEGRAL Service Team | INTEGRAL fabricant de toner","_seopress_titles_desc":"Les clients ont leurs propres interlocuteurs, qui r\u00e9pondent \u00e0 leurs questions sur les produits, la tarification, la disponibilit\u00e9 ou les questions li\u00e9es \u00e0 la logistique.","_seopress_robots_index":"","footnotes":""},"class_list":["post-3986","page","type-page","status-publish","has-post-thumbnail","hentry"],"acf":[],"_links":{"self":[{"href":"https:\/\/integral-toner.de\/fr\/wp-json\/wp\/v2\/pages\/3986","targetHints":{"allow":["GET"]}}],"collection":[{"href":"https:\/\/integral-toner.de\/fr\/wp-json\/wp\/v2\/pages"}],"about":[{"href":"https:\/\/integral-toner.de\/fr\/wp-json\/wp\/v2\/types\/page"}],"author":[{"embeddable":true,"href":"https:\/\/integral-toner.de\/fr\/wp-json\/wp\/v2\/users\/1"}],"replies":[{"embeddable":true,"href":"https:\/\/integral-toner.de\/fr\/wp-json\/wp\/v2\/comments?post=3986"}],"version-history":[{"count":14,"href":"https:\/\/integral-toner.de\/fr\/wp-json\/wp\/v2\/pages\/3986\/revisions"}],"predecessor-version":[{"id":9329,"href":"https:\/\/integral-toner.de\/fr\/wp-json\/wp\/v2\/pages\/3986\/revisions\/9329"}],"wp:featuredmedia":[{"embeddable":true,"href":"https:\/\/integral-toner.de\/fr\/wp-json\/wp\/v2\/media\/983"}],"wp:attachment":[{"href":"https:\/\/integral-toner.de\/fr\/wp-json\/wp\/v2\/media?parent=3986"}],"curies":[{"name":"wp","href":"https:\/\/api.w.org\/{rel}","templated":true}]}}