{"id":3890,"date":"2023-10-18T17:23:21","date_gmt":"2023-10-18T17:23:21","guid":{"rendered":"https:\/\/integral-toner.de\/?page_id=3890"},"modified":"2024-05-16T12:08:58","modified_gmt":"2024-05-16T12:08:58","slug":"mentions-legales","status":"publish","type":"page","link":"https:\/\/integral-toner.de\/fr\/mentions-legales\/","title":{"rendered":"Mentions l\u00e9gales"},"content":{"rendered":"  <section class=\"textsection block-6a05a129379e3 type- \" >\n    <div class=\"container\">\n      <div class=\"row\">\n        <div class=\"col-12 col-lg-8 offset-lg-2 g-content\">\n          <div class=\"acf-innerblocks-container\">\n\n<h1 class=\"wp-block-heading has-h-2-font-size\">Mentions l\u00e9gales<\/h1>\n\n\n\n<p>Informations selon \u00a7 5 TMG<\/p>\n\n\n\n<p>INTEGRAL GmbH<br>Am Hasselsweg 1<br>47647 Kerken<br>Germany<\/p>\n\n\n\n<p>Registre du commerce : HRB B 14738<br>Tribunal d&rsquo;enregistrement : tribunal de grande instance de Cl\u00e8ves<\/p>\n\n\n\n<p><strong>Repr\u00e9sent\u00e9 par:<\/strong><br>G\u00fcnther A.L. Hagemann, Jan H. Hagemann<\/p>\n\n\n\n<p><strong>Contact<\/strong><br>T\u00e9l\u00e9phone: <a href=\"tel:+4928336060\">+49 2833 606-0<\/a><br>T\u00e9l\u00e9copie: +49 2833 606160<br>E-Mail: <a href=\"mailto:info@integral-international.de\">info@integral-international.de<\/a><\/p>\n\n\n\n<p><strong>Num\u00e9ro d&rsquo;identification fiscale<\/strong><br>Num\u00e9ro d&rsquo;identification de taxe sur les ventes conform\u00e9ment \u00e0 l&rsquo;article 27 a de la loi sur la taxe sur les ventes:<br>DE312806419<\/p>\n\n\n\n<p><strong>Num\u00e9ro d&rsquo;enregistrement DEEE<br><\/strong>DE56408571<\/p>\n\n\n\n<p><strong>R\u00e8glement des diff\u00e9rends dans l&rsquo;UE<br><\/strong><\/p>\n\n\n\n<p>La Commission europ\u00e9enne met \u00e0 disposition une plateforme de r\u00e9solution des litiges en ligne (OS) :<br><a href=\"https:\/\/ec.europa.eu\/consumers\/odr\/\">https:\/\/ec.europa.eu\/consumers\/odr\/<\/a>.<br>Vous pouvez retrouver notre adresse email dans les mentions l\u00e9gales ci-dessus.<\/p>\n\n\n\n<p><strong>Conseil de r\u00e8glement des litiges de consommation\/arbitrage universel<br><\/strong>Nous ne sommes ni dispos\u00e9s ni oblig\u00e9s de participer \u00e0 une proc\u00e9dure de r\u00e8glement des litiges devant un conseil d&rsquo;arbitrage des consommateurs.<\/p>\n\n\n<p>Bildnachweise:<br>&copy; INTEGRAL<br>&copy; Siphosethu Fanti\/peopleimages.com  \u2013 stock.adobe.com<br>&copy; magdal3na  \u2013 stock.adobe.com<br>&copy; baseplus\u00ae<br>&copy; Monster Ztudio  \u2013 shutterstock.com<br>&copy; Richard  \u2013 stock.adobe.com<br>&copy; SFIO CRACHO  \u2013 shutterstock.com<br>&copy; Muhammad Asad Qureshi  \u2013 shutterstock.com<br>&copy; vgstudio  \u2013 shutterstock.com<br>&copy; Yuri A\/peopleimages.com  \u2013 stock.adobe.com<br>&copy; Andrey Burmakin  \u2013 stock.adobe.com<br>&copy; Visions-AD  \u2013 stock.adobe.com<br>&copy; Dean Drobot &#8211; shutterstock.com<br>&copy; Olivier Le Moal &#8211; shutterstock.com<br>&copy; Gunnar Pippel \u2013 shutterstock.com<br>&copy; niroworld \u2013 shutterstock.com<br>&copy; Fahkamram &#8211; shutterstock.com<br>&copy; magdal3na, baseplus\u00ae<br>&copy; Lukas Gojda  \u2013 stock.adobe.com<br>&copy; magdal3na \u2013 stock.adobe.com<br>&copy;  INTEGRAL<br>&copy; Siphosethu Fanti\/peopleimages.com \u2013 stock.adobe.com<br>&copy; Monster Ztudio \u2013 shutterstock.com<br>&copy; Richard \u2013 stock.adobe.com<br>&copy; SFIO CRACHO \u2013 shutterstock.com<br>&copy; Muhammad Asad Qureshi \u2013 shutterstock.com<br>&copy; vgstudio \u2013 shutterstock.com<br>&copy; Yuri A\/peopleimages.com \u2013 stock.adobe.com<br>&copy; Andrey Burmakin \u2013 stock.adobe.com<br>&copy; Visions-AD \u2013 stock.adobe.com<br>&copy; Dean Drobot \u2013 shutterstock.com<br>&copy; Olivier Le Moal \u2013 shutterstock.com<br>&copy; Fahkamram \u2013 shutterstock.com<br>&copy; Lukas Gojda \u2013 stock.adobe.com<br><\/p>\n<\/div>\n        <\/div>\n      <\/div>\n    <\/div>\n  <\/section>\n","protected":false},"excerpt":{"rendered":"","protected":false},"author":15,"featured_media":0,"parent":0,"menu_order":0,"comment_status":"closed","ping_status":"closed","template":"template-article.php","meta":{"_acf_changed":false,"_seopress_robots_primary_cat":"","_seopress_titles_title":"","_seopress_titles_desc":"","_seopress_robots_index":"","_seopress_analysis_target_kw":"","footnotes":""},"class_list":["post-3890","page","type-page","status-publish","hentry"],"acf":[],"_links":{"self":[{"href":"https:\/\/integral-toner.de\/fr\/wp-json\/wp\/v2\/pages\/3890","targetHints":{"allow":["GET"]}}],"collection":[{"href":"https:\/\/integral-toner.de\/fr\/wp-json\/wp\/v2\/pages"}],"about":[{"href":"https:\/\/integral-toner.de\/fr\/wp-json\/wp\/v2\/types\/page"}],"author":[{"embeddable":true,"href":"https:\/\/integral-toner.de\/fr\/wp-json\/wp\/v2\/users\/15"}],"replies":[{"embeddable":true,"href":"https:\/\/integral-toner.de\/fr\/wp-json\/wp\/v2\/comments?post=3890"}],"version-history":[{"count":2,"href":"https:\/\/integral-toner.de\/fr\/wp-json\/wp\/v2\/pages\/3890\/revisions"}],"predecessor-version":[{"id":3906,"href":"https:\/\/integral-toner.de\/fr\/wp-json\/wp\/v2\/pages\/3890\/revisions\/3906"}],"wp:attachment":[{"href":"https:\/\/integral-toner.de\/fr\/wp-json\/wp\/v2\/media?parent=3890"}],"curies":[{"name":"wp","href":"https:\/\/api.w.org\/{rel}","templated":true}]}}