{"id":3537,"date":"2023-10-18T19:13:19","date_gmt":"2023-10-18T19:13:19","guid":{"rendered":"https:\/\/integral-toner.de\/?page_id=3537"},"modified":"2025-06-25T12:20:03","modified_gmt":"2025-06-25T10:20:03","slug":"environnement-et-durabilite","status":"publish","type":"page","link":"https:\/\/integral-toner.de\/fr\/entreprise\/environnement-et-durabilite\/","title":{"rendered":"Environnement et d\u00e9veloppement durable"},"content":{"rendered":"  <section class=\"hero-image block-69e169e2a9840\" >\n          <div class=\"hero-image__image \">\n        <img loading=\"lazy\" decoding=\"async\" width=\"1920\" height=\"880\" src=\"https:\/\/integral-toner.de\/wp-content\/uploads\/2023\/10\/integral-umweltschutz-und-nachhaltige-produktionen.jpg\" class=\"object-position-y-50\" alt=\"Umweltschutz und Nachhaltigkeit\" srcset=\"https:\/\/integral-toner.de\/wp-content\/uploads\/2023\/10\/integral-umweltschutz-und-nachhaltige-produktionen.jpg 1920w, https:\/\/integral-toner.de\/wp-content\/uploads\/2023\/10\/integral-umweltschutz-und-nachhaltige-produktionen-300x138.jpg 300w, https:\/\/integral-toner.de\/wp-content\/uploads\/2023\/10\/integral-umweltschutz-und-nachhaltige-produktionen-1024x469.jpg 1024w, https:\/\/integral-toner.de\/wp-content\/uploads\/2023\/10\/integral-umweltschutz-und-nachhaltige-produktionen-768x352.jpg 768w, https:\/\/integral-toner.de\/wp-content\/uploads\/2023\/10\/integral-umweltschutz-und-nachhaltige-produktionen-1536x704.jpg 1536w\" sizes=\"auto, (max-width: 1920px) 100vw, 1920px\" \/>\n      <\/div>\n    \n        <div class=\"container\">\n      <div class=\"row\">\n        <div class=\"col-12 col-lg-7\">\n          <div class=\"hero-image__content\">\n                          <h1 class=\"g-h2-subtitle\">\n                <span>ENVIRONNEMENT &amp;amp; D\u00c9VELOPPEMENT DURABLE<\/span><br \/>\n                Protection de l&rsquo;environnement et production durable\n              <\/h1>\n            \n                          <p class=\"g-description\">\n                Penser \u00e0 demain d\u00e8s aujourd&rsquo;hui et agir de mani\u00e8re durable &#8211; tel est notre credo.\n              <\/p>\n            \n                      <\/div>\n        <\/div>\n      <\/div>\n    <\/div>\n  <\/section>\n  <section class=\"textsection block-69e169e2ace6b type- \" >\n    <div class=\"container\">\n      <div class=\"row\">\n        <div class=\"col-12 col-lg-8 offset-lg-2 g-content\">\n          <div class=\"acf-innerblocks-container\">\n\n<h2 class=\"wp-block-heading\">Utilisation \u00e9conomique des ressources naturelles<\/h2>\n\n\n\n<p>Une qualit\u00e9 exceptionnelle ne se limite pas \u00e0 la performance et \u00e0 la valeur des produits. La compatibilit\u00e9 \u00e9cologique est tout aussi importante. Cela est particuli\u00e8rement vrai en ce qui concerne la sant\u00e9 et la s\u00e9curit\u00e9, mais aussi l&rsquo;utilisation \u00e9conomique des ressources :  <\/p>\n\n\n\n<ul class=\"is-style-green-list wp-block-list\">\n<li>la minimisation des \u00e9missions et des d\u00e9chets,<\/li>\n\n\n\n<li>le d\u00e9veloppement de produits et<\/li>\n\n\n\n<li>tout au long du processus de fabrication.<\/li>\n<\/ul>\n\n\n\n<p>Les consommables INTEGRAL sont con\u00e7us dans le but de pr\u00e9server les ressources naturelles tout en \u00e9vitant l&rsquo;utilisation de substances nocives.  <\/p>\n\n<\/div>\n        <\/div>\n      <\/div>\n    <\/div>\n  <\/section>\n  <section class=\"environment block-69e169e2aeba7\" >\n    <div class=\"container\">\n      <div class=\"row\">\n        <div class=\"col-12 col-lg-5\">\n                      <h2 class=\"g-h2-subtitle\">\n              <span>ENVIRONNEMENT<\/span><br \/>\n              Notre engagement pour l&#039;environnement\n            <\/h2>\n          \n                      <div class=\"environment__image\">\n              <img decoding=\"async\" width=\"565\" height=\"512\" src=\"https:\/\/integral-toner.de\/wp-content\/uploads\/2023\/10\/integral-engagement-umwelt.jpg\" class=\"attachment-large_medium size-large_medium\" alt=\"INTEGRAL setzt sich f\u00fcr Umweltschutz ein\" loading=\"lazy\" srcset=\"https:\/\/integral-toner.de\/wp-content\/uploads\/2023\/10\/integral-engagement-umwelt.jpg 565w, https:\/\/integral-toner.de\/wp-content\/uploads\/2023\/10\/integral-engagement-umwelt-300x272.jpg 300w\" sizes=\"auto, (max-width: 565px) 100vw, 565px\" \/>\n            <\/div>\n                  <\/div>\n        <div class=\"col-12 col-lg-6 offset-lg-1\">\n          <div class=\"row\">\n                          <div class=\"col-12 col-lg-6\">\n                <div class=\"environment__item\">\n                  <p class=\"environment__item-title\">Toner INTEGRAL<\/p>\n                  <p class=\"environment__item-description\">L&#039;utilisation de toner INTEGRAL r\u00e9duit consid\u00e9rablement la quantit\u00e9 de toner r\u00e9siduel pendant le processus de copie ou d&#039;impression par rapport aux toners traditionnels.<\/p> \n                <\/div>\n              <\/div>\n                          <div class=\"col-12 col-lg-6\">\n                <div class=\"environment__item\">\n                  <p class=\"environment__item-title\">Promotion de la politique environnementale<\/p>\n                  <p class=\"environment__item-description\">Notre politique environnementale encourage le recyclage des produits chaque fois que cela est possible, ainsi que la r\u00e9utilisation des mat\u00e9riaux d&#039;emballage.<\/p> \n                <\/div>\n              <\/div>\n                          <div class=\"col-12 col-lg-6\">\n                <div class=\"environment__item\">\n                  <p class=\"environment__item-title\">Produits respectueux de l&#039;environnement<\/p>\n                  <p class=\"environment__item-description\">Notre politique en mati\u00e8re de produits \u00e9cologiques est une excellente occasion pour nos clients d&#039;attirer de nouveaux groupes de clients en leur proposant des produits \u00e9cologiques.<\/p> \n                <\/div>\n              <\/div>\n                          <div class=\"col-12 col-lg-6\">\n                <div class=\"environment__item\">\n                  <p class=\"environment__item-title\">Pr\u00e9venir les risques pour la sant\u00e9<\/p>\n                  <p class=\"environment__item-description\">Les toners INTEGRAL contiennent un taux particuli\u00e8rement faible de particules fines et de poussi\u00e8re de toner. Cela permet d&#039;\u00e9viter les risques pour la sant\u00e9 li\u00e9s \u00e0 l&#039;utilisation des toners INTEGRAL. <\/p> \n                <\/div>\n              <\/div>\n                          <div class=\"col-12 col-lg-6\">\n                <div class=\"environment__item\">\n                  <p class=\"environment__item-title\">Processus de production<\/p>\n                  <p class=\"environment__item-description\">Nos processus de production sont organis\u00e9s de mani\u00e8re \u00e0 respecter l&#039;environnement.<\/p> \n                <\/div>\n              <\/div>\n                          <div class=\"col-12 col-lg-6\">\n                <div class=\"environment__item\">\n                  <p class=\"environment__item-title\">Les op\u00e9rations sont bien organis\u00e9es<\/p>\n                  <p class=\"environment__item-description\">Les objectifs de l&#039;entreprise sont atteints en accord avec les questions environnementales. Les op\u00e9rations sont organis\u00e9es de mani\u00e8re responsable et respectueuse de l&#039;environnement. <\/p> \n                <\/div>\n              <\/div>\n                          <div class=\"col-12 col-lg-6\">\n                <div class=\"environment__item\">\n                  <p class=\"environment__item-title\">Cartouches d&#039;imprimante laser<\/p>\n                  <p class=\"environment__item-description\">INTEGRAL recommande le recyclage des cartouches d&#039;imprimantes laser. Cet objectif est soutenu par un programme de produits pour le recyclage des cartouches d&#039;imprimantes laser d&#039;INTEGRAL. <\/p> \n                <\/div>\n              <\/div>\n                          <div class=\"col-12 col-lg-6\">\n                <div class=\"environment__item\">\n                  <p class=\"environment__item-title\">Longue dur\u00e9e de vie<\/p>\n                  <p class=\"environment__item-description\">L&#039;utilisation de nos toners permet de prolonger au maximum la dur\u00e9e de vie des composants de l&#039;appareil. Ceci est en accord avec la politique environnementale de l&#039;entreprise, \u00e0 savoir la pr\u00e9servation des ressources. <\/p> \n                <\/div>\n              <\/div>\n                      <\/div>\n        <\/div>\n      <\/div>\n    <\/div>\n  <\/section>\n  <section class=\"guidelines block-69e169e2b1569\" >\n    <div class=\"container\">\n      <div class=\"row\">\n        <div class=\"col-12 col-lg-8 offset-lg-2\">\n                      <h2 class=\"g-h2-subtitle\">\n              <span>CERTIFICATIONS<\/span><br \/>\n              Conformit\u00e9 aux directives en vigueur\n            <\/h2>\n                                              <div class=\"guidelines__box\">\n                                  <div class=\"guidelines__box-image\">\n                    <img decoding=\"async\" width=\"160\" height=\"160\" src=\"https:\/\/integral-toner.de\/wp-content\/uploads\/2023\/10\/integral-reach.png\" class=\"attachment-large_medium size-large_medium\" alt=\"REACH Siegel\" loading=\"lazy\" srcset=\"https:\/\/integral-toner.de\/wp-content\/uploads\/2023\/10\/integral-reach.png 160w, https:\/\/integral-toner.de\/wp-content\/uploads\/2023\/10\/integral-reach-150x150.png 150w\" sizes=\"auto, (max-width: 160px) 100vw, 160px\" \/>\n                  <\/div>\n                                <p class=\"guidelines__box-title\">INTEGRAL est conforme \u00e0 REACH<\/p>\n                <div class=\"read-more\">\n                  <div class=\"readmore__content\">\n                    <p class=\"guidelines__box-description\">Le r\u00e8glement REACH est un r\u00e8glement de l&rsquo;Union Europ\u00e9enne qui a \u00e9t\u00e9 adopt\u00e9 afin d&rsquo;am\u00e9liorer la protection de la sant\u00e9 humaine et de l&rsquo;environnement contre les risques li\u00e9s aux produits chimiques. Les substances contenues dans le toner sont soumises \u00e0 des obligations d&rsquo;enregistrement \u00e9tendues aupr\u00e8s de l&rsquo;autorit\u00e9 europ\u00e9enne comp\u00e9tente ECHA.<br \/>\r\nLe toner produit par INTEGRAL r\u00e9pond de mani\u00e8re exemplaire aux exigences de la r\u00e9glementation europ\u00e9enne sur les produits chimiques REACH. Les substances contenues dans le toner et soumises \u00e0 l&rsquo;obligation d&rsquo;enregistrement sont enregistr\u00e9es aupr\u00e8s de l&rsquo;autorit\u00e9 comp\u00e9tente.<br \/>\r\nLors de l&rsquo;achat du toner INTEGRAL, les clients d&rsquo;INTEGRAL re\u00e7oivent avec chaque livraison une confirmation de la conformit\u00e9 du toner \u00e0 REACH.  <\/p>\n                  <\/div>\n\n                  <button class=\"g-btn g-btn--mehrlesen readmore__button\" type=\"button\">\n                    <span class=\"readmore__button\">Mehr lesen<\/span>\n                    <span class=\"readmore__button\">Minimieren<\/span>\n                  <\/button>\n                <\/div>\n              <\/div>\n                          <div class=\"guidelines__box\">\n                                  <div class=\"guidelines__box-image\">\n                    <img decoding=\"async\" width=\"160\" height=\"159\" src=\"https:\/\/integral-toner.de\/wp-content\/uploads\/2023\/10\/integral-rohs.png\" class=\"attachment-large_medium size-large_medium\" alt=\"RoHS Logo\" loading=\"lazy\" srcset=\"https:\/\/integral-toner.de\/wp-content\/uploads\/2023\/10\/integral-rohs.png 160w, https:\/\/integral-toner.de\/wp-content\/uploads\/2023\/10\/integral-rohs-150x150.png 150w\" sizes=\"auto, (max-width: 160px) 100vw, 160px\" \/>\n                  <\/div>\n                                <p class=\"guidelines__box-title\">Qu&rsquo;est-ce que la RoHS ?<\/p>\n                <div class=\"read-more\">\n                  <div class=\"readmore__content\">\n                    <p class=\"guidelines__box-description\">La directive RoHS de l&rsquo;UE limite l&rsquo;utilisation de substances dangereuses. Les substances dangereuses dans le cadre de la directive RoHS comprennent entre autres le plomb, le cadmium, le chrome, le mercure et les retardateurs de flamme brom\u00e9s.<br \/>\r\nLes cartouches de toner d&rsquo;INTEGRAL r\u00e9pondent aux exigences de la directive RoHS. INTEGRAL s&rsquo;abstient d&rsquo;utiliser des substances dangereuses pour la sant\u00e9 lors de la production du toner et des cartouches de toner et veille au respect de la directive RoHS. Vous recevez d&rsquo;INTEGRAL des produits sans risque pour la sant\u00e9.   <br \/>\r\n<br \/>\r\nFaibles valeurs d&rsquo;\u00e9mission lors de l&rsquo;utilisation du toner INTEGRAL : INTEGRAL utilise exclusivement des mati\u00e8res premi\u00e8res de haute qualit\u00e9 et sans danger pour la sant\u00e9 lors de la production de la poudre de toner. Outre l&rsquo;avantage qualitatif de l&rsquo;utilisation de mati\u00e8res premi\u00e8res de haute qualit\u00e9, il en r\u00e9sulte \u00e9galement un avantage environnemental. Les mati\u00e8res premi\u00e8res sp\u00e9ciales de haute qualit\u00e9 utilis\u00e9es pour la production de toner ont souvent un meilleur impact sur l&rsquo;environnement que les mati\u00e8res premi\u00e8res de base bon march\u00e9. L&rsquo;utilisation de polym\u00e8res \u00e0 faibles \u00e9missions pour la production de toner en est un exemple important. L&rsquo;utilisation exclusive de mati\u00e8res premi\u00e8res de haute qualit\u00e9 par INTEGRAL est \u00e0 la fois un investissement dans la qualit\u00e9 et une contribution importante \u00e0 la protection de l&rsquo;environnement.    <\/p>\n                  <\/div>\n\n                  <button class=\"g-btn g-btn--mehrlesen readmore__button\" type=\"button\">\n                    <span class=\"readmore__button\">Mehr lesen<\/span>\n                    <span class=\"readmore__button\">Minimieren<\/span>\n                  <\/button>\n                <\/div>\n              <\/div>\n                              <\/div>\n      <\/div>\n    <\/div>\n  <\/section>\n  <section class=\"text-image block-69e169e2b364e type-blanc \" >\n    <div class=\"container\">\n      <div class=\"row align-items-center\">\n        <div class=\"col-xl-6 text-image__content text-image__content--right order-2 order-xl-2\" data-aos=\"fade-left\" data-aos-anchor=\".block-69e169e2b364e\">\n          <div class=\"acf-innerblocks-container\">\n\n<h2 class=\"wp-block-heading\">Tous les toners sont-ils identiques ? La diff\u00e9rence avec INTEGRAL <\/h2>\n\n\n\n<p>Nous avons obtenu ce statut gr\u00e2ce \u00e0 nos exigences \u00e9lev\u00e9es en mati\u00e8re de qualit\u00e9, \u00e0 nos contr\u00f4les stricts des produits et \u00e0 notre approche globale du service client. Un \u00e9l\u00e9ment important \u00e9galement : le th\u00e8me de la durabilit\u00e9 ! <\/p>\n\n\n\n<p>Lors de la fabrication du toner, nous veillons \u00e0 utiliser des proc\u00e9d\u00e9s qui pr\u00e9servent les ressources et nous concevons nos produits \u00e9cologiques selon le principe de la durabilit\u00e9. Le toner INTEGRAL est \u00e0 la fois respectueux de l&rsquo;environnement et tr\u00e8s \u00e9conomique, tout en offrant une qualit\u00e9 d&rsquo;impression \u00e9lev\u00e9e. <\/p>\n\n<\/div>\n        <\/div>\n\n        <div class=\"col-xl-6  order-1 order-xl-1\" data-aos=\"fade-right\" data-aos-anchor=\".block-69e169e2b364e\">\n          <div class=\"text-image__image wide-image text-image__image--left\">\n                          <img decoding=\"async\" width=\"945\" height=\"548\" src=\"https:\/\/integral-toner.de\/wp-content\/uploads\/2023\/10\/integral-sind-alle-toner-gleich.jpg\" class=\"attachment-large_medium size-large_medium\" alt=\"INTEGRAL trifft Entscheidungen\" loading=\"lazy\" srcset=\"https:\/\/integral-toner.de\/wp-content\/uploads\/2023\/10\/integral-sind-alle-toner-gleich.jpg 945w, https:\/\/integral-toner.de\/wp-content\/uploads\/2023\/10\/integral-sind-alle-toner-gleich-300x174.jpg 300w, https:\/\/integral-toner.de\/wp-content\/uploads\/2023\/10\/integral-sind-alle-toner-gleich-768x445.jpg 768w\" sizes=\"auto, (max-width: 945px) 100vw, 945px\" \/>\n                                  <\/div>\n        <\/div>\n      <\/div>\n    <\/div>\n  <\/section>\n","protected":false},"excerpt":{"rendered":"","protected":false},"author":1,"featured_media":899,"parent":3423,"menu_order":0,"comment_status":"closed","ping_status":"closed","template":"","meta":{"_acf_changed":false,"_seopress_robots_primary_cat":"","_seopress_titles_title":"Toner respectueux de l'environnement | Production durable","_seopress_titles_desc":"Toner \u00e9cologique de qualit\u00e9 OEM \u2713 Production durable \u2713 Participation au programme de recyclage \u2713 En savoir plus maintenant !","_seopress_robots_index":"","footnotes":""},"class_list":["post-3537","page","type-page","status-publish","has-post-thumbnail","hentry"],"acf":[],"_links":{"self":[{"href":"https:\/\/integral-toner.de\/fr\/wp-json\/wp\/v2\/pages\/3537","targetHints":{"allow":["GET"]}}],"collection":[{"href":"https:\/\/integral-toner.de\/fr\/wp-json\/wp\/v2\/pages"}],"about":[{"href":"https:\/\/integral-toner.de\/fr\/wp-json\/wp\/v2\/types\/page"}],"author":[{"embeddable":true,"href":"https:\/\/integral-toner.de\/fr\/wp-json\/wp\/v2\/users\/1"}],"replies":[{"embeddable":true,"href":"https:\/\/integral-toner.de\/fr\/wp-json\/wp\/v2\/comments?post=3537"}],"version-history":[{"count":8,"href":"https:\/\/integral-toner.de\/fr\/wp-json\/wp\/v2\/pages\/3537\/revisions"}],"predecessor-version":[{"id":8869,"href":"https:\/\/integral-toner.de\/fr\/wp-json\/wp\/v2\/pages\/3537\/revisions\/8869"}],"up":[{"embeddable":true,"href":"https:\/\/integral-toner.de\/fr\/wp-json\/wp\/v2\/pages\/3423"}],"wp:featuredmedia":[{"embeddable":true,"href":"https:\/\/integral-toner.de\/fr\/wp-json\/wp\/v2\/media\/899"}],"wp:attachment":[{"href":"https:\/\/integral-toner.de\/fr\/wp-json\/wp\/v2\/media?parent=3537"}],"curies":[{"name":"wp","href":"https:\/\/api.w.org\/{rel}","templated":true}]}}