{"id":3517,"date":"2023-10-20T14:32:06","date_gmt":"2023-10-20T14:32:06","guid":{"rendered":"https:\/\/integral-toner.de\/?page_id=3517"},"modified":"2025-06-25T12:22:53","modified_gmt":"2025-06-25T10:22:53","slug":"carriere","status":"publish","type":"page","link":"https:\/\/integral-toner.de\/fr\/entreprise\/carriere\/","title":{"rendered":"Carri\u00e8re"},"content":{"rendered":"  <section class=\"hero-image block-69d6096aa3500\" >\n          <div class=\"hero-image__image d-none d-sm-block\">\n        <img loading=\"lazy\" decoding=\"async\" width=\"2560\" height=\"1173\" src=\"https:\/\/integral-toner.de\/wp-content\/uploads\/2023\/11\/karriere-bei-integral-scaled.jpg\" class=\"object-position-y-50\" alt=\"Karriere bei Integral\" srcset=\"https:\/\/integral-toner.de\/wp-content\/uploads\/2023\/11\/karriere-bei-integral-scaled.jpg 2560w, https:\/\/integral-toner.de\/wp-content\/uploads\/2023\/11\/karriere-bei-integral-300x138.jpg 300w, https:\/\/integral-toner.de\/wp-content\/uploads\/2023\/11\/karriere-bei-integral-1024x469.jpg 1024w, https:\/\/integral-toner.de\/wp-content\/uploads\/2023\/11\/karriere-bei-integral-768x352.jpg 768w, https:\/\/integral-toner.de\/wp-content\/uploads\/2023\/11\/karriere-bei-integral-1536x704.jpg 1536w, https:\/\/integral-toner.de\/wp-content\/uploads\/2023\/11\/karriere-bei-integral-2048x939.jpg 2048w\" sizes=\"auto, (max-width: 2560px) 100vw, 2560px\" \/>\n      <\/div>\n    \n          <div class=\"hero-image__image d-block d-sm-none\">\n        <img loading=\"lazy\" decoding=\"async\" width=\"1709\" height=\"1173\" src=\"https:\/\/integral-toner.de\/wp-content\/uploads\/2024\/03\/karriere-bei-integral-mobile.jpg\" class=\"attachment-full size-full\" alt=\"\" srcset=\"https:\/\/integral-toner.de\/wp-content\/uploads\/2024\/03\/karriere-bei-integral-mobile.jpg 1709w, https:\/\/integral-toner.de\/wp-content\/uploads\/2024\/03\/karriere-bei-integral-mobile-300x206.jpg 300w, https:\/\/integral-toner.de\/wp-content\/uploads\/2024\/03\/karriere-bei-integral-mobile-1024x703.jpg 1024w, https:\/\/integral-toner.de\/wp-content\/uploads\/2024\/03\/karriere-bei-integral-mobile-768x527.jpg 768w, https:\/\/integral-toner.de\/wp-content\/uploads\/2024\/03\/karriere-bei-integral-mobile-1536x1054.jpg 1536w\" sizes=\"auto, (max-width: 1709px) 100vw, 1709px\" \/>\n      <\/div>\n        <div class=\"container\">\n      <div class=\"row\">\n        <div class=\"col-12 col-lg-7\">\n          <div class=\"hero-image__content\">\n                          <h1 class=\"g-h2-subtitle\">\n                <span>CARRI\u00c8RE<\/span><br \/>\n                Carri\u00e8res chez INTEGRAL\n              <\/h1>\n            \n                          <p class=\"g-description\">\n                Des opportunit\u00e9s de carri\u00e8re int\u00e9ressantes vous attendent chez INTEGRAL. Rejoignez notre \u00e9quipe. \n              <\/p>\n            \n                          <a href=\"#stellenanzeigen\" class=\"g-btn\" title=\"Voir les postes\" >\n                Voir les postes\n              <\/a>\n                      <\/div>\n        <\/div>\n      <\/div>\n    <\/div>\n  <\/section>\n  <section class=\"text-image block-69d6096aa754b type-blanc \" >\n    <div class=\"container\">\n      <div class=\"row align-items-center\">\n        <div class=\"col-xl-6 text-image__content  mb-5 mb-xl-0 order-xl-1\" data-aos=\"fade-right\" data-aos-anchor=\".block-69d6096aa754b\">\n          <div class=\"acf-innerblocks-container\">\n\n<h2 class=\"wp-block-heading has-h-1-font-size\">La passion de l&rsquo;excellence<\/h2>\n\n\n\n<p>Chez INTEGRAL, plus qu&rsquo;un slogan ! Pour nous, cela signifie plut\u00f4t la mani\u00e8re d&rsquo;agir, d&rsquo;attirer des collaborateurs talentueux et d&rsquo;atteindre ensemble une performance in\u00e9gal\u00e9e.<\/p>\n\n\n\n<p>Nous pr\u00e9tendons \u00eatre l&rsquo;un des meilleurs fabricants de toner pour copieurs et imprimantes. Notre vaste exp\u00e9rience, notre technologie de pointe et notre r\u00e9seau de distribution \u00e9tendu cr\u00e9ent de la valeur pour toutes les parties prenantes : les clients, les employ\u00e9s, les actionnaires et le march\u00e9 dans son ensemble.<\/p>\n\n\n      <a class=\"btn btn-primary\" href=\"https:\/\/integral-toner.de\/unternehmen\/karriere\/leidenschaft-fuer-spitzenleistungen\/\" target=\"\">\n        \n        Lire la suite    <\/a>\n  \n<\/div>\n        <\/div>\n\n        <div class=\"col-xl-6   order-xl-2\" data-aos=\"fade-left\" data-aos-anchor=\".block-69d6096aa754b\">\n          <div class=\"text-image__image wide-image \">\n                          <img decoding=\"async\" width=\"945\" height=\"548\" src=\"https:\/\/integral-toner.de\/wp-content\/uploads\/2023\/10\/integral-leidenschaft-fuer-spitzenleistung.jpg\" class=\"attachment-large_medium size-large_medium\" alt=\"INTEGRAL-Toner bringen Spitzenleistungen\" loading=\"lazy\" srcset=\"https:\/\/integral-toner.de\/wp-content\/uploads\/2023\/10\/integral-leidenschaft-fuer-spitzenleistung.jpg 945w, https:\/\/integral-toner.de\/wp-content\/uploads\/2023\/10\/integral-leidenschaft-fuer-spitzenleistung-300x174.jpg 300w, https:\/\/integral-toner.de\/wp-content\/uploads\/2023\/10\/integral-leidenschaft-fuer-spitzenleistung-768x445.jpg 768w\" sizes=\"auto, (max-width: 945px) 100vw, 945px\" \/>\n                                  <\/div>\n        <\/div>\n      <\/div>\n    <\/div>\n  <\/section>\n  <section class=\"jobadvertisements block-69d6096aa923d\" id=\"stellenanzeigen\">\n    <div class=\"container\">\n      <div class=\"row\">\n        <div class=\"col-12\">\n          <h2 class=\"jobadvertisements__title\">\n            Offres d&#039;emploi actuelles\n          <\/h2>\n          <p class=\"jobadvertisements__description\">\n            Vous trouverez ci-dessous une s\u00e9lection de nos offres d&#039;emploi actuelles chez INTEGRAL.\n          <\/p>\n        <\/div>\n        <div class=\"col-12 col-lg-8 offset-lg-2 jobs\" id=\"jobs\" per_page=\"6\">\n                    <div class=\"pagination\">\n            \n          <\/div>\n        <\/div>\n      <\/div>\n    <\/div>\n  <\/section>\n  <section class=\"text-image block-69d6096aaa55c type-blanc \" >\n    <div class=\"container\">\n      <div class=\"row dontcenter\">\n        <div class=\"col-xl-6 text-image__content text-image__content--right order-2 order-xl-2\" data-aos=\"fade-left\" data-aos-anchor=\".block-69d6096aaa55c\">\n          <div class=\"acf-innerblocks-container\">\n\n<h2 class=\"wp-block-heading\">Votre candidature chez INTEGRAL<\/h2>\n\n\n\n<p>Vous souhaitez faire partie de notre entreprise ? N&rsquo;h\u00e9sitez pas \u00e0 nous envoyer votre candidature. Si nous n&rsquo;avons pas d&rsquo;offre d&#8217;emploi correspondant \u00e0 votre profil, vous pouvez \u00e9galement nous envoyer une <strong>candidature spontan\u00e9e<\/strong>.  <\/p>\n\n\n\n<p>Postulez simplement et facilement en ligne.<\/p>\n\n\n      <a class=\"btn btn-primary\" href=\"#onlinebewerbung\" target=\"\">\n        \n        Acc\u00e9der au formulaire de candidature en ligne    <\/a>\n  \n\n\n<p><strong>Sinon, nous recevrons votre candidature par :<\/strong><\/p>\n\n\n\n<p>Courrier \u00e9lectronique : career@integral-international.de<br\/>Courrier : INTEGRAL GmbH<br\/> Human Resources Department<br\/> Am Hasselweg 1<br\/> D-47647 Kerken, Germany<\/p>\n\n<\/div>\n        <\/div>\n\n        <div class=\"col-xl-6  order-1 order-xl-1\" data-aos=\"fade-right\" data-aos-anchor=\".block-69d6096aaa55c\">\n          <div class=\"text-image__image wide-image text-image__image--left\">\n                          <img decoding=\"async\" width=\"945\" height=\"548\" src=\"https:\/\/integral-toner.de\/wp-content\/uploads\/2023\/10\/bewerbung-bei-integral.jpg\" class=\"attachment-large_medium size-large_medium\" alt=\"Bewerben Sie sich jetzt und werden Sie Teil der Teams bei INTEGRAL\" loading=\"lazy\" srcset=\"https:\/\/integral-toner.de\/wp-content\/uploads\/2023\/10\/bewerbung-bei-integral.jpg 945w, https:\/\/integral-toner.de\/wp-content\/uploads\/2023\/10\/bewerbung-bei-integral-300x174.jpg 300w, https:\/\/integral-toner.de\/wp-content\/uploads\/2023\/10\/bewerbung-bei-integral-768x445.jpg 768w\" sizes=\"auto, (max-width: 945px) 100vw, 945px\" \/>\n                                  <\/div>\n        <\/div>\n      <\/div>\n    <\/div>\n  <\/section>\n        <section id=\"onlinebewerbung\" class=\"onlineapp\">\n        <div class=\"container\">\n            <div class=\"row\">\n                <div class=\"col-12\">\n                    <h1 class=\"onlineapp__title\">Candidature en ligne<\/h1>\n                <\/div>\n            <\/div>\n            <div class=\"row\">\n                <div class=\"col-12 col-lg-5 order-2 order-lg-1\">\n                    <div class=\"onlineapp__image\">\n                        <img loading=\"lazy\" decoding=\"async\" width=\"565\" height=\"389\" src=\"https:\/\/integral-toner.de\/wp-content\/uploads\/2023\/10\/integral-online-bewerbung.jpg\" class=\"attachment-large_medium size-large_medium\" alt=\"\" srcset=\"https:\/\/integral-toner.de\/wp-content\/uploads\/2023\/10\/integral-online-bewerbung.jpg 565w, https:\/\/integral-toner.de\/wp-content\/uploads\/2023\/10\/integral-online-bewerbung-300x207.jpg 300w\" sizes=\"auto, (max-width: 565px) 100vw, 565px\" \/>                    <\/div>\n                    <div class=\"onlineapp__box\">\n                        <h3 class=\"onlineapp__box-title\">Vous avez des questions ?<\/h3>\n                        <p class=\"onlineapp__box-description\">Vous avez une question ou une pr\u00e9occupation particuli\u00e8re ? N&rsquo;h\u00e9sitez pas \u00e0 nous contacter et nous serons ravis de vous aider. <\/p>\n                        <p class=\"onlineapp__box-phone\">+49 2833 606-0<\/p>\n                    <\/div>\n                <\/div>\n                <div class=\"col-12 col-lg-6 offset-lg-1 order-1 order-lg-2\">\n                    <h3 class=\"onlineapp__formtitle\">Postuler maintenant<\/h3>\n                    <div class=\"form-container\">\n\n    \n        <form name=\"form\" method=\"post\" action=\"https:\/\/integral-toner.de\/fr\/wp-json\/wp\/v2\/pages\/3517\" novalidate=\"novalidate\" class=\"contactform__form ajax-form\" data-replace=\".form-container\">\n\n        <p class=\"contactform__info mb-5\">\n                            <strong>R\u00e9ponse \u00e0 l&#039;initiative<\/strong>\n                    <\/p>\n\n\n                    <div class=\"row mb-0 mb-md-5\">\n                <div class=\"col-12\">\n                    <div class=\"form-floating\"><input type=\"text\" id=\"form_job_request\" name=\"form[job_request]\" required=\"required\" placeholder=\"Demande d&#039;emploi *\" class=\"form-control\" \/><label for=\"form_job_request\" class=\"form-label required\">Demande d&#039;emploi *<\/label>        <\/div>\n                <\/div>\n            <\/div>\n        \n\n        <div class=\"row mb-0 mb-md-5\">\n            <div class=\"col-md-6\">\n                <div class=\"form-floating\"><input type=\"text\" id=\"form_firstname\" name=\"form[firstname]\" required=\"required\" placeholder=\"Pr\u00e9nom *\" class=\"form-control\" \/><label for=\"form_firstname\" class=\"form-label required\">Pr\u00e9nom *<\/label>        <\/div>\n            <\/div>\n\n            <div class=\"col-md-6\">\n                <div class=\"form-floating\"><input type=\"text\" id=\"form_lastname\" name=\"form[lastname]\" required=\"required\" placeholder=\"Nom de famille *\" class=\"form-control\" \/><label for=\"form_lastname\" class=\"form-label required\">Nom de famille *<\/label>        <\/div>\n            <\/div>\n        <\/div>\n\n        <div class=\"row mb-0 mb-md-5\">\n            <div class=\"col-md-6\">\n                <div class=\"form-floating\"><input type=\"email\" id=\"form_email\" name=\"form[email]\" required=\"required\" placeholder=\"E-mail *\" class=\"form-control\" \/><label for=\"form_email\" class=\"form-label required\">E-mail *<\/label>        <\/div>\n            <\/div>\n\n            <div class=\"col-md-6\">\n                <div class=\"form-floating\"><input type=\"text\" id=\"form_phone\" name=\"form[phone]\" required=\"required\" placeholder=\"Num\u00e9ro de t\u00e9l\u00e9phone\" class=\"form-control\" \/><label for=\"form_phone\" class=\"form-label required\">Num\u00e9ro de t\u00e9l\u00e9phone<\/label>        <\/div>\n            <\/div>\n        <\/div>\n\n        <div class=\"row mb-0 mb-md-5\">\n            <div class=\"col-12 cdropzone\">\n                <div class=\"mb-3\"><label for=\"form_attachments\" class=\"form-label required\">R\u00e9ponses, \u00e9volution de la vie et autres documents<\/label><div class=\"dropzone bp\"\n     name=\"attachments\"\n     data-id=\"form_attachments\"\n     data-name=\"form[attachments]\"\n     data-chunk-size=\"134213632\"\n     data-accepted-files=\".jpg, .png, .pdf\"\n     data-max-files=\"5\"\n     data-max-filesize-mb=\"5\"\n     data-dict-default-message=\"Les donn\u00e9es relatives \u00e0 l&#039;h\u00e9bergement peuvent \u00eatre consult\u00e9es \u00e0 partir d&#039;ici\"\n     data-dict-file-too-big=\"Le fichier est trop volumineux ({{filesize}}MiB). Taille maximale du fichier : {{maxFilesize}}MiB. \"\n     data-dict-invalid-file-type=\"Vous ne pouvez pas t\u00e9l\u00e9charger de fichiers de ce type.\"\n     data-dict-cancel-upload=\"Annuler le t\u00e9l\u00e9chargement\"\n     data-dict-upload-canceled=\"T\u00e9l\u00e9chargement annul\u00e9.\"\n     data-dict-remove-file=\"Supprimer le fichier\"\n     data-dict-max-files-exceeded=\"Vous ne pouvez pas t\u00e9l\u00e9charger plus de {{maxFiles}} fichiers.\"\n     data-dict-remove-file-confirmation=\"\"\n     >\n    <\/div>\n        <\/div>\n            <\/div>\n        <\/div>\n\n        \n<div class=\"form-group hp\"><label for=\"form_field-78fds4\" class=\"form-label\">Field-78fds4<\/label><input type=\"text\" id=\"form_field-78fds4\" name=\"form[field-78fds4]\" autocomplete=\"none\" class=\"form-control\" tabindex=\"-1\" \/>        <\/div>\n\n\n        <p class=\"contactform__info\"><a href=\"https:\/\/integral-toner.de\/datenschutz\/\">Informations<\/a> l&#039;utilisation de vos donn\u00e9es<\/p>\n\n        <p class=\"contactform__subinfo\">Les \u00e9l\u00e9ments de la liste * sont des facteurs de risque et ne doivent pas \u00eatre utilis\u00e9s \u00e0 d&#039;autres fins.<\/p>\n\n        <div class=\"submit\">\n            <button type=\"submit\" class=\"g-btn\" aria-label=\"Demande refus\u00e9e\">Demande refus\u00e9e<\/button>\n        <\/div>\n\n        <\/form>\n\n    <\/div>\n                <\/div>\n            <\/div>\n        <\/div>\n    <\/section>\n","protected":false},"excerpt":{"rendered":"","protected":false},"author":1,"featured_media":1594,"parent":3423,"menu_order":0,"comment_status":"closed","ping_status":"closed","template":"","meta":{"_acf_changed":false,"_seopress_robots_primary_cat":"","_seopress_titles_title":"Offres d'emploi Integral | Postuler en ligne d\u00e8s maintenant","_seopress_titles_desc":"D\u00e9couvrez les offres d'emploi actuelles chez Integral \u2713 Possibilit\u00e9s de carri\u00e8re vari\u00e9es \u2713 Postulez maintenant en ligne !","_seopress_robots_index":"","footnotes":""},"class_list":["post-3517","page","type-page","status-publish","has-post-thumbnail","hentry"],"acf":[],"_links":{"self":[{"href":"https:\/\/integral-toner.de\/fr\/wp-json\/wp\/v2\/pages\/3517","targetHints":{"allow":["GET"]}}],"collection":[{"href":"https:\/\/integral-toner.de\/fr\/wp-json\/wp\/v2\/pages"}],"about":[{"href":"https:\/\/integral-toner.de\/fr\/wp-json\/wp\/v2\/types\/page"}],"author":[{"embeddable":true,"href":"https:\/\/integral-toner.de\/fr\/wp-json\/wp\/v2\/users\/1"}],"replies":[{"embeddable":true,"href":"https:\/\/integral-toner.de\/fr\/wp-json\/wp\/v2\/comments?post=3517"}],"version-history":[{"count":13,"href":"https:\/\/integral-toner.de\/fr\/wp-json\/wp\/v2\/pages\/3517\/revisions"}],"predecessor-version":[{"id":8929,"href":"https:\/\/integral-toner.de\/fr\/wp-json\/wp\/v2\/pages\/3517\/revisions\/8929"}],"up":[{"embeddable":true,"href":"https:\/\/integral-toner.de\/fr\/wp-json\/wp\/v2\/pages\/3423"}],"wp:featuredmedia":[{"embeddable":true,"href":"https:\/\/integral-toner.de\/fr\/wp-json\/wp\/v2\/media\/1594"}],"wp:attachment":[{"href":"https:\/\/integral-toner.de\/fr\/wp-json\/wp\/v2\/media?parent=3517"}],"curies":[{"name":"wp","href":"https:\/\/api.w.org\/{rel}","templated":true}]}}