{"id":3469,"date":"2023-10-18T19:13:28","date_gmt":"2023-10-18T17:13:28","guid":{"rendered":"https:\/\/integral-toner.de\/?page_id=3469"},"modified":"2025-02-12T08:41:25","modified_gmt":"2025-02-12T08:41:25","slug":"soutien","status":"publish","type":"page","link":"https:\/\/integral-toner.de\/fr\/soutien\/","title":{"rendered":"Soutien"},"content":{"rendered":"  <section class=\"hero-image block-69dd0093aea88\" >\n          <div class=\"hero-image__image \">\n        <img loading=\"lazy\" decoding=\"async\" width=\"1920\" height=\"880\" src=\"https:\/\/integral-toner.de\/wp-content\/uploads\/2023\/10\/kundenservice-bei-integral.jpg\" class=\"object-position-y-80\" alt=\"Herausragender Kundenservice bei INTEGRAL\" srcset=\"https:\/\/integral-toner.de\/wp-content\/uploads\/2023\/10\/kundenservice-bei-integral.jpg 1920w, https:\/\/integral-toner.de\/wp-content\/uploads\/2023\/10\/kundenservice-bei-integral-300x138.jpg 300w, https:\/\/integral-toner.de\/wp-content\/uploads\/2023\/10\/kundenservice-bei-integral-1024x469.jpg 1024w, https:\/\/integral-toner.de\/wp-content\/uploads\/2023\/10\/kundenservice-bei-integral-768x352.jpg 768w, https:\/\/integral-toner.de\/wp-content\/uploads\/2023\/10\/kundenservice-bei-integral-1536x704.jpg 1536w\" sizes=\"auto, (max-width: 1920px) 100vw, 1920px\" \/>\n      <\/div>\n    \n        <div class=\"container\">\n      <div class=\"row\">\n        <div class=\"col-12 col-lg-7\">\n          <div class=\"hero-image__content\">\n                          <h1 class=\"g-h2-subtitle\">\n                <span>SOUTIEN<\/span><br \/>\n                Service client\n              <\/h1>\n            \n                          <p class=\"g-description\">\n                Combinez d&rsquo;excellents toners avec un service exceptionnel.\n              <\/p>\n            \n                          <a href=\"https:\/\/integral-toner.de\/fr\/contact\/\" class=\"g-btn\" title=\"Contactez-nous\" >\n                Contactez-nous\n              <\/a>\n                      <\/div>\n        <\/div>\n      <\/div>\n    <\/div>\n  <\/section>\n\n\n  <section class=\"text-image block-69dd0093b275c type-white \" id=\"politique-d&#039;entreprise\">\n    <div class=\"container\">\n      <div class=\"row align-items-center\">\n        <div class=\"col-xl-6 text-image__content  order-2 order-xl-1\" data-aos=\"fade-right\" data-aos-anchor=\".block-69dd0093b275c\">\n          <div class=\"acf-innerblocks-container\">\n\n<h2 class=\"wp-block-heading\">Un accompagnement personnalis\u00e9 et professionnel \u00e0 chaque achat<\/h2>\n\n\n\n<p>En tant que client INT\u00c9GRAL, b\u00e9n\u00e9ficiez d\u2019un service de premi\u00e8re classe. Vous pouvez \u00eatre s\u00fbr que la qualit\u00e9 de notre service client sera \u00e0 la hauteur de la qualit\u00e9 de nos toners.<\/p>\n\n\n\n<p>Faites l\u2019exp\u00e9rience d\u2019un service exceptionnel en tant que client INTEGRAL. La qualit\u00e9 de notre service client est \u00e0 la hauteur de la qualit\u00e9 de nos toners. Vous disposerez d\u2019un contact personnel du service client qui s\u2019occupera directement de toutes vos demandes, vous n\u2019aurez donc pas \u00e0 parler \u00e0 un centre d\u2019appels. Nous adaptons l\u2019assistance \u00e0 vos besoins et r\u00e9pondrons \u00e0 toutes vos questions concernant nos produits, nos prix, la disponibilit\u00e9 ou la logistique.<\/p>\n\n\n\n<p><\/p>\n\n\n      <a class=\"btn btn-primary\" href=\"https:\/\/integral-toner.de\/fr\/soutien\/un-accompagnement-personnalise-et-professionnel-a-chaque-achat\/\" target=\"\">\n        \n        En savoir plus    <\/a>\n  \n<\/div>\n        <\/div>\n\n        <div class=\"col-xl-6  order-1 order-xl-2\" data-aos=\"fade-left\" data-aos-anchor=\".block-69dd0093b275c\">\n          <div class=\"text-image__image wide-image \">\n                          <img decoding=\"async\" width=\"945\" height=\"548\" src=\"https:\/\/integral-toner.de\/wp-content\/uploads\/2023\/10\/kunde-an-der-spitze-der-unternehmensorganisation.jpg\" class=\"attachment-large_medium size-large_medium\" alt=\"Bei INTEGRAL steht der Kunde an der Spitze der Unternehmensorganisation\" loading=\"lazy\" srcset=\"https:\/\/integral-toner.de\/wp-content\/uploads\/2023\/10\/kunde-an-der-spitze-der-unternehmensorganisation.jpg 945w, https:\/\/integral-toner.de\/wp-content\/uploads\/2023\/10\/kunde-an-der-spitze-der-unternehmensorganisation-300x174.jpg 300w, https:\/\/integral-toner.de\/wp-content\/uploads\/2023\/10\/kunde-an-der-spitze-der-unternehmensorganisation-768x445.jpg 768w\" sizes=\"auto, (max-width: 945px) 100vw, 945px\" \/>\n                                  <\/div>\n        <\/div>\n      <\/div>\n    <\/div>\n  <\/section>\n\n\n  <section class=\"registration block-69dd0093b4bbc type-light \" >\n    <div class=\"container\">\n      <div class=\"row\">\n        <div class=\"col-12 col-lg-5\">\n                      <h2 class=\"g-h2-subtitle\">\n              <span>INSCRIPTION<\/span><br \/>\n              Choisissez les toners INTEGRAL pour leur qualit\u00e9 et leurs performances\n            <\/h2>\n                  <\/div>\n        <div class=\"col-12 col-lg-6\">\n          <div class=\"registration__content\">\n                          <p class=\"g-description\">\n                Profitez des avantages d\u2019\u00eatre un client INTEGRAL.<br \/>\r\n<br \/>\r\nVous aurez un acc\u00e8s exclusif au support commercial, vous permettant de g\u00e9n\u00e9rer plus de ventes. Celui-ci inclue des ressources publicitaires et les derni\u00e8res informations sur nos produits et le march\u00e9 du toner.<br \/>\r\n<br \/>\r\nInscrivez-vous d\u00e8s aujourd&rsquo;hui pour en savoir plus sur les avantages des toners INTEGRAL.\n              <\/p>\n            \n            <div class=\"registration__buttons\">\n                              <a href=\"https:\/\/shop.integral-toner.de\/fr\/Login\/Enregistrement-91238.html\" class=\"g-btn\" title=\"Inscrivez-vous avec nous\" >\n                  Inscrivez-vous avec nous\n                <\/a>\n              \n                              <p class=\"registration__buttons-text\">\n                  Client existant? <a href=\"https:\/\/shop.integral-toner.de\/fr\/E-Shop-90842.html\" target=\"_blank\" title=\"Connectez-vous \u00e0 votre compte\">Connectez-vous \u00e0 votre compte<\/a>\n                <\/p>\n                          <\/div>\n          <\/div>\n        <\/div>\n      <\/div>\n    <\/div>\n  <\/section>\n\n\n  <section class=\"supportdownload block-69dd0093b670d\" >\n    <div class=\"container\">\n      <div class=\"supportdownload__box\">\n        <div class=\"row align-items-center\">\n          <div class=\"col-12 col-lg-4 offset-lg-1\">\n            <img decoding=\"async\" width=\"470\" height=\"440\" src=\"https:\/\/integral-toner.de\/wp-content\/uploads\/2023\/11\/deckblaetter-v2.jpg\" class=\"attachment-large_medium size-large_medium\" alt=\"INTEGRAL Produktkatalog\" loading=\"lazy\" srcset=\"https:\/\/integral-toner.de\/wp-content\/uploads\/2023\/11\/deckblaetter-v2.jpg 470w, https:\/\/integral-toner.de\/wp-content\/uploads\/2023\/11\/deckblaetter-v2-300x281.jpg 300w\" sizes=\"auto, (max-width: 470px) 100vw, 470px\" \/>\n          <\/div>\n          <div class=\"col-12 col-lg-6\">\n            <div class=\"supportdownload__content\">\n                              <h2 class=\"h2\">Assistance technique et informations sur les produits<\/h2>\n              \n                              <p class=\"g-description\">\n                  Inscrivez-vous avec nous et acc\u00e9dez \u00e0 des informations utiles tel que, entre autre,  des fiches techniques, des certificats etc.<br \/>\r\n<br \/>\r\nAvant de vous inscrire, vous pouvez t\u00e9l\u00e9charger les derni\u00e8res informations sur nos toners.<br \/>\r\n\n                <\/p>\n              \n                              <a href=\"https:\/\/server.selltec.com\/go\/integral\/fr\/home\/support.html\" class=\"g-btn\" title=\"Afficher les informations sur le produit\" target=\"_blank\">\n                  Afficher les informations sur le produit\n                <\/a>\n                          <\/div>\n          <\/div>\n        <\/div>\n      <\/div>\n    <\/div>\n  <\/section>\n","protected":false},"excerpt":{"rendered":"","protected":false},"author":15,"featured_media":935,"parent":0,"menu_order":0,"comment_status":"closed","ping_status":"closed","template":"","meta":{"_acf_changed":false,"_seopress_robots_primary_cat":"","_seopress_titles_title":"Service client personnel et professionnel | INTEGRAL","_seopress_titles_desc":"Faites l'exp\u00e9rience d'un service exceptionnel en tant que client de toner INTEGRAL. Vous aurez votre propre interlocuteur du service client.","_seopress_robots_index":"","footnotes":""},"class_list":["post-3469","page","type-page","status-publish","has-post-thumbnail","hentry"],"acf":[],"_links":{"self":[{"href":"https:\/\/integral-toner.de\/fr\/wp-json\/wp\/v2\/pages\/3469","targetHints":{"allow":["GET"]}}],"collection":[{"href":"https:\/\/integral-toner.de\/fr\/wp-json\/wp\/v2\/pages"}],"about":[{"href":"https:\/\/integral-toner.de\/fr\/wp-json\/wp\/v2\/types\/page"}],"author":[{"embeddable":true,"href":"https:\/\/integral-toner.de\/fr\/wp-json\/wp\/v2\/users\/15"}],"replies":[{"embeddable":true,"href":"https:\/\/integral-toner.de\/fr\/wp-json\/wp\/v2\/comments?post=3469"}],"version-history":[{"count":19,"href":"https:\/\/integral-toner.de\/fr\/wp-json\/wp\/v2\/pages\/3469\/revisions"}],"predecessor-version":[{"id":7439,"href":"https:\/\/integral-toner.de\/fr\/wp-json\/wp\/v2\/pages\/3469\/revisions\/7439"}],"wp:featuredmedia":[{"embeddable":true,"href":"https:\/\/integral-toner.de\/fr\/wp-json\/wp\/v2\/media\/935"}],"wp:attachment":[{"href":"https:\/\/integral-toner.de\/fr\/wp-json\/wp\/v2\/media?parent=3469"}],"curies":[{"name":"wp","href":"https:\/\/api.w.org\/{rel}","templated":true}]}}