{"id":3447,"date":"2023-10-20T14:31:35","date_gmt":"2023-10-20T12:31:35","guid":{"rendered":"https:\/\/integral-toner.de\/?page_id=3447"},"modified":"2025-02-17T11:13:24","modified_gmt":"2025-02-17T10:13:24","slug":"pourquoi-integral","status":"publish","type":"page","link":"https:\/\/integral-toner.de\/fr\/entreprise\/pourquoi-integral\/","title":{"rendered":"Pourquoi INTEGRAL?"},"content":{"rendered":"  <section class=\"hero-image block-69dcff8b8352b\" >\n          <div class=\"hero-image__image d-none d-sm-block\">\n        <img loading=\"lazy\" decoding=\"async\" width=\"1920\" height=\"880\" src=\"https:\/\/integral-toner.de\/wp-content\/uploads\/2024\/02\/Test-2.jpg\" class=\"object-position-y-50\" alt=\"\" srcset=\"https:\/\/integral-toner.de\/wp-content\/uploads\/2024\/02\/Test-2.jpg 1920w, https:\/\/integral-toner.de\/wp-content\/uploads\/2024\/02\/Test-2-300x138.jpg 300w, https:\/\/integral-toner.de\/wp-content\/uploads\/2024\/02\/Test-2-1024x469.jpg 1024w, https:\/\/integral-toner.de\/wp-content\/uploads\/2024\/02\/Test-2-768x352.jpg 768w, https:\/\/integral-toner.de\/wp-content\/uploads\/2024\/02\/Test-2-1536x704.jpg 1536w\" sizes=\"auto, (max-width: 1920px) 100vw, 1920px\" \/>\n      <\/div>\n    \n          <div class=\"hero-image__image d-block d-sm-none\">\n        <img loading=\"lazy\" decoding=\"async\" width=\"600\" height=\"602\" src=\"https:\/\/integral-toner.de\/wp-content\/uploads\/2023\/11\/Montage-Winter-Kartusche-mobil.jpg\" class=\"attachment-full size-full\" alt=\"Toner direkt vom Hersteller\" srcset=\"https:\/\/integral-toner.de\/wp-content\/uploads\/2023\/11\/Montage-Winter-Kartusche-mobil.jpg 600w, https:\/\/integral-toner.de\/wp-content\/uploads\/2023\/11\/Montage-Winter-Kartusche-mobil-300x300.jpg 300w, https:\/\/integral-toner.de\/wp-content\/uploads\/2023\/11\/Montage-Winter-Kartusche-mobil-150x150.jpg 150w\" sizes=\"auto, (max-width: 600px) 100vw, 600px\" \/>\n      <\/div>\n        <div class=\"container\">\n      <div class=\"row\">\n        <div class=\"col-12 col-lg-7\">\n          <div class=\"hero-image__content\">\n                          <h1 class=\"g-h2-subtitle\">\n                <span>POURQUOI INTEGRAL?<\/span><br \/>\n                Vos avantages\n              <\/h1>\n            \n                          <p class=\"g-description\">\n                Seulement le meilleur pour votre entreprise et vos clients.\n              <\/p>\n            \n                          <a href=\"https:\/\/integral-toner.de\/fr\/contact\/\" class=\"g-btn\" title=\"Contactez-nous\" >\n                Contactez-nous\n              <\/a>\n                      <\/div>\n        <\/div>\n      <\/div>\n    <\/div>\n  <\/section>\n\n\n<div id=\"rentabilite\"><\/div>\n  <section class=\"text-image block-69dcff8b87447 type-light \" >\n    <div class=\"container\">\n      <div class=\"row align-items-center\">\n        <div class=\"col-xl-6 text-image__content text-image__content--right order-2 order-xl-2\" data-aos=\"fade-left\" data-aos-anchor=\".block-69dcff8b87447\">\n          <div class=\"acf-innerblocks-container\">\n\n<h2 class=\"wp-block-heading\">R\u00e9alisez des \u00e9conomies sur votre toner sans r\u00e9duire la qualit\u00e9<\/h2>\n\n\n\n<p>Chaque toner INTEGRAL est con\u00e7u pour offrir une qualit\u00e9 \u00e9quivalente aux OEM, mais sans en avoir le prix. Vous constaterez des rendements de pages plus \u00e9lev\u00e9s, des co\u00fbts par page r\u00e9duits et des performances syst\u00e8me am\u00e9lior\u00e9es.<\/p>\n\n\n\n<p>Avec plus de 55 ans d&rsquo;exp\u00e9rience, nous nous sommes b\u00e2tis une r\u00e9putation dans lafabrication de toners fiables et de haute qualit\u00e9, \u00e0 des prix attractifs. Les revendeurs et revendeurs sp\u00e9cialis\u00e9s dans la copie et l&rsquo;impression dans plus de 80 pays \u00e0 travers le monde choisissent le toner INTEGRAL.<\/p>\n\n<\/div>\n        <\/div>\n\n        <div class=\"col-xl-6  order-1 order-xl-1\" data-aos=\"fade-right\" data-aos-anchor=\".block-69dcff8b87447\">\n          <div class=\"text-image__image  text-image__image--left\">\n                          <img decoding=\"async\" width=\"1600\" height=\"1041\" src=\"https:\/\/integral-toner.de\/wp-content\/uploads\/2024\/03\/Grafik-Kosteneffizienz-dunkel-gemischte-Schreibweise-EN.png\" class=\"attachment-large_medium size-large_medium\" alt=\"\" loading=\"lazy\" srcset=\"https:\/\/integral-toner.de\/wp-content\/uploads\/2024\/03\/Grafik-Kosteneffizienz-dunkel-gemischte-Schreibweise-EN.png 1600w, https:\/\/integral-toner.de\/wp-content\/uploads\/2024\/03\/Grafik-Kosteneffizienz-dunkel-gemischte-Schreibweise-EN-300x195.png 300w, https:\/\/integral-toner.de\/wp-content\/uploads\/2024\/03\/Grafik-Kosteneffizienz-dunkel-gemischte-Schreibweise-EN-1024x666.png 1024w, https:\/\/integral-toner.de\/wp-content\/uploads\/2024\/03\/Grafik-Kosteneffizienz-dunkel-gemischte-Schreibweise-EN-768x500.png 768w, https:\/\/integral-toner.de\/wp-content\/uploads\/2024\/03\/Grafik-Kosteneffizienz-dunkel-gemischte-Schreibweise-EN-1536x999.png 1536w\" sizes=\"auto, (max-width: 1600px) 100vw, 1600px\" \/>\n                                  <\/div>\n        <\/div>\n      <\/div>\n    <\/div>\n  <\/section>\n\n\n<div id=\"qualiteoem\"><\/div>\n  <section class=\"text-image block-69dcff8b89bb7 type-white \" id=\"fabricant-de-son\">\n    <div class=\"container\">\n      <div class=\"row dontcenter\">\n        <div class=\"col-xl-6 text-image__content  order-2 order-xl-1\" data-aos=\"fade-right\" data-aos-anchor=\".block-69dcff8b89bb7\">\n          <div class=\"acf-innerblocks-container\">\n\n<h2 class=\"wp-block-heading\">Choisissez un v\u00e9ritable fabricant de toner<\/h2>\n\n\n\n<p>La qualit\u00e9 de la poudre de toner est essentielle aux r\u00e9sultats que vous obtenez. C&rsquo;est pourquoi nous menons \u00e0 bien chaque \u00e9tape du processus de fabrication du toner, de l&rsquo;extrusion des mati\u00e8res premi\u00e8res aux processus de broyage et de classification jusqu&rsquo;au rev\u00eatement additif des particules de toner et des cartouches de remplissage.<\/p>\n\n\n\n<p>Contrairement \u00e0 d\u2019autres fournisseurs, nous ne remplissons pas uniquement des cartouches. En r\u00e9alisant l&rsquo;ensemble du processus de fabrication en interne, nous pouvons vous assurer de la qualit\u00e9 de nos toners compatibles.<\/p>\n\n\n\n<p>Nous fabriquons du toner depuis 1973 et sommes l&rsquo;une des entreprises les plus exp\u00e9riment\u00e9es dans le secteur du toner. Aujourd&rsquo;hui, nous sommes le seul fabricant de toner ind\u00e9pendant en Europe et l&rsquo;un des principaux fabricants mondiaux.<\/p>\n\n\n      <a class=\"btn btn-primary\" href=\"https:\/\/integral-toner.de\/fr\/entreprise\/pourquoi-integral\/choisissez-un-veritable-fabricant-de-toner\/\" target=\"\">\n        \n        En savoir plus    <\/a>\n  \n<\/div>\n        <\/div>\n\n        <div class=\"col-xl-6  order-1 order-xl-2\" data-aos=\"fade-left\" data-aos-anchor=\".block-69dcff8b89bb7\">\n          <div class=\"text-image__image wide-image \">\n                          <img decoding=\"async\" width=\"945\" height=\"548\" src=\"https:\/\/integral-toner.de\/wp-content\/uploads\/2023\/10\/integral-tonerhersteller.jpg\" class=\"attachment-large_medium size-large_medium\" alt=\"INTEGRAL ist echter Toner-Hersteller\" loading=\"lazy\" srcset=\"https:\/\/integral-toner.de\/wp-content\/uploads\/2023\/10\/integral-tonerhersteller.jpg 945w, https:\/\/integral-toner.de\/wp-content\/uploads\/2023\/10\/integral-tonerhersteller-300x174.jpg 300w, https:\/\/integral-toner.de\/wp-content\/uploads\/2023\/10\/integral-tonerhersteller-768x445.jpg 768w\" sizes=\"auto, (max-width: 945px) 100vw, 945px\" \/>\n                                  <\/div>\n        <\/div>\n      <\/div>\n    <\/div>\n  <\/section>\n\n\n<div id=\"qualite\"><\/div>\n  <section class=\"text-image block-69dcff8b8b21a type-light \" >\n    <div class=\"container\">\n      <div class=\"row dontcenter\">\n        <div class=\"col-xl-6 text-image__content text-image__content--right order-2 order-xl-2\" data-aos=\"fade-left\" data-aos-anchor=\".block-69dcff8b8b21a\">\n          <div class=\"acf-innerblocks-container\">\n\n<h2 class=\"wp-block-heading\">B\u00e9n\u00e9ficiez d\u2019une qualit\u00e9 d\u2019impression et de copie exceptionnelle<\/h2>\n\n\n\n<p>D\u00e9couvrez des couleurs \u00e9clatantes et des impressions et copies en noir et blanc d&rsquo;une nettet\u00e9 exceptionnelle. Vous verrez la diff\u00e9rence que nos toners compatibles offrent pour les syst\u00e8mes d&rsquo;impression et de copie professionnels. C&rsquo;est pourquoi notre slogan est \u00ab&nbsp;Le toner pour de meilleures images&nbsp;\u00bb.<\/p>\n\n\n\n<p>Avec chaque toner INTEGRAL, vous pouvez \u00eatre assur\u00e9 d\u2019une qualit\u00e9 d&rsquo;impression constante de la premi\u00e8re page \u00e0 la derni\u00e8re. Nous concevons et testons nos produits pour r\u00e9pondre aux normes des consommables OEM et vous offrir la qualit\u00e9 d&rsquo;impression que vous attendez.<\/p>\n\n\n\n<p>En mati\u00e8re de qualit\u00e9, le toner INTEGRAL constitue une v\u00e9ritable alternative aux produits dits originaux des fabricants d&rsquo;appareils. Bien entendu, les prix sont nettement moins chers.<\/p>\n\n<\/div>\n        <\/div>\n\n        <div class=\"col-xl-6  order-1 order-xl-1\" data-aos=\"fade-right\" data-aos-anchor=\".block-69dcff8b8b21a\">\n          <div class=\"text-image__image wide-image text-image__image--left\">\n                          <img decoding=\"async\" width=\"898\" height=\"548\" src=\"https:\/\/integral-toner.de\/wp-content\/uploads\/2023\/10\/integral-druck-und-kopienqualitaet.jpg\" class=\"attachment-large_medium size-large_medium\" alt=\"INTEGRAL steht f\u00fcr exzellente Toner-Qualit\u00e4t\" loading=\"lazy\" srcset=\"https:\/\/integral-toner.de\/wp-content\/uploads\/2023\/10\/integral-druck-und-kopienqualitaet.jpg 898w, https:\/\/integral-toner.de\/wp-content\/uploads\/2023\/10\/integral-druck-und-kopienqualitaet-300x183.jpg 300w, https:\/\/integral-toner.de\/wp-content\/uploads\/2023\/10\/integral-druck-und-kopienqualitaet-768x469.jpg 768w\" sizes=\"auto, (max-width: 898px) 100vw, 898px\" \/>\n                                  <\/div>\n        <\/div>\n      <\/div>\n    <\/div>\n  <\/section>\n\n\n<div id=\"fonctionnement\"><\/div>\n  <section class=\"text-image block-69dcff8b8c65e type-white \" >\n    <div class=\"container\">\n      <div class=\"row align-items-center\">\n        <div class=\"col-xl-6 text-image__content  order-2 order-xl-1\" data-aos=\"fade-right\" data-aos-anchor=\".block-69dcff8b8c65e\">\n          <div class=\"acf-innerblocks-container\">\n\n<h2 class=\"wp-block-heading\">R\u00e9duisez les co\u00fbts d\u2019exploitation de vos appareils<\/h2>\n\n\n\n<p>Optimisez la dur\u00e9e de vie de vos copieurs et syst\u00e8mes d&rsquo;impression gr\u00e2ce \u00e0 un toner de haute qualit\u00e9.<\/p>\n\n\n\n<p>Nos toners offrent des rendements de pages \u00e9lev\u00e9s et une compatibilit\u00e9 parfaite avec les composants de l&rsquo;appareil, vous permettant de maintenir les co\u00fbts d&rsquo;exploitation de vos syst\u00e8mes d&rsquo;impression et de copie \u00e0 un faible niveau et d&rsquo;am\u00e9liorer votre rentabilit\u00e9.<\/p>\n\n\n\n<p>Le toner INTEGRAL pr\u00e9sente l&rsquo;avantage d&rsquo;un rendement de pages \u00e9lev\u00e9 et d&rsquo;une parfaite compatibilit\u00e9 avec les composants des imprimantes et des copieurs. Le toner INTEGRAL pr\u00e9sente \u00e9galement une bonne miscibilit\u00e9 avec le toner dit d&rsquo;origine du fabricant de l&rsquo;appareil.<\/p>\n\n\n\n<p>L&rsquo;utilisation du toner INTEGRAL entra\u00eene une r\u00e9duction significative des co\u00fbts d&rsquo;exploitation des syst\u00e8mes de copie et d&rsquo;impression et une augmentation de la rentabilit\u00e9.<\/p>\n\n<\/div>\n        <\/div>\n\n        <div class=\"col-xl-6  order-1 order-xl-2\" data-aos=\"fade-left\" data-aos-anchor=\".block-69dcff8b8c65e\">\n          <div class=\"text-image__image wide-image \">\n                          <img decoding=\"async\" width=\"944\" height=\"548\" src=\"https:\/\/integral-toner.de\/wp-content\/uploads\/2023\/10\/integral-betriebskosten.jpg\" class=\"attachment-large_medium size-large_medium\" alt=\"INTEGRAL-Toner sparen Betriebskosten ein\" loading=\"lazy\" srcset=\"https:\/\/integral-toner.de\/wp-content\/uploads\/2023\/10\/integral-betriebskosten.jpg 944w, https:\/\/integral-toner.de\/wp-content\/uploads\/2023\/10\/integral-betriebskosten-300x174.jpg 300w, https:\/\/integral-toner.de\/wp-content\/uploads\/2023\/10\/integral-betriebskosten-768x446.jpg 768w\" sizes=\"auto, (max-width: 944px) 100vw, 944px\" \/>\n                                  <\/div>\n        <\/div>\n      <\/div>\n    <\/div>\n  <\/section>\n\n\n<div id=\"durabilite\"><\/div>\n  <section class=\"text-image block-69dcff8b8df45 type-light \" >\n    <div class=\"container\">\n      <div class=\"row align-items-center\">\n        <div class=\"col-xl-6 text-image__content text-image__content--right order-2 order-xl-2\" data-aos=\"fade-left\" data-aos-anchor=\".block-69dcff8b8df45\">\n          <div class=\"acf-innerblocks-container\">\n\n<h2 class=\"wp-block-heading\"><strong>Apporter une contribution positive \u00e0 la durabilit\u00e9<\/strong><\/h2>\n\n\n\n<p>Aidez \u00e0 prot\u00e9ger l\u2019environnement en choisissant un toner produit de mani\u00e8re durable.<\/p>\n\n\n\n<p>Lors du processus de fabrication du toner INTEGRAL, nous utilisons uniquement des mati\u00e8res premi\u00e8res de haute qualit\u00e9 et respectueuses de l&rsquo;environnement. Celles-ci sont choisies pour garantir une utilisation responsable des ressources. Nous respectons \u00e9galement pleinement la loi europ\u00e9enne sur les produits chimiques REACH et la directive RoHS.<\/p>\n\n\n      <a class=\"btn btn-primary\" href=\"https:\/\/integral-toner.de\/fr\/entreprise\/environnement-et-durabilite\/\" target=\"\">\n        \n        En savoir plus    <\/a>\n  \n<\/div>\n        <\/div>\n\n        <div class=\"col-xl-6  order-1 order-xl-1\" data-aos=\"fade-right\" data-aos-anchor=\".block-69dcff8b8df45\">\n          <div class=\"text-image__image wide-image text-image__image--left\">\n                          <img decoding=\"async\" width=\"945\" height=\"548\" src=\"https:\/\/integral-toner.de\/wp-content\/uploads\/2023\/10\/integral-hohe-nachhaltigkeit.jpg\" class=\"attachment-large_medium size-large_medium\" alt=\"\" loading=\"lazy\" srcset=\"https:\/\/integral-toner.de\/wp-content\/uploads\/2023\/10\/integral-hohe-nachhaltigkeit.jpg 945w, https:\/\/integral-toner.de\/wp-content\/uploads\/2023\/10\/integral-hohe-nachhaltigkeit-300x174.jpg 300w, https:\/\/integral-toner.de\/wp-content\/uploads\/2023\/10\/integral-hohe-nachhaltigkeit-768x445.jpg 768w\" sizes=\"auto, (max-width: 945px) 100vw, 945px\" \/>\n                                  <\/div>\n        <\/div>\n      <\/div>\n    <\/div>\n  <\/section>\n\n\n<div id=\"avantages\"><\/div>\n  <section class=\"text-image block-69dcff8b8f3a9 type-white \" >\n    <div class=\"container\">\n      <div class=\"row align-items-center\">\n        <div class=\"col-xl-6 text-image__content  order-2 order-xl-1\" data-aos=\"fade-right\" data-aos-anchor=\".block-69dcff8b8f3a9\">\n          <div class=\"acf-innerblocks-container\">\n\n<h2 class=\"wp-block-heading\">Profitez des avantages pour vous et vos clients<\/h2>\n\n\n\n<p>Exploitez notre combinaison unique de qualit\u00e9 exceptionnelle, de faibles co\u00fbts d\u2019exploitation et de production durable pour cr\u00e9er une proposition attrayante pour vos clients. Avec des toners compatibles de qualit\u00e9 OEM \u00e0 des prix comp\u00e9titifs, nous vous aidons \u00e9galement \u00e0 \u00eatre plus rentable.<\/p>\n\n\n\n<p>Notre service client est pr\u00eat \u00e0 r\u00e9pondre \u00e0 toutes vos questions. Nous vous aiderons \u00e9galement avec les demandes de renseignements et les devis d\u2019exp\u00e9dition.<\/p>\n\n<\/div>\n        <\/div>\n\n        <div class=\"col-xl-6  order-1 order-xl-2\" data-aos=\"fade-left\" data-aos-anchor=\".block-69dcff8b8f3a9\">\n          <div class=\"text-image__image wide-image \">\n                          <img decoding=\"async\" width=\"944\" height=\"548\" src=\"https:\/\/integral-toner.de\/wp-content\/uploads\/2023\/10\/integral-vorteile-nutzen.jpg\" class=\"attachment-large_medium size-large_medium\" alt=\"\" loading=\"lazy\" srcset=\"https:\/\/integral-toner.de\/wp-content\/uploads\/2023\/10\/integral-vorteile-nutzen.jpg 944w, https:\/\/integral-toner.de\/wp-content\/uploads\/2023\/10\/integral-vorteile-nutzen-300x174.jpg 300w, https:\/\/integral-toner.de\/wp-content\/uploads\/2023\/10\/integral-vorteile-nutzen-768x446.jpg 768w\" sizes=\"auto, (max-width: 944px) 100vw, 944px\" \/>\n                                  <\/div>\n        <\/div>\n      <\/div>\n    <\/div>\n  <\/section>\n","protected":false},"excerpt":{"rendered":"","protected":false},"author":15,"featured_media":1660,"parent":3423,"menu_order":0,"comment_status":"closed","ping_status":"closed","template":"","meta":{"_acf_changed":false,"_seopress_robots_primary_cat":"","_seopress_titles_title":"Des r\u00e9sultats avec des toners \u00e9quivalents aux OEM | INTEGRAL","_seopress_titles_desc":"B\u00e9n\u00e9ficiez d'une qualit\u00e9 d'impression exceptionnelle et de co\u00fbts d'exploitation r\u00e9duits .","_seopress_robots_index":"","footnotes":""},"class_list":["post-3447","page","type-page","status-publish","has-post-thumbnail","hentry"],"acf":[],"_links":{"self":[{"href":"https:\/\/integral-toner.de\/fr\/wp-json\/wp\/v2\/pages\/3447","targetHints":{"allow":["GET"]}}],"collection":[{"href":"https:\/\/integral-toner.de\/fr\/wp-json\/wp\/v2\/pages"}],"about":[{"href":"https:\/\/integral-toner.de\/fr\/wp-json\/wp\/v2\/types\/page"}],"author":[{"embeddable":true,"href":"https:\/\/integral-toner.de\/fr\/wp-json\/wp\/v2\/users\/15"}],"replies":[{"embeddable":true,"href":"https:\/\/integral-toner.de\/fr\/wp-json\/wp\/v2\/comments?post=3447"}],"version-history":[{"count":16,"href":"https:\/\/integral-toner.de\/fr\/wp-json\/wp\/v2\/pages\/3447\/revisions"}],"predecessor-version":[{"id":7699,"href":"https:\/\/integral-toner.de\/fr\/wp-json\/wp\/v2\/pages\/3447\/revisions\/7699"}],"up":[{"embeddable":true,"href":"https:\/\/integral-toner.de\/fr\/wp-json\/wp\/v2\/pages\/3423"}],"wp:featuredmedia":[{"embeddable":true,"href":"https:\/\/integral-toner.de\/fr\/wp-json\/wp\/v2\/media\/1660"}],"wp:attachment":[{"href":"https:\/\/integral-toner.de\/fr\/wp-json\/wp\/v2\/media?parent=3447"}],"curies":[{"name":"wp","href":"https:\/\/api.w.org\/{rel}","templated":true}]}}