{"id":4107,"date":"2023-10-26T18:25:27","date_gmt":"2023-10-26T18:25:27","guid":{"rendered":"https:\/\/integral-toner.de\/registrierung\/"},"modified":"2025-06-25T12:22:09","modified_gmt":"2025-06-25T10:22:09","slug":"registro","status":"publish","type":"page","link":"https:\/\/integral-toner.de\/es\/registro\/","title":{"rendered":"Inscripci\u00f3n"},"content":{"rendered":"    <section class=\"registerform\">\n        <div class=\"container\">\n            <div class=\"row\">\n                <div class=\"col-12 col-lg-8 offset-lg-2\">\n                    <h1 class=\"g-h2-subtitle\">\n                        <span>Hazte cliente de INTEGRAL<\/span><br \/>\n                        Inscripci\u00f3n                    <\/h1>\n                    <p class=\"g-description\">\n                        INTEGRAL ofrece a sus clientes un amplio espectro de apoyo a las ventas. Esto te da la ventaja de ampliar a\u00fan m\u00e1s el n\u00famero de tus clientes fieles y tu volumen de negocio. <br \/>\r\n<br \/>\r\nComo socio de ventas de INTEGRAL, puedes beneficiarte de un acceso exclusivo a nuestras bases de datos con material publicitario e informaci\u00f3n online importante. Esto significa que siempre tendr\u00e1s acceso a la informaci\u00f3n m\u00e1s reciente sobre el mercado y los productos. Si est\u00e1s interesado en ser cliente de INTEGRAL, puedes registrarte ahora.                      <\/p>\n                    <div class=\"registerform__form\">\n                        <div class=\"form-container\">\n\n    \n        <form name=\"form\" method=\"post\" action=\"https:\/\/integral-toner.de\/es\/registro\/\" novalidate=\"novalidate\" class=\"contactform__form ajax-form\" data-replace=\".form-container\">\n\n        <div class=\"row mb-0 mb-md-5\">\n            <div class=\"col-md-6\">\n                <div class=\"form-floating\"><input type=\"text\" id=\"form_firmenname\" name=\"form[firmenname]\" required=\"required\" placeholder=\"Nombre de la empresa\" class=\"form-control\" \/><label for=\"form_firmenname\" class=\"form-label required\">Nombre de la empresa<\/label>        <\/div>\n            <\/div>\n        <\/div>\n\n        <div class=\"row mb-0 mb-md-5\">\n            <div class=\"col-md-6\">\n                <div class=\"form-floating\"><select id=\"form_anrede\" name=\"form[anrede]\" required=\"required\" class=\"form-control form-select\"><option value=\"\" selected=\"selected\">Bitte ausw\u00e4hlen<\/option><option value=\"Frau\">Frau<\/option><option value=\"Mann\">Mann<\/option><option value=\"Buceadores\">Buceadores<\/option><\/select><label class=\"form-label required\" for=\"form_anrede\">Anrede *<\/label>        <\/div>\n            <\/div>\n\n            <div class=\"col-md-6\">\n                <div class=\"form-floating\"><input type=\"text\" id=\"form_firstname\" name=\"form[firstname]\" required=\"required\" placeholder=\"Nombre *\" class=\"form-control\" \/><label for=\"form_firstname\" class=\"form-label required\">Nombre *<\/label>        <\/div>\n            <\/div>\n        <\/div>\n\n\n        <div class=\"row mb-0 mb-md-5\">\n            <div class=\"col-md-6\">\n                <div class=\"form-floating\"><input type=\"text\" id=\"form_lastname\" name=\"form[lastname]\" required=\"required\" placeholder=\"Apellido *\" class=\"form-control\" \/><label for=\"form_lastname\" class=\"form-label required\">Apellido *<\/label>        <\/div>\n            <\/div>\n\n            <div class=\"col-md-6\">\n                <div class=\"form-floating\"><input type=\"email\" id=\"form_email\" name=\"form[email]\" required=\"required\" placeholder=\"correo electr\u00f3nico *\" class=\"form-control\" \/><label for=\"form_email\" class=\"form-label required\">correo electr\u00f3nico *<\/label>        <\/div>\n            <\/div>\n        <\/div>\n\n        <div class=\"row mb-0 mb-md-5\">\n            <div class=\"col-md-6\">\n                <div class=\"form-floating\"><input type=\"text\" id=\"form_land\" name=\"form[land]\" required=\"required\" placeholder=\"Lanf *\" class=\"form-control\" \/><label for=\"form_land\" class=\"form-label required\">pa\u00eds *<\/label>        <\/div>\n            <\/div>\n\n            <div class=\"col-md-2\">\n                <div class=\"form-floating\"><input type=\"email\" id=\"form_plz\" name=\"form[plz]\" required=\"required\" placeholder=\"C\u00f3digo postal *\" class=\"form-control\" \/><label for=\"form_plz\" class=\"form-label required\">C\u00f3digo postal *<\/label>        <\/div>\n            <\/div>\n\n            <div class=\"col-md-4\">\n                <div class=\"form-floating\"><input type=\"email\" id=\"form_stadt\" name=\"form[stadt]\" required=\"required\" placeholder=\"Ciudad *\" class=\"form-control\" \/><label for=\"form_stadt\" class=\"form-label required\">Ciudad *<\/label>        <\/div>\n            <\/div>\n        <\/div>\n\n        <div class=\"row mb-0 mb-md-5\">\n            <div class=\"col-md-6\">\n                <div class=\"form-floating\"><input type=\"email\" id=\"form_strasse\" name=\"form[strasse]\" required=\"required\" placeholder=\"Calle *\" class=\"form-control\" \/><label for=\"form_strasse\" class=\"form-label required\">Calle *<\/label>        <\/div>\n            <\/div>\n\n            <div class=\"col-md-6\">\n                <div class=\"form-floating\"><input type=\"text\" id=\"form_phone\" name=\"form[phone]\" required=\"required\" placeholder=\"Tel\u00e9fono\" class=\"form-control\" \/><label for=\"form_phone\" class=\"form-label required\">Tel\u00e9fono<\/label>        <\/div>\n            <\/div>\n        <\/div>\n\n        <div class=\"row mb-0 mb-md-5\">\n            <div class=\"col-md-6\">\n                <div class=\"form-floating\"><input type=\"text\" id=\"form_fax\" name=\"form[fax]\" required=\"required\" placeholder=\"Fax\" class=\"form-control\" \/><label for=\"form_fax\" class=\"form-label required\">Fax<\/label>        <\/div>\n            <\/div>\n\n            <div class=\"col-md-6\">\n                <div class=\"form-floating\"><input type=\"text\" id=\"form_website\" name=\"form[website]\" required=\"required\" placeholder=\"P\u00e1gina web\" class=\"form-control\" \/><label for=\"form_website\" class=\"form-label required\">P\u00e1gina web<\/label>        <\/div>\n            <\/div>\n        <\/div>\n\n        <div class=\"row mb-0 mb-md-5\">\n            <div class=\"col-12\">\n                <div class=\"form-floating\"><select id=\"form_business\" name=\"form[business]\" required=\"required\" class=\"form-control form-select\"><option value=\"\" selected=\"selected\">Bitte ausw\u00e4hlen<\/option><option value=\"Hersteller\">Hersteller<\/option><option value=\"Ponente\">Ponente<\/option><option value=\"Distribuidor\">Distribuidor<\/option><option value=\"Fachh\u00e4ndler\">Fachh\u00e4ndler<\/option><option value=\"Reciclador\">Reciclador<\/option><option value=\"Verbraucher\">Verbraucher<\/option><option value=\"Sonstiges\">Sonstiges<\/option><\/select><label class=\"form-label required\" for=\"form_business\">Arte de las Empresas *<\/label>        <\/div>\n            <\/div>\n        <\/div>\n\n        <div class=\"row mb-0 mb-md-5\">\n            <div class=\"col-12\">\n                <div class=\"form-floating\"><textarea id=\"form_message\" name=\"form[message]\" placeholder=\"\u00bfQuieres contarnos algo m\u00e1s?*\" class=\"form-control form-control\" rows=\"6\"><\/textarea><label for=\"form_message\" class=\"form-label\">\u00bfQuieres contarnos algo m\u00e1s?*<\/label>        <\/div>\n            <\/div>\n        <\/div>\n\n        \n<div class=\"form-group hp\"><label for=\"form_field-78fds4\" class=\"form-label\">Field-78fds4<\/label><input type=\"text\" id=\"form_field-78fds4\" name=\"form[field-78fds4]\" autocomplete=\"none\" class=\"form-control\" tabindex=\"-1\" \/>        <\/div>\n\n<div class=\"mb-4\"><div class=\"form-check\"><input type=\"checkbox\" id=\"form_callback\" name=\"form[callback]\" required=\"required\" class=\"form-check-input\" value=\"1\" \/>\n        <label class=\"form-check-label required\" for=\"form_callback\">R\u00fcckruf anfordern (Bitte teilen uns Ihre Telefonnummer mit)<\/label><\/div>        <\/div>\n        <p class=\"contactform__info\"><a href=\"https:\/\/integral-toner.de\/datenschutz\/\">Informaci\u00f3n en<\/a> para acceder a tus datos<\/p>\n\n        <p class=\"contactform__subinfo\">Mit * gekennzeichnete Felder sind Pflichtfelder und m\u00fcssen ausgef\u00fcllt werden.<\/p>\n\n        <div class=\"submit\">\n            <button type=\"submit\" class=\"g-btn\" aria-label=\"Registro ausente\">Registro ausente<\/button>\n        <\/div>\n\n        <\/form>\n\n    <\/div>\n                    <\/div>\n                <\/div>\n            <\/div>\n        <\/div>\n    <\/section>\n","protected":false},"excerpt":{"rendered":"","protected":false},"author":1,"featured_media":0,"parent":0,"menu_order":0,"comment_status":"closed","ping_status":"closed","template":"template-header-small.php","meta":{"_acf_changed":false,"_seopress_robots_primary_cat":"","_seopress_titles_title":"Registro en Productor Integral de T\u00f3ner","_seopress_titles_desc":"Benef\u00edciate de un acceso exclusivo a nuestras bases de datos con material publicitario e informaci\u00f3n importante en l\u00ednea.","_seopress_robots_index":"","footnotes":""},"class_list":["post-4107","page","type-page","status-publish","hentry"],"acf":[],"_links":{"self":[{"href":"https:\/\/integral-toner.de\/es\/wp-json\/wp\/v2\/pages\/4107","targetHints":{"allow":["GET"]}}],"collection":[{"href":"https:\/\/integral-toner.de\/es\/wp-json\/wp\/v2\/pages"}],"about":[{"href":"https:\/\/integral-toner.de\/es\/wp-json\/wp\/v2\/types\/page"}],"author":[{"embeddable":true,"href":"https:\/\/integral-toner.de\/es\/wp-json\/wp\/v2\/users\/1"}],"replies":[{"embeddable":true,"href":"https:\/\/integral-toner.de\/es\/wp-json\/wp\/v2\/comments?post=4107"}],"version-history":[{"count":6,"href":"https:\/\/integral-toner.de\/es\/wp-json\/wp\/v2\/pages\/4107\/revisions"}],"predecessor-version":[{"id":8910,"href":"https:\/\/integral-toner.de\/es\/wp-json\/wp\/v2\/pages\/4107\/revisions\/8910"}],"wp:attachment":[{"href":"https:\/\/integral-toner.de\/es\/wp-json\/wp\/v2\/media?parent=4107"}],"curies":[{"name":"wp","href":"https:\/\/api.w.org\/{rel}","templated":true}]}}