{"id":4094,"date":"2023-10-28T11:00:36","date_gmt":"2023-10-28T09:00:36","guid":{"rendered":"https:\/\/integral-toner.de\/weltweite-lieferungen-in-alle-kontinente\/"},"modified":"2025-06-25T14:57:09","modified_gmt":"2025-06-25T12:57:09","slug":"envios-a-todo-el-mundo-a-precios-competitivos","status":"publish","type":"page","link":"https:\/\/integral-toner.de\/es\/envios-a-todo-el-mundo-a-precios-competitivos\/","title":{"rendered":"Env\u00edos a todos los continentes"},"content":{"rendered":"  <section class=\"textsection block-69d7bf7d918f2 type- \" >\n    <div class=\"container\">\n      <div class=\"row\">\n        <div class=\"col-12 col-lg-8 offset-lg-2 g-content\">\n          <div class=\"acf-innerblocks-container\">\n  <h1 class=\"g-h1-subtitle\">\n    <span>La empresa<\/span><br \/>\n    Env\u00edos a todos los continentes  <\/h1>\n\n\n\n<figure class=\"wp-block-image size-full\"><img loading=\"lazy\" decoding=\"async\" width=\"951\" height=\"549\" src=\"https:\/\/integral-toner.de\/wp-content\/uploads\/2023\/10\/integral-weltweite-lieferungen.jpg\" alt=\"\" class=\"wp-image-410\" srcset=\"https:\/\/integral-toner.de\/wp-content\/uploads\/2023\/10\/integral-weltweite-lieferungen.jpg 951w, https:\/\/integral-toner.de\/wp-content\/uploads\/2023\/10\/integral-weltweite-lieferungen-300x173.jpg 300w, https:\/\/integral-toner.de\/wp-content\/uploads\/2023\/10\/integral-weltweite-lieferungen-768x443.jpg 768w\" sizes=\"auto, (max-width: 951px) 100vw, 951px\" \/><\/figure>\n\n\n\n<p>Con m\u00e1s de 4.000 clientes en todos los continentes, INTEGRAL conoce las necesidades de los clientes nacionales e internacionales.<\/p>\n\n\n\n<p>INTEGRAL se complace en obtener para ti presupuestos de flete antes de despachar los env\u00edos, porque queremos que recibas tus mercanc\u00edas con las tarifas de flete m\u00e1s favorables posibles. Para proteger la mercanc\u00eda de la mejor manera posible, INTEGRAL ofrece el env\u00edo en pal\u00e9s resistentes y encamisados. Recibir la mercanc\u00eda limpia y sin da\u00f1os ahorra costes, garantiza la satisfacci\u00f3n del cliente y evita largas discusiones con los transportistas sobre los da\u00f1os del transporte.  <\/p>\n\n\n\n<p>Si te decides por INTEGRAL, puedes estar seguro de que tus env\u00edos tambi\u00e9n se gestionar\u00e1n profesionalmente en lo que respecta al transporte.<\/p>\n\n\n      <a class=\"is-style-back-to\" href=\"https:\/\/integral-toner.de\/unternehmen\/#logistik\" target=\"\">\n        <svg xmlns=\"http:\/\/www.w3.org\/2000\/svg\" width=\"26.964\" height=\"15.208\" viewBox=\"0 0 26.964 15.208\">\n  <g transform=\"translate(1 0.707)\">\n    <path d=\"M388.367,27l-6.9-6.9a1,1,0,0,1,0-1.414l6.9-6.9,1.414,1.414-6.19,6.19,6.19,6.19Z\" transform=\"translate(-382.177 -12.5)\" fill=\"#e3051b\"\/>\n    <path d=\"M25.964,1H0V-1H25.964Z\" transform=\"translate(0 6.897)\" fill=\"#e3051b\"\/>\n  <\/g>\n<\/svg>\n\n        Volver a la vista general    <\/a>\n  \n<\/div>\n        <\/div>\n      <\/div>\n    <\/div>\n  <\/section>\n","protected":false},"excerpt":{"rendered":"","protected":false},"author":1,"featured_media":982,"parent":0,"menu_order":0,"comment_status":"closed","ping_status":"closed","template":"template-article.php","meta":{"_acf_changed":false,"_seopress_robots_primary_cat":"","_seopress_titles_title":"entregas mundiales de t\u00f3ner | INTEGRAL","_seopress_titles_desc":"\u00a1Nos ocupamos de las ofertas de flete para obtener las tarifas de flete m\u00e1s favorables posibles! \u2794 Pal\u00e9s de l\u00e1minas resistentes para proteger las mercanc\u00edas y mantenerlas limpias y sin da\u00f1os","_seopress_robots_index":"","footnotes":""},"class_list":["post-4094","page","type-page","status-publish","has-post-thumbnail","hentry"],"acf":[],"_links":{"self":[{"href":"https:\/\/integral-toner.de\/es\/wp-json\/wp\/v2\/pages\/4094","targetHints":{"allow":["GET"]}}],"collection":[{"href":"https:\/\/integral-toner.de\/es\/wp-json\/wp\/v2\/pages"}],"about":[{"href":"https:\/\/integral-toner.de\/es\/wp-json\/wp\/v2\/types\/page"}],"author":[{"embeddable":true,"href":"https:\/\/integral-toner.de\/es\/wp-json\/wp\/v2\/users\/1"}],"replies":[{"embeddable":true,"href":"https:\/\/integral-toner.de\/es\/wp-json\/wp\/v2\/comments?post=4094"}],"version-history":[{"count":9,"href":"https:\/\/integral-toner.de\/es\/wp-json\/wp\/v2\/pages\/4094\/revisions"}],"predecessor-version":[{"id":8949,"href":"https:\/\/integral-toner.de\/es\/wp-json\/wp\/v2\/pages\/4094\/revisions\/8949"}],"wp:featuredmedia":[{"embeddable":true,"href":"https:\/\/integral-toner.de\/es\/wp-json\/wp\/v2\/media\/982"}],"wp:attachment":[{"href":"https:\/\/integral-toner.de\/es\/wp-json\/wp\/v2\/media?parent=4094"}],"curies":[{"name":"wp","href":"https:\/\/api.w.org\/{rel}","templated":true}]}}