{"id":4067,"date":"2023-11-13T13:10:46","date_gmt":"2023-11-13T13:10:46","guid":{"rendered":"https:\/\/integral-toner.de\/vom-tonerpulver-zur-fertigen-kartusche\/"},"modified":"2025-06-25T12:21:36","modified_gmt":"2025-06-25T10:21:36","slug":"como-se-fabrican-los-cartuchos-de-toner-integral","status":"publish","type":"page","link":"https:\/\/integral-toner.de\/es\/compania\/como-se-fabrican-los-cartuchos-de-toner-integral\/","title":{"rendered":"Del polvo de t\u00f3ner al cartucho acabado"},"content":{"rendered":"  <section class=\"textsection block-69d789a8a04b8 type- \" >\n    <div class=\"container\">\n      <div class=\"row\">\n        <div class=\"col-12 col-lg-8 offset-lg-2 g-content\">\n          <div class=\"acf-innerblocks-container\">\n  <h1 class=\"g-h1-subtitle\">\n    <span>La empresa<\/span><br \/>\n    Del polvo de t\u00f3ner al cartucho acabado  <\/h1>\n\n\n\n<figure class=\"wp-block-image size-full\"><img loading=\"lazy\" decoding=\"async\" width=\"945\" height=\"548\" src=\"https:\/\/integral-toner.de\/wp-content\/uploads\/2023\/10\/integral-tonerpulver.jpg\" alt=\"\" class=\"wp-image-394\" style=\"object-fit:cover\" srcset=\"https:\/\/integral-toner.de\/wp-content\/uploads\/2023\/10\/integral-tonerpulver.jpg 945w, https:\/\/integral-toner.de\/wp-content\/uploads\/2023\/10\/integral-tonerpulver-300x174.jpg 300w, https:\/\/integral-toner.de\/wp-content\/uploads\/2023\/10\/integral-tonerpulver-768x445.jpg 768w\" sizes=\"auto, (max-width: 945px) 100vw, 945px\" \/><\/figure>\n\n\n\n<p>En la producci\u00f3n de cartuchos se utilizan l\u00edneas de llenado con gran precisi\u00f3n de llenado.<\/p>\n\n\n\n<p>Se comprueba la resistencia a la presi\u00f3n de todos los cartuchos antes de llenarlos. Una vez que los cartuchos se han llenado con el peso exacto, se tapan autom\u00e1ticamente y pasan por una estaci\u00f3n de limpieza. Esto \u00faltimo garantiza que s\u00f3lo se entreguen cartuchos limpios a los clientes.  <\/p>\n\n\n\n<p>Los cartuchos llenos se transportan en una cinta transportadora para su posterior envasado.<\/p>\n\n\n      <a class=\"is-style-back-to\" href=\"https:\/\/integral-toner.de\/unternehmen\/#kartuschenfertigung\" target=\"\">\n        <svg xmlns=\"http:\/\/www.w3.org\/2000\/svg\" width=\"26.964\" height=\"15.208\" viewBox=\"0 0 26.964 15.208\">\n  <g transform=\"translate(1 0.707)\">\n    <path d=\"M388.367,27l-6.9-6.9a1,1,0,0,1,0-1.414l6.9-6.9,1.414,1.414-6.19,6.19,6.19,6.19Z\" transform=\"translate(-382.177 -12.5)\" fill=\"#e3051b\"\/>\n    <path d=\"M25.964,1H0V-1H25.964Z\" transform=\"translate(0 6.897)\" fill=\"#e3051b\"\/>\n  <\/g>\n<\/svg>\n\n        Volver a la vista general    <\/a>\n  \n<\/div>\n        <\/div>\n      <\/div>\n    <\/div>\n  <\/section>\n","protected":false},"excerpt":{"rendered":"","protected":false},"author":2,"featured_media":974,"parent":3389,"menu_order":0,"comment_status":"closed","ping_status":"closed","template":"template-article.php","meta":{"_acf_changed":false,"_seopress_robots_primary_cat":"","_seopress_titles_title":"\u00bfC\u00f3mo se fabrican los cartuchos de t\u00f3ner? | T\u00f3ner INTEGRAL","_seopress_titles_desc":"Averigua c\u00f3mo se fabrica el cartucho de t\u00f3ner de tu impresora. \u2794 Peso de llenado, resistencia a la presi\u00f3n, taponado autom\u00e1tico, estaci\u00f3n de limpieza","_seopress_robots_index":"","footnotes":""},"class_list":["post-4067","page","type-page","status-publish","has-post-thumbnail","hentry"],"acf":[],"_links":{"self":[{"href":"https:\/\/integral-toner.de\/es\/wp-json\/wp\/v2\/pages\/4067","targetHints":{"allow":["GET"]}}],"collection":[{"href":"https:\/\/integral-toner.de\/es\/wp-json\/wp\/v2\/pages"}],"about":[{"href":"https:\/\/integral-toner.de\/es\/wp-json\/wp\/v2\/types\/page"}],"author":[{"embeddable":true,"href":"https:\/\/integral-toner.de\/es\/wp-json\/wp\/v2\/users\/2"}],"replies":[{"embeddable":true,"href":"https:\/\/integral-toner.de\/es\/wp-json\/wp\/v2\/comments?post=4067"}],"version-history":[{"count":9,"href":"https:\/\/integral-toner.de\/es\/wp-json\/wp\/v2\/pages\/4067\/revisions"}],"predecessor-version":[{"id":8891,"href":"https:\/\/integral-toner.de\/es\/wp-json\/wp\/v2\/pages\/4067\/revisions\/8891"}],"up":[{"embeddable":true,"href":"https:\/\/integral-toner.de\/es\/wp-json\/wp\/v2\/pages\/3389"}],"wp:featuredmedia":[{"embeddable":true,"href":"https:\/\/integral-toner.de\/es\/wp-json\/wp\/v2\/media\/974"}],"wp:attachment":[{"href":"https:\/\/integral-toner.de\/es\/wp-json\/wp\/v2\/media?parent=4067"}],"curies":[{"name":"wp","href":"https:\/\/api.w.org\/{rel}","templated":true}]}}