{"id":4053,"date":"2023-11-13T12:29:31","date_gmt":"2023-11-13T12:29:31","guid":{"rendered":"https:\/\/integral-toner.de\/produktionsrundgang\/"},"modified":"2025-07-01T12:58:25","modified_gmt":"2025-07-01T10:58:25","slug":"visita-de-produccion","status":"publish","type":"page","link":"https:\/\/integral-toner.de\/es\/compania\/visita-de-produccion\/","title":{"rendered":"Viaje de producci\u00f3n"},"content":{"rendered":"  <section class=\"textsection block-69f7f057b942a type- \" >\n    <div class=\"container\">\n      <div class=\"row\">\n        <div class=\"col-12 col-lg-8 offset-lg-2 g-content\">\n          <div class=\"acf-innerblocks-container\">\n  <h1 class=\"g-h1-subtitle\">\n    <span>La empresa<\/span><br \/>\n    Viaje de producci\u00f3n  <\/h1>\n\n\n\n<figure class=\"wp-block-image size-full\"><img loading=\"lazy\" decoding=\"async\" width=\"945\" height=\"548\" src=\"https:\/\/integral-toner.de\/wp-content\/uploads\/2023\/10\/integral-premium-toner.jpg\" alt=\"\" class=\"wp-image-387\" srcset=\"https:\/\/integral-toner.de\/wp-content\/uploads\/2023\/10\/integral-premium-toner.jpg 945w, https:\/\/integral-toner.de\/wp-content\/uploads\/2023\/10\/integral-premium-toner-300x174.jpg 300w, https:\/\/integral-toner.de\/wp-content\/uploads\/2023\/10\/integral-premium-toner-768x445.jpg 768w\" sizes=\"auto, (max-width: 945px) 100vw, 945px\" \/><\/figure>\n\n\n\n<p>INTEGRAL procesa s\u00f3lo las mejores materias primas especiales para la producci\u00f3n de t\u00f3neres monocromos y de color. Como primera etapa de la producci\u00f3n, las materias primas se introducen en el proceso de producci\u00f3n desde contenedores de almacenamiento. La distribuci\u00f3n uniforme de las materias primas tiene lugar durante el proceso de premezclado mediante un proceso de mezcla de alta velocidad. Unas l\u00edneas de extrusi\u00f3n altamente especializadas garantizan la perfecta composici\u00f3n de las materias primas del t\u00f3ner. A continuaci\u00f3n, las materias primas extruidas se pulverizan mediante el proceso de molienda por chorro de aire. Las part\u00edculas demasiado gruesas o demasiado finas se eliminan del proceso de producci\u00f3n mediante un proceso de tamizado. A continuaci\u00f3n, el t\u00f3ner bruto producido se dota de los aditivos superficiales especiales necesarios mediante un proceso de recubrimiento. Un \u00faltimo proceso de tamizado de seguridad garantiza que el t\u00f3ner est\u00e9 libre de aglomerados y pueda utilizarse para la producci\u00f3n posterior de cartuchos.       <\/p>\n\n\n\n<p>Los resultados se traducen en una calidad de imagen estable, un alto rendimiento de las copias y las impresoras y unos costes de mantenimiento especialmente bajos para los sistemas de copia e impresi\u00f3n en los que se utiliza el t\u00f3ner INTEGRAL.<\/p>\n\n\n\n<div class=\"gallery\"  data-images=\"https:\/\/integral-toner.de\/wp-content\/uploads\/2023\/11\/xen_fabrik-1.jpg||https:\/\/integral-toner.de\/wp-content\/uploads\/2023\/11\/aussenansicht-produktionshallen-1.jpg||https:\/\/integral-toner.de\/wp-content\/uploads\/2023\/11\/entstaubungsanlage-aussen-1.jpg||https:\/\/integral-toner.de\/wp-content\/uploads\/2023\/11\/extruder-1.jpg||https:\/\/integral-toner.de\/wp-content\/uploads\/2024\/01\/Extruder-2.png||https:\/\/integral-toner.de\/wp-content\/uploads\/2023\/11\/schwarz-masse-1.jpg||https:\/\/integral-toner.de\/wp-content\/uploads\/2023\/11\/schwarz-band.jpg||https:\/\/integral-toner.de\/wp-content\/uploads\/2024\/01\/cyan-masse-edited.jpg||https:\/\/integral-toner.de\/wp-content\/uploads\/2023\/11\/magenta-band-1.jpg||https:\/\/integral-toner.de\/wp-content\/uploads\/2023\/11\/produktionsanlage-1.jpg||https:\/\/integral-toner.de\/wp-content\/uploads\/2023\/11\/rohstofflager-produktion-1.jpg||https:\/\/integral-toner.de\/wp-content\/uploads\/2023\/11\/produktionshalle-innensicht-1.jpg||https:\/\/integral-toner.de\/wp-content\/uploads\/2023\/11\/luftstrahl-muehle-1.jpg||https:\/\/integral-toner.de\/wp-content\/uploads\/2023\/11\/produktionsmitarbeiter-integral-1.jpg||https:\/\/integral-toner.de\/wp-content\/uploads\/2023\/11\/material-lagerrung-1.jpg\" >\n    <ul class=\"gallery__images\">\n                    <li><img loading=\"lazy\" decoding=\"async\" width=\"1100\" height=\"742\" src=\"https:\/\/integral-toner.de\/wp-content\/uploads\/2023\/11\/xen_fabrik-1.jpg\" class=\"attachment-full size-full\" alt=\"INTEGRAL Produktion\" srcset=\"https:\/\/integral-toner.de\/wp-content\/uploads\/2023\/11\/xen_fabrik-1.jpg 1100w, https:\/\/integral-toner.de\/wp-content\/uploads\/2023\/11\/xen_fabrik-1-300x202.jpg 300w, https:\/\/integral-toner.de\/wp-content\/uploads\/2023\/11\/xen_fabrik-1-1024x691.jpg 1024w, https:\/\/integral-toner.de\/wp-content\/uploads\/2023\/11\/xen_fabrik-1-768x518.jpg 768w\" sizes=\"auto, (max-width: 1100px) 100vw, 1100px\" \/><\/li>\n                    <li><img loading=\"lazy\" decoding=\"async\" width=\"1100\" height=\"733\" src=\"https:\/\/integral-toner.de\/wp-content\/uploads\/2023\/11\/aussenansicht-produktionshallen-1.jpg\" class=\"attachment-full size-full\" alt=\"Produktionshallten von INTEGRAL von au\u00dfen\" srcset=\"https:\/\/integral-toner.de\/wp-content\/uploads\/2023\/11\/aussenansicht-produktionshallen-1.jpg 1100w, https:\/\/integral-toner.de\/wp-content\/uploads\/2023\/11\/aussenansicht-produktionshallen-1-300x200.jpg 300w, https:\/\/integral-toner.de\/wp-content\/uploads\/2023\/11\/aussenansicht-produktionshallen-1-1024x682.jpg 1024w, https:\/\/integral-toner.de\/wp-content\/uploads\/2023\/11\/aussenansicht-produktionshallen-1-768x512.jpg 768w\" sizes=\"auto, (max-width: 1100px) 100vw, 1100px\" \/><\/li>\n                    <li><img loading=\"lazy\" decoding=\"async\" width=\"1100\" height=\"825\" src=\"https:\/\/integral-toner.de\/wp-content\/uploads\/2023\/11\/entstaubungsanlage-aussen-1.jpg\" class=\"attachment-full size-full\" alt=\"Fortschrittliche Entstaubungsanlage bei INTEGRAL\" srcset=\"https:\/\/integral-toner.de\/wp-content\/uploads\/2023\/11\/entstaubungsanlage-aussen-1.jpg 1100w, https:\/\/integral-toner.de\/wp-content\/uploads\/2023\/11\/entstaubungsanlage-aussen-1-300x225.jpg 300w, https:\/\/integral-toner.de\/wp-content\/uploads\/2023\/11\/entstaubungsanlage-aussen-1-1024x768.jpg 1024w, https:\/\/integral-toner.de\/wp-content\/uploads\/2023\/11\/entstaubungsanlage-aussen-1-768x576.jpg 768w\" sizes=\"auto, (max-width: 1100px) 100vw, 1100px\" \/><\/li>\n                    <li><img loading=\"lazy\" decoding=\"async\" width=\"1024\" height=\"768\" src=\"https:\/\/integral-toner.de\/wp-content\/uploads\/2023\/11\/extruder-1.jpg\" class=\"attachment-full size-full\" alt=\"Extruder in der Produktion bei INTEGRAL\" srcset=\"https:\/\/integral-toner.de\/wp-content\/uploads\/2023\/11\/extruder-1.jpg 1024w, https:\/\/integral-toner.de\/wp-content\/uploads\/2023\/11\/extruder-1-300x225.jpg 300w, https:\/\/integral-toner.de\/wp-content\/uploads\/2023\/11\/extruder-1-768x576.jpg 768w\" sizes=\"auto, (max-width: 1024px) 100vw, 1024px\" \/><\/li>\n                    <li><img loading=\"lazy\" decoding=\"async\" width=\"3709\" height=\"2881\" src=\"https:\/\/integral-toner.de\/wp-content\/uploads\/2024\/01\/Extruder-2.png\" class=\"attachment-full size-full\" alt=\"Extruder\" srcset=\"https:\/\/integral-toner.de\/wp-content\/uploads\/2024\/01\/Extruder-2.png 3709w, https:\/\/integral-toner.de\/wp-content\/uploads\/2024\/01\/Extruder-2-300x233.png 300w, https:\/\/integral-toner.de\/wp-content\/uploads\/2024\/01\/Extruder-2-1024x795.png 1024w, https:\/\/integral-toner.de\/wp-content\/uploads\/2024\/01\/Extruder-2-768x597.png 768w, https:\/\/integral-toner.de\/wp-content\/uploads\/2024\/01\/Extruder-2-1536x1193.png 1536w, https:\/\/integral-toner.de\/wp-content\/uploads\/2024\/01\/Extruder-2-2048x1591.png 2048w\" sizes=\"auto, (max-width: 3709px) 100vw, 3709px\" \/><\/li>\n                    <li><img loading=\"lazy\" decoding=\"async\" width=\"1100\" height=\"825\" src=\"https:\/\/integral-toner.de\/wp-content\/uploads\/2023\/11\/schwarz-masse-1.jpg\" class=\"attachment-full size-full\" alt=\"Schwarzer Toner in der Herstellung bei INTEGRAL\" srcset=\"https:\/\/integral-toner.de\/wp-content\/uploads\/2023\/11\/schwarz-masse-1.jpg 1100w, https:\/\/integral-toner.de\/wp-content\/uploads\/2023\/11\/schwarz-masse-1-300x225.jpg 300w, https:\/\/integral-toner.de\/wp-content\/uploads\/2023\/11\/schwarz-masse-1-1024x768.jpg 1024w, https:\/\/integral-toner.de\/wp-content\/uploads\/2023\/11\/schwarz-masse-1-768x576.jpg 768w\" sizes=\"auto, (max-width: 1100px) 100vw, 1100px\" \/><\/li>\n                    <li><img loading=\"lazy\" decoding=\"async\" width=\"1100\" height=\"733\" src=\"https:\/\/integral-toner.de\/wp-content\/uploads\/2023\/11\/schwarz-band.jpg\" class=\"attachment-full size-full\" alt=\"Toner-Herstellung INTEGRAL\" srcset=\"https:\/\/integral-toner.de\/wp-content\/uploads\/2023\/11\/schwarz-band.jpg 1100w, https:\/\/integral-toner.de\/wp-content\/uploads\/2023\/11\/schwarz-band-300x200.jpg 300w, https:\/\/integral-toner.de\/wp-content\/uploads\/2023\/11\/schwarz-band-1024x682.jpg 1024w, https:\/\/integral-toner.de\/wp-content\/uploads\/2023\/11\/schwarz-band-768x512.jpg 768w\" sizes=\"auto, (max-width: 1100px) 100vw, 1100px\" \/><\/li>\n                    <li><img loading=\"lazy\" decoding=\"async\" width=\"750\" height=\"550\" src=\"https:\/\/integral-toner.de\/wp-content\/uploads\/2024\/01\/cyan-masse-edited.jpg\" class=\"attachment-full size-full\" alt=\"\" srcset=\"https:\/\/integral-toner.de\/wp-content\/uploads\/2024\/01\/cyan-masse-edited.jpg 750w, https:\/\/integral-toner.de\/wp-content\/uploads\/2024\/01\/cyan-masse-edited-300x220.jpg 300w\" sizes=\"auto, (max-width: 750px) 100vw, 750px\" \/><\/li>\n                    <li><img loading=\"lazy\" decoding=\"async\" width=\"1100\" height=\"733\" src=\"https:\/\/integral-toner.de\/wp-content\/uploads\/2023\/11\/magenta-band-1.jpg\" class=\"attachment-full size-full\" alt=\"Herstellung Magenta-Toner bei INTEGRAL\" srcset=\"https:\/\/integral-toner.de\/wp-content\/uploads\/2023\/11\/magenta-band-1.jpg 1100w, https:\/\/integral-toner.de\/wp-content\/uploads\/2023\/11\/magenta-band-1-300x200.jpg 300w, https:\/\/integral-toner.de\/wp-content\/uploads\/2023\/11\/magenta-band-1-1024x682.jpg 1024w, https:\/\/integral-toner.de\/wp-content\/uploads\/2023\/11\/magenta-band-1-768x512.jpg 768w\" sizes=\"auto, (max-width: 1100px) 100vw, 1100px\" \/><\/li>\n                    <li><img loading=\"lazy\" decoding=\"async\" width=\"1100\" height=\"772\" src=\"https:\/\/integral-toner.de\/wp-content\/uploads\/2023\/11\/produktionsanlage-1.jpg\" class=\"attachment-full size-full\" alt=\"Produktionsanlage bei INTEGRAL\" srcset=\"https:\/\/integral-toner.de\/wp-content\/uploads\/2023\/11\/produktionsanlage-1.jpg 1100w, https:\/\/integral-toner.de\/wp-content\/uploads\/2023\/11\/produktionsanlage-1-300x211.jpg 300w, https:\/\/integral-toner.de\/wp-content\/uploads\/2023\/11\/produktionsanlage-1-1024x719.jpg 1024w, https:\/\/integral-toner.de\/wp-content\/uploads\/2023\/11\/produktionsanlage-1-768x539.jpg 768w\" sizes=\"auto, (max-width: 1100px) 100vw, 1100px\" \/><\/li>\n                    <li><img loading=\"lazy\" decoding=\"async\" width=\"1000\" height=\"607\" src=\"https:\/\/integral-toner.de\/wp-content\/uploads\/2023\/11\/rohstofflager-produktion-1.jpg\" class=\"attachment-full size-full\" alt=\"Rohstoffverarbeitung in der Produktion bei INTEGRAL\" srcset=\"https:\/\/integral-toner.de\/wp-content\/uploads\/2023\/11\/rohstofflager-produktion-1.jpg 1000w, https:\/\/integral-toner.de\/wp-content\/uploads\/2023\/11\/rohstofflager-produktion-1-300x182.jpg 300w, https:\/\/integral-toner.de\/wp-content\/uploads\/2023\/11\/rohstofflager-produktion-1-768x466.jpg 768w\" sizes=\"auto, (max-width: 1000px) 100vw, 1000px\" \/><\/li>\n                    <li><img loading=\"lazy\" decoding=\"async\" width=\"1100\" height=\"1467\" src=\"https:\/\/integral-toner.de\/wp-content\/uploads\/2023\/11\/produktionshalle-innensicht-1.jpg\" class=\"attachment-full size-full\" alt=\"Produktion bei INTEGRAL\" srcset=\"https:\/\/integral-toner.de\/wp-content\/uploads\/2023\/11\/produktionshalle-innensicht-1.jpg 1100w, https:\/\/integral-toner.de\/wp-content\/uploads\/2023\/11\/produktionshalle-innensicht-1-225x300.jpg 225w, https:\/\/integral-toner.de\/wp-content\/uploads\/2023\/11\/produktionshalle-innensicht-1-768x1024.jpg 768w\" sizes=\"auto, (max-width: 1100px) 100vw, 1100px\" \/><\/li>\n                    <li><img loading=\"lazy\" decoding=\"async\" width=\"1100\" height=\"825\" src=\"https:\/\/integral-toner.de\/wp-content\/uploads\/2023\/11\/luftstrahl-muehle-1.jpg\" class=\"attachment-full size-full\" alt=\"Luftstrahlm\u00fchle in der Produktion bei INTEGRAL\" srcset=\"https:\/\/integral-toner.de\/wp-content\/uploads\/2023\/11\/luftstrahl-muehle-1.jpg 1100w, https:\/\/integral-toner.de\/wp-content\/uploads\/2023\/11\/luftstrahl-muehle-1-300x225.jpg 300w, https:\/\/integral-toner.de\/wp-content\/uploads\/2023\/11\/luftstrahl-muehle-1-1024x768.jpg 1024w, https:\/\/integral-toner.de\/wp-content\/uploads\/2023\/11\/luftstrahl-muehle-1-768x576.jpg 768w\" sizes=\"auto, (max-width: 1100px) 100vw, 1100px\" \/><\/li>\n                    <li><img loading=\"lazy\" decoding=\"async\" width=\"1100\" height=\"733\" src=\"https:\/\/integral-toner.de\/wp-content\/uploads\/2023\/11\/produktionsmitarbeiter-integral-1.jpg\" class=\"attachment-full size-full\" alt=\"Mitarbeiter in der Produktion bei INTEGRAL\" srcset=\"https:\/\/integral-toner.de\/wp-content\/uploads\/2023\/11\/produktionsmitarbeiter-integral-1.jpg 1100w, https:\/\/integral-toner.de\/wp-content\/uploads\/2023\/11\/produktionsmitarbeiter-integral-1-300x200.jpg 300w, https:\/\/integral-toner.de\/wp-content\/uploads\/2023\/11\/produktionsmitarbeiter-integral-1-1024x682.jpg 1024w, https:\/\/integral-toner.de\/wp-content\/uploads\/2023\/11\/produktionsmitarbeiter-integral-1-768x512.jpg 768w\" sizes=\"auto, (max-width: 1100px) 100vw, 1100px\" \/><\/li>\n                    <li><img loading=\"lazy\" decoding=\"async\" width=\"1100\" height=\"550\" src=\"https:\/\/integral-toner.de\/wp-content\/uploads\/2023\/11\/material-lagerrung-1.jpg\" class=\"attachment-full size-full\" alt=\"Materiallager INTEGRAL\" srcset=\"https:\/\/integral-toner.de\/wp-content\/uploads\/2023\/11\/material-lagerrung-1.jpg 1100w, https:\/\/integral-toner.de\/wp-content\/uploads\/2023\/11\/material-lagerrung-1-300x150.jpg 300w, https:\/\/integral-toner.de\/wp-content\/uploads\/2023\/11\/material-lagerrung-1-1024x512.jpg 1024w, https:\/\/integral-toner.de\/wp-content\/uploads\/2023\/11\/material-lagerrung-1-768x384.jpg 768w\" sizes=\"auto, (max-width: 1100px) 100vw, 1100px\" \/><\/li>\n            <\/ul>\n<\/div>\n\n\n      <a class=\"is-style-back-to\" href=\"https:\/\/integral-toner.de\/unternehmen\/#tonerproduktion\" target=\"\">\n        <svg xmlns=\"http:\/\/www.w3.org\/2000\/svg\" width=\"26.964\" height=\"15.208\" viewBox=\"0 0 26.964 15.208\">\n  <g transform=\"translate(1 0.707)\">\n    <path d=\"M388.367,27l-6.9-6.9a1,1,0,0,1,0-1.414l6.9-6.9,1.414,1.414-6.19,6.19,6.19,6.19Z\" transform=\"translate(-382.177 -12.5)\" fill=\"#e3051b\"\/>\n    <path d=\"M25.964,1H0V-1H25.964Z\" transform=\"translate(0 6.897)\" fill=\"#e3051b\"\/>\n  <\/g>\n<\/svg>\n\n        Volver a la vista general    <\/a>\n  \n<\/div>\n        <\/div>\n      <\/div>\n    <\/div>\n  <\/section>\n","protected":false},"excerpt":{"rendered":"","protected":false},"author":2,"featured_media":966,"parent":3389,"menu_order":0,"comment_status":"closed","ping_status":"closed","template":"template-article.php","meta":{"_acf_changed":false,"_seopress_robots_primary_cat":"","_seopress_titles_title":"Visita a la producci\u00f3n del fabricante de t\u00f3ner INTEGAL","_seopress_titles_desc":"Ven a la visita digital y descubre c\u00f3mo se fabrica el t\u00f3ner INTEGRAL.","_seopress_robots_index":"","footnotes":""},"class_list":["post-4053","page","type-page","status-publish","has-post-thumbnail","hentry"],"acf":[],"_links":{"self":[{"href":"https:\/\/integral-toner.de\/es\/wp-json\/wp\/v2\/pages\/4053","targetHints":{"allow":["GET"]}}],"collection":[{"href":"https:\/\/integral-toner.de\/es\/wp-json\/wp\/v2\/pages"}],"about":[{"href":"https:\/\/integral-toner.de\/es\/wp-json\/wp\/v2\/types\/page"}],"author":[{"embeddable":true,"href":"https:\/\/integral-toner.de\/es\/wp-json\/wp\/v2\/users\/2"}],"replies":[{"embeddable":true,"href":"https:\/\/integral-toner.de\/es\/wp-json\/wp\/v2\/comments?post=4053"}],"version-history":[{"count":12,"href":"https:\/\/integral-toner.de\/es\/wp-json\/wp\/v2\/pages\/4053\/revisions"}],"predecessor-version":[{"id":9287,"href":"https:\/\/integral-toner.de\/es\/wp-json\/wp\/v2\/pages\/4053\/revisions\/9287"}],"up":[{"embeddable":true,"href":"https:\/\/integral-toner.de\/es\/wp-json\/wp\/v2\/pages\/3389"}],"wp:featuredmedia":[{"embeddable":true,"href":"https:\/\/integral-toner.de\/es\/wp-json\/wp\/v2\/media\/966"}],"wp:attachment":[{"href":"https:\/\/integral-toner.de\/es\/wp-json\/wp\/v2\/media?parent=4053"}],"curies":[{"name":"wp","href":"https:\/\/api.w.org\/{rel}","templated":true}]}}