{"id":4024,"date":"2023-11-13T12:12:51","date_gmt":"2023-11-13T12:12:51","guid":{"rendered":"https:\/\/integral-toner.de\/der-kunde-an-der-spitze-der-unternehmensorganisation\/"},"modified":"2025-07-01T12:58:42","modified_gmt":"2025-07-01T10:58:42","slug":"soporte-personalizado-y-profesional-con-cada-compra","status":"publish","type":"page","link":"https:\/\/integral-toner.de\/es\/apoyo\/soporte-personalizado-y-profesional-con-cada-compra\/","title":{"rendered":"El cliente en la cima de la organizaci\u00f3n de la empresa"},"content":{"rendered":"  <section class=\"textsection block-69ea5753d5803 type- \" >\n    <div class=\"container\">\n      <div class=\"row\">\n        <div class=\"col-12 col-lg-8 offset-lg-2 g-content\">\n          <div class=\"acf-innerblocks-container\">\n  <h1 class=\"g-h1-subtitle\">\n    <span>Ayuda<\/span><br \/>\n    El cliente en la cima de la organizaci\u00f3n de la empresa  <\/h1>\n\n\n\n<figure class=\"wp-block-image size-full\"><img loading=\"lazy\" decoding=\"async\" width=\"945\" height=\"548\" src=\"https:\/\/integral-toner.de\/wp-content\/uploads\/2023\/10\/kunde-an-der-spitze-der-unternehmensorganisation.jpg\" alt=\"\" class=\"wp-image-306\" srcset=\"https:\/\/integral-toner.de\/wp-content\/uploads\/2023\/10\/kunde-an-der-spitze-der-unternehmensorganisation.jpg 945w, https:\/\/integral-toner.de\/wp-content\/uploads\/2023\/10\/kunde-an-der-spitze-der-unternehmensorganisation-300x174.jpg 300w, https:\/\/integral-toner.de\/wp-content\/uploads\/2023\/10\/kunde-an-der-spitze-der-unternehmensorganisation-768x445.jpg 768w\" sizes=\"auto, (max-width: 945px) 100vw, 945px\" \/><\/figure>\n\n\n\n<p>El servicio al cliente es un valor importante de la pol\u00edtica corporativa de INTEGRAL.<\/p>\n\n\n\n<p>Merecen la m\u00e1xima atenci\u00f3n.<\/p>\n\n\n\n<p>Benef\u00edciate del servicio personalizado y profesional de tu fabricante y proveedor l\u00edder de t\u00f3ner, con m\u00e1s de 50 a\u00f1os de experiencia en el sector del t\u00f3ner. En INTEGRAL, tendr\u00e1s un contacto personal que entiende tus necesidades y puede asesorarte en tus preguntas. Recibir\u00e1s respuestas competentes a todas tus preguntas, ya se refieran a productos, precios, disponibilidad o cuestiones log\u00edsticas. Nos aseguramos de ello proporcionando una formaci\u00f3n eficaz a nuestro personal de apoyo especializado.     <\/p>\n\n\n\n<p>Conseguir la mejor experiencia de producto INTEGRAL con cada compra: \u00e9se es nuestro objetivo para ti.<\/p>\n\n\n      <a class=\"is-style-back-to\" href=\"https:\/\/integral-toner.de\/support#unternehmenspolitik\" target=\"\">\n        <svg xmlns=\"http:\/\/www.w3.org\/2000\/svg\" width=\"26.964\" height=\"15.208\" viewBox=\"0 0 26.964 15.208\">\n  <g transform=\"translate(1 0.707)\">\n    <path d=\"M388.367,27l-6.9-6.9a1,1,0,0,1,0-1.414l6.9-6.9,1.414,1.414-6.19,6.19,6.19,6.19Z\" transform=\"translate(-382.177 -12.5)\" fill=\"#e3051b\"\/>\n    <path d=\"M25.964,1H0V-1H25.964Z\" transform=\"translate(0 6.897)\" fill=\"#e3051b\"\/>\n  <\/g>\n<\/svg>\n\n        Volver a la vista general    <\/a>\n  \n<\/div>\n        <\/div>\n      <\/div>\n    <\/div>\n  <\/section>\n","protected":false},"excerpt":{"rendered":"","protected":false},"author":2,"featured_media":942,"parent":3451,"menu_order":0,"comment_status":"closed","ping_status":"closed","template":"template-article.php","meta":{"_acf_changed":false,"_seopress_robots_primary_cat":"","_seopress_titles_title":"servicio personalizado y profesional del fabricante de t\u00f3ner INTEGRAL","_seopress_titles_desc":"Nuestro objetivo es que recibas la mejor experiencia de producto INTEGRAL con cada compra \u2794 El valor m\u00e1s importante de nuestra pol\u00edtica de empresa es el servicio al cliente.","_seopress_robots_index":"","footnotes":""},"class_list":["post-4024","page","type-page","status-publish","has-post-thumbnail","hentry"],"acf":[],"_links":{"self":[{"href":"https:\/\/integral-toner.de\/es\/wp-json\/wp\/v2\/pages\/4024","targetHints":{"allow":["GET"]}}],"collection":[{"href":"https:\/\/integral-toner.de\/es\/wp-json\/wp\/v2\/pages"}],"about":[{"href":"https:\/\/integral-toner.de\/es\/wp-json\/wp\/v2\/types\/page"}],"author":[{"embeddable":true,"href":"https:\/\/integral-toner.de\/es\/wp-json\/wp\/v2\/users\/2"}],"replies":[{"embeddable":true,"href":"https:\/\/integral-toner.de\/es\/wp-json\/wp\/v2\/comments?post=4024"}],"version-history":[{"count":9,"href":"https:\/\/integral-toner.de\/es\/wp-json\/wp\/v2\/pages\/4024\/revisions"}],"predecessor-version":[{"id":9306,"href":"https:\/\/integral-toner.de\/es\/wp-json\/wp\/v2\/pages\/4024\/revisions\/9306"}],"up":[{"embeddable":true,"href":"https:\/\/integral-toner.de\/es\/wp-json\/wp\/v2\/pages\/3451"}],"wp:featuredmedia":[{"embeddable":true,"href":"https:\/\/integral-toner.de\/es\/wp-json\/wp\/v2\/media\/942"}],"wp:attachment":[{"href":"https:\/\/integral-toner.de\/es\/wp-json\/wp\/v2\/media?parent=4024"}],"curies":[{"name":"wp","href":"https:\/\/api.w.org\/{rel}","templated":true}]}}