{"id":3998,"date":"2023-10-28T10:55:03","date_gmt":"2023-10-28T10:55:03","guid":{"rendered":"https:\/\/integral-toner.de\/integral-setzt-standards-bei-der-produktionsentwicklung\/"},"modified":"2025-06-25T12:21:59","modified_gmt":"2025-06-25T10:21:59","slug":"calidad-y-rendimiento-optimizados-mediante-investigacion-y-desarrollo","status":"publish","type":"page","link":"https:\/\/integral-toner.de\/es\/calidad-y-rendimiento-optimizados-mediante-investigacion-y-desarrollo\/","title":{"rendered":"INTEGRAL marca pautas en el desarrollo de la producci\u00f3n"},"content":{"rendered":"  <section class=\"textsection block-69f23c02da2a3 type- \" >\n    <div class=\"container\">\n      <div class=\"row\">\n        <div class=\"col-12 col-lg-8 offset-lg-2 g-content\">\n          <div class=\"acf-innerblocks-container\">\n  <h1 class=\"g-h1-subtitle\">\n    <span>La empresa<\/span><br \/>\n    INTEGRAL marca pautas en el desarrollo de la producci\u00f3n  <\/h1>\n\n\n\n<figure class=\"wp-block-image size-full\"><img loading=\"lazy\" decoding=\"async\" width=\"945\" height=\"548\" src=\"https:\/\/integral-toner.de\/wp-content\/uploads\/2023\/10\/integral-labor.jpg\" alt=\"\" class=\"wp-image-380\" srcset=\"https:\/\/integral-toner.de\/wp-content\/uploads\/2023\/10\/integral-labor.jpg 945w, https:\/\/integral-toner.de\/wp-content\/uploads\/2023\/10\/integral-labor-300x174.jpg 300w, https:\/\/integral-toner.de\/wp-content\/uploads\/2023\/10\/integral-labor-768x445.jpg 768w\" sizes=\"auto, (max-width: 945px) 100vw, 945px\" \/><\/figure>\n\n\n\n<p>Para ello, INTEGRAL mantiene un moderno laboratorio de desarrollo de t\u00f3ner, tambi\u00e9n conocido como centro de desarrollo. El laboratorio de desarrollo est\u00e1 equipado con modernos aparatos de medici\u00f3n para analizar las f\u00f3rmulas de los t\u00f3neres. <\/p>\n\n\n\n<p>Las f\u00f3rmulas de los productos de t\u00f3ner se elaboran en el laboratorio de desarrollo y control de calidad. El desarrollo de formulaciones de t\u00f3ner incluye el an\u00e1lisis de las propiedades fisicoqu\u00edmicas requeridas mediante equipos de an\u00e1lisis de laboratorio especializados. Los ensayos continuos en planta piloto constituyen el n\u00facleo del desarrollo del producto. Para optimizar las f\u00f3rmulas de t\u00f3ner, se realizan numerosas series peque\u00f1as de t\u00f3ner en la planta piloto de desarrollo de t\u00f3ner hasta que se alcanzan las propiedades \u00f3ptimas del t\u00f3ner para el producto que se va a desarrollar. Se realizan mediciones anal\u00edticas, sobre todo en el \u00e1mbito de factores importantes como la distribuci\u00f3n del tama\u00f1o de las part\u00edculas de t\u00f3ner, la reolog\u00eda de los pol\u00edmeros, como parte de la determinaci\u00f3n del factor de disipaci\u00f3n, la constante diel\u00e9ctrica y las propiedades triboel\u00e9ctricas del t\u00f3ner que se va a desarrollar.    <\/p>\n\n\n\n<p>Como parte de las mediciones anal\u00edticas, se realizan mediciones de la densidad \u00f3ptica y la precisi\u00f3n del color para garantizar una calidad \u00f3ptima de impresi\u00f3n e imagen. Las pruebas exhaustivas de impresi\u00f3n y copia registran la estabilidad a largo plazo de las f\u00f3rmulas de t\u00f3ner desarrolladas. <\/p>\n\n\n\n<div class=\"gallery\"  data-images=\"https:\/\/integral-toner.de\/wp-content\/uploads\/2024\/01\/2021-20230718_094541-scaled.jpg||https:\/\/integral-toner.de\/wp-content\/uploads\/2023\/10\/gallery-1.jpg||https:\/\/integral-toner.de\/wp-content\/uploads\/2023\/10\/gallery-2.jpg||https:\/\/integral-toner.de\/wp-content\/uploads\/2023\/10\/gallery-3.jpg||https:\/\/integral-toner.de\/wp-content\/uploads\/2023\/10\/integral-zuverlaessigkeit.jpg\" >\n    <ul class=\"gallery__images\">\n                    <li><img loading=\"lazy\" decoding=\"async\" width=\"2560\" height=\"1981\" src=\"https:\/\/integral-toner.de\/wp-content\/uploads\/2024\/01\/2021-20230718_094541-scaled.jpg\" class=\"attachment-full size-full\" alt=\"\" srcset=\"https:\/\/integral-toner.de\/wp-content\/uploads\/2024\/01\/2021-20230718_094541-scaled.jpg 2560w, https:\/\/integral-toner.de\/wp-content\/uploads\/2024\/01\/2021-20230718_094541-300x232.jpg 300w, https:\/\/integral-toner.de\/wp-content\/uploads\/2024\/01\/2021-20230718_094541-1024x793.jpg 1024w, https:\/\/integral-toner.de\/wp-content\/uploads\/2024\/01\/2021-20230718_094541-768x594.jpg 768w, https:\/\/integral-toner.de\/wp-content\/uploads\/2024\/01\/2021-20230718_094541-1536x1189.jpg 1536w, https:\/\/integral-toner.de\/wp-content\/uploads\/2024\/01\/2021-20230718_094541-2048x1585.jpg 2048w\" sizes=\"auto, (max-width: 2560px) 100vw, 2560px\" \/><\/li>\n                    <li><img loading=\"lazy\" decoding=\"async\" width=\"905\" height=\"603\" src=\"https:\/\/integral-toner.de\/wp-content\/uploads\/2023\/10\/gallery-1.jpg\" class=\"attachment-full size-full\" alt=\"Laborant \u00fcberpr\u00fcfut Toner-Qualit\u00e4t bei INTEGRAL\" srcset=\"https:\/\/integral-toner.de\/wp-content\/uploads\/2023\/10\/gallery-1.jpg 905w, https:\/\/integral-toner.de\/wp-content\/uploads\/2023\/10\/gallery-1-300x200.jpg 300w, https:\/\/integral-toner.de\/wp-content\/uploads\/2023\/10\/gallery-1-768x512.jpg 768w\" sizes=\"auto, (max-width: 905px) 100vw, 905px\" \/><\/li>\n                    <li><img loading=\"lazy\" decoding=\"async\" width=\"905\" height=\"603\" src=\"https:\/\/integral-toner.de\/wp-content\/uploads\/2023\/10\/gallery-2.jpg\" class=\"attachment-full size-full\" alt=\"INTEGRAL\" srcset=\"https:\/\/integral-toner.de\/wp-content\/uploads\/2023\/10\/gallery-2.jpg 905w, https:\/\/integral-toner.de\/wp-content\/uploads\/2023\/10\/gallery-2-300x200.jpg 300w, https:\/\/integral-toner.de\/wp-content\/uploads\/2023\/10\/gallery-2-768x512.jpg 768w\" sizes=\"auto, (max-width: 905px) 100vw, 905px\" \/><\/li>\n                    <li><img loading=\"lazy\" decoding=\"async\" width=\"905\" height=\"603\" src=\"https:\/\/integral-toner.de\/wp-content\/uploads\/2023\/10\/gallery-3.jpg\" class=\"attachment-full size-full\" alt=\"Laborant bei Toner-Tests im Labor bei INTEGRAL\" srcset=\"https:\/\/integral-toner.de\/wp-content\/uploads\/2023\/10\/gallery-3.jpg 905w, https:\/\/integral-toner.de\/wp-content\/uploads\/2023\/10\/gallery-3-300x200.jpg 300w, https:\/\/integral-toner.de\/wp-content\/uploads\/2023\/10\/gallery-3-768x512.jpg 768w\" sizes=\"auto, (max-width: 905px) 100vw, 905px\" \/><\/li>\n                    <li><img loading=\"lazy\" decoding=\"async\" width=\"945\" height=\"548\" src=\"https:\/\/integral-toner.de\/wp-content\/uploads\/2023\/10\/integral-zuverlaessigkeit.jpg\" class=\"attachment-full size-full\" alt=\"Laborant im INTEGRAL-Labor\" srcset=\"https:\/\/integral-toner.de\/wp-content\/uploads\/2023\/10\/integral-zuverlaessigkeit.jpg 945w, https:\/\/integral-toner.de\/wp-content\/uploads\/2023\/10\/integral-zuverlaessigkeit-300x174.jpg 300w, https:\/\/integral-toner.de\/wp-content\/uploads\/2023\/10\/integral-zuverlaessigkeit-768x445.jpg 768w\" sizes=\"auto, (max-width: 945px) 100vw, 945px\" \/><\/li>\n            <\/ul>\n<\/div>\n\n\n      <a class=\"is-style-back-to\" href=\"https:\/\/integral-toner.de\/unternehmen\/#produktentwicklung\" target=\"\">\n        <svg xmlns=\"http:\/\/www.w3.org\/2000\/svg\" width=\"26.964\" height=\"15.208\" viewBox=\"0 0 26.964 15.208\">\n  <g transform=\"translate(1 0.707)\">\n    <path d=\"M388.367,27l-6.9-6.9a1,1,0,0,1,0-1.414l6.9-6.9,1.414,1.414-6.19,6.19,6.19,6.19Z\" transform=\"translate(-382.177 -12.5)\" fill=\"#e3051b\"\/>\n    <path d=\"M25.964,1H0V-1H25.964Z\" transform=\"translate(0 6.897)\" fill=\"#e3051b\"\/>\n  <\/g>\n<\/svg>\n\n        Volver a la vista general    <\/a>\n  \n<\/div>\n        <\/div>\n      <\/div>\n    <\/div>\n  <\/section>\n","protected":false},"excerpt":{"rendered":"","protected":false},"author":1,"featured_media":962,"parent":0,"menu_order":0,"comment_status":"closed","ping_status":"closed","template":"template-article.php","meta":{"_acf_changed":false,"_seopress_robots_primary_cat":"","_seopress_titles_title":"Desarrollo de la producci\u00f3n | Fabricante INTEGRAL","_seopress_titles_desc":"Las f\u00f3rmulas de t\u00f3ner INTEGRAL se desarrollan y prueban en el centro de desarrollo para obtener una calidad \u00f3ptima de impresi\u00f3n e imagen. \u2794 \u00a1Galer\u00eda de investigaci\u00f3n del t\u00f3ner!","_seopress_robots_index":"","footnotes":""},"class_list":["post-3998","page","type-page","status-publish","has-post-thumbnail","hentry"],"acf":[],"_links":{"self":[{"href":"https:\/\/integral-toner.de\/es\/wp-json\/wp\/v2\/pages\/3998","targetHints":{"allow":["GET"]}}],"collection":[{"href":"https:\/\/integral-toner.de\/es\/wp-json\/wp\/v2\/pages"}],"about":[{"href":"https:\/\/integral-toner.de\/es\/wp-json\/wp\/v2\/types\/page"}],"author":[{"embeddable":true,"href":"https:\/\/integral-toner.de\/es\/wp-json\/wp\/v2\/users\/1"}],"replies":[{"embeddable":true,"href":"https:\/\/integral-toner.de\/es\/wp-json\/wp\/v2\/comments?post=3998"}],"version-history":[{"count":9,"href":"https:\/\/integral-toner.de\/es\/wp-json\/wp\/v2\/pages\/3998\/revisions"}],"predecessor-version":[{"id":8897,"href":"https:\/\/integral-toner.de\/es\/wp-json\/wp\/v2\/pages\/3998\/revisions\/8897"}],"wp:featuredmedia":[{"embeddable":true,"href":"https:\/\/integral-toner.de\/es\/wp-json\/wp\/v2\/media\/962"}],"wp:attachment":[{"href":"https:\/\/integral-toner.de\/es\/wp-json\/wp\/v2\/media?parent=3998"}],"curies":[{"name":"wp","href":"https:\/\/api.w.org\/{rel}","templated":true}]}}