{"id":3876,"date":"2023-10-18T17:23:21","date_gmt":"2023-10-18T17:23:21","guid":{"rendered":"https:\/\/integral-toner.de\/?page_id=3876"},"modified":"2024-05-16T12:10:11","modified_gmt":"2024-05-16T12:10:11","slug":"imprimir","status":"publish","type":"page","link":"https:\/\/integral-toner.de\/es\/imprimir\/","title":{"rendered":"Imprimir"},"content":{"rendered":"  <section class=\"textsection block-69d0cbf385ba6 type- \" >\n    <div class=\"container\">\n      <div class=\"row\">\n        <div class=\"col-12 col-lg-8 offset-lg-2 g-content\">\n          <div class=\"acf-innerblocks-container\">\n\n<h1 class=\"wp-block-heading has-h-2-font-size\">Imprimir<\/h1>\n\n\n\n<p>Informaci\u00f3n seg\u00fan \u00a7 5 TMG<\/p>\n\n\n\n<p>INTEGRAL GmbH<br>Am Hasselsweg 1<br>47647 Kerken<br>Germany<\/p>\n\n\n\n<p>Registro mercantil: HRB B 14738<br>Tribunal de registro: Tribunal de distrito de Kleve<\/p>\n\n\n\n<p><strong>Representado por:<br><\/strong>G\u00fcnther A.L. Hagemann, Jan H. Hagemann<\/p>\n\n\n\n<p>CONTACTO<br>Tel\u00e9fono: <a href=\"tel:+4928336060\">+49 2833 606-0<\/a><br>Fax: +49 2833 606160<br>E-Mail: <a href=\"mailto:info@integral-international.de\">info@integral-international.de<\/a><\/p>\n\n\n\n<p><strong>Identificaci\u00f3n del impuesto<br><\/strong>N\u00famero de identificaci\u00f3n del impuesto sobre las ventas de conformidad con el art\u00edculo 27 a de la Ley del Impuesto sobre las Ventas:<br>DE312806419<\/p>\n\n\n\n<p><strong>N\u00famero de registro RAEE<br><\/strong>DE56408571<\/p>\n\n\n\n<p><strong>Resoluci\u00f3n de disputas de la UE<br><\/strong>La Comisi\u00f3n Europea proporciona una plataforma para la resoluci\u00f3n de disputas (OS) en l\u00ednea:<br><a href=\"https:\/\/ec.europa.eu\/consumers\/odr\/\">https:\/\/ec.europa.eu\/consumers\/odr\/<\/a>.<br>Puede encontrar nuestra direcci\u00f3n de correo electr\u00f3nico en el aviso legal anterior.<\/p>\n\n\n\n<p><strong>Resoluci\u00f3n de disputas de consumo\/junta de arbitraje universal<br><\/strong>No estamos dispuestos ni obligados a participar en procedimientos de resoluci\u00f3n de disputas ante una junta arbitral de consumo.<\/p>\n\n\n\n<\/div>\n        <\/div>\n      <\/div>\n    <\/div>\n  <\/section>\n","protected":false},"excerpt":{"rendered":"","protected":false},"author":15,"featured_media":0,"parent":0,"menu_order":0,"comment_status":"closed","ping_status":"closed","template":"template-article.php","meta":{"_acf_changed":false,"_seopress_robots_primary_cat":"","_seopress_titles_title":"","_seopress_titles_desc":"","_seopress_robots_index":"","footnotes":""},"class_list":["post-3876","page","type-page","status-publish","hentry"],"acf":[],"_links":{"self":[{"href":"https:\/\/integral-toner.de\/es\/wp-json\/wp\/v2\/pages\/3876","targetHints":{"allow":["GET"]}}],"collection":[{"href":"https:\/\/integral-toner.de\/es\/wp-json\/wp\/v2\/pages"}],"about":[{"href":"https:\/\/integral-toner.de\/es\/wp-json\/wp\/v2\/types\/page"}],"author":[{"embeddable":true,"href":"https:\/\/integral-toner.de\/es\/wp-json\/wp\/v2\/users\/15"}],"replies":[{"embeddable":true,"href":"https:\/\/integral-toner.de\/es\/wp-json\/wp\/v2\/comments?post=3876"}],"version-history":[{"count":3,"href":"https:\/\/integral-toner.de\/es\/wp-json\/wp\/v2\/pages\/3876\/revisions"}],"predecessor-version":[{"id":3909,"href":"https:\/\/integral-toner.de\/es\/wp-json\/wp\/v2\/pages\/3876\/revisions\/3909"}],"wp:attachment":[{"href":"https:\/\/integral-toner.de\/es\/wp-json\/wp\/v2\/media?parent=3876"}],"curies":[{"name":"wp","href":"https:\/\/api.w.org\/{rel}","templated":true}]}}