{"id":3602,"date":"2023-10-18T19:13:08","date_gmt":"2023-10-18T17:13:08","guid":{"rendered":"https:\/\/integral-toner.de\/?page_id=3602"},"modified":"2025-06-25T12:20:14","modified_gmt":"2025-06-25T10:20:14","slug":"noticias","status":"publish","type":"page","link":"https:\/\/integral-toner.de\/es\/noticias\/","title":{"rendered":"Noticias de t\u00f3ner"},"content":{"rendered":"  <section class=\"hero-image block-69d78b5275429\" >\n          <div class=\"hero-image__image d-none d-sm-block\">\n        <img loading=\"lazy\" decoding=\"async\" width=\"1920\" height=\"880\" src=\"https:\/\/integral-toner.de\/wp-content\/uploads\/2023\/10\/neuigkeiten-bei-integral.jpg\" class=\"object-position-y-50\" alt=\"INTEGRAL Toner\" srcset=\"https:\/\/integral-toner.de\/wp-content\/uploads\/2023\/10\/neuigkeiten-bei-integral.jpg 1920w, https:\/\/integral-toner.de\/wp-content\/uploads\/2023\/10\/neuigkeiten-bei-integral-300x138.jpg 300w, https:\/\/integral-toner.de\/wp-content\/uploads\/2023\/10\/neuigkeiten-bei-integral-1024x469.jpg 1024w, https:\/\/integral-toner.de\/wp-content\/uploads\/2023\/10\/neuigkeiten-bei-integral-768x352.jpg 768w, https:\/\/integral-toner.de\/wp-content\/uploads\/2023\/10\/neuigkeiten-bei-integral-1536x704.jpg 1536w\" sizes=\"auto, (max-width: 1920px) 100vw, 1920px\" \/>\n      <\/div>\n    \n          <div class=\"hero-image__image d-block d-sm-none\">\n        <img loading=\"lazy\" decoding=\"async\" width=\"989\" height=\"880\" src=\"https:\/\/integral-toner.de\/wp-content\/uploads\/2024\/03\/neuigkeiten-bei-integral_mobil.jpg\" class=\"attachment-full size-full\" alt=\"\" srcset=\"https:\/\/integral-toner.de\/wp-content\/uploads\/2024\/03\/neuigkeiten-bei-integral_mobil.jpg 989w, https:\/\/integral-toner.de\/wp-content\/uploads\/2024\/03\/neuigkeiten-bei-integral_mobil-300x267.jpg 300w, https:\/\/integral-toner.de\/wp-content\/uploads\/2024\/03\/neuigkeiten-bei-integral_mobil-768x683.jpg 768w\" sizes=\"auto, (max-width: 989px) 100vw, 989px\" \/>\n      <\/div>\n        <div class=\"container\">\n      <div class=\"row\">\n        <div class=\"col-12 col-lg-7\">\n          <div class=\"hero-image__content\">\n                          <h1 class=\"g-h2-subtitle\">\n                <span>\u00daltimas noticias  <\/span><br \/>\n                Noticias sobre t\u00f3ner en INTEGRAL\n              <\/h1>\n            \n                          <p class=\"g-description\">\n                Recibe siempre las \u00faltimas noticias sobre nuestra empresa, nuestros productos e informaci\u00f3n importante sobre la industria del t\u00f3ner.\n              <\/p>\n            \n                          <a href=\"https:\/\/integral-toner.de\/kontakt\/\" class=\"g-btn\" title=\"Ponte en contacto con nosotros\" >\n                Ponte en contacto con nosotros\n              <\/a>\n                      <\/div>\n        <\/div>\n      <\/div>\n    <\/div>\n  <\/section>\n  <section class=\"posts block-69d78b5285448\"  id=\"beitraege\">\n    <div class=\"container\">\n      <div class=\"row\">\n        <div class=\"col-12\">\n          <div class=\"filters\">\n            <div class=\"filters__categories-wrapper\">\n              <ul class=\"filters__categories posts__categories\">\n                <li><button type=\"button\" catid=\"-1\" class=\"is-active\">Alle<\/button><\/li>\n                                  <li><button type=\"button\" catid=\"82\">Comunicados de prensa<\/button><\/li>\n                                  <li><button type=\"button\" catid=\"92\">consejero<\/button><\/li>\n                                  <li><button type=\"button\" catid=\"66\">Eventos<\/button><\/li>\n                                  <li><button type=\"button\" catid=\"88\">Noticias de productos<\/button><\/li>\n                                  <li><button type=\"button\" catid=\"17\">Sin categorizar<\/button><\/li>\n                              <\/ul>\n            <\/div>\n          <\/div>\n        <\/div>\n      <\/div>\n      <div class=\"row posts__append\">\n                  <div class=\"col-12 col-md-6 col-lg-4\"><div class=\"blogpost\">\n  <a href=\"https:\/\/integral-toner.de\/es\/integral-presenta-la-calidad-y-las-perspectivas-a-largo-plazo-de-la-india\/\" class=\"blogpost__link\"><\/a>\n  <div class=\"blogpost__image\">\n      <img loading=\"lazy\" decoding=\"async\" width=\"768\" height=\"430\" src=\"https:\/\/integral-toner.de\/wp-content\/uploads\/2025\/12\/Screenshot-2025-11-10-090026-768x430.png\" class=\"attachment-medium_large size-medium_large wp-post-image\" alt=\"Mr. Hagemann at Imaging Solution Global Summit Awards 2025 in Zhuhai\" srcset=\"https:\/\/integral-toner.de\/wp-content\/uploads\/2025\/12\/Screenshot-2025-11-10-090026-768x430.png 768w, https:\/\/integral-toner.de\/wp-content\/uploads\/2025\/12\/Screenshot-2025-11-10-090026-300x168.png 300w, https:\/\/integral-toner.de\/wp-content\/uploads\/2025\/12\/Screenshot-2025-11-10-090026-1024x574.png 1024w, https:\/\/integral-toner.de\/wp-content\/uploads\/2025\/12\/Screenshot-2025-11-10-090026.png 1167w\" sizes=\"auto, (max-width: 768px) 100vw, 768px\" \/>  <\/div>\n  <div class=\"blogpost__content\">\n    <div class=\"blogpost__category\"><ul class=\"post-categories\">\n\t<li><a href=\"https:\/\/integral-toner.de\/es\/category\/eventos-es\/\" rel=\"category tag\">Eventos<\/a><\/li><\/ul><\/div>\n    <h3 class=\"blogpost__title\">INTEGRAL presenta la calidad y las perspectivas a largo plazo de la India<\/h3>\n    <div class=\"blogpost__arrow\"><\/div>\n  <\/div>\n<\/div><\/div>\n                  <div class=\"col-12 col-md-6 col-lg-4\"><div class=\"blogpost\">\n  <a href=\"https:\/\/integral-toner.de\/es\/como-elegir-bien-un-proveedor-de-toner\/\" class=\"blogpost__link\"><\/a>\n  <div class=\"blogpost__image\">\n      <img loading=\"lazy\" decoding=\"async\" width=\"768\" height=\"768\" src=\"https:\/\/integral-toner.de\/wp-content\/uploads\/2025\/09\/shutterstock_85234072-right-choice-768x768.jpg\" class=\"attachment-medium_large size-medium_large wp-post-image\" alt=\"Bowling Kugeln mit Pfeil in der roten Bowling Kugel\" srcset=\"https:\/\/integral-toner.de\/wp-content\/uploads\/2025\/09\/shutterstock_85234072-right-choice-768x768.jpg 768w, https:\/\/integral-toner.de\/wp-content\/uploads\/2025\/09\/shutterstock_85234072-right-choice-300x300.jpg 300w, https:\/\/integral-toner.de\/wp-content\/uploads\/2025\/09\/shutterstock_85234072-right-choice-1024x1024.jpg 1024w, https:\/\/integral-toner.de\/wp-content\/uploads\/2025\/09\/shutterstock_85234072-right-choice-150x150.jpg 150w, https:\/\/integral-toner.de\/wp-content\/uploads\/2025\/09\/shutterstock_85234072-right-choice-1536x1536.jpg 1536w, https:\/\/integral-toner.de\/wp-content\/uploads\/2025\/09\/shutterstock_85234072-right-choice-2048x2048.jpg 2048w\" sizes=\"auto, (max-width: 768px) 100vw, 768px\" \/>  <\/div>\n  <div class=\"blogpost__content\">\n    <div class=\"blogpost__category\"><ul class=\"post-categories\">\n\t<li><a href=\"https:\/\/integral-toner.de\/es\/category\/consejero\/\" rel=\"category tag\">consejero<\/a><\/li><\/ul><\/div>\n    <h3 class=\"blogpost__title\">C\u00f3mo elegir bien un proveedor de t\u00f3ner<\/h3>\n    <div class=\"blogpost__arrow\"><\/div>\n  <\/div>\n<\/div><\/div>\n                  <div class=\"col-12 col-md-6 col-lg-4\"><div class=\"blogpost\">\n  <a href=\"https:\/\/integral-toner.de\/es\/socios-solidos-vision-clara-resumen-del-seminario-de-variant-2025\/\" class=\"blogpost__link\"><\/a>\n  <div class=\"blogpost__image\">\n      <img loading=\"lazy\" decoding=\"async\" width=\"768\" height=\"576\" src=\"https:\/\/integral-toner.de\/wp-content\/uploads\/2025\/07\/Variant_Team-768x576.jpg\" class=\"attachment-medium_large size-medium_large wp-post-image\" alt=\"Variant Team Seminar Moskau\" srcset=\"https:\/\/integral-toner.de\/wp-content\/uploads\/2025\/07\/Variant_Team-768x576.jpg 768w, https:\/\/integral-toner.de\/wp-content\/uploads\/2025\/07\/Variant_Team-300x225.jpg 300w, https:\/\/integral-toner.de\/wp-content\/uploads\/2025\/07\/Variant_Team-1024x768.jpg 1024w, https:\/\/integral-toner.de\/wp-content\/uploads\/2025\/07\/Variant_Team-24x18.jpg 24w, https:\/\/integral-toner.de\/wp-content\/uploads\/2025\/07\/Variant_Team-36x27.jpg 36w, https:\/\/integral-toner.de\/wp-content\/uploads\/2025\/07\/Variant_Team-48x36.jpg 48w, https:\/\/integral-toner.de\/wp-content\/uploads\/2025\/07\/Variant_Team.jpg 1280w\" sizes=\"auto, (max-width: 768px) 100vw, 768px\" \/>  <\/div>\n  <div class=\"blogpost__content\">\n    <div class=\"blogpost__category\"><ul class=\"post-categories\">\n\t<li><a href=\"https:\/\/integral-toner.de\/es\/category\/eventos-es\/\" rel=\"category tag\">Eventos<\/a><\/li><\/ul><\/div>\n    <h3 class=\"blogpost__title\">Socios s\u00f3lidos, visi\u00f3n clara: resumen del Seminario de Variant 2025<\/h3>\n    <div class=\"blogpost__arrow\"><\/div>\n  <\/div>\n<\/div><\/div>\n                  <div class=\"col-12 col-md-6 col-lg-4\"><div class=\"blogpost\">\n  <a href=\"https:\/\/integral-toner.de\/es\/conferencia-dalz-2025-una-senal-clara-para-el-lanzamiento-de-integral-en-el-mercado-ruso\/\" class=\"blogpost__link\"><\/a>\n  <div class=\"blogpost__image\">\n      <img loading=\"lazy\" decoding=\"async\" width=\"768\" height=\"922\" src=\"https:\/\/integral-toner.de\/wp-content\/uploads\/2025\/07\/IMG_8060-768x922.jpg\" class=\"attachment-medium_large size-medium_large wp-post-image\" alt=\"Roter Platz Statue und Kirche\" srcset=\"https:\/\/integral-toner.de\/wp-content\/uploads\/2025\/07\/IMG_8060-768x922.jpg 768w, https:\/\/integral-toner.de\/wp-content\/uploads\/2025\/07\/IMG_8060-250x300.jpg 250w, https:\/\/integral-toner.de\/wp-content\/uploads\/2025\/07\/IMG_8060-853x1024.jpg 853w, https:\/\/integral-toner.de\/wp-content\/uploads\/2025\/07\/IMG_8060-1280x1536.jpg 1280w, https:\/\/integral-toner.de\/wp-content\/uploads\/2025\/07\/IMG_8060-1707x2048.jpg 1707w, https:\/\/integral-toner.de\/wp-content\/uploads\/2025\/07\/IMG_8060-20x24.jpg 20w, https:\/\/integral-toner.de\/wp-content\/uploads\/2025\/07\/IMG_8060-30x36.jpg 30w, https:\/\/integral-toner.de\/wp-content\/uploads\/2025\/07\/IMG_8060-40x48.jpg 40w\" sizes=\"auto, (max-width: 768px) 100vw, 768px\" \/>  <\/div>\n  <div class=\"blogpost__content\">\n    <div class=\"blogpost__category\"><ul class=\"post-categories\">\n\t<li><a href=\"https:\/\/integral-toner.de\/es\/category\/eventos-es\/\" rel=\"category tag\">Eventos<\/a><\/li><\/ul><\/div>\n    <h3 class=\"blogpost__title\">Conferencia DaLZ 2025: una se\u00f1al clara para el lanzamiento de INTEGRAL en el mercado ruso<\/h3>\n    <div class=\"blogpost__arrow\"><\/div>\n  <\/div>\n<\/div><\/div>\n                  <div class=\"col-12 col-md-6 col-lg-4\"><div class=\"blogpost\">\n  <a href=\"https:\/\/integral-toner.de\/es\/como-prueba-integral-sus-toners-calidad-con-responsabilidad\/\" class=\"blogpost__link\"><\/a>\n  <div class=\"blogpost__image\">\n      <img loading=\"lazy\" decoding=\"async\" width=\"507\" height=\"363\" src=\"https:\/\/integral-toner.de\/wp-content\/uploads\/2025\/07\/image-3.png\" class=\"attachment-medium_large size-medium_large wp-post-image\" alt=\"Integral Toner Labor Testergebnisse\" srcset=\"https:\/\/integral-toner.de\/wp-content\/uploads\/2025\/07\/image-3.png 507w, https:\/\/integral-toner.de\/wp-content\/uploads\/2025\/07\/image-3-300x215.png 300w, https:\/\/integral-toner.de\/wp-content\/uploads\/2025\/07\/image-3-24x17.png 24w, https:\/\/integral-toner.de\/wp-content\/uploads\/2025\/07\/image-3-36x26.png 36w, https:\/\/integral-toner.de\/wp-content\/uploads\/2025\/07\/image-3-48x34.png 48w\" sizes=\"auto, (max-width: 507px) 100vw, 507px\" \/>  <\/div>\n  <div class=\"blogpost__content\">\n    <div class=\"blogpost__category\"><ul class=\"post-categories\">\n\t<li><a href=\"https:\/\/integral-toner.de\/es\/category\/noticias-de-productos\/\" rel=\"category tag\">Noticias de productos<\/a><\/li><\/ul><\/div>\n    <h3 class=\"blogpost__title\">C\u00f3mo prueba INTEGRAL sus t\u00f3ners \u2013 Calidad con responsabilidad<\/h3>\n    <div class=\"blogpost__arrow\"><\/div>\n  <\/div>\n<\/div><\/div>\n                  <div class=\"col-12 col-md-6 col-lg-4\"><div class=\"blogpost\">\n  <a href=\"https:\/\/integral-toner.de\/es\/techno-print-2025-integral-toner-representado-con-exito-junto-a-copystar\/\" class=\"blogpost__link\"><\/a>\n  <div class=\"blogpost__image\">\n      <img loading=\"lazy\" decoding=\"async\" width=\"768\" height=\"576\" src=\"https:\/\/integral-toner.de\/wp-content\/uploads\/2025\/07\/d6a091ce-7d1c-417b-b320-327052d7a9fd-768x576.jpg\" class=\"attachment-medium_large size-medium_large wp-post-image\" alt=\"Copy Star  \/ Integral at the Technoprint Event\" srcset=\"https:\/\/integral-toner.de\/wp-content\/uploads\/2025\/07\/d6a091ce-7d1c-417b-b320-327052d7a9fd-768x576.jpg 768w, https:\/\/integral-toner.de\/wp-content\/uploads\/2025\/07\/d6a091ce-7d1c-417b-b320-327052d7a9fd-300x225.jpg 300w, https:\/\/integral-toner.de\/wp-content\/uploads\/2025\/07\/d6a091ce-7d1c-417b-b320-327052d7a9fd-1024x768.jpg 1024w, https:\/\/integral-toner.de\/wp-content\/uploads\/2025\/07\/d6a091ce-7d1c-417b-b320-327052d7a9fd-24x18.jpg 24w, https:\/\/integral-toner.de\/wp-content\/uploads\/2025\/07\/d6a091ce-7d1c-417b-b320-327052d7a9fd-36x27.jpg 36w, https:\/\/integral-toner.de\/wp-content\/uploads\/2025\/07\/d6a091ce-7d1c-417b-b320-327052d7a9fd-48x36.jpg 48w, https:\/\/integral-toner.de\/wp-content\/uploads\/2025\/07\/d6a091ce-7d1c-417b-b320-327052d7a9fd.jpg 1280w\" sizes=\"auto, (max-width: 768px) 100vw, 768px\" \/>  <\/div>\n  <div class=\"blogpost__content\">\n    <div class=\"blogpost__category\"><ul class=\"post-categories\">\n\t<li><a href=\"https:\/\/integral-toner.de\/es\/category\/eventos-es\/\" rel=\"category tag\">Eventos<\/a><\/li><\/ul><\/div>\n    <h3 class=\"blogpost__title\">Techno Print 2025: INTEGRAL Toner representado con \u00e9xito junto a Copystar<\/h3>\n    <div class=\"blogpost__arrow\"><\/div>\n  <\/div>\n<\/div><\/div>\n                  <div class=\"col-12 col-md-6 col-lg-4\"><div class=\"blogpost\">\n  <a href=\"https:\/\/integral-toner.de\/es\/toner-o-tinta-cual-es-mejor-para-su-empresa\/\" class=\"blogpost__link\"><\/a>\n  <div class=\"blogpost__image\">\n      <img loading=\"lazy\" decoding=\"async\" width=\"768\" height=\"432\" src=\"https:\/\/integral-toner.de\/wp-content\/uploads\/2025\/03\/Integral_Tinte-vs-Toner-768x432.jpg\" class=\"attachment-medium_large size-medium_large wp-post-image\" alt=\"Integral_Tinte-vs-Toner\" srcset=\"https:\/\/integral-toner.de\/wp-content\/uploads\/2025\/03\/Integral_Tinte-vs-Toner-768x432.jpg 768w, https:\/\/integral-toner.de\/wp-content\/uploads\/2025\/03\/Integral_Tinte-vs-Toner-300x169.jpg 300w, https:\/\/integral-toner.de\/wp-content\/uploads\/2025\/03\/Integral_Tinte-vs-Toner-1024x576.jpg 1024w, https:\/\/integral-toner.de\/wp-content\/uploads\/2025\/03\/Integral_Tinte-vs-Toner-24x14.jpg 24w, https:\/\/integral-toner.de\/wp-content\/uploads\/2025\/03\/Integral_Tinte-vs-Toner-36x20.jpg 36w, https:\/\/integral-toner.de\/wp-content\/uploads\/2025\/03\/Integral_Tinte-vs-Toner-48x27.jpg 48w, https:\/\/integral-toner.de\/wp-content\/uploads\/2025\/03\/Integral_Tinte-vs-Toner.jpg 1280w\" sizes=\"auto, (max-width: 768px) 100vw, 768px\" \/>  <\/div>\n  <div class=\"blogpost__content\">\n    <div class=\"blogpost__category\"><ul class=\"post-categories\">\n\t<li><a href=\"https:\/\/integral-toner.de\/es\/category\/consejero\/\" rel=\"category tag\">consejero<\/a><\/li><\/ul><\/div>\n    <h3 class=\"blogpost__title\">\u00bfT\u00f3ner o tinta: cu\u00e1l es mejor para su empresa?<\/h3>\n    <div class=\"blogpost__arrow\"><\/div>\n  <\/div>\n<\/div><\/div>\n                  <div class=\"col-12 col-md-6 col-lg-4\"><div class=\"blogpost\">\n  <a href=\"https:\/\/integral-toner.de\/es\/kyocera-ecosys-pa4500cx-la-potente-y-ecologica-impresora-multifuncion-para-su-oficina\/\" class=\"blogpost__link\"><\/a>\n  <div class=\"blogpost__image\">\n      <img loading=\"lazy\" decoding=\"async\" width=\"768\" height=\"435\" src=\"https:\/\/integral-toner.de\/wp-content\/uploads\/2025\/03\/TK-5390-768x435.jpg\" class=\"attachment-medium_large size-medium_large wp-post-image\" alt=\"\" srcset=\"https:\/\/integral-toner.de\/wp-content\/uploads\/2025\/03\/TK-5390-768x435.jpg 768w, https:\/\/integral-toner.de\/wp-content\/uploads\/2025\/03\/TK-5390-300x170.jpg 300w, https:\/\/integral-toner.de\/wp-content\/uploads\/2025\/03\/TK-5390-1024x581.jpg 1024w, https:\/\/integral-toner.de\/wp-content\/uploads\/2025\/03\/TK-5390-1536x871.jpg 1536w, https:\/\/integral-toner.de\/wp-content\/uploads\/2025\/03\/TK-5390-24x14.jpg 24w, https:\/\/integral-toner.de\/wp-content\/uploads\/2025\/03\/TK-5390-36x20.jpg 36w, https:\/\/integral-toner.de\/wp-content\/uploads\/2025\/03\/TK-5390-48x27.jpg 48w, https:\/\/integral-toner.de\/wp-content\/uploads\/2025\/03\/TK-5390.jpg 1771w\" sizes=\"auto, (max-width: 768px) 100vw, 768px\" \/>  <\/div>\n  <div class=\"blogpost__content\">\n    <div class=\"blogpost__category\"><ul class=\"post-categories\">\n\t<li><a href=\"https:\/\/integral-toner.de\/es\/category\/noticias-de-productos\/\" rel=\"category tag\">Noticias de productos<\/a><\/li><\/ul><\/div>\n    <h3 class=\"blogpost__title\">Kyocera Ecosys PA4500cx: La potente y ecol\u00f3gica impresora multifunci\u00f3n para su oficina<\/h3>\n    <div class=\"blogpost__arrow\"><\/div>\n  <\/div>\n<\/div><\/div>\n                  <div class=\"col-12 col-md-6 col-lg-4\"><div class=\"blogpost\">\n  <a href=\"https:\/\/integral-toner.de\/es\/impresoras-multifuncion-olivetti-d-copia-eficacia-y-versatilidad-para-su-oficina\/\" class=\"blogpost__link\"><\/a>\n  <div class=\"blogpost__image\">\n      <img loading=\"lazy\" decoding=\"async\" width=\"768\" height=\"435\" src=\"https:\/\/integral-toner.de\/wp-content\/uploads\/2025\/02\/B1432-B1436-0125-768x435.jpg\" class=\"attachment-medium_large size-medium_large wp-post-image\" alt=\"\" srcset=\"https:\/\/integral-toner.de\/wp-content\/uploads\/2025\/02\/B1432-B1436-0125-768x435.jpg 768w, https:\/\/integral-toner.de\/wp-content\/uploads\/2025\/02\/B1432-B1436-0125-300x170.jpg 300w, https:\/\/integral-toner.de\/wp-content\/uploads\/2025\/02\/B1432-B1436-0125-1024x581.jpg 1024w, https:\/\/integral-toner.de\/wp-content\/uploads\/2025\/02\/B1432-B1436-0125-1536x871.jpg 1536w, https:\/\/integral-toner.de\/wp-content\/uploads\/2025\/02\/B1432-B1436-0125.jpg 1771w\" sizes=\"auto, (max-width: 768px) 100vw, 768px\" \/>  <\/div>\n  <div class=\"blogpost__content\">\n    <div class=\"blogpost__category\"><ul class=\"post-categories\">\n\t<li><a href=\"https:\/\/integral-toner.de\/es\/category\/noticias-de-productos\/\" rel=\"category tag\">Noticias de productos<\/a><\/li><\/ul><\/div>\n    <h3 class=\"blogpost__title\">Impresoras multifunci\u00f3n Olivetti d-Copia: eficacia y versatilidad para su oficina<\/h3>\n    <div class=\"blogpost__arrow\"><\/div>\n  <\/div>\n<\/div><\/div>\n              <\/div>\n      \n      <div class=\"row\">\n        <div class=\"col-12 text-center\">\n          <button class=\"g-btn g-btn--mehrlesen load-more \" type=\"button\" id=\"loadmore_posts\" catid=\"\" per-page=\"9\" data-page=\"2\">\n            Weitere beitr\u00e4ge laden\n          <\/button>\n        <\/div>\n      <\/div>\n\n    <\/div>\n  <\/section>\n","protected":false},"excerpt":{"rendered":"","protected":false},"author":1,"featured_media":910,"parent":0,"menu_order":0,"comment_status":"closed","ping_status":"closed","template":"","meta":{"_acf_changed":false,"_seopress_robots_primary_cat":"","_seopress_titles_title":"Noticias del fabricante de t\u00f3ner INTEGRAL","_seopress_titles_desc":"Recibe siempre las \u00faltimas noticias sobre nuestra empresa, nuestros productos e informaci\u00f3n importante sobre la industria del t\u00f3ner.","_seopress_robots_index":"","footnotes":""},"class_list":["post-3602","page","type-page","status-publish","has-post-thumbnail","hentry"],"acf":[],"_links":{"self":[{"href":"https:\/\/integral-toner.de\/es\/wp-json\/wp\/v2\/pages\/3602","targetHints":{"allow":["GET"]}}],"collection":[{"href":"https:\/\/integral-toner.de\/es\/wp-json\/wp\/v2\/pages"}],"about":[{"href":"https:\/\/integral-toner.de\/es\/wp-json\/wp\/v2\/types\/page"}],"author":[{"embeddable":true,"href":"https:\/\/integral-toner.de\/es\/wp-json\/wp\/v2\/users\/1"}],"replies":[{"embeddable":true,"href":"https:\/\/integral-toner.de\/es\/wp-json\/wp\/v2\/comments?post=3602"}],"version-history":[{"count":8,"href":"https:\/\/integral-toner.de\/es\/wp-json\/wp\/v2\/pages\/3602\/revisions"}],"predecessor-version":[{"id":8883,"href":"https:\/\/integral-toner.de\/es\/wp-json\/wp\/v2\/pages\/3602\/revisions\/8883"}],"wp:featuredmedia":[{"embeddable":true,"href":"https:\/\/integral-toner.de\/es\/wp-json\/wp\/v2\/media\/910"}],"wp:attachment":[{"href":"https:\/\/integral-toner.de\/es\/wp-json\/wp\/v2\/media?parent=3602"}],"curies":[{"name":"wp","href":"https:\/\/api.w.org\/{rel}","templated":true}]}}