{"id":3522,"date":"2023-10-18T19:13:19","date_gmt":"2023-10-18T19:13:19","guid":{"rendered":"https:\/\/integral-toner.de\/?page_id=3522"},"modified":"2025-06-25T12:20:03","modified_gmt":"2025-06-25T10:20:03","slug":"medio-ambiente-y-sostenibilidad","status":"publish","type":"page","link":"https:\/\/integral-toner.de\/es\/compania\/medio-ambiente-y-sostenibilidad\/","title":{"rendered":"Medio ambiente y sostenibilidad"},"content":{"rendered":"  <section class=\"hero-image block-69d2c2d17ef25\" >\n          <div class=\"hero-image__image \">\n        <img loading=\"lazy\" decoding=\"async\" width=\"1920\" height=\"880\" src=\"https:\/\/integral-toner.de\/wp-content\/uploads\/2023\/10\/integral-umweltschutz-und-nachhaltige-produktionen.jpg\" class=\"object-position-y-50\" alt=\"Umweltschutz und Nachhaltigkeit\" srcset=\"https:\/\/integral-toner.de\/wp-content\/uploads\/2023\/10\/integral-umweltschutz-und-nachhaltige-produktionen.jpg 1920w, https:\/\/integral-toner.de\/wp-content\/uploads\/2023\/10\/integral-umweltschutz-und-nachhaltige-produktionen-300x138.jpg 300w, https:\/\/integral-toner.de\/wp-content\/uploads\/2023\/10\/integral-umweltschutz-und-nachhaltige-produktionen-1024x469.jpg 1024w, https:\/\/integral-toner.de\/wp-content\/uploads\/2023\/10\/integral-umweltschutz-und-nachhaltige-produktionen-768x352.jpg 768w, https:\/\/integral-toner.de\/wp-content\/uploads\/2023\/10\/integral-umweltschutz-und-nachhaltige-produktionen-1536x704.jpg 1536w\" sizes=\"auto, (max-width: 1920px) 100vw, 1920px\" \/>\n      <\/div>\n    \n        <div class=\"container\">\n      <div class=\"row\">\n        <div class=\"col-12 col-lg-7\">\n          <div class=\"hero-image__content\">\n                          <h1 class=\"g-h2-subtitle\">\n                <span>MEDIO AMBIENTE Y SOSTENIBILIDAD<\/span><br \/>\n                Protecci\u00f3n del medio ambiente y producci\u00f3n sostenible\n              <\/h1>\n            \n                          <p class=\"g-description\">\n                Pensar hoy en el ma\u00f1ana y actuar de forma sostenible: nuestro credo.\n              <\/p>\n            \n                      <\/div>\n        <\/div>\n      <\/div>\n    <\/div>\n  <\/section>\n  <section class=\"textsection block-69d2c2d183c43 type- \" >\n    <div class=\"container\">\n      <div class=\"row\">\n        <div class=\"col-12 col-lg-8 offset-lg-2 g-content\">\n          <div class=\"acf-innerblocks-container\">\n\n<h2 class=\"wp-block-heading\">Uso econ\u00f3mico de los recursos naturales<\/h2>\n\n\n\n<p>Una calidad excepcional significa algo m\u00e1s que el rendimiento y el valor del producto. La compatibilidad ecol\u00f3gica es igualmente importante. Esto es especialmente importante en t\u00e9rminos de salud y seguridad, pero tambi\u00e9n en el uso econ\u00f3mico de los recursos:<\/p>\n\n\n\n<ul class=\"is-style-green-list wp-block-list\">\n<li>minimizar las emisiones y los residuos,<\/li>\n\n\n\n<li>el desarrollo de productos y<\/li>\n\n\n\n<li>durante todo el proceso de fabricaci\u00f3n.<\/li>\n<\/ul>\n\n\n\n<p>Los consumibles INTEGRAL se desarrollan con el objetivo de conservar los recursos naturales y evitar el uso de sustancias nocivas.  <\/p>\n\n<\/div>\n        <\/div>\n      <\/div>\n    <\/div>\n  <\/section>\n  <section class=\"environment block-69d2c2d186377\" >\n    <div class=\"container\">\n      <div class=\"row\">\n        <div class=\"col-12 col-lg-5\">\n                      <h2 class=\"g-h2-subtitle\">\n              <span>MEDIO AMBIENTE<\/span><br \/>\n              Nuestro compromiso con el medio ambiente\n            <\/h2>\n          \n                      <div class=\"environment__image\">\n              <img decoding=\"async\" width=\"565\" height=\"512\" src=\"https:\/\/integral-toner.de\/wp-content\/uploads\/2023\/10\/integral-engagement-umwelt.jpg\" class=\"attachment-large_medium size-large_medium\" alt=\"INTEGRAL setzt sich f\u00fcr Umweltschutz ein\" loading=\"lazy\" srcset=\"https:\/\/integral-toner.de\/wp-content\/uploads\/2023\/10\/integral-engagement-umwelt.jpg 565w, https:\/\/integral-toner.de\/wp-content\/uploads\/2023\/10\/integral-engagement-umwelt-300x272.jpg 300w\" sizes=\"auto, (max-width: 565px) 100vw, 565px\" \/>\n            <\/div>\n                  <\/div>\n        <div class=\"col-12 col-lg-6 offset-lg-1\">\n          <div class=\"row\">\n                          <div class=\"col-12 col-lg-6\">\n                <div class=\"environment__item\">\n                  <p class=\"environment__item-title\">T\u00f3ner INTEGRAL<\/p>\n                  <p class=\"environment__item-description\">El uso de t\u00f3neres INTEGRAL reduce significativamente la cantidad de t\u00f3ner residual durante el proceso de copia o impresi\u00f3n, en comparaci\u00f3n con los t\u00f3neres convencionales.<\/p> \n                <\/div>\n              <\/div>\n                          <div class=\"col-12 col-lg-6\">\n                <div class=\"environment__item\">\n                  <p class=\"environment__item-title\">Promoci\u00f3n de la pol\u00edtica medioambiental<\/p>\n                  <p class=\"environment__item-description\">Nuestra pol\u00edtica medioambiental promueve el reciclaje de los productos siempre que sea posible y la reutilizaci\u00f3n de los materiales de embalaje.<\/p> \n                <\/div>\n              <\/div>\n                          <div class=\"col-12 col-lg-6\">\n                <div class=\"environment__item\">\n                  <p class=\"environment__item-title\">Productos respetuosos con el medio ambiente<\/p>\n                  <p class=\"environment__item-description\">Nuestra pol\u00edtica corporativa sobre productos respetuosos con el medio ambiente representa una excelente oportunidad para que nuestros clientes accedan a nuevos grupos de clientes ofreciendo productos respetuosos con el medio ambiente.<\/p> \n                <\/div>\n              <\/div>\n                          <div class=\"col-12 col-lg-6\">\n                <div class=\"environment__item\">\n                  <p class=\"environment__item-title\">Prevenir los riesgos para la salud<\/p>\n                  <p class=\"environment__item-description\">Los t\u00f3neres INTEGRAL contienen una proporci\u00f3n especialmente baja de part\u00edculas ultrafinas y polvo de t\u00f3ner. Esto evita riesgos para la salud al utilizar los t\u00f3neres INTEGRAL. <\/p> \n                <\/div>\n              <\/div>\n                          <div class=\"col-12 col-lg-6\">\n                <div class=\"environment__item\">\n                  <p class=\"environment__item-title\">Proceso de producci\u00f3n<\/p>\n                  <p class=\"environment__item-description\">Nuestros procesos de producci\u00f3n est\u00e1n organizados de forma respetuosa con el medio ambiente.<\/p> \n                <\/div>\n              <\/div>\n                          <div class=\"col-12 col-lg-6\">\n                <div class=\"environment__item\">\n                  <p class=\"environment__item-title\">Los procesos operativos est\u00e1n bien organizados<\/p>\n                  <p class=\"environment__item-description\">Los objetivos corporativos se alcanzan en armon\u00eda con las cuestiones medioambientales. Los procesos operativos se organizan de forma responsable y respetuosa con el medio ambiente. <\/p> \n                <\/div>\n              <\/div>\n                          <div class=\"col-12 col-lg-6\">\n                <div class=\"environment__item\">\n                  <p class=\"environment__item-title\">Cartuchos de impresora l\u00e1ser<\/p>\n                  <p class=\"environment__item-description\">INTEGRAL recomienda el reciclaje de cartuchos de impresora l\u00e1ser. Este objetivo est\u00e1 respaldado por un programa de productos para el reciclaje de cartuchos de impresora l\u00e1ser de INTEGRAL. <\/p> \n                <\/div>\n              <\/div>\n                          <div class=\"col-12 col-lg-6\">\n                <div class=\"environment__item\">\n                  <p class=\"environment__item-title\">Larga vida \u00fatil<\/p>\n                  <p class=\"environment__item-description\">El uso de nuestros t\u00f3neres permite prolongar al m\u00e1ximo la vida \u00fatil de los componentes del aparato. Esto est\u00e1 en consonancia con la pol\u00edtica medioambiental de la empresa de conservar los recursos. <\/p> \n                <\/div>\n              <\/div>\n                      <\/div>\n        <\/div>\n      <\/div>\n    <\/div>\n  <\/section>\n  <section class=\"guidelines block-69d2c2d189db5\" >\n    <div class=\"container\">\n      <div class=\"row\">\n        <div class=\"col-12 col-lg-8 offset-lg-2\">\n                      <h2 class=\"g-h2-subtitle\">\n              <span>CERTIFICACIONES<\/span><br \/>\n              Cumplimiento de las directrices v\u00e1lidas\n            <\/h2>\n                                              <div class=\"guidelines__box\">\n                                  <div class=\"guidelines__box-image\">\n                    <img decoding=\"async\" width=\"160\" height=\"160\" src=\"https:\/\/integral-toner.de\/wp-content\/uploads\/2023\/10\/integral-reach.png\" class=\"attachment-large_medium size-large_medium\" alt=\"REACH Siegel\" loading=\"lazy\" srcset=\"https:\/\/integral-toner.de\/wp-content\/uploads\/2023\/10\/integral-reach.png 160w, https:\/\/integral-toner.de\/wp-content\/uploads\/2023\/10\/integral-reach-150x150.png 150w\" sizes=\"auto, (max-width: 160px) 100vw, 160px\" \/>\n                  <\/div>\n                                <p class=\"guidelines__box-title\">INTEGRAL cumple REACH<\/p>\n                <div class=\"read-more\">\n                  <div class=\"readmore__content\">\n                    <p class=\"guidelines__box-description\">El reglamento REACH es una normativa de la Uni\u00f3n Europea que se promulg\u00f3 para mejorar la protecci\u00f3n de la salud humana y el medio ambiente frente a los riesgos que pueden derivarse de las sustancias qu\u00edmicas. Las sustancias contenidas en el t\u00f3ner est\u00e1n sujetas a amplias obligaciones de registro ante la autoridad europea competente ECHA.<br \/>\r\nEl t\u00f3ner producido por INTEGRAL cumple de forma ejemplar los requisitos del reglamento europeo sobre sustancias qu\u00edmicas REACH. Las sustancias contenidas en el t\u00f3ner que est\u00e1n sujetas a registro est\u00e1n registradas ante la autoridad competente.<br \/>\r\nLos clientes de INTEGRAL reciben confirmaci\u00f3n de la conformidad REACH del t\u00f3ner con cada entrega cuando compran t\u00f3ner INTEGRAL.  <\/p>\n                  <\/div>\n\n                  <button class=\"g-btn g-btn--mehrlesen readmore__button\" type=\"button\">\n                    <span class=\"readmore__button\">Mehr lesen<\/span>\n                    <span class=\"readmore__button\">Minimieren<\/span>\n                  <\/button>\n                <\/div>\n              <\/div>\n                          <div class=\"guidelines__box\">\n                                  <div class=\"guidelines__box-image\">\n                    <img decoding=\"async\" width=\"160\" height=\"159\" src=\"https:\/\/integral-toner.de\/wp-content\/uploads\/2023\/10\/integral-rohs.png\" class=\"attachment-large_medium size-large_medium\" alt=\"RoHS Logo\" loading=\"lazy\" srcset=\"https:\/\/integral-toner.de\/wp-content\/uploads\/2023\/10\/integral-rohs.png 160w, https:\/\/integral-toner.de\/wp-content\/uploads\/2023\/10\/integral-rohs-150x150.png 150w\" sizes=\"auto, (max-width: 160px) 100vw, 160px\" \/>\n                  <\/div>\n                                <p class=\"guidelines__box-title\">\u00bfQu\u00e9 es la RoHS?<\/p>\n                <div class=\"read-more\">\n                  <div class=\"readmore__content\">\n                    <p class=\"guidelines__box-description\">La Directiva RoHS de la UE restringe el uso de sustancias peligrosas. Entre las sustancias peligrosas incluidas en el \u00e1mbito de aplicaci\u00f3n de la Directiva RoHS est\u00e1n el plomo, el cadmio, el cromo, el mercurio y los retardantes de llama bromados.<br \/>\r\nLos cartuchos de t\u00f3ner de INTEGRAL cumplen los requisitos de la Directiva RoHS. INTEGRAL se abstiene de utilizar sustancias perjudiciales para la salud en la producci\u00f3n de t\u00f3ner y cartuchos de t\u00f3ner y garantiza el cumplimiento de la Directiva RoHS. Recibes de INTEGRAL productos inocuos para la salud.   <br \/>\r\n<br \/>\r\nBajos valores de emisi\u00f3n al utilizar el t\u00f3ner INTEGRAL: INTEGRAL s\u00f3lo utiliza materias primas de alta calidad e inocuas para la salud en la producci\u00f3n de polvo de t\u00f3ner. Adem\u00e1s de la ventaja cualitativa de utilizar materias primas de alta calidad, tambi\u00e9n existe una ventaja medioambiental. Las materias primas especiales de alta calidad para la producci\u00f3n de t\u00f3ner suelen ser m\u00e1s respetuosas con el medio ambiente que las materias primas b\u00e1sicas m\u00e1s baratas. Un ejemplo importante de ello es el uso de pol\u00edmeros con bajos valores de emisi\u00f3n en la producci\u00f3n de t\u00f3ner. El uso exclusivo de materias primas de alta calidad por parte de INTEGRAL es tanto una inversi\u00f3n en calidad como una importante contribuci\u00f3n a la protecci\u00f3n del medio ambiente.    <\/p>\n                  <\/div>\n\n                  <button class=\"g-btn g-btn--mehrlesen readmore__button\" type=\"button\">\n                    <span class=\"readmore__button\">Mehr lesen<\/span>\n                    <span class=\"readmore__button\">Minimieren<\/span>\n                  <\/button>\n                <\/div>\n              <\/div>\n                              <\/div>\n      <\/div>\n    <\/div>\n  <\/section>\n  <section class=\"text-image block-69d2c2d18d357 type-blanco \" >\n    <div class=\"container\">\n      <div class=\"row align-items-center\">\n        <div class=\"col-xl-6 text-image__content text-image__content--right order-2 order-xl-2\" data-aos=\"fade-left\" data-aos-anchor=\".block-69d2c2d18d357\">\n          <div class=\"acf-innerblocks-container\">\n\n<h2 class=\"wp-block-heading\">\u00bfTodos los t\u00f3neres son iguales? La diferencia con INTEGRAL<\/h2>\n\n\n\n<p>Hemos alcanzado este estatus gracias a nuestros elevados est\u00e1ndares de calidad, nuestros estrictos controles de producto y nuestro completo servicio al cliente. Otro componente importante: \u00a1el tema de la sostenibilidad!<\/p>\n\n\n\n<p>Prestamos atenci\u00f3n a los procesos de ahorro de recursos en la producci\u00f3n de t\u00f3ner y dise\u00f1amos nuestros productos respetuosos con el medio ambiente seg\u00fan el principio de longevidad. El t\u00f3ner INTEGRAL ofrece una ventaja especial del producto, ya que es respetuoso con el medio ambiente y extremadamente rentable, al tiempo que mantiene una alta calidad de impresi\u00f3n.<\/p>\n\n<\/div>\n        <\/div>\n\n        <div class=\"col-xl-6  order-1 order-xl-1\" data-aos=\"fade-right\" data-aos-anchor=\".block-69d2c2d18d357\">\n          <div class=\"text-image__image wide-image text-image__image--left\">\n                          <img decoding=\"async\" width=\"945\" height=\"548\" src=\"https:\/\/integral-toner.de\/wp-content\/uploads\/2023\/10\/integral-sind-alle-toner-gleich.jpg\" class=\"attachment-large_medium size-large_medium\" alt=\"INTEGRAL trifft Entscheidungen\" loading=\"lazy\" srcset=\"https:\/\/integral-toner.de\/wp-content\/uploads\/2023\/10\/integral-sind-alle-toner-gleich.jpg 945w, https:\/\/integral-toner.de\/wp-content\/uploads\/2023\/10\/integral-sind-alle-toner-gleich-300x174.jpg 300w, https:\/\/integral-toner.de\/wp-content\/uploads\/2023\/10\/integral-sind-alle-toner-gleich-768x445.jpg 768w\" sizes=\"auto, (max-width: 945px) 100vw, 945px\" \/>\n                                  <\/div>\n        <\/div>\n      <\/div>\n    <\/div>\n  <\/section>\n","protected":false},"excerpt":{"rendered":"","protected":false},"author":1,"featured_media":902,"parent":3389,"menu_order":0,"comment_status":"closed","ping_status":"closed","template":"","meta":{"_acf_changed":false,"_seopress_robots_primary_cat":"","_seopress_titles_title":"T\u00f3neres respetuosos con el medio ambiente | Producidos de forma sostenible","_seopress_titles_desc":"T\u00f3neres ecol\u00f3gicos con calidad OEM \u2713 Producidos de forma sostenible \u2713 Participaci\u00f3n en el programa de reciclaje \u2713 \u00a1Inf\u00f3rmate ahora!","_seopress_robots_index":"","footnotes":""},"class_list":["post-3522","page","type-page","status-publish","has-post-thumbnail","hentry"],"acf":[],"_links":{"self":[{"href":"https:\/\/integral-toner.de\/es\/wp-json\/wp\/v2\/pages\/3522","targetHints":{"allow":["GET"]}}],"collection":[{"href":"https:\/\/integral-toner.de\/es\/wp-json\/wp\/v2\/pages"}],"about":[{"href":"https:\/\/integral-toner.de\/es\/wp-json\/wp\/v2\/types\/page"}],"author":[{"embeddable":true,"href":"https:\/\/integral-toner.de\/es\/wp-json\/wp\/v2\/users\/1"}],"replies":[{"embeddable":true,"href":"https:\/\/integral-toner.de\/es\/wp-json\/wp\/v2\/comments?post=3522"}],"version-history":[{"count":9,"href":"https:\/\/integral-toner.de\/es\/wp-json\/wp\/v2\/pages\/3522\/revisions"}],"predecessor-version":[{"id":8870,"href":"https:\/\/integral-toner.de\/es\/wp-json\/wp\/v2\/pages\/3522\/revisions\/8870"}],"up":[{"embeddable":true,"href":"https:\/\/integral-toner.de\/es\/wp-json\/wp\/v2\/pages\/3389"}],"wp:featuredmedia":[{"embeddable":true,"href":"https:\/\/integral-toner.de\/es\/wp-json\/wp\/v2\/media\/902"}],"wp:attachment":[{"href":"https:\/\/integral-toner.de\/es\/wp-json\/wp\/v2\/media?parent=3522"}],"curies":[{"name":"wp","href":"https:\/\/api.w.org\/{rel}","templated":true}]}}