{"id":3500,"date":"2023-10-20T14:32:06","date_gmt":"2023-10-20T14:32:06","guid":{"rendered":"https:\/\/integral-toner.de\/?page_id=3500"},"modified":"2025-06-25T12:22:54","modified_gmt":"2025-06-25T10:22:54","slug":"carrera","status":"publish","type":"page","link":"https:\/\/integral-toner.de\/es\/compania\/carrera\/","title":{"rendered":"Carrera profesional"},"content":{"rendered":"  <section class=\"hero-image block-69d260ddb318f\" >\n          <div class=\"hero-image__image d-none d-sm-block\">\n        <img loading=\"lazy\" decoding=\"async\" width=\"2560\" height=\"1173\" src=\"https:\/\/integral-toner.de\/wp-content\/uploads\/2023\/11\/karriere-bei-integral-scaled.jpg\" class=\"object-position-y-50\" alt=\"Karriere bei Integral\" srcset=\"https:\/\/integral-toner.de\/wp-content\/uploads\/2023\/11\/karriere-bei-integral-scaled.jpg 2560w, https:\/\/integral-toner.de\/wp-content\/uploads\/2023\/11\/karriere-bei-integral-300x138.jpg 300w, https:\/\/integral-toner.de\/wp-content\/uploads\/2023\/11\/karriere-bei-integral-1024x469.jpg 1024w, https:\/\/integral-toner.de\/wp-content\/uploads\/2023\/11\/karriere-bei-integral-768x352.jpg 768w, https:\/\/integral-toner.de\/wp-content\/uploads\/2023\/11\/karriere-bei-integral-1536x704.jpg 1536w, https:\/\/integral-toner.de\/wp-content\/uploads\/2023\/11\/karriere-bei-integral-2048x939.jpg 2048w\" sizes=\"auto, (max-width: 2560px) 100vw, 2560px\" \/>\n      <\/div>\n    \n          <div class=\"hero-image__image d-block d-sm-none\">\n        <img loading=\"lazy\" decoding=\"async\" width=\"1709\" height=\"1173\" src=\"https:\/\/integral-toner.de\/wp-content\/uploads\/2024\/03\/karriere-bei-integral-mobile.jpg\" class=\"attachment-full size-full\" alt=\"\" srcset=\"https:\/\/integral-toner.de\/wp-content\/uploads\/2024\/03\/karriere-bei-integral-mobile.jpg 1709w, https:\/\/integral-toner.de\/wp-content\/uploads\/2024\/03\/karriere-bei-integral-mobile-300x206.jpg 300w, https:\/\/integral-toner.de\/wp-content\/uploads\/2024\/03\/karriere-bei-integral-mobile-1024x703.jpg 1024w, https:\/\/integral-toner.de\/wp-content\/uploads\/2024\/03\/karriere-bei-integral-mobile-768x527.jpg 768w, https:\/\/integral-toner.de\/wp-content\/uploads\/2024\/03\/karriere-bei-integral-mobile-1536x1054.jpg 1536w\" sizes=\"auto, (max-width: 1709px) 100vw, 1709px\" \/>\n      <\/div>\n        <div class=\"container\">\n      <div class=\"row\">\n        <div class=\"col-12 col-lg-7\">\n          <div class=\"hero-image__content\">\n                          <h1 class=\"g-h2-subtitle\">\n                <span>CARRERA<\/span><br \/>\n                Empleo en INTEGRAL\n              <\/h1>\n            \n                          <p class=\"g-description\">\n                En INTEGRAL te esperan atractivas oportunidades profesionales. Forma parte de nuestro equipo. \n              <\/p>\n            \n                          <a href=\"#stellenanzeigen\" class=\"g-btn\" title=\"Ver empleos\" >\n                Ver empleos\n              <\/a>\n                      <\/div>\n        <\/div>\n      <\/div>\n    <\/div>\n  <\/section>\n  <section class=\"text-image block-69d260ddb710d type-blanco \" >\n    <div class=\"container\">\n      <div class=\"row align-items-center\">\n        <div class=\"col-xl-6 text-image__content  mb-5 mb-xl-0 order-xl-1\" data-aos=\"fade-right\" data-aos-anchor=\".block-69d260ddb710d\">\n          <div class=\"acf-innerblocks-container\">\n\n<h2 class=\"wp-block-heading has-h-1-font-size\">Pasi\u00f3n por el m\u00e1ximo rendimiento<\/h2>\n\n\n\n<p>\u00a1M\u00e1s que un eslogan en INTEGRAL! M\u00e1s bien, para nosotros significa la forma de hacer negocios, atraer a empleados con talento y lograr juntos un rendimiento sin igual.<\/p>\n\n\n\n<p>Afirmamos ser uno de los mejores fabricantes de t\u00f3ner para copiadoras e impresoras. Nuestra amplia experiencia, tecnolog\u00eda puntera y s\u00f3lida red de distribuci\u00f3n crean valor para todas las partes interesadas: clientes, empleados, accionistas y el mercado en su conjunto.<\/p>\n\n\n      <a class=\"btn btn-primary\" href=\"https:\/\/integral-toner.de\/unternehmen\/karriere\/leidenschaft-fuer-spitzenleistungen\/\" target=\"\">\n        \n        Leer m\u00e1s    <\/a>\n  \n<\/div>\n        <\/div>\n\n        <div class=\"col-xl-6   order-xl-2\" data-aos=\"fade-left\" data-aos-anchor=\".block-69d260ddb710d\">\n          <div class=\"text-image__image wide-image \">\n                          <img decoding=\"async\" width=\"945\" height=\"548\" src=\"https:\/\/integral-toner.de\/wp-content\/uploads\/2023\/10\/integral-leidenschaft-fuer-spitzenleistung.jpg\" class=\"attachment-large_medium size-large_medium\" alt=\"INTEGRAL-Toner bringen Spitzenleistungen\" loading=\"lazy\" srcset=\"https:\/\/integral-toner.de\/wp-content\/uploads\/2023\/10\/integral-leidenschaft-fuer-spitzenleistung.jpg 945w, https:\/\/integral-toner.de\/wp-content\/uploads\/2023\/10\/integral-leidenschaft-fuer-spitzenleistung-300x174.jpg 300w, https:\/\/integral-toner.de\/wp-content\/uploads\/2023\/10\/integral-leidenschaft-fuer-spitzenleistung-768x445.jpg 768w\" sizes=\"auto, (max-width: 945px) 100vw, 945px\" \/>\n                                  <\/div>\n        <\/div>\n      <\/div>\n    <\/div>\n  <\/section>\n  <section class=\"jobadvertisements block-69d260ddb8b50\" id=\"stellenanzeigen\">\n    <div class=\"container\">\n      <div class=\"row\">\n        <div class=\"col-12\">\n          <h2 class=\"jobadvertisements__title\">\n            Vacantes actuales\n          <\/h2>\n          <p class=\"jobadvertisements__description\">\n            A continuaci\u00f3n encontrar\u00e1s una selecci\u00f3n de nuestras vacantes actuales en INTEGRAL.\n          <\/p>\n        <\/div>\n        <div class=\"col-12 col-lg-8 offset-lg-2 jobs\" id=\"jobs\" per_page=\"6\">\n                    <div class=\"pagination\">\n            \n          <\/div>\n        <\/div>\n      <\/div>\n    <\/div>\n  <\/section>\n  <section class=\"text-image block-69d260ddb9e9e type-blanco \" >\n    <div class=\"container\">\n      <div class=\"row dontcenter\">\n        <div class=\"col-xl-6 text-image__content text-image__content--right order-2 order-xl-2\" data-aos=\"fade-left\" data-aos-anchor=\".block-69d260ddb9e9e\">\n          <div class=\"acf-innerblocks-container\">\n\n<h2 class=\"wp-block-heading\">Tu solicitud a INTEGRAL<\/h2>\n\n\n\n<p>\u00bfTe gustar\u00eda formar parte de nuestra empresa? Entonces esperamos recibir tu solicitud detallada. Si actualmente no tenemos una vacante adecuada para ti, tambi\u00e9n puedes enviarnos una <strong>solicitud espont\u00e1nea<\/strong>.  <\/p>\n\n\n\n<p>Solicita de forma sencilla y c\u00f3moda a trav\u00e9s de la solicitud en l\u00ednea.<\/p>\n\n\n      <a class=\"btn btn-primary\" href=\"#onlinebewerbung\" target=\"\">\n        \n        Al formulario de solicitud en l\u00ednea    <\/a>\n  \n\n\n<p><strong>Alternativamente, recibiremos tu solicitud por:<\/strong><\/p>\n\n\n\n<p>Correo electr\u00f3nico career@integral-international.de<br\/>Correo postal: INTEGRAL GmbH<br\/> Departamento de Recursos Humanos<br\/> Am Hasselweg 1<br\/> D-47647 Kerken, Alemania<\/p>\n\n<\/div>\n        <\/div>\n\n        <div class=\"col-xl-6  order-1 order-xl-1\" data-aos=\"fade-right\" data-aos-anchor=\".block-69d260ddb9e9e\">\n          <div class=\"text-image__image wide-image text-image__image--left\">\n                          <img decoding=\"async\" width=\"945\" height=\"548\" src=\"https:\/\/integral-toner.de\/wp-content\/uploads\/2023\/10\/bewerbung-bei-integral.jpg\" class=\"attachment-large_medium size-large_medium\" alt=\"Bewerben Sie sich jetzt und werden Sie Teil der Teams bei INTEGRAL\" loading=\"lazy\" srcset=\"https:\/\/integral-toner.de\/wp-content\/uploads\/2023\/10\/bewerbung-bei-integral.jpg 945w, https:\/\/integral-toner.de\/wp-content\/uploads\/2023\/10\/bewerbung-bei-integral-300x174.jpg 300w, https:\/\/integral-toner.de\/wp-content\/uploads\/2023\/10\/bewerbung-bei-integral-768x445.jpg 768w\" sizes=\"auto, (max-width: 945px) 100vw, 945px\" \/>\n                                  <\/div>\n        <\/div>\n      <\/div>\n    <\/div>\n  <\/section>\n        <section id=\"onlinebewerbung\" class=\"onlineapp\">\n        <div class=\"container\">\n            <div class=\"row\">\n                <div class=\"col-12\">\n                    <h1 class=\"onlineapp__title\">Solicitud en l\u00ednea<\/h1>\n                <\/div>\n            <\/div>\n            <div class=\"row\">\n                <div class=\"col-12 col-lg-5 order-2 order-lg-1\">\n                    <div class=\"onlineapp__image\">\n                        <img loading=\"lazy\" decoding=\"async\" width=\"565\" height=\"389\" src=\"https:\/\/integral-toner.de\/wp-content\/uploads\/2023\/10\/integral-online-bewerbung.jpg\" class=\"attachment-large_medium size-large_medium\" alt=\"\" srcset=\"https:\/\/integral-toner.de\/wp-content\/uploads\/2023\/10\/integral-online-bewerbung.jpg 565w, https:\/\/integral-toner.de\/wp-content\/uploads\/2023\/10\/integral-online-bewerbung-300x207.jpg 300w\" sizes=\"auto, (max-width: 565px) 100vw, 565px\" \/>                    <\/div>\n                    <div class=\"onlineapp__box\">\n                        <h3 class=\"onlineapp__box-title\">\u00bfTienes alguna pregunta?<\/h3>\n                        <p class=\"onlineapp__box-description\">\u00bfTienes alguna pregunta o petici\u00f3n concreta? Estaremos encantados de ayudarte. <\/p>\n                        <p class=\"onlineapp__box-phone\">+49 2833 606-0<\/p>\n                    <\/div>\n                <\/div>\n                <div class=\"col-12 col-lg-6 offset-lg-1 order-1 order-lg-2\">\n                    <h3 class=\"onlineapp__formtitle\">Solicitar ahora<\/h3>\n                    <div class=\"form-container\">\n\n    \n        <form name=\"form\" method=\"post\" action=\"https:\/\/integral-toner.de\/es\/wp-json\/wp\/v2\/pages\/3500\" novalidate=\"novalidate\" class=\"contactform__form ajax-form\" data-replace=\".form-container\">\n\n        <p class=\"contactform__info mb-5\">\n                            <strong>Initiativbewerbung<\/strong>\n                    <\/p>\n\n\n                    <div class=\"row mb-0 mb-md-5\">\n                <div class=\"col-12\">\n                    <div class=\"form-floating\"><input type=\"text\" id=\"form_job_request\" name=\"form[job_request]\" required=\"required\" placeholder=\"Solicitud de trabajo *\" class=\"form-control\" \/><label for=\"form_job_request\" class=\"form-label required\">Solicitud de trabajo *<\/label>        <\/div>\n                <\/div>\n            <\/div>\n        \n\n        <div class=\"row mb-0 mb-md-5\">\n            <div class=\"col-md-6\">\n                <div class=\"form-floating\"><input type=\"text\" id=\"form_firstname\" name=\"form[firstname]\" required=\"required\" placeholder=\"Nombre *\" class=\"form-control\" \/><label for=\"form_firstname\" class=\"form-label required\">Nombre *<\/label>        <\/div>\n            <\/div>\n\n            <div class=\"col-md-6\">\n                <div class=\"form-floating\"><input type=\"text\" id=\"form_lastname\" name=\"form[lastname]\" required=\"required\" placeholder=\"Apellido *\" class=\"form-control\" \/><label for=\"form_lastname\" class=\"form-label required\">Apellido *<\/label>        <\/div>\n            <\/div>\n        <\/div>\n\n        <div class=\"row mb-0 mb-md-5\">\n            <div class=\"col-md-6\">\n                <div class=\"form-floating\"><input type=\"email\" id=\"form_email\" name=\"form[email]\" required=\"required\" placeholder=\"correo electr\u00f3nico *\" class=\"form-control\" \/><label for=\"form_email\" class=\"form-label required\">correo electr\u00f3nico *<\/label>        <\/div>\n            <\/div>\n\n            <div class=\"col-md-6\">\n                <div class=\"form-floating\"><input type=\"text\" id=\"form_phone\" name=\"form[phone]\" required=\"required\" placeholder=\"Tel\u00e9fono\" class=\"form-control\" \/><label for=\"form_phone\" class=\"form-label required\">Tel\u00e9fono<\/label>        <\/div>\n            <\/div>\n        <\/div>\n\n        <div class=\"row mb-0 mb-md-5\">\n            <div class=\"col-12 cdropzone\">\n                <div class=\"mb-3\"><label for=\"form_attachments\" class=\"form-label required\">Anschreiben, Lebenslauf &amp;amp; weitere Dokumente<\/label><div class=\"dropzone bp\"\n     name=\"attachments\"\n     data-id=\"form_attachments\"\n     data-name=\"form[attachments]\"\n     data-chunk-size=\"134213632\"\n     data-accepted-files=\".jpg, .png, .pdf\"\n     data-max-files=\"5\"\n     data-max-filesize-mb=\"5\"\n     data-dict-default-message=\"Aqu\u00ed puedes encontrar datos sobre el alojamiento\"\n     data-dict-file-too-big=\"El archivo es demasiado grande ({{filesize}}MiB). Tama\u00f1o m\u00e1ximo del archivo: {{maxFilesize}}MiB. \"\n     data-dict-invalid-file-type=\"No puedes subir archivos de este tipo.\"\n     data-dict-cancel-upload=\"Cancelar subida\"\n     data-dict-upload-canceled=\"Carga cancelada.\"\n     data-dict-remove-file=\"Eliminar archivo\"\n     data-dict-max-files-exceeded=\"No puedes subir m\u00e1s de {{maxFiles}} archivos.\"\n     data-dict-remove-file-confirmation=\"\"\n     >\n    <\/div>\n        <\/div>\n            <\/div>\n        <\/div>\n\n        \n<div class=\"form-group hp\"><label for=\"form_field-78fds4\" class=\"form-label\">Field-78fds4<\/label><input type=\"text\" id=\"form_field-78fds4\" name=\"form[field-78fds4]\" autocomplete=\"none\" class=\"form-control\" tabindex=\"-1\" \/>        <\/div>\n\n\n        <p class=\"contactform__info\"><a href=\"https:\/\/integral-toner.de\/datenschutz\/\">Informaci\u00f3n en<\/a> para acceder a tus datos<\/p>\n\n        <p class=\"contactform__subinfo\">Mit * gekennzeichnete Felder sind Pflichtfelder und m\u00fcssen ausgef\u00fcllt werden.<\/p>\n\n        <div class=\"submit\">\n            <button type=\"submit\" class=\"g-btn\" aria-label=\"Bewerbung absenden\">Bewerbung absenden<\/button>\n        <\/div>\n\n        <\/form>\n\n    <\/div>\n                <\/div>\n            <\/div>\n        <\/div>\n    <\/section>\n","protected":false},"excerpt":{"rendered":"","protected":false},"author":1,"featured_media":1597,"parent":3389,"menu_order":0,"comment_status":"closed","ping_status":"closed","template":"","meta":{"_acf_changed":false,"_seopress_robots_primary_cat":"","_seopress_titles_title":"Vacantes integrales | Inscr\u00edbete ahora","_seopress_titles_desc":"Descubre las vacantes actuales en Integral \u2713 Diversas oportunidades profesionales \u2713 \u00a1Solicita tu plaza online ahora!","_seopress_robots_index":"","footnotes":""},"class_list":["post-3500","page","type-page","status-publish","has-post-thumbnail","hentry"],"acf":[],"_links":{"self":[{"href":"https:\/\/integral-toner.de\/es\/wp-json\/wp\/v2\/pages\/3500","targetHints":{"allow":["GET"]}}],"collection":[{"href":"https:\/\/integral-toner.de\/es\/wp-json\/wp\/v2\/pages"}],"about":[{"href":"https:\/\/integral-toner.de\/es\/wp-json\/wp\/v2\/types\/page"}],"author":[{"embeddable":true,"href":"https:\/\/integral-toner.de\/es\/wp-json\/wp\/v2\/users\/1"}],"replies":[{"embeddable":true,"href":"https:\/\/integral-toner.de\/es\/wp-json\/wp\/v2\/comments?post=3500"}],"version-history":[{"count":11,"href":"https:\/\/integral-toner.de\/es\/wp-json\/wp\/v2\/pages\/3500\/revisions"}],"predecessor-version":[{"id":8931,"href":"https:\/\/integral-toner.de\/es\/wp-json\/wp\/v2\/pages\/3500\/revisions\/8931"}],"up":[{"embeddable":true,"href":"https:\/\/integral-toner.de\/es\/wp-json\/wp\/v2\/pages\/3389"}],"wp:featuredmedia":[{"embeddable":true,"href":"https:\/\/integral-toner.de\/es\/wp-json\/wp\/v2\/media\/1597"}],"wp:attachment":[{"href":"https:\/\/integral-toner.de\/es\/wp-json\/wp\/v2\/media?parent=3500"}],"curies":[{"name":"wp","href":"https:\/\/api.w.org\/{rel}","templated":true}]}}