{"id":3451,"date":"2023-10-18T19:13:28","date_gmt":"2023-10-18T17:13:28","guid":{"rendered":"https:\/\/integral-toner.de\/?page_id=3451"},"modified":"2025-02-12T08:30:50","modified_gmt":"2025-02-12T08:30:50","slug":"apoyo","status":"publish","type":"page","link":"https:\/\/integral-toner.de\/es\/apoyo\/","title":{"rendered":"Apoyo"},"content":{"rendered":"  <section class=\"hero-image block-69ea411db24eb\" >\n          <div class=\"hero-image__image \">\n        <img loading=\"lazy\" decoding=\"async\" width=\"1920\" height=\"880\" src=\"https:\/\/integral-toner.de\/wp-content\/uploads\/2023\/10\/kundenservice-bei-integral.jpg\" class=\"object-position-y-80\" alt=\"Herausragender Kundenservice bei INTEGRAL\" srcset=\"https:\/\/integral-toner.de\/wp-content\/uploads\/2023\/10\/kundenservice-bei-integral.jpg 1920w, https:\/\/integral-toner.de\/wp-content\/uploads\/2023\/10\/kundenservice-bei-integral-300x138.jpg 300w, https:\/\/integral-toner.de\/wp-content\/uploads\/2023\/10\/kundenservice-bei-integral-1024x469.jpg 1024w, https:\/\/integral-toner.de\/wp-content\/uploads\/2023\/10\/kundenservice-bei-integral-768x352.jpg 768w, https:\/\/integral-toner.de\/wp-content\/uploads\/2023\/10\/kundenservice-bei-integral-1536x704.jpg 1536w\" sizes=\"auto, (max-width: 1920px) 100vw, 1920px\" \/>\n      <\/div>\n    \n        <div class=\"container\">\n      <div class=\"row\">\n        <div class=\"col-12 col-lg-7\">\n          <div class=\"hero-image__content\">\n                          <h1 class=\"g-h2-subtitle\">\n                <span>APOYO<\/span><br \/>\n                Atenci\u00f3n al Cliente\n              <\/h1>\n            \n                          <p class=\"g-description\">\n                Combinando excelentes t\u00f3ners con un servicio excepcional.\n              <\/p>\n            \n                          <a href=\"https:\/\/integral-toner.de\/es\/contacto\/\" class=\"g-btn\" title=\"Cont\u00e1ctenos\" >\n                Cont\u00e1ctenos\n              <\/a>\n                      <\/div>\n        <\/div>\n      <\/div>\n    <\/div>\n  <\/section>\n\n\n  <section class=\"text-image block-69ea411db5757 type-white \" id=\"pol\u00edtica-de-empresa\">\n    <div class=\"container\">\n      <div class=\"row align-items-center\">\n        <div class=\"col-xl-6 text-image__content  order-2 order-xl-1\" data-aos=\"fade-right\" data-aos-anchor=\".block-69ea411db5757\">\n          <div class=\"acf-innerblocks-container\">\n\n<h2 class=\"wp-block-heading\"><strong>Soporte personalizado y profesional con cada compra<\/strong><\/h2>\n\n\n\n<p>Experimente un excelente servicio como cliente INTEGRAL. Puede esperar que la calidad de nuestro servicio al cliente coincida con la calidad de nuestros t\u00f3neres.<\/p>\n\n\n\n<p>Dispondr\u00e1 de un contacto personal de atenci\u00f3n al cliente que se encargar\u00e1 de todos tus requisitos directamente, por lo que no tendr\u00e1 que hablar con un call center. Adaptaremos el soporte a sus necesidades y responderemos cualquier pregunta sobre nuestros productos, precios, disponibilidad o log\u00edstica.<\/p>\n\n\n\n<p>Con m\u00e1s de 55 a\u00f1os de experiencia en la industria del t\u00f3ner, entendemos el nivel de servicio que espera de su proveedor de t\u00f3ner.<\/p>\n\n\n      <a class=\"btn btn-primary\" href=\"https:\/\/integral-toner.de\/es\/apoyo\/soporte-personalizado-y-profesional-con-cada-compra\/\" target=\"\">\n        \n        Leer m\u00e1s    <\/a>\n  \n<\/div>\n        <\/div>\n\n        <div class=\"col-xl-6  order-1 order-xl-2\" data-aos=\"fade-left\" data-aos-anchor=\".block-69ea411db5757\">\n          <div class=\"text-image__image wide-image \">\n                          <img decoding=\"async\" width=\"945\" height=\"548\" src=\"https:\/\/integral-toner.de\/wp-content\/uploads\/2023\/10\/kunde-an-der-spitze-der-unternehmensorganisation.jpg\" class=\"attachment-large_medium size-large_medium\" alt=\"Bei INTEGRAL steht der Kunde an der Spitze der Unternehmensorganisation\" loading=\"lazy\" srcset=\"https:\/\/integral-toner.de\/wp-content\/uploads\/2023\/10\/kunde-an-der-spitze-der-unternehmensorganisation.jpg 945w, https:\/\/integral-toner.de\/wp-content\/uploads\/2023\/10\/kunde-an-der-spitze-der-unternehmensorganisation-300x174.jpg 300w, https:\/\/integral-toner.de\/wp-content\/uploads\/2023\/10\/kunde-an-der-spitze-der-unternehmensorganisation-768x445.jpg 768w\" sizes=\"auto, (max-width: 945px) 100vw, 945px\" \/>\n                                  <\/div>\n        <\/div>\n      <\/div>\n    <\/div>\n  <\/section>\n\n\n  <section class=\"registration block-69ea411db7202 type-light \" >\n    <div class=\"container\">\n      <div class=\"row\">\n        <div class=\"col-12 col-lg-5\">\n                      <h2 class=\"g-h2-subtitle\">\n              <span>REGISTRO<\/span><br \/>\n              Elija t\u00f3ners INTEGRAL por calidad y rendimiento\n            <\/h2>\n                  <\/div>\n        <div class=\"col-12 col-lg-6\">\n          <div class=\"registration__content\">\n                          <p class=\"g-description\">\n                Disfrute de los beneficios de ser cliente INTEGRAL.<br \/>\r\n<br \/>\r\nTendr\u00e1 acceso exclusivo a soporte de ventas, lo que le permitir\u00e1 generar m\u00e1s ventas. Estos incluyen recursos publicitarios y la informaci\u00f3n m\u00e1s reciente sobre nuestros productos y el mercado del t\u00f3ner.<br \/>\r\n<br \/>\r\nReg\u00edstrese hoy para conocer m\u00e1s sobre las ventajas de los t\u00f3ners INTEGRAL.\n              <\/p>\n            \n            <div class=\"registration__buttons\">\n                              <a href=\"https:\/\/shop.integral-toner.de\/es\/Login\/Registro-91238.html\" class=\"g-btn\" title=\"Reg\u00edstrese con nosotros\" >\n                  Reg\u00edstrese con nosotros\n                <\/a>\n              \n                              <p class=\"registration__buttons-text\">\n                  \u00bfYa es cliente? <a href=\"https:\/\/shop.integral-toner.de\/es\/Tienda-Online-90842.html\" target=\"_blank\" title=\"Sign in to your account\">Iniciar sesi\u00f3n en su cuenta<\/a>\n                <\/p>\n                          <\/div>\n          <\/div>\n        <\/div>\n      <\/div>\n    <\/div>\n  <\/section>\n\n\n  <section class=\"supportdownload block-69ea411db89b2\" >\n    <div class=\"container\">\n      <div class=\"supportdownload__box\">\n        <div class=\"row align-items-center\">\n          <div class=\"col-12 col-lg-4 offset-lg-1\">\n            <img decoding=\"async\" width=\"470\" height=\"440\" src=\"https:\/\/integral-toner.de\/wp-content\/uploads\/2023\/11\/deckblaetter-v2.jpg\" class=\"attachment-large_medium size-large_medium\" alt=\"INTEGRAL Produktkatalog\" loading=\"lazy\" srcset=\"https:\/\/integral-toner.de\/wp-content\/uploads\/2023\/11\/deckblaetter-v2.jpg 470w, https:\/\/integral-toner.de\/wp-content\/uploads\/2023\/11\/deckblaetter-v2-300x281.jpg 300w\" sizes=\"auto, (max-width: 470px) 100vw, 470px\" \/>\n          <\/div>\n          <div class=\"col-12 col-lg-6\">\n            <div class=\"supportdownload__content\">\n                              <h2 class=\"h2\">Soporte t\u00e9cnico e informaci\u00f3n del producto<\/h2>\n              \n                              <p class=\"g-description\">\n                  Reg\u00edstrese con nosotros y obtenga acceso a material exclusivo como fichas t\u00e9cnicas, certificados y otra informaci\u00f3n \u00fatil.<br \/>\r\n<br \/>\r\nAntes de registrarse, puede descargar la informaci\u00f3n m\u00e1s reciente sobre nuestros t\u00f3ners.\n                <\/p>\n              \n                              <a href=\"https:\/\/server.selltec.com\/go\/integral\/es\/home\/support.html\" class=\"g-btn\" title=\"Ver informaci\u00f3n del producto\" target=\"_blank\">\n                  Ver informaci\u00f3n del producto\n                <\/a>\n                          <\/div>\n          <\/div>\n        <\/div>\n      <\/div>\n    <\/div>\n  <\/section>\n","protected":false},"excerpt":{"rendered":"","protected":false},"author":15,"featured_media":938,"parent":0,"menu_order":0,"comment_status":"closed","ping_status":"closed","template":"","meta":{"_acf_changed":false,"_seopress_robots_primary_cat":"","_seopress_titles_title":"Atenci\u00f3n al cliente personal y profesional | INTEGRAL","_seopress_titles_desc":"Experimente un servicio excelente como cliente de t\u00f3ner INTEGRAL. Tendr\u00e1 su propio interlocutor en el servicio de atenci\u00f3n al cliente.","_seopress_robots_index":"","footnotes":""},"class_list":["post-3451","page","type-page","status-publish","has-post-thumbnail","hentry"],"acf":[],"_links":{"self":[{"href":"https:\/\/integral-toner.de\/es\/wp-json\/wp\/v2\/pages\/3451","targetHints":{"allow":["GET"]}}],"collection":[{"href":"https:\/\/integral-toner.de\/es\/wp-json\/wp\/v2\/pages"}],"about":[{"href":"https:\/\/integral-toner.de\/es\/wp-json\/wp\/v2\/types\/page"}],"author":[{"embeddable":true,"href":"https:\/\/integral-toner.de\/es\/wp-json\/wp\/v2\/users\/15"}],"replies":[{"embeddable":true,"href":"https:\/\/integral-toner.de\/es\/wp-json\/wp\/v2\/comments?post=3451"}],"version-history":[{"count":15,"href":"https:\/\/integral-toner.de\/es\/wp-json\/wp\/v2\/pages\/3451\/revisions"}],"predecessor-version":[{"id":7421,"href":"https:\/\/integral-toner.de\/es\/wp-json\/wp\/v2\/pages\/3451\/revisions\/7421"}],"wp:featuredmedia":[{"embeddable":true,"href":"https:\/\/integral-toner.de\/es\/wp-json\/wp\/v2\/media\/938"}],"wp:attachment":[{"href":"https:\/\/integral-toner.de\/es\/wp-json\/wp\/v2\/media?parent=3451"}],"curies":[{"name":"wp","href":"https:\/\/api.w.org\/{rel}","templated":true}]}}