{"id":3431,"date":"2023-10-20T14:31:35","date_gmt":"2023-10-20T12:31:35","guid":{"rendered":"https:\/\/integral-toner.de\/?page_id=3431"},"modified":"2025-02-17T11:34:07","modified_gmt":"2025-02-17T10:34:07","slug":"por-que-integral","status":"publish","type":"page","link":"https:\/\/integral-toner.de\/es\/compania\/por-que-integral\/","title":{"rendered":"\u00bfPor qu\u00e9 INTEGRAL?"},"content":{"rendered":"  <section class=\"hero-image block-69d2ac3b1f572\" >\n          <div class=\"hero-image__image d-none d-sm-block\">\n        <img loading=\"lazy\" decoding=\"async\" width=\"1920\" height=\"880\" src=\"https:\/\/integral-toner.de\/wp-content\/uploads\/2024\/02\/Test-2.jpg\" class=\"object-position-y-50\" alt=\"\" srcset=\"https:\/\/integral-toner.de\/wp-content\/uploads\/2024\/02\/Test-2.jpg 1920w, https:\/\/integral-toner.de\/wp-content\/uploads\/2024\/02\/Test-2-300x138.jpg 300w, https:\/\/integral-toner.de\/wp-content\/uploads\/2024\/02\/Test-2-1024x469.jpg 1024w, https:\/\/integral-toner.de\/wp-content\/uploads\/2024\/02\/Test-2-768x352.jpg 768w, https:\/\/integral-toner.de\/wp-content\/uploads\/2024\/02\/Test-2-1536x704.jpg 1536w\" sizes=\"auto, (max-width: 1920px) 100vw, 1920px\" \/>\n      <\/div>\n    \n          <div class=\"hero-image__image d-block d-sm-none\">\n        <img loading=\"lazy\" decoding=\"async\" width=\"600\" height=\"602\" src=\"https:\/\/integral-toner.de\/wp-content\/uploads\/2023\/11\/Montage-Winter-Kartusche-mobil.jpg\" class=\"attachment-full size-full\" alt=\"Toner direkt vom Hersteller\" srcset=\"https:\/\/integral-toner.de\/wp-content\/uploads\/2023\/11\/Montage-Winter-Kartusche-mobil.jpg 600w, https:\/\/integral-toner.de\/wp-content\/uploads\/2023\/11\/Montage-Winter-Kartusche-mobil-300x300.jpg 300w, https:\/\/integral-toner.de\/wp-content\/uploads\/2023\/11\/Montage-Winter-Kartusche-mobil-150x150.jpg 150w\" sizes=\"auto, (max-width: 600px) 100vw, 600px\" \/>\n      <\/div>\n        <div class=\"container\">\n      <div class=\"row\">\n        <div class=\"col-12 col-lg-7\">\n          <div class=\"hero-image__content\">\n                          <h1 class=\"g-h2-subtitle\">\n                <span>\u00bfPOR QU\u00c9 INTEGRAL?<\/span><br \/>\n                Tus ventajas\n              <\/h1>\n            \n                          <p class=\"g-description\">\n                S\u00f3lo lo mejor para tu negocio y tus clientes.\n              <\/p>\n            \n                          <a href=\"https:\/\/integral-toner.de\/es\/contacto\/\" class=\"g-btn\" title=\"Cont\u00e1ctenos  \" >\n                Cont\u00e1ctenos  \n              <\/a>\n                      <\/div>\n        <\/div>\n      <\/div>\n    <\/div>\n  <\/section>\n\n\n<div id=\"rentabilidad\"><\/div>\n  <section class=\"text-image block-69d2ac3b22fbb type-light \" >\n    <div class=\"container\">\n      <div class=\"row align-items-center\">\n        <div class=\"col-xl-6 text-image__content text-image__content--right order-2 order-xl-2\" data-aos=\"fade-left\" data-aos-anchor=\".block-69d2ac3b22fbb\">\n          <div class=\"acf-innerblocks-container\">\n\n<h2 class=\"wp-block-heading\"><strong>Consiga ahorrar costes en su t\u00f3ner sin reducir la calidad<\/strong><\/h2>\n\n\n\n<p>Cada t\u00f3ner INTEGRAL est\u00e1 dise\u00f1ado para brindar una calidad equivalente a la del OEM, pero sin el precio de los t\u00f3neres OEM. Ver\u00e1 mayores rendimientos de p\u00e1ginas, menores costos por p\u00e1gina y un mejor rendimiento del sistema.<\/p>\n\n\n\n<p>Con m\u00e1s de 55 a\u00f1os de experiencia, nos hemos ganado la reputaci\u00f3n de fabricar t\u00f3neres confiables y de alta calidad a precios atractivos. Los distribuidores y revendedores especializados en copia e impresi\u00f3n en m\u00e1s de 80 pa\u00edses de todo el mundo eligen el t\u00f3ner INTEGRAL.<\/p>\n\n<\/div>\n        <\/div>\n\n        <div class=\"col-xl-6  order-1 order-xl-1\" data-aos=\"fade-right\" data-aos-anchor=\".block-69d2ac3b22fbb\">\n          <div class=\"text-image__image  text-image__image--left\">\n                          <img decoding=\"async\" width=\"800\" height=\"520\" src=\"https:\/\/integral-toner.de\/wp-content\/uploads\/2024\/07\/Grafik-Kosteneffizienz-dunkel-gemischte-Schreibweise-SP.jpg\" class=\"attachment-large_medium size-large_medium\" alt=\"\" loading=\"lazy\" srcset=\"https:\/\/integral-toner.de\/wp-content\/uploads\/2024\/07\/Grafik-Kosteneffizienz-dunkel-gemischte-Schreibweise-SP.jpg 800w, https:\/\/integral-toner.de\/wp-content\/uploads\/2024\/07\/Grafik-Kosteneffizienz-dunkel-gemischte-Schreibweise-SP-300x195.jpg 300w, https:\/\/integral-toner.de\/wp-content\/uploads\/2024\/07\/Grafik-Kosteneffizienz-dunkel-gemischte-Schreibweise-SP-768x499.jpg 768w\" sizes=\"auto, (max-width: 800px) 100vw, 800px\" \/>\n                                  <\/div>\n        <\/div>\n      <\/div>\n    <\/div>\n  <\/section>\n\n\n<div id=\"calidadoem\"><\/div>\n  <section class=\"text-image block-69d2ac3b2508b type-white \" id=\"fabricante-de-arcilla\">\n    <div class=\"container\">\n      <div class=\"row dontcenter\">\n        <div class=\"col-xl-6 text-image__content  order-2 order-xl-1\" data-aos=\"fade-right\" data-aos-anchor=\".block-69d2ac3b2508b\">\n          <div class=\"acf-innerblocks-container\">\n\n<h2 class=\"wp-block-heading\">Elija un fabricante de t\u00f3ner genuino<\/h2>\n\n\n\n<p>La calidad del polvo de t\u00f3ner es fundamental para los resultados que se obtienen. Es por eso que llevamos a cabo todas las etapas del proceso de fabricaci\u00f3n de t\u00f3ner, desde la extrusi\u00f3n de las materias primas y los procesos de molienda y clasificaci\u00f3n hasta el recubrimiento aditivo de las part\u00edculas de t\u00f3ner y el llenado de los cartuchos.<\/p>\n\n\n\n<p>A diferencia de otros proveedores, no s\u00f3lo llenamos cartuchos. Al completar todo el proceso de fabricaci\u00f3n internamente, podemos garantizar la calidad de nuestros t\u00f3neres.<\/p>\n\n\n\n<p>Fabricamos t\u00f3ner desde 1973 y somos una de las empresas con m\u00e1s experiencia en la industria del t\u00f3ner. A d\u00eda de hoy somos el \u00fanico fabricante de t\u00f3ner independiente de Europa y un fabricante l\u00edder a nivel mundial.<\/p>\n\n\n      <a class=\"btn btn-primary\" href=\"https:\/\/integral-toner.de\/es\/compania\/por-que-integral\/elija-un-fabricante-de-toner-genuino\/\" target=\"\">\n        \n        Leer m\u00e1s    <\/a>\n  \n<\/div>\n        <\/div>\n\n        <div class=\"col-xl-6  order-1 order-xl-2\" data-aos=\"fade-left\" data-aos-anchor=\".block-69d2ac3b2508b\">\n          <div class=\"text-image__image wide-image \">\n                          <img decoding=\"async\" width=\"945\" height=\"548\" src=\"https:\/\/integral-toner.de\/wp-content\/uploads\/2023\/10\/integral-tonerhersteller.jpg\" class=\"attachment-large_medium size-large_medium\" alt=\"INTEGRAL ist echter Toner-Hersteller\" loading=\"lazy\" srcset=\"https:\/\/integral-toner.de\/wp-content\/uploads\/2023\/10\/integral-tonerhersteller.jpg 945w, https:\/\/integral-toner.de\/wp-content\/uploads\/2023\/10\/integral-tonerhersteller-300x174.jpg 300w, https:\/\/integral-toner.de\/wp-content\/uploads\/2023\/10\/integral-tonerhersteller-768x445.jpg 768w\" sizes=\"auto, (max-width: 945px) 100vw, 945px\" \/>\n                                  <\/div>\n        <\/div>\n      <\/div>\n    <\/div>\n  <\/section>\n\n\n<div id=\"calidad\"><\/div>\n  <section class=\"text-image block-69d2ac3b2697f type-light \" >\n    <div class=\"container\">\n      <div class=\"row dontcenter\">\n        <div class=\"col-xl-6 text-image__content text-image__content--right order-2 order-xl-2\" data-aos=\"fade-left\" data-aos-anchor=\".block-69d2ac3b2697f\">\n          <div class=\"acf-innerblocks-container\">\n\n<h2 class=\"wp-block-heading\"><strong>Aproveche la alta calidad de impresi\u00f3n y copia<\/strong><\/h2>\n\n\n\n<p>Los usuarios y las empresas especializadas esperan una calidad de impresi\u00f3n perfecta del t\u00f3ner de alta calidad. Al imprimir en blanco y negro, se esperan impresiones y copias muy n\u00edtidas. Al imprimir en color, la reproducci\u00f3n brillante del color es crucial.<\/p>\n\n\n\n<p>El t\u00f3ner INTEGRAL se considera de una calidad especialmente alta en la industria. Adem\u00e1s de la reputaci\u00f3n de excelente calidad de impresi\u00f3n, se considera que el t\u00f3ner de INTEGRAL tiene un rendimiento de impresi\u00f3n constante y constante. Desde la primera p\u00e1gina hasta la \u00faltima p\u00e1gina y de entrega en entrega. Cuando se trata de calidad, el t\u00f3ner INTEGRAL es una alternativa real a los llamados productos originales de los fabricantes de dispositivos. Por supuesto, los precios son mucho m\u00e1s baratos.<\/p>\n\n<\/div>\n        <\/div>\n\n        <div class=\"col-xl-6  order-1 order-xl-1\" data-aos=\"fade-right\" data-aos-anchor=\".block-69d2ac3b2697f\">\n          <div class=\"text-image__image wide-image text-image__image--left\">\n                          <img decoding=\"async\" width=\"898\" height=\"548\" src=\"https:\/\/integral-toner.de\/wp-content\/uploads\/2023\/10\/integral-druck-und-kopienqualitaet.jpg\" class=\"attachment-large_medium size-large_medium\" alt=\"INTEGRAL steht f\u00fcr exzellente Toner-Qualit\u00e4t\" loading=\"lazy\" srcset=\"https:\/\/integral-toner.de\/wp-content\/uploads\/2023\/10\/integral-druck-und-kopienqualitaet.jpg 898w, https:\/\/integral-toner.de\/wp-content\/uploads\/2023\/10\/integral-druck-und-kopienqualitaet-300x183.jpg 300w, https:\/\/integral-toner.de\/wp-content\/uploads\/2023\/10\/integral-druck-und-kopienqualitaet-768x469.jpg 768w\" sizes=\"auto, (max-width: 898px) 100vw, 898px\" \/>\n                                  <\/div>\n        <\/div>\n      <\/div>\n    <\/div>\n  <\/section>\n\n\n<div id=\"costosoperativos\"><\/div>\n  <section class=\"text-image block-69d2ac3b28353 type-white \" >\n    <div class=\"container\">\n      <div class=\"row align-items-center\">\n        <div class=\"col-xl-6 text-image__content  order-2 order-xl-1\" data-aos=\"fade-right\" data-aos-anchor=\".block-69d2ac3b28353\">\n          <div class=\"acf-innerblocks-container\">\n\n<h2 class=\"wp-block-heading\"><strong>Reduzca los costos operativos de sus dispositivos<\/strong><\/h2>\n\n\n\n<p>Optimice la vida \u00fatil de sus sistemas de impresi\u00f3n y copiadora utilizando t\u00f3ner de alta calidad.<\/p>\n\n\n\n<p>Nuestros t\u00f3neres compatibles ofrecen un alto rendimiento de p\u00e1ginas y una compatibilidad perfecta con los componentes del dispositivo, lo que le permite mantener bajos los costos operativos de sus sistemas de impresora y fotocopiadora y mejorar su rentabilidad.<\/p>\n\n\n\n<p>El t\u00f3ner INTEGRAL tiene la ventaja de un alto rendimiento de p\u00e1ginas y una perfecta compatibilidad con los componentes de los dispositivos de impresoras y fotocopiadoras. El t\u00f3ner INTEGRAL tambi\u00e9n tiene buena miscibilidad con el llamado t\u00f3ner original del fabricante del dispositivo. El t\u00f3ner INTEGRAL tiene la ventaja de un alto rendimiento de p\u00e1ginas y una perfecta compatibilidad con los componentes de los dispositivos de impresoras y fotocopiadoras. El t\u00f3ner INTEGRAL tambi\u00e9n tiene buena miscibilidad con el llamado t\u00f3ner original del fabricante del dispositivo.<\/p>\n\n<\/div>\n        <\/div>\n\n        <div class=\"col-xl-6  order-1 order-xl-2\" data-aos=\"fade-left\" data-aos-anchor=\".block-69d2ac3b28353\">\n          <div class=\"text-image__image wide-image \">\n                          <img decoding=\"async\" width=\"944\" height=\"548\" src=\"https:\/\/integral-toner.de\/wp-content\/uploads\/2023\/10\/integral-betriebskosten.jpg\" class=\"attachment-large_medium size-large_medium\" alt=\"INTEGRAL-Toner sparen Betriebskosten ein\" loading=\"lazy\" srcset=\"https:\/\/integral-toner.de\/wp-content\/uploads\/2023\/10\/integral-betriebskosten.jpg 944w, https:\/\/integral-toner.de\/wp-content\/uploads\/2023\/10\/integral-betriebskosten-300x174.jpg 300w, https:\/\/integral-toner.de\/wp-content\/uploads\/2023\/10\/integral-betriebskosten-768x446.jpg 768w\" sizes=\"auto, (max-width: 944px) 100vw, 944px\" \/>\n                                  <\/div>\n        <\/div>\n      <\/div>\n    <\/div>\n  <\/section>\n\n\n<div id=\"sostenibilidad\"><\/div>\n  <section class=\"text-image block-69d2ac3b29dc9 type-light \" >\n    <div class=\"container\">\n      <div class=\"row align-items-center\">\n        <div class=\"col-xl-6 text-image__content text-image__content--right order-2 order-xl-2\" data-aos=\"fade-left\" data-aos-anchor=\".block-69d2ac3b29dc9\">\n          <div class=\"acf-innerblocks-container\">\n\n<h2 class=\"wp-block-heading\"><strong>Contribuya positivamente a la sostenibilidad<\/strong><\/h2>\n\n\n\n<p>Ayude a proteger el medio ambiente eligiendo t\u00f3ner producido de forma sostenible.<\/p>\n\n\n\n<p>Durante el proceso de fabricaci\u00f3n del t\u00f3ner INTEGRAL s\u00f3lo utilizamos materias primas de alta calidad y respetuosas con el medio ambiente. Estos se eligen para garantizar el uso responsable de los recursos. Tambi\u00e9n cumplimos plenamente con la ley europea sobre productos qu\u00edmicos REACH y la directiva RoHS.<\/p>\n\n\n      <a class=\"btn btn-primary\" href=\"https:\/\/integral-toner.de\/es\/compania\/medio-ambiente-y-sostenibilidad\/\" target=\"\">\n        \n        Leer m\u00e1s    <\/a>\n  \n<\/div>\n        <\/div>\n\n        <div class=\"col-xl-6  order-1 order-xl-1\" data-aos=\"fade-right\" data-aos-anchor=\".block-69d2ac3b29dc9\">\n          <div class=\"text-image__image wide-image text-image__image--left\">\n                          <img decoding=\"async\" width=\"945\" height=\"548\" src=\"https:\/\/integral-toner.de\/wp-content\/uploads\/2023\/10\/integral-hohe-nachhaltigkeit.jpg\" class=\"attachment-large_medium size-large_medium\" alt=\"\" loading=\"lazy\" srcset=\"https:\/\/integral-toner.de\/wp-content\/uploads\/2023\/10\/integral-hohe-nachhaltigkeit.jpg 945w, https:\/\/integral-toner.de\/wp-content\/uploads\/2023\/10\/integral-hohe-nachhaltigkeit-300x174.jpg 300w, https:\/\/integral-toner.de\/wp-content\/uploads\/2023\/10\/integral-hohe-nachhaltigkeit-768x445.jpg 768w\" sizes=\"auto, (max-width: 945px) 100vw, 945px\" \/>\n                                  <\/div>\n        <\/div>\n      <\/div>\n    <\/div>\n  <\/section>\n\n\n<div id=\"ventajas\"><\/div>\n  <section class=\"text-image block-69d2ac3b2b642 type-white \" >\n    <div class=\"container\">\n      <div class=\"row align-items-center\">\n        <div class=\"col-xl-6 text-image__content  order-2 order-xl-1\" data-aos=\"fade-right\" data-aos-anchor=\".block-69d2ac3b2b642\">\n          <div class=\"acf-innerblocks-container\">\n\n<h2 class=\"wp-block-heading\">Descubra los beneficios para usted y sus clientes<\/h2>\n\n\n\n<p>Aproveche nuestra combinaci\u00f3n \u00fanica de calidad excepcional, bajos costos operativos y producci\u00f3n sustentable para crear una propuesta atractiva para sus clientes. Con t\u00f3neres compatibles con calidad OEM a precios competitivos, tambi\u00e9n le ayudamos a ser m\u00e1s rentable.<\/p>\n\n\n\n<p>Nuestro equipo de atenci\u00f3n al cliente est\u00e1 listo para responder cualquier pregunta que pueda tener. Tambi\u00e9n lo ayudaremos con consultas y cotizaciones de env\u00edo.<\/p>\n\n<\/div>\n        <\/div>\n\n        <div class=\"col-xl-6  order-1 order-xl-2\" data-aos=\"fade-left\" data-aos-anchor=\".block-69d2ac3b2b642\">\n          <div class=\"text-image__image wide-image \">\n                          <img decoding=\"async\" width=\"944\" height=\"548\" src=\"https:\/\/integral-toner.de\/wp-content\/uploads\/2023\/10\/integral-vorteile-nutzen.jpg\" class=\"attachment-large_medium size-large_medium\" alt=\"\" loading=\"lazy\" srcset=\"https:\/\/integral-toner.de\/wp-content\/uploads\/2023\/10\/integral-vorteile-nutzen.jpg 944w, https:\/\/integral-toner.de\/wp-content\/uploads\/2023\/10\/integral-vorteile-nutzen-300x174.jpg 300w, https:\/\/integral-toner.de\/wp-content\/uploads\/2023\/10\/integral-vorteile-nutzen-768x446.jpg 768w\" sizes=\"auto, (max-width: 944px) 100vw, 944px\" \/>\n                                  <\/div>\n        <\/div>\n      <\/div>\n    <\/div>\n  <\/section>\n","protected":false},"excerpt":{"rendered":"","protected":false},"author":15,"featured_media":1663,"parent":3389,"menu_order":0,"comment_status":"closed","ping_status":"closed","template":"","meta":{"_acf_changed":false,"_seopress_robots_primary_cat":"","_seopress_titles_title":"Resultados con t\u00f3neres equivalentes a los OEM | INTEGRAL","_seopress_titles_desc":"Benef\u00edciese de las ventajas de una calidad de impresi\u00f3n excepcional y de unos costes operativos reducidos.","_seopress_robots_index":"","footnotes":""},"class_list":["post-3431","page","type-page","status-publish","has-post-thumbnail","hentry"],"acf":[],"_links":{"self":[{"href":"https:\/\/integral-toner.de\/es\/wp-json\/wp\/v2\/pages\/3431","targetHints":{"allow":["GET"]}}],"collection":[{"href":"https:\/\/integral-toner.de\/es\/wp-json\/wp\/v2\/pages"}],"about":[{"href":"https:\/\/integral-toner.de\/es\/wp-json\/wp\/v2\/types\/page"}],"author":[{"embeddable":true,"href":"https:\/\/integral-toner.de\/es\/wp-json\/wp\/v2\/users\/15"}],"replies":[{"embeddable":true,"href":"https:\/\/integral-toner.de\/es\/wp-json\/wp\/v2\/comments?post=3431"}],"version-history":[{"count":18,"href":"https:\/\/integral-toner.de\/es\/wp-json\/wp\/v2\/pages\/3431\/revisions"}],"predecessor-version":[{"id":7715,"href":"https:\/\/integral-toner.de\/es\/wp-json\/wp\/v2\/pages\/3431\/revisions\/7715"}],"up":[{"embeddable":true,"href":"https:\/\/integral-toner.de\/es\/wp-json\/wp\/v2\/pages\/3389"}],"wp:featuredmedia":[{"embeddable":true,"href":"https:\/\/integral-toner.de\/es\/wp-json\/wp\/v2\/media\/1663"}],"wp:attachment":[{"href":"https:\/\/integral-toner.de\/es\/wp-json\/wp\/v2\/media?parent=3431"}],"curies":[{"name":"wp","href":"https:\/\/api.w.org\/{rel}","templated":true}]}}