{"id":3210,"date":"2023-10-18T15:40:37","date_gmt":"2023-10-18T15:40:37","guid":{"rendered":"https:\/\/integral-toner.de\/?page_id=3210"},"modified":"2025-06-25T12:17:04","modified_gmt":"2025-06-25T10:17:04","slug":"home","status":"publish","type":"page","link":"https:\/\/integral-toner.de\/es\/","title":{"rendered":"P\u00e1gina de inicio"},"content":{"rendered":"  <section class=\"hero block-69d2c4d662b83\" >\n    <ul class=\"hero__slider\">\n            <li>\n        <div class=\"container\">\n          <h1 class=\"hero__title\">VERDADERO PODER.<br>  T\u00d3NER INTEGRAL.<\/h1>\n        <\/div>\n                  <img loading=\"lazy\" decoding=\"async\" width=\"1920\" height=\"880\" src=\"https:\/\/integral-toner.de\/wp-content\/uploads\/2023\/10\/true-power-integral-toner-min.jpg\" class=\"attachment-full size-full\" alt=\"Toner in marktf\u00fchrender Quali\" srcset=\"https:\/\/integral-toner.de\/wp-content\/uploads\/2023\/10\/true-power-integral-toner-min.jpg 1920w, https:\/\/integral-toner.de\/wp-content\/uploads\/2023\/10\/true-power-integral-toner-min-300x138.jpg 300w, https:\/\/integral-toner.de\/wp-content\/uploads\/2023\/10\/true-power-integral-toner-min-1024x469.jpg 1024w, https:\/\/integral-toner.de\/wp-content\/uploads\/2023\/10\/true-power-integral-toner-min-768x352.jpg 768w, https:\/\/integral-toner.de\/wp-content\/uploads\/2023\/10\/true-power-integral-toner-min-1536x704.jpg 1536w\" sizes=\"auto, (max-width: 1920px) 100vw, 1920px\" \/>\n              <\/li>\n            <li>\n        <div class=\"container\">\n          <h1 class=\"hero__title\">NEGRO VERDADERO.<br>  T\u00d3NER INTEGRAL.<\/h1>\n        <\/div>\n                  <div class=\"d-none d-md-block\">\n            <img loading=\"lazy\" decoding=\"async\" width=\"1920\" height=\"880\" src=\"https:\/\/integral-toner.de\/wp-content\/uploads\/2023\/10\/true-black-integral-toner-min.jpg\" class=\"attachment-full size-full\" alt=\"\" srcset=\"https:\/\/integral-toner.de\/wp-content\/uploads\/2023\/10\/true-black-integral-toner-min.jpg 1920w, https:\/\/integral-toner.de\/wp-content\/uploads\/2023\/10\/true-black-integral-toner-min-300x138.jpg 300w, https:\/\/integral-toner.de\/wp-content\/uploads\/2023\/10\/true-black-integral-toner-min-1024x469.jpg 1024w, https:\/\/integral-toner.de\/wp-content\/uploads\/2023\/10\/true-black-integral-toner-min-768x352.jpg 768w, https:\/\/integral-toner.de\/wp-content\/uploads\/2023\/10\/true-black-integral-toner-min-1536x704.jpg 1536w\" sizes=\"auto, (max-width: 1920px) 100vw, 1920px\" \/>\n          <\/div>\n          <div class=\"d-block d-md-none\">\n            <img loading=\"lazy\" decoding=\"async\" width=\"936\" height=\"880\" src=\"https:\/\/integral-toner.de\/wp-content\/uploads\/2024\/04\/true-black-integral-toner-min-mobile.jpg\" class=\"attachment-full size-full\" alt=\"\" srcset=\"https:\/\/integral-toner.de\/wp-content\/uploads\/2024\/04\/true-black-integral-toner-min-mobile.jpg 936w, https:\/\/integral-toner.de\/wp-content\/uploads\/2024\/04\/true-black-integral-toner-min-mobile-300x282.jpg 300w, https:\/\/integral-toner.de\/wp-content\/uploads\/2024\/04\/true-black-integral-toner-min-mobile-768x722.jpg 768w\" sizes=\"auto, (max-width: 936px) 100vw, 936px\" \/>\n          <\/div>\n              <\/li>\n            <li>\n        <div class=\"container\">\n          <h1 class=\"hero__title\">COLORES VERDADEROS.<br>  T\u00d3NER INTEGRAL.<\/h1>\n        <\/div>\n                  <img loading=\"lazy\" decoding=\"async\" width=\"1920\" height=\"880\" src=\"https:\/\/integral-toner.de\/wp-content\/uploads\/2023\/10\/true-colors-integral-toner-min.jpg\" class=\"attachment-full size-full\" alt=\"\" srcset=\"https:\/\/integral-toner.de\/wp-content\/uploads\/2023\/10\/true-colors-integral-toner-min.jpg 1920w, https:\/\/integral-toner.de\/wp-content\/uploads\/2023\/10\/true-colors-integral-toner-min-300x138.jpg 300w, https:\/\/integral-toner.de\/wp-content\/uploads\/2023\/10\/true-colors-integral-toner-min-1024x469.jpg 1024w, https:\/\/integral-toner.de\/wp-content\/uploads\/2023\/10\/true-colors-integral-toner-min-768x352.jpg 768w, https:\/\/integral-toner.de\/wp-content\/uploads\/2023\/10\/true-colors-integral-toner-min-1536x704.jpg 1536w\" sizes=\"auto, (max-width: 1920px) 100vw, 1920px\" \/>\n              <\/li>\n          <\/ul>\n          <a href=\"#kompromisse\" class=\"hero__btn\" title=\"\" >\n        \n      <\/a>\n      <\/section>\n  <section class=\"text-image block-69d2c4d66902a type-blanco \" id=\"kompromisse\">\n    <div class=\"container\">\n      <div class=\"row dontcenter\">\n        <div class=\"col-xl-6 text-image__content  mb-5 mb-xl-0 order-xl-1\" data-aos=\"fade-right\" data-aos-anchor=\".block-69d2c4d66902a\">\n          <div class=\"acf-innerblocks-container\">\n  <h2 class=\"g-h2-subtitle\">\n    <span>CALIDAD SIN COMPROMISO<\/span><br \/>\n    El T\u00f3ner para Mejores Im\u00e1genes  <\/h2>\n\n\n\n<p>INTEGRAL es uno de los principales fabricantes mundiales de t\u00f3ner. INTEGRAL es el \u00fanico fabricante original de polvo de t\u00f3ner en Europa que no est\u00e1 vinculado a un fabricante de aparatos espec\u00edfico.<\/p>\n\n\n\n<p>El uso de t\u00f3neres INTEGRAL ofrece las ventajas de una excelente calidad del producto, una alta competitividad de precios y sostenibilidad.  <br\/>El eslogan \u00abEl t\u00f3ner para mejores im\u00e1genes\u00bb es sin\u00f3nimo de calidad sin concesiones.  <\/p>\n\n\n\n<p>Como importador, distribuidor o empresa de mantenimiento de sistemas de copiado e impresi\u00f3n, nuestro objetivo es ofrecerte una experiencia de producto excepcional en todo momento. Y lleva haci\u00e9ndolo m\u00e1s de 50 a\u00f1os.<\/p>\n\n<\/div>\n        <\/div>\n\n        <div class=\"col-xl-6   order-xl-2\" data-aos=\"fade-left\" data-aos-anchor=\".block-69d2c4d66902a\">\n          <div class=\"text-image__image  \">\n                          <img decoding=\"async\" width=\"1071\" height=\"1011\" src=\"https:\/\/integral-toner.de\/wp-content\/uploads\/2023\/10\/the-toner-for-better-images-min.jpg\" class=\"attachment-large_medium size-large_medium\" alt=\"\" loading=\"lazy\" srcset=\"https:\/\/integral-toner.de\/wp-content\/uploads\/2023\/10\/the-toner-for-better-images-min.jpg 1071w, https:\/\/integral-toner.de\/wp-content\/uploads\/2023\/10\/the-toner-for-better-images-min-300x283.jpg 300w, https:\/\/integral-toner.de\/wp-content\/uploads\/2023\/10\/the-toner-for-better-images-min-1024x967.jpg 1024w, https:\/\/integral-toner.de\/wp-content\/uploads\/2023\/10\/the-toner-for-better-images-min-768x725.jpg 768w\" sizes=\"auto, (max-width: 1071px) 100vw, 1071px\" \/>\n                                  <\/div>\n        <\/div>\n      <\/div>\n    <\/div>\n  <\/section>\n  <section class=\"toner block-69d2c4d66b26a\" >\n    <div class=\"container\">\n      <div class=\"row\">\n        <div class=\"col-12\">\n                      <h2 class=\"g-h2-subtitle\">\n              <span>T\u00d3NER INTEGRAL<\/span><br \/>\n              T\u00f3ner de calidad OEM &#8211; directo del fabricante\n            <\/h2>\n                  <\/div>\n                <div class=\"col-12 text-center\">\n          <div class=\"toner__image\">\n            <img decoding=\"async\" width=\"2200\" height=\"1065\" src=\"https:\/\/integral-toner.de\/wp-content\/uploads\/2023\/11\/integral-produktsortiment.jpg\" class=\"attachment-large_medium size-large_medium\" alt=\"Vielf\u00e4ltiges INTEGRAL Produktsortiment\" loading=\"lazy\" srcset=\"https:\/\/integral-toner.de\/wp-content\/uploads\/2023\/11\/integral-produktsortiment.jpg 2200w, https:\/\/integral-toner.de\/wp-content\/uploads\/2023\/11\/integral-produktsortiment-300x145.jpg 300w, https:\/\/integral-toner.de\/wp-content\/uploads\/2023\/11\/integral-produktsortiment-1024x496.jpg 1024w, https:\/\/integral-toner.de\/wp-content\/uploads\/2023\/11\/integral-produktsortiment-768x372.jpg 768w, https:\/\/integral-toner.de\/wp-content\/uploads\/2023\/11\/integral-produktsortiment-1536x744.jpg 1536w, https:\/\/integral-toner.de\/wp-content\/uploads\/2023\/11\/integral-produktsortiment-2048x991.jpg 2048w\" sizes=\"auto, (max-width: 2200px) 100vw, 2200px\" \/>\n          <\/div>\n        <\/div>\n                <div class=\"col-12 col-lg-6\">\n                      <p class=\"g-description\">\n              En t\u00e9rminos de calidad, el t\u00f3ner INTEGRAL est\u00e1 reconocido en el sector como comparable<br \/>\r\na los productos originales de los fabricantes de aparatos. S\u00f3lo hay una diferencia significativa en el precio, a favor de INTEGRAL. Los t\u00f3neres INTEGRAL se caracterizan por la alta calidad de sus productos, sin concesiones y a un precio muy competitivo. Los t\u00f3neres INTEGRAL tambi\u00e9n son l\u00edderes en compatibilidad medioambiental y sostenibilidad.   \n            <\/p>\n                                <a href=\"https:\/\/integral-toner.de\/produkte\/\" class=\"g-btn\" title=\"Descubre nuestros productos\" target=\"_blank\">\n              Descubre nuestros productos\n            <\/a>\n                  <\/div>\n      <\/div>\n    <\/div>\n  <\/section>\n    <section class=\"whyintegral block-69d2c4d66e4ee\" >\n        <div class=\"container\">\n            <div class=\"row\">\n                <div class=\"col-12 col-lg-5\">\n                                            <h2 class=\"g-h2-subtitle\">\n                            <span>\u00bfPOR QU\u00c9 INTEGRAL?<\/span><br\/>\n                            Tus ventajas\n                        <\/h2>\n                                    <\/div>\n                                    <div class=\"whyintegral__image d-none d-lg-flex\">\n                        <img decoding=\"async\" width=\"2500\" height=\"1595\" src=\"https:\/\/integral-toner.de\/wp-content\/uploads\/2023\/11\/vorteile-mit-integral-1.jpg\" class=\"attachment-large_medium size-large_medium\" alt=\"\" loading=\"lazy\" srcset=\"https:\/\/integral-toner.de\/wp-content\/uploads\/2023\/11\/vorteile-mit-integral-1.jpg 2500w, https:\/\/integral-toner.de\/wp-content\/uploads\/2023\/11\/vorteile-mit-integral-1-300x191.jpg 300w, https:\/\/integral-toner.de\/wp-content\/uploads\/2023\/11\/vorteile-mit-integral-1-1024x653.jpg 1024w, https:\/\/integral-toner.de\/wp-content\/uploads\/2023\/11\/vorteile-mit-integral-1-768x490.jpg 768w, https:\/\/integral-toner.de\/wp-content\/uploads\/2023\/11\/vorteile-mit-integral-1-1536x980.jpg 1536w, https:\/\/integral-toner.de\/wp-content\/uploads\/2023\/11\/vorteile-mit-integral-1-2048x1307.jpg 2048w\" sizes=\"auto, (max-width: 2500px) 100vw, 2500px\" \/>\n                    <\/div>\n                                <div class=\"col-12 col-lg-5 offset-lg-1\">\n                                            <p class=\"g-description\">\n                            Compras el t\u00f3ner directamente al fabricante. Al convertir el t\u00f3ner INTEGRAL en la base del \u00e9xito de tu negocio, est\u00e1s tomando la decisi\u00f3n a favor de una calidad de producto excelente y constante. Adem\u00e1s, el t\u00f3ner INTEGRAL tiene un precio atractivo y contribuye de forma importante a reducir los costes operativos de los sistemas de impresi\u00f3n y copia. El t\u00f3ner INTEGRAL se considera ejemplar en t\u00e9rminos de sostenibilidad.   \n                        <\/p>\n                    \n                                            <ul class=\"mt-5 is-style-red-list d-lg-none\">\n                                                            <li>Excelente calidad de impresi\u00f3n<\/li>\n                                                            <li>Excelente y compatible<\/li>\n                                                            <li>Alto rendimiento de p\u00e1ginas<\/li>\n                                                            <li>Sostenibilidad<\/li>\n                                                            <li>Relaci\u00f3n calidad\/precio l\u00edder<\/li>\n                                                            <li>Bajos costes de funcionamiento<\/li>\n                                                            <li>Precio atractivo<\/li>\n                                                    <\/ul>\n                                    <\/div>\n            <\/div>\n        <\/div>\n\n                    <div class=\"mt-5 m-0 whyintegral__image d-block d-lg-none\">\n                <img decoding=\"async\" width=\"600\" height=\"602\" src=\"https:\/\/integral-toner.de\/wp-content\/uploads\/2023\/11\/Montage-Winter-Kartusche-mobil.jpg\" class=\"attachment-large_medium size-large_medium\" alt=\"Toner direkt vom Hersteller\" loading=\"lazy\" srcset=\"https:\/\/integral-toner.de\/wp-content\/uploads\/2023\/11\/Montage-Winter-Kartusche-mobil.jpg 600w, https:\/\/integral-toner.de\/wp-content\/uploads\/2023\/11\/Montage-Winter-Kartusche-mobil-300x300.jpg 300w, https:\/\/integral-toner.de\/wp-content\/uploads\/2023\/11\/Montage-Winter-Kartusche-mobil-150x150.jpg 150w\" sizes=\"auto, (max-width: 600px) 100vw, 600px\" \/>\n            <\/div>\n            <\/section>\n  <section class=\"advantages block-69d2c4d67112c\" >\n    <div class=\"container\">\n      <div class=\"row\">\n                  <div class=\"col-12 col-md-6 col-lg-4\">\n            <div class=\"advantages__item\">\n              <p class=\"advantages__title\">Mayor rentabilidad y la mejor calidad de impresi\u00f3n posible<\/p>\n              <p class=\"advantages__description\">Ahorrar costes sin comprometer la calidad es la ventaja que los distribuidores especializados en tecnolog\u00eda de copia e impresi\u00f3n esperan de un fabricante l\u00edder de t\u00f3ner.<\/p> \n            <\/div>\n          <\/div>\n                  <div class=\"col-12 col-md-6 col-lg-4\">\n            <div class=\"advantages__item\">\n              <p class=\"advantages__title\">Elige un fabricante de t\u00f3ner original<\/p>\n              <p class=\"advantages__description\">INTEGRAL lleva produciendo t\u00f3ner desde 1973 y, con medio siglo de experiencia en producci\u00f3n, somos una de las empresas con m\u00e1s experiencia del sector. <\/p> \n            <\/div>\n          <\/div>\n                  <div class=\"col-12 col-md-6 col-lg-4\">\n            <div class=\"advantages__item\">\n              <p class=\"advantages__title\">Aprovecha la alta calidad de impresi\u00f3n y copia<\/p>\n              <p class=\"advantages__description\">Los usuarios y las empresas especializadas esperan una calidad de impresi\u00f3n perfecta de un t\u00f3ner de alta calidad.<\/p> \n            <\/div>\n          <\/div>\n                  <div class=\"col-12 col-md-6 col-lg-4\">\n            <div class=\"advantages__item\">\n              <p class=\"advantages__title\">Elige productos con un alto nivel de sostenibilidad<\/p>\n              <p class=\"advantages__description\">La acci\u00f3n sostenible es una gran prioridad en INTEGRAL. El uso responsable de los recursos est\u00e1 en el centro de nuestra filosof\u00eda corporativa. <\/p> \n            <\/div>\n          <\/div>\n                  <div class=\"col-12 col-md-6 col-lg-4\">\n            <div class=\"advantages__item\">\n              <p class=\"advantages__title\">Optimiza las ventajas y beneficios para tu empresa y tus clientes<\/p>\n              <p class=\"advantages__description\">El eslogan de la empresa &quot;El t\u00f3ner para mejores im\u00e1genes&quot; representa las ventajas que se derivan del uso del t\u00f3ner INTEGRAL.<\/p> \n            <\/div>\n          <\/div>\n                  <div class=\"col-12 col-md-6 col-lg-4\">\n            <div class=\"advantages__item\">\n              <p class=\"advantages__title\">Optimizar los costes de funcionamiento de los aparatos<\/p>\n              <p class=\"advantages__description\">Para ser econ\u00f3mico, un t\u00f3ner debe garantizar unos bajos costes de funcionamiento del hardware, adem\u00e1s de una alta calidad de impresi\u00f3n.<\/p> \n            <\/div>\n          <\/div>\n                <div class=\"col-12\">\n                      <a href=\"https:\/\/integral-toner.de\/unternehmen\/warum-integral\/\" class=\"g-btn\" title=\"M\u00e1s informaci\u00f3n\" >\n              M\u00e1s informaci\u00f3n\n            <\/a>\n                  <\/div>\n      <\/div>\n    <\/div>\n  <\/section>\n    <section class=\"career block-69d2c4d6744f9\" >\n                    <div class=\"career__image\">\n                <img decoding=\"async\" width=\"945\" height=\"548\" src=\"https:\/\/integral-toner.de\/wp-content\/uploads\/2023\/10\/karriere-bei-integral-min.jpg\" class=\"attachment-large_medium size-large_medium\" alt=\"\" loading=\"lazy\" srcset=\"https:\/\/integral-toner.de\/wp-content\/uploads\/2023\/10\/karriere-bei-integral-min.jpg 945w, https:\/\/integral-toner.de\/wp-content\/uploads\/2023\/10\/karriere-bei-integral-min-300x174.jpg 300w, https:\/\/integral-toner.de\/wp-content\/uploads\/2023\/10\/karriere-bei-integral-min-768x445.jpg 768w\" sizes=\"auto, (max-width: 945px) 100vw, 945px\" \/>\n            <\/div>\n                <div class=\"container\">\n            <div class=\"row\">\n                <div class=\"col-12 col-xl-5\">\n                                            <h2 class=\"g-h2-subtitle\">\n                            <span>CARRERA CON INTEGRAL<\/span><br\/>\n                            Juntos marcamos la pauta\n                        <\/h2>\n                    \n                                            <p class=\"g-description\">\n                            \u00bfEs hora de cambiar de profesi\u00f3n? \u00bfTe gustar\u00eda dar un soplo de aire fresco a tu carrera? Como empleado comprometido y competente, est\u00e1s en el buen camino en INTEGRAL. Ofrecemos atractivas oportunidades de carrera a los mejores. Y quiz\u00e1 pronto podamos darte la bienvenida como incorporaci\u00f3n a nuestro equipo.    <br \/>\r\n<br \/>\r\n\u00a1Encuentra ahora el trabajo adecuado con nosotros!\n                        <\/p>\n                    \n                                            <a href=\"https:\/\/integral-toner.de\/unternehmen\/karriere\/#stellenanzeigen\" class=\"g-btn\" title=\"Vacantes actuales\"\n                           >\n                            Vacantes actuales\n                        <\/a>\n                                    <\/div>\n            <\/div>\n            <div class=\"row career__cards \">\n                \n                <div class=\"col-12 \">\n                    <div class=\"g-card second\">\n                                                    <p class=\"g-card__title\">APOYA<\/p>\n                            <p class=\"g-card__description\">\u00bfTienes alguna pregunta sobre nosotros o nuestros productos?<\/p>\n                                                                            <span class=\"g-card__arrow\"><\/span>\n                            <a href=\"https:\/\/integral-toner.de\/support\/\" class=\"g-card__link\" title=\"\u00bfTienes alguna pregunta sobre nosotros o nuestros productos?\"><\/a>\n                                            <\/div>\n                <\/div>\n            <\/div>\n        <\/div>\n    <\/section>\n","protected":false},"excerpt":{"rendered":"","protected":false},"author":1,"featured_media":1002,"parent":0,"menu_order":0,"comment_status":"closed","ping_status":"open","template":"","meta":{"_acf_changed":false,"_seopress_robots_primary_cat":"","_seopress_titles_title":"Fabricante de t\u00f3ner | T\u00f3ner INTEGRAL","_seopress_titles_desc":"T\u00f3ner B2B para importadores y revendedores \u2714\ufe0f Calidad OEM \u2714\ufe0f independiente del fabricante \u2714\ufe0f sostenible \u2714\ufe0f \u00a1Pide precio ahora!","_seopress_robots_index":"","footnotes":""},"class_list":["post-3210","page","type-page","status-publish","has-post-thumbnail","hentry"],"acf":[],"_links":{"self":[{"href":"https:\/\/integral-toner.de\/es\/wp-json\/wp\/v2\/pages\/3210","targetHints":{"allow":["GET"]}}],"collection":[{"href":"https:\/\/integral-toner.de\/es\/wp-json\/wp\/v2\/pages"}],"about":[{"href":"https:\/\/integral-toner.de\/es\/wp-json\/wp\/v2\/types\/page"}],"author":[{"embeddable":true,"href":"https:\/\/integral-toner.de\/es\/wp-json\/wp\/v2\/users\/1"}],"replies":[{"embeddable":true,"href":"https:\/\/integral-toner.de\/es\/wp-json\/wp\/v2\/comments?post=3210"}],"version-history":[{"count":23,"href":"https:\/\/integral-toner.de\/es\/wp-json\/wp\/v2\/pages\/3210\/revisions"}],"predecessor-version":[{"id":10800,"href":"https:\/\/integral-toner.de\/es\/wp-json\/wp\/v2\/pages\/3210\/revisions\/10800"}],"wp:featuredmedia":[{"embeddable":true,"href":"https:\/\/integral-toner.de\/es\/wp-json\/wp\/v2\/media\/1002"}],"wp:attachment":[{"href":"https:\/\/integral-toner.de\/es\/wp-json\/wp\/v2\/media?parent=3210"}],"curies":[{"name":"wp","href":"https:\/\/api.w.org\/{rel}","templated":true}]}}