{"id":2994,"date":"2023-11-13T11:20:54","date_gmt":"2023-11-13T11:20:54","guid":{"rendered":"https:\/\/integral-toner.de\/company\/why-integral\/choose-a-genuine-toner-manufacturer\/"},"modified":"2025-07-01T12:58:59","modified_gmt":"2025-07-01T10:58:59","slug":"choose-a-genuine-toner-manufacturer","status":"publish","type":"page","link":"https:\/\/integral-toner.de\/en\/company\/why-integral\/choose-a-genuine-toner-manufacturer\/","title":{"rendered":"Choose a genuine toner manufacturer"},"content":{"rendered":"  <section class=\"textsection block-69d2599e0394c type- \" >\n    <div class=\"container\">\n      <div class=\"row\">\n        <div class=\"col-12 col-lg-8 offset-lg-2 g-content\">\n          <div class=\"acf-innerblocks-container\">\n  <h1 class=\"g-h1-subtitle\">\n    <span>Why integral<\/span><br \/>\n    Choose a genuine toner manufacturer  <\/h1>\n\n\n\n<figure class=\"wp-block-image size-full\"><img loading=\"lazy\" decoding=\"async\" width=\"945\" height=\"548\" src=\"https:\/\/integral-toner.de\/wp-content\/uploads\/2023\/10\/integral-tonerhersteller.jpg\" alt=\"\" class=\"wp-image-262\" srcset=\"https:\/\/integral-toner.de\/wp-content\/uploads\/2023\/10\/integral-tonerhersteller.jpg 945w, https:\/\/integral-toner.de\/wp-content\/uploads\/2023\/10\/integral-tonerhersteller-300x174.jpg 300w, https:\/\/integral-toner.de\/wp-content\/uploads\/2023\/10\/integral-tonerhersteller-768x445.jpg 768w\" sizes=\"auto, (max-width: 945px) 100vw, 945px\" \/><\/figure>\n\n\n\n<p>INTEGRAL produziert Toner seit 1973. With half a century of production experience, we are one of the most experienced companies in the industry. That\u2019s why we carry out every stage of the toner manufacturing process\u2014from the extrusion of raw materials and the grinding and classifying processes to the additive coating of toner particles and filling cartridges.<\/p>\n\n\n\n<p>Unlike other suppliers, we do not only fill cartridges.<\/p>\n\n\n\n<p>By completing the whole manufacturing process in-house, we can assure you of the quality of our compatible toners.<br\/><br\/>We\u2019ve been manufacturing toner since 1973, and are one of the most experienced companies in the toner industry. Today we\u2019re Europe\u2019s only independent toner manufacturer and a leading manufacturer worldwide. Die Entwicklung und Qualit\u00e4tskontrolle der Monochrom- und Farbtoner erfolgt in einem vollausgestatteten, eigenen Entwicklungslabor. Indem Sie INTEGRAL f\u00fcr Ihren Tonerbedarf w\u00e4hlen, entscheiden Sie sich f\u00fcr die Zusammenarbeit direkt mit dem Hersteller.<\/p>\n\n\n      <a class=\"is-style-back-to\" href=\"https:\/\/integral-toner.de\/unternehmen\/warum-integral#tonhersteller\/\" target=\"\">\n        <svg xmlns=\"http:\/\/www.w3.org\/2000\/svg\" width=\"26.964\" height=\"15.208\" viewBox=\"0 0 26.964 15.208\">\n  <g transform=\"translate(1 0.707)\">\n    <path d=\"M388.367,27l-6.9-6.9a1,1,0,0,1,0-1.414l6.9-6.9,1.414,1.414-6.19,6.19,6.19,6.19Z\" transform=\"translate(-382.177 -12.5)\" fill=\"#e3051b\"\/>\n    <path d=\"M25.964,1H0V-1H25.964Z\" transform=\"translate(0 6.897)\" fill=\"#e3051b\"\/>\n  <\/g>\n<\/svg>\n\n        Back to overview    <\/a>\n  \n<\/div>\n        <\/div>\n      <\/div>\n    <\/div>\n  <\/section>\n","protected":false},"excerpt":{"rendered":"","protected":false},"author":2,"featured_media":1315,"parent":2652,"menu_order":0,"comment_status":"closed","ping_status":"closed","template":"template-article.php","meta":{"_acf_changed":false,"_seopress_robots_primary_cat":"","_seopress_titles_title":"Toner manufacturer since 1973 | INTEGRAL Toner","_seopress_titles_desc":"With over 50 years of production experience, we are one of the most experienced companies in the industry. With us you will find the complete production of toner powder through to the finished cartridges that are placed in the printer at home. \u2794 Cooperation directly with the manufacturer!  ","_seopress_robots_index":"","footnotes":""},"class_list":["post-2994","page","type-page","status-publish","has-post-thumbnail","hentry"],"acf":[],"_links":{"self":[{"href":"https:\/\/integral-toner.de\/en\/wp-json\/wp\/v2\/pages\/2994","targetHints":{"allow":["GET"]}}],"collection":[{"href":"https:\/\/integral-toner.de\/en\/wp-json\/wp\/v2\/pages"}],"about":[{"href":"https:\/\/integral-toner.de\/en\/wp-json\/wp\/v2\/types\/page"}],"author":[{"embeddable":true,"href":"https:\/\/integral-toner.de\/en\/wp-json\/wp\/v2\/users\/2"}],"replies":[{"embeddable":true,"href":"https:\/\/integral-toner.de\/en\/wp-json\/wp\/v2\/comments?post=2994"}],"version-history":[{"count":14,"href":"https:\/\/integral-toner.de\/en\/wp-json\/wp\/v2\/pages\/2994\/revisions"}],"predecessor-version":[{"id":9320,"href":"https:\/\/integral-toner.de\/en\/wp-json\/wp\/v2\/pages\/2994\/revisions\/9320"}],"up":[{"embeddable":true,"href":"https:\/\/integral-toner.de\/en\/wp-json\/wp\/v2\/pages\/2652"}],"wp:featuredmedia":[{"embeddable":true,"href":"https:\/\/integral-toner.de\/en\/wp-json\/wp\/v2\/media\/1315"}],"wp:attachment":[{"href":"https:\/\/integral-toner.de\/en\/wp-json\/wp\/v2\/media?parent=2994"}],"curies":[{"name":"wp","href":"https:\/\/api.w.org\/{rel}","templated":true}]}}