{"id":2948,"date":"2023-10-28T10:59:11","date_gmt":"2023-10-28T10:59:11","guid":{"rendered":"https:\/\/integral-toner.de\/qualitaet-und-zuverlaessigkeit-stehen-bei-integral-an-erster-stelle\/"},"modified":"2025-06-25T14:57:25","modified_gmt":"2025-06-25T12:57:25","slug":"quality-and-reliability-are-top-priorities","status":"publish","type":"page","link":"https:\/\/integral-toner.de\/en\/quality-and-reliability-are-top-priorities\/","title":{"rendered":"Quality and reliability are INTEGRAL&#8217;s top priorities"},"content":{"rendered":"  <section class=\"textsection block-69e15746e91c0 type- \" >\n    <div class=\"container\">\n      <div class=\"row\">\n        <div class=\"col-12 col-lg-8 offset-lg-2 g-content\">\n          <div class=\"acf-innerblocks-container\">\n  <h1 class=\"g-h1-subtitle\">\n    <span>Company<\/span><br \/>\n    Quality and reliability are INTEGRAL&#8217;s top priorities  <\/h1>\n\n\n\n<figure class=\"wp-block-image size-full\"><img loading=\"lazy\" decoding=\"async\" width=\"945\" height=\"548\" src=\"https:\/\/integral-toner.de\/wp-content\/uploads\/2023\/10\/integral-zuverlaessigkeit.jpg\" alt=\"\" class=\"wp-image-402\" srcset=\"https:\/\/integral-toner.de\/wp-content\/uploads\/2023\/10\/integral-zuverlaessigkeit.jpg 945w, https:\/\/integral-toner.de\/wp-content\/uploads\/2023\/10\/integral-zuverlaessigkeit-300x174.jpg 300w, https:\/\/integral-toner.de\/wp-content\/uploads\/2023\/10\/integral-zuverlaessigkeit-768x445.jpg 768w\" sizes=\"auto, (max-width: 945px) 100vw, 945px\" \/><\/figure>\n\n\n\n<p>Extensive printing and copying tests are used to ensure optical density, page yields and, in the case of toner for full-color devices, color accuracy. The extensive quality assurance measures help to ensure that customers only receive products that meet the highest standards. <\/p>\n\n\n\n<p>The comprehensive quality control system during the production process ensures that only products that meet INTEGRAL&#8217;s high quality standards are delivered.<\/p>\n\n\n\n<p>Modern laboratory facilities support seamless quality control. The most important advantage of this for customers is the outstanding quality and performance of the products. <\/p>\n\n\n\n<p>Outstanding quality means toner of consistent performance and composition with every delivery.<\/p>\n\n\n\n<p>New products are always subjected to extensive testing. These take place under a variety of different environmental and equipment conditions. In-house long-term tests are also carried out.  <\/p>\n\n\n\n<p>Each production batch is subjected to an extensive quality control analysis by the company&#8217;s own development laboratory before delivery to the customer. In addition, appropriate copying and printing tests are carried out. <\/p>\n\n\n\n<p>If, in addition to product quality and price competitiveness, high product availability and short delivery times are important, INTEGRAL is the right partner for you.<\/p>\n\n\n\n<div class=\"gallery\"  data-images=\"https:\/\/integral-toner.de\/wp-content\/uploads\/2023\/11\/laborcomputer-mit-messerbenissen.jpg||https:\/\/integral-toner.de\/wp-content\/uploads\/2023\/11\/laborant-kopiert-dokumente.jpg||https:\/\/integral-toner.de\/wp-content\/uploads\/2023\/11\/laborrant-kontrolliert-ergebnisse.jpg\" >\n    <ul class=\"gallery__images\">\n                    <li><img loading=\"lazy\" decoding=\"async\" width=\"1100\" height=\"740\" src=\"https:\/\/integral-toner.de\/wp-content\/uploads\/2023\/11\/laborcomputer-mit-messerbenissen.jpg\" class=\"attachment-full size-full\" alt=\"Computer im Labor bei INTEGRAL\" srcset=\"https:\/\/integral-toner.de\/wp-content\/uploads\/2023\/11\/laborcomputer-mit-messerbenissen.jpg 1100w, https:\/\/integral-toner.de\/wp-content\/uploads\/2023\/11\/laborcomputer-mit-messerbenissen-300x202.jpg 300w, https:\/\/integral-toner.de\/wp-content\/uploads\/2023\/11\/laborcomputer-mit-messerbenissen-1024x689.jpg 1024w, https:\/\/integral-toner.de\/wp-content\/uploads\/2023\/11\/laborcomputer-mit-messerbenissen-768x517.jpg 768w\" sizes=\"auto, (max-width: 1100px) 100vw, 1100px\" \/><\/li>\n                    <li><img loading=\"lazy\" decoding=\"async\" width=\"1100\" height=\"733\" src=\"https:\/\/integral-toner.de\/wp-content\/uploads\/2023\/11\/laborant-kopiert-dokumente.jpg\" class=\"attachment-full size-full\" alt=\"Laborant f\u00fchrt Toner-Tests durch bei INTEGRAL\" srcset=\"https:\/\/integral-toner.de\/wp-content\/uploads\/2023\/11\/laborant-kopiert-dokumente.jpg 1100w, https:\/\/integral-toner.de\/wp-content\/uploads\/2023\/11\/laborant-kopiert-dokumente-300x200.jpg 300w, https:\/\/integral-toner.de\/wp-content\/uploads\/2023\/11\/laborant-kopiert-dokumente-1024x682.jpg 1024w, https:\/\/integral-toner.de\/wp-content\/uploads\/2023\/11\/laborant-kopiert-dokumente-768x512.jpg 768w\" sizes=\"auto, (max-width: 1100px) 100vw, 1100px\" \/><\/li>\n                    <li><img loading=\"lazy\" decoding=\"async\" width=\"1100\" height=\"700\" src=\"https:\/\/integral-toner.de\/wp-content\/uploads\/2023\/11\/laborrant-kontrolliert-ergebnisse.jpg\" class=\"attachment-full size-full\" alt=\"Der Laborant \u00fcberpr\u00fcft die Ergebnisse der Druck- und Kopierertests f\u00fcr den INTEGRAL-Toner\" srcset=\"https:\/\/integral-toner.de\/wp-content\/uploads\/2023\/11\/laborrant-kontrolliert-ergebnisse.jpg 1100w, https:\/\/integral-toner.de\/wp-content\/uploads\/2023\/11\/laborrant-kontrolliert-ergebnisse-300x191.jpg 300w, https:\/\/integral-toner.de\/wp-content\/uploads\/2023\/11\/laborrant-kontrolliert-ergebnisse-1024x652.jpg 1024w, https:\/\/integral-toner.de\/wp-content\/uploads\/2023\/11\/laborrant-kontrolliert-ergebnisse-768x489.jpg 768w\" sizes=\"auto, (max-width: 1100px) 100vw, 1100px\" \/><\/li>\n            <\/ul>\n<\/div>\n\n\n      <a class=\"is-style-back-to\" href=\"https:\/\/integral-toner.de\/unternehmen\/#qualitatssicherung\" target=\"\">\n        <svg xmlns=\"http:\/\/www.w3.org\/2000\/svg\" width=\"26.964\" height=\"15.208\" viewBox=\"0 0 26.964 15.208\">\n  <g transform=\"translate(1 0.707)\">\n    <path d=\"M388.367,27l-6.9-6.9a1,1,0,0,1,0-1.414l6.9-6.9,1.414,1.414-6.19,6.19,6.19,6.19Z\" transform=\"translate(-382.177 -12.5)\" fill=\"#e3051b\"\/>\n    <path d=\"M25.964,1H0V-1H25.964Z\" transform=\"translate(0 6.897)\" fill=\"#e3051b\"\/>\n  <\/g>\n<\/svg>\n\n        Back to overview    <\/a>\n  \n<\/div>\n        <\/div>\n      <\/div>\n    <\/div>\n  <\/section>\n","protected":false},"excerpt":{"rendered":"","protected":false},"author":1,"featured_media":701,"parent":0,"menu_order":0,"comment_status":"closed","ping_status":"closed","template":"template-article.php","meta":{"_acf_changed":false,"_seopress_robots_primary_cat":"","_seopress_titles_title":"Quality in toner development | INTEGRAL","_seopress_titles_desc":"New products are always subjected to extensive testing. \u2794 Long-term tests are carried out under various environmental and equipment conditions directly at Integral. ","_seopress_robots_index":"","footnotes":""},"class_list":["post-2948","page","type-page","status-publish","has-post-thumbnail","hentry"],"acf":[],"_links":{"self":[{"href":"https:\/\/integral-toner.de\/en\/wp-json\/wp\/v2\/pages\/2948","targetHints":{"allow":["GET"]}}],"collection":[{"href":"https:\/\/integral-toner.de\/en\/wp-json\/wp\/v2\/pages"}],"about":[{"href":"https:\/\/integral-toner.de\/en\/wp-json\/wp\/v2\/types\/page"}],"author":[{"embeddable":true,"href":"https:\/\/integral-toner.de\/en\/wp-json\/wp\/v2\/users\/1"}],"replies":[{"embeddable":true,"href":"https:\/\/integral-toner.de\/en\/wp-json\/wp\/v2\/comments?post=2948"}],"version-history":[{"count":7,"href":"https:\/\/integral-toner.de\/en\/wp-json\/wp\/v2\/pages\/2948\/revisions"}],"predecessor-version":[{"id":8975,"href":"https:\/\/integral-toner.de\/en\/wp-json\/wp\/v2\/pages\/2948\/revisions\/8975"}],"wp:featuredmedia":[{"embeddable":true,"href":"https:\/\/integral-toner.de\/en\/wp-json\/wp\/v2\/media\/701"}],"wp:attachment":[{"href":"https:\/\/integral-toner.de\/en\/wp-json\/wp\/v2\/media?parent=2948"}],"curies":[{"name":"wp","href":"https:\/\/api.w.org\/{rel}","templated":true}]}}