{"id":2934,"date":"2023-10-28T10:55:03","date_gmt":"2023-10-28T10:55:03","guid":{"rendered":"https:\/\/integral-toner.de\/integral-setzt-standards-bei-der-produktionsentwicklung\/"},"modified":"2025-06-25T12:21:59","modified_gmt":"2025-06-25T10:21:59","slug":"quality-and-performance-optimized-through-research-and-development","status":"publish","type":"page","link":"https:\/\/integral-toner.de\/en\/quality-and-performance-optimized-through-research-and-development\/","title":{"rendered":"INTEGRAL sets standards in production development"},"content":{"rendered":"  <section class=\"textsection block-69f23b6b9b192 type- \" >\n    <div class=\"container\">\n      <div class=\"row\">\n        <div class=\"col-12 col-lg-8 offset-lg-2 g-content\">\n          <div class=\"acf-innerblocks-container\">\n  <h1 class=\"g-h1-subtitle\">\n    <span>The company<\/span><br \/>\n    INTEGRAL sets standards in production development  <\/h1>\n\n\n\n<figure class=\"wp-block-image size-full\"><img loading=\"lazy\" decoding=\"async\" width=\"945\" height=\"548\" src=\"https:\/\/integral-toner.de\/wp-content\/uploads\/2023\/10\/integral-labor.jpg\" alt=\"\" class=\"wp-image-380\" srcset=\"https:\/\/integral-toner.de\/wp-content\/uploads\/2023\/10\/integral-labor.jpg 945w, https:\/\/integral-toner.de\/wp-content\/uploads\/2023\/10\/integral-labor-300x174.jpg 300w, https:\/\/integral-toner.de\/wp-content\/uploads\/2023\/10\/integral-labor-768x445.jpg 768w\" sizes=\"auto, (max-width: 945px) 100vw, 945px\" \/><\/figure>\n\n\n\n<p>For this purpose, INTEGRAL maintains a modern toner development laboratory, also known as the development center. The development laboratory is equipped with modern measuring devices for analyzing toner formulations. <\/p>\n\n\n\n<p>Toner product formulations are developed in the development and quality assurance laboratory. The development of toner formulations includes the analysis of the required physio-chemical properties using specialized laboratory analysis equipment. Ongoing pilot plant trials form the core of product development. To optimize the toner formulations, numerous toner small series are run in the toner development pilot plant until the optimum toner properties are achieved for the product to be developed. Analytical measurements are carried out in particular in the area of important factors such as the toner particle size distribution, the rheology of the polymers, as part of the determination of the dissipation factor, the dielectric constant and the triboelectric properties of the toner to be developed.    <\/p>\n\n\n\n<p>Optical density and color accuracy measurements are carried out as part of the analytical measurements to ensure optimum print and image quality. Extensive printing and copying tests record the long-term stability of the toner formulations developed. <\/p>\n\n\n\n<div class=\"gallery\"  data-images=\"https:\/\/integral-toner.de\/wp-content\/uploads\/2024\/01\/2021-20230718_094541-scaled.jpg||https:\/\/integral-toner.de\/wp-content\/uploads\/2023\/10\/gallery-1.jpg||https:\/\/integral-toner.de\/wp-content\/uploads\/2023\/10\/gallery-2.jpg||https:\/\/integral-toner.de\/wp-content\/uploads\/2023\/10\/gallery-3.jpg||https:\/\/integral-toner.de\/wp-content\/uploads\/2023\/10\/integral-zuverlaessigkeit.jpg\" >\n    <ul class=\"gallery__images\">\n                    <li><img loading=\"lazy\" decoding=\"async\" width=\"2560\" height=\"1981\" src=\"https:\/\/integral-toner.de\/wp-content\/uploads\/2024\/01\/2021-20230718_094541-scaled.jpg\" class=\"attachment-full size-full\" alt=\"\" srcset=\"https:\/\/integral-toner.de\/wp-content\/uploads\/2024\/01\/2021-20230718_094541-scaled.jpg 2560w, https:\/\/integral-toner.de\/wp-content\/uploads\/2024\/01\/2021-20230718_094541-300x232.jpg 300w, https:\/\/integral-toner.de\/wp-content\/uploads\/2024\/01\/2021-20230718_094541-1024x793.jpg 1024w, https:\/\/integral-toner.de\/wp-content\/uploads\/2024\/01\/2021-20230718_094541-768x594.jpg 768w, https:\/\/integral-toner.de\/wp-content\/uploads\/2024\/01\/2021-20230718_094541-1536x1189.jpg 1536w, https:\/\/integral-toner.de\/wp-content\/uploads\/2024\/01\/2021-20230718_094541-2048x1585.jpg 2048w\" sizes=\"auto, (max-width: 2560px) 100vw, 2560px\" \/><\/li>\n                    <li><img loading=\"lazy\" decoding=\"async\" width=\"905\" height=\"603\" src=\"https:\/\/integral-toner.de\/wp-content\/uploads\/2023\/10\/gallery-1.jpg\" class=\"attachment-full size-full\" alt=\"Laborant \u00fcberpr\u00fcfut Toner-Qualit\u00e4t bei INTEGRAL\" srcset=\"https:\/\/integral-toner.de\/wp-content\/uploads\/2023\/10\/gallery-1.jpg 905w, https:\/\/integral-toner.de\/wp-content\/uploads\/2023\/10\/gallery-1-300x200.jpg 300w, https:\/\/integral-toner.de\/wp-content\/uploads\/2023\/10\/gallery-1-768x512.jpg 768w\" sizes=\"auto, (max-width: 905px) 100vw, 905px\" \/><\/li>\n                    <li><img loading=\"lazy\" decoding=\"async\" width=\"905\" height=\"603\" src=\"https:\/\/integral-toner.de\/wp-content\/uploads\/2023\/10\/gallery-2.jpg\" class=\"attachment-full size-full\" alt=\"INTEGRAL\" srcset=\"https:\/\/integral-toner.de\/wp-content\/uploads\/2023\/10\/gallery-2.jpg 905w, https:\/\/integral-toner.de\/wp-content\/uploads\/2023\/10\/gallery-2-300x200.jpg 300w, https:\/\/integral-toner.de\/wp-content\/uploads\/2023\/10\/gallery-2-768x512.jpg 768w\" sizes=\"auto, (max-width: 905px) 100vw, 905px\" \/><\/li>\n                    <li><img loading=\"lazy\" decoding=\"async\" width=\"905\" height=\"603\" src=\"https:\/\/integral-toner.de\/wp-content\/uploads\/2023\/10\/gallery-3.jpg\" class=\"attachment-full size-full\" alt=\"Laborant bei Toner-Tests im Labor bei INTEGRAL\" srcset=\"https:\/\/integral-toner.de\/wp-content\/uploads\/2023\/10\/gallery-3.jpg 905w, https:\/\/integral-toner.de\/wp-content\/uploads\/2023\/10\/gallery-3-300x200.jpg 300w, https:\/\/integral-toner.de\/wp-content\/uploads\/2023\/10\/gallery-3-768x512.jpg 768w\" sizes=\"auto, (max-width: 905px) 100vw, 905px\" \/><\/li>\n                    <li><img loading=\"lazy\" decoding=\"async\" width=\"945\" height=\"548\" src=\"https:\/\/integral-toner.de\/wp-content\/uploads\/2023\/10\/integral-zuverlaessigkeit.jpg\" class=\"attachment-full size-full\" alt=\"Laborant im INTEGRAL-Labor\" srcset=\"https:\/\/integral-toner.de\/wp-content\/uploads\/2023\/10\/integral-zuverlaessigkeit.jpg 945w, https:\/\/integral-toner.de\/wp-content\/uploads\/2023\/10\/integral-zuverlaessigkeit-300x174.jpg 300w, https:\/\/integral-toner.de\/wp-content\/uploads\/2023\/10\/integral-zuverlaessigkeit-768x445.jpg 768w\" sizes=\"auto, (max-width: 945px) 100vw, 945px\" \/><\/li>\n            <\/ul>\n<\/div>\n\n\n      <a class=\"is-style-back-to\" href=\"https:\/\/integral-toner.de\/unternehmen\/#produktentwicklung\" target=\"\">\n        <svg xmlns=\"http:\/\/www.w3.org\/2000\/svg\" width=\"26.964\" height=\"15.208\" viewBox=\"0 0 26.964 15.208\">\n  <g transform=\"translate(1 0.707)\">\n    <path d=\"M388.367,27l-6.9-6.9a1,1,0,0,1,0-1.414l6.9-6.9,1.414,1.414-6.19,6.19,6.19,6.19Z\" transform=\"translate(-382.177 -12.5)\" fill=\"#e3051b\"\/>\n    <path d=\"M25.964,1H0V-1H25.964Z\" transform=\"translate(0 6.897)\" fill=\"#e3051b\"\/>\n  <\/g>\n<\/svg>\n\n        Back to overview    <\/a>\n  \n<\/div>\n        <\/div>\n      <\/div>\n    <\/div>\n  <\/section>\n","protected":false},"excerpt":{"rendered":"","protected":false},"author":1,"featured_media":697,"parent":0,"menu_order":0,"comment_status":"closed","ping_status":"closed","template":"template-article.php","meta":{"_acf_changed":false,"_seopress_robots_primary_cat":"","_seopress_titles_title":"Production development | INTEGRAL Manufacturer","_seopress_titles_desc":"INTEGRAL toner formulations are developed and tested for optimum print and image quality at the development center. \u2794 Toner research gallery! ","_seopress_robots_index":"","footnotes":""},"class_list":["post-2934","page","type-page","status-publish","has-post-thumbnail","hentry"],"acf":[],"_links":{"self":[{"href":"https:\/\/integral-toner.de\/en\/wp-json\/wp\/v2\/pages\/2934","targetHints":{"allow":["GET"]}}],"collection":[{"href":"https:\/\/integral-toner.de\/en\/wp-json\/wp\/v2\/pages"}],"about":[{"href":"https:\/\/integral-toner.de\/en\/wp-json\/wp\/v2\/types\/page"}],"author":[{"embeddable":true,"href":"https:\/\/integral-toner.de\/en\/wp-json\/wp\/v2\/users\/1"}],"replies":[{"embeddable":true,"href":"https:\/\/integral-toner.de\/en\/wp-json\/wp\/v2\/comments?post=2934"}],"version-history":[{"count":6,"href":"https:\/\/integral-toner.de\/en\/wp-json\/wp\/v2\/pages\/2934\/revisions"}],"predecessor-version":[{"id":8899,"href":"https:\/\/integral-toner.de\/en\/wp-json\/wp\/v2\/pages\/2934\/revisions\/8899"}],"wp:featuredmedia":[{"embeddable":true,"href":"https:\/\/integral-toner.de\/en\/wp-json\/wp\/v2\/media\/697"}],"wp:attachment":[{"href":"https:\/\/integral-toner.de\/en\/wp-json\/wp\/v2\/media?parent=2934"}],"curies":[{"name":"wp","href":"https:\/\/api.w.org\/{rel}","templated":true}]}}